{"id":2752,"date":"2025-03-19T03:25:55","date_gmt":"2025-03-19T03:25:55","guid":{"rendered":"https:\/\/gaoyapowers.com\/?post_type=product&#038;p=2752"},"modified":"2025-03-20T10:10:50","modified_gmt":"2025-03-20T10:10:50","slug":"ctv-175-tempered-glass-insulator","status":"publish","type":"product","link":"https:\/\/gaoyapowers.com\/es\/ctv-175-tempered-glass-insulator\/","title":{"rendered":"Aislador de vidrio templado CTV 175"},"content":{"rendered":"<p style=\"text-align: center;\"><strong>Ficha t\u00e9cnica del aislador CTV 175<\/strong><\/p>\n<p><img fetchpriority=\"high\" decoding=\"async\" class=\"aligncenter wp-image-1045 size-full\" src=\"https:\/\/gaoyapowers.com\/wp-content\/uploads\/2024\/11\/drawing.jpg\" alt=\"u40b glass insulator drawing\" width=\"500\" height=\"344\" srcset=\"https:\/\/gaoyapowers.com\/wp-content\/uploads\/2024\/11\/drawing.jpg 500w, https:\/\/gaoyapowers.com\/wp-content\/uploads\/2024\/11\/drawing-300x206.jpg 300w\" sizes=\"(max-width: 500px) 100vw, 500px\" \/><\/p>\n<p style=\"text-align: center;\">\n<div class=\"wpdt-c row wpDataTableContainerSimpleTable wpDataTables wpDataTablesWrapper wdtscroll\"\n    >\n        <table id=\"wpdtSimpleTable-25\"\n           style=\"border-collapse:collapse;                   border-spacing:0px;\"\n           class=\"wpdtSimpleTable wpDataTable\"\n           data-column=\"4\"\n           data-rows=\"14\"\n           data-wpid=\"25\"\n           data-responsive=\"0\"\n           data-has-header=\"0\">\n\n                    <tbody>        <tr class=\"wpdt-cell-row\" >\n                                <td class=\"wpdt-cell\"\n                                            data-cell-id=\"A1\"\n                    data-col-index=\"0\"\n                    data-row-index=\"0\"\n                    style=\" width:165px;                    padding:10px;                    \"\n                    >\n                                        Designaci\u00f3n                    <\/td>\n                                                <td class=\"wpdt-cell  wpdt-merged-cell\"\n                     colspan=\"3\"  rowspan=\"1\"                     data-cell-id=\"B1\"\n                    data-col-index=\"1\"\n                    data-row-index=\"0\"\n                    style=\" width:564px;                    padding:10px;                    \"\n                    >\n                                        Especificaciones mec\u00e1nicas y dimensionales                    <\/td>\n                                                                <\/tr>\n                            <tr class=\"wpdt-cell-row\" >\n                                <td class=\"wpdt-cell\"\n                                            data-cell-id=\"A2\"\n                    data-col-index=\"0\"\n                    data-row-index=\"1\"\n                    style=\"                    padding:10px;                    \"\n                    >\n                                        Tipo                    <\/td>\n                                                <td class=\"wpdt-cell wpdt-bold\"\n                                            data-cell-id=\"B2\"\n                    data-col-index=\"1\"\n                    data-row-index=\"1\"\n                    style=\"                    padding:10px;                    \"\n                    >\n                                        CTV175                    <\/td>\n                                                <td class=\"wpdt-cell wpdt-bold\"\n                                            data-cell-id=\"C2\"\n                    data-col-index=\"2\"\n                    data-row-index=\"1\"\n                    style=\"                    padding:10px;                    \"\n                    >\n                                        CTV255                    <\/td>\n                                                <td class=\"wpdt-cell wpdt-bold\"\n                                            data-cell-id=\"D2\"\n                    data-col-index=\"3\"\n                    data-row-index=\"1\"\n                    style=\"                    padding:10px;                    \"\n                    >\n                                        CTV255                    <\/td>\n                                        <\/tr>\n                            <tr class=\"wpdt-cell-row\" >\n                                <td class=\"wpdt-cell\"\n                                            data-cell-id=\"A3\"\n                    data-col-index=\"0\"\n                    data-row-index=\"2\"\n                    style=\"                    padding:10px;                    \"\n                    >\n                                        Referencia normativa                    <\/td>\n                                                <td class=\"wpdt-cell wpdt-bold\"\n                                            data-cell-id=\"B3\"\n                    data-col-index=\"1\"\n                    data-row-index=\"2\"\n                    style=\"                    padding:10px;                    \"\n                    >\n                                        U40B                    <\/td>\n                                                <td class=\"wpdt-cell wpdt-bold\"\n                                            data-cell-id=\"C3\"\n                    data-col-index=\"2\"\n                    data-row-index=\"2\"\n                    style=\"                    padding:10px;                    \"\n                    >\n                                        U40BP                    <\/td>\n                                                <td class=\"wpdt-cell wpdt-bold\"\n                                            data-cell-id=\"D3\"\n                    data-col-index=\"3\"\n                    data-row-index=\"2\"\n                    style=\"                    padding:10px;                    \"\n                    >\n                                        U70BS                    <\/td>\n                                        <\/tr>\n                            <tr class=\"wpdt-cell-row\" >\n                                <td class=\"wpdt-cell\"\n                                            data-cell-id=\"A4\"\n                    data-col-index=\"0\"\n                    data-row-index=\"3\"\n                    style=\"                    padding:10px;                    \"\n                    >\n                                        Vidrio                    <\/td>\n                                                <td class=\"wpdt-cell\"\n                                            data-cell-id=\"B4\"\n                    data-col-index=\"1\"\n                    data-row-index=\"3\"\n                    style=\"                    padding:10px;                    \"\n                    >\n                                        Vidrio templado                    <\/td>\n                                                <td class=\"wpdt-cell\"\n                                            data-cell-id=\"C4\"\n                    data-col-index=\"2\"\n                    data-row-index=\"3\"\n                    style=\"                    padding:10px;                    \"\n                    >\n                                        Vidrio templado                    <\/td>\n                                                <td class=\"wpdt-cell\"\n                                            data-cell-id=\"D4\"\n                    data-col-index=\"3\"\n                    data-row-index=\"3\"\n                    style=\"                    padding:10px;                    \"\n                    >\n                                        Vidrio templado                    <\/td>\n                                        <\/tr>\n                            <tr class=\"wpdt-cell-row\" >\n                                <td class=\"wpdt-cell\"\n                                            data-cell-id=\"A5\"\n                    data-col-index=\"0\"\n                    data-row-index=\"4\"\n                    style=\"                    padding:10px;                    \"\n                    >\n                                        Tapa                    <\/td>\n                                                <td class=\"wpdt-cell\"\n                                            data-cell-id=\"B5\"\n                    data-col-index=\"1\"\n                    data-row-index=\"4\"\n                    style=\"                    padding:10px;                    \"\n                    >\n                                        Fundici\u00f3n maleable                    <\/td>\n                                                <td class=\"wpdt-cell\"\n                                            data-cell-id=\"C5\"\n                    data-col-index=\"2\"\n                    data-row-index=\"4\"\n                    style=\"                    padding:10px;                    \"\n                    >\n                                        Fundici\u00f3n maleable                    <\/td>\n                                                <td class=\"wpdt-cell\"\n                                            data-cell-id=\"D5\"\n                    data-col-index=\"3\"\n                    data-row-index=\"4\"\n                    style=\"                    padding:10px;                    \"\n                    >\n                                        Fundici\u00f3n maleable                    <\/td>\n                                        <\/tr>\n                            <tr class=\"wpdt-cell-row\" >\n                                <td class=\"wpdt-cell\"\n                                            data-cell-id=\"A6\"\n                    data-col-index=\"0\"\n                    data-row-index=\"5\"\n                    style=\"                    padding:10px;                    \"\n                    >\n                                        Pasador                    <\/td>\n                                                <td class=\"wpdt-cell\"\n                                            data-cell-id=\"B6\"\n                    data-col-index=\"1\"\n                    data-row-index=\"5\"\n                    style=\"                    padding:10px;                    \"\n                    >\n                                        Acero forjado                    <\/td>\n                                                <td class=\"wpdt-cell\"\n                                            data-cell-id=\"C6\"\n                    data-col-index=\"2\"\n                    data-row-index=\"5\"\n                    style=\"                    padding:10px;                    \"\n                    >\n                                        Acero forjado                    <\/td>\n                                                <td class=\"wpdt-cell\"\n                                            data-cell-id=\"D6\"\n                    data-col-index=\"3\"\n                    data-row-index=\"5\"\n                    style=\"                    padding:10px;                    \"\n                    >\n                                        Acero forjado                    <\/td>\n                                        <\/tr>\n                            <tr class=\"wpdt-cell-row\" >\n                                <td class=\"wpdt-cell\"\n                                            data-cell-id=\"A7\"\n                    data-col-index=\"0\"\n                    data-row-index=\"6\"\n                    style=\"                    padding:10px;                    \"\n                    >\n                                        Chaveta                    <\/td>\n                                                <td class=\"wpdt-cell\"\n                                            data-cell-id=\"B7\"\n                    data-col-index=\"1\"\n                    data-row-index=\"6\"\n                    style=\"                    padding:10px;                    \"\n                    >\n                                        Acero inoxidable                    <\/td>\n                                                <td class=\"wpdt-cell\"\n                                            data-cell-id=\"C7\"\n                    data-col-index=\"2\"\n                    data-row-index=\"6\"\n                    style=\"                    padding:10px;                    \"\n                    >\n                                        Acero inoxidable                    <\/td>\n                                                <td class=\"wpdt-cell\"\n                                            data-cell-id=\"D7\"\n                    data-col-index=\"3\"\n                    data-row-index=\"6\"\n                    style=\"                    padding:10px;                    \"\n                    >\n                                        Acero inoxidable                    <\/td>\n                                        <\/tr>\n                            <tr class=\"wpdt-cell-row\" >\n                                <td class=\"wpdt-cell\"\n                                            data-cell-id=\"A8\"\n                    data-col-index=\"0\"\n                    data-row-index=\"7\"\n                    style=\"                    padding:10px;                    \"\n                    >\n                                        Carga de rotura                    <\/td>\n                                                <td class=\"wpdt-cell\"\n                                            data-cell-id=\"B8\"\n                    data-col-index=\"1\"\n                    data-row-index=\"7\"\n                    style=\"                    padding:10px;                    \"\n                    >\n                                        4000 daN                    <\/td>\n                                                <td class=\"wpdt-cell\"\n                                            data-cell-id=\"C8\"\n                    data-col-index=\"2\"\n                    data-row-index=\"7\"\n                    style=\"                    padding:10px;                    \"\n                    >\n                                        4000 daN                    <\/td>\n                                                <td class=\"wpdt-cell\"\n                                            data-cell-id=\"D8\"\n                    data-col-index=\"3\"\n                    data-row-index=\"7\"\n                    style=\"                    padding:10px;                    \"\n                    >\n                                        7000 daN                    <\/td>\n                                        <\/tr>\n                            <tr class=\"wpdt-cell-row\" >\n                                <td class=\"wpdt-cell\"\n                                            data-cell-id=\"A9\"\n                    data-col-index=\"0\"\n                    data-row-index=\"8\"\n                    style=\"                    padding:10px;                    \"\n                    >\n                                        Carga de trabajo                    <\/td>\n                                                <td class=\"wpdt-cell\"\n                                            data-cell-id=\"B9\"\n                    data-col-index=\"1\"\n                    data-row-index=\"8\"\n                    style=\"                    padding:10px;                    \"\n                    >\n                                        3200 daN                    <\/td>\n                                                <td class=\"wpdt-cell\"\n                                            data-cell-id=\"C9\"\n                    data-col-index=\"2\"\n                    data-row-index=\"8\"\n                    style=\"                    padding:10px;                    \"\n                    >\n                                        3200 daN                    <\/td>\n                                                <td class=\"wpdt-cell\"\n                                            data-cell-id=\"D9\"\n                    data-col-index=\"3\"\n                    data-row-index=\"8\"\n                    style=\"                    padding:10px;                    \"\n                    >\n                                        5600 daN                    <\/td>\n                                        <\/tr>\n                            <tr class=\"wpdt-cell-row\" >\n                                <td class=\"wpdt-cell\"\n                                            data-cell-id=\"A10\"\n                    data-col-index=\"0\"\n                    data-row-index=\"9\"\n                    style=\"                    padding:10px;                    \"\n                    >\n                                        Di\u00e1metro del aislador                    <\/td>\n                                                <td class=\"wpdt-cell\"\n                                            data-cell-id=\"B10\"\n                    data-col-index=\"1\"\n                    data-row-index=\"9\"\n                    style=\"                    padding:10px;                    \"\n                    >\n                                        175 mm                    <\/td>\n                                                <td class=\"wpdt-cell\"\n                                            data-cell-id=\"C10\"\n                    data-col-index=\"2\"\n                    data-row-index=\"9\"\n                    style=\"                    padding:10px;                    \"\n                    >\n                                        255 mm                    <\/td>\n                                                <td class=\"wpdt-cell\"\n                                            data-cell-id=\"D10\"\n                    data-col-index=\"3\"\n                    data-row-index=\"9\"\n                    style=\"                    padding:10px;                    \"\n                    >\n                                        255 mm                    <\/td>\n                                        <\/tr>\n                            <tr class=\"wpdt-cell-row\" >\n                                <td class=\"wpdt-cell\"\n                                            data-cell-id=\"A11\"\n                    data-col-index=\"0\"\n                    data-row-index=\"10\"\n                    style=\"                    padding:10px;                    \"\n                    >\n                                        Paso del aislador                    <\/td>\n                                                <td class=\"wpdt-cell\"\n                                            data-cell-id=\"B11\"\n                    data-col-index=\"1\"\n                    data-row-index=\"10\"\n                    style=\"                    padding:10px;                    \"\n                    >\n                                        110 mm                    <\/td>\n                                                <td class=\"wpdt-cell\"\n                                            data-cell-id=\"C11\"\n                    data-col-index=\"2\"\n                    data-row-index=\"10\"\n                    style=\"                    padding:10px;                    \"\n                    >\n                                        110 mm                    <\/td>\n                                                <td class=\"wpdt-cell\"\n                                            data-cell-id=\"D11\"\n                    data-col-index=\"3\"\n                    data-row-index=\"10\"\n                    style=\"                    padding:10px;                    \"\n                    >\n                                        127 mm                    <\/td>\n                                        <\/tr>\n                            <tr class=\"wpdt-cell-row\" >\n                                <td class=\"wpdt-cell\"\n                                            data-cell-id=\"A12\"\n                    data-col-index=\"0\"\n                    data-row-index=\"11\"\n                    style=\"                    padding:10px;                    \"\n                    >\n                                        Norma de acoplamiento                    <\/td>\n                                                <td class=\"wpdt-cell\"\n                                            data-cell-id=\"B12\"\n                    data-col-index=\"1\"\n                    data-row-index=\"11\"\n                    style=\"                    padding:10px;                    \"\n                    >\n                                        Norma 11                    <\/td>\n                                                <td class=\"wpdt-cell\"\n                                            data-cell-id=\"C12\"\n                    data-col-index=\"2\"\n                    data-row-index=\"11\"\n                    style=\"                    padding:10px;                    \"\n                    >\n                                        Norma 11                    <\/td>\n                                                <td class=\"wpdt-cell\"\n                                            data-cell-id=\"D12\"\n                    data-col-index=\"3\"\n                    data-row-index=\"11\"\n                    style=\"                    padding:10px;                    \"\n                    >\n                                        Norma 16                    <\/td>\n                                        <\/tr>\n                            <tr class=\"wpdt-cell-row\" >\n                                <td class=\"wpdt-cell\"\n                                            data-cell-id=\"A13\"\n                    data-col-index=\"0\"\n                    data-row-index=\"12\"\n                    style=\"                    padding:10px;                    \"\n                    >\n                                        Distancia de fuga                    <\/td>\n                                                <td class=\"wpdt-cell\"\n                                            data-cell-id=\"B13\"\n                    data-col-index=\"1\"\n                    data-row-index=\"12\"\n                    style=\"                    padding:10px;                    \"\n                    >\n                                        185 mm                    <\/td>\n                                                <td class=\"wpdt-cell\"\n                                            data-cell-id=\"C13\"\n                    data-col-index=\"2\"\n                    data-row-index=\"12\"\n                    style=\"                    padding:10px;                    \"\n                    >\n                                        302 mm                    <\/td>\n                                                <td class=\"wpdt-cell\"\n                                            data-cell-id=\"D13\"\n                    data-col-index=\"3\"\n                    data-row-index=\"12\"\n                    style=\"                    padding:10px;                    \"\n                    >\n                                        302 mm                    <\/td>\n                                        <\/tr>\n                            <tr class=\"wpdt-cell-row\" >\n                                <td class=\"wpdt-cell\"\n                                            data-cell-id=\"A14\"\n                    data-col-index=\"0\"\n                    data-row-index=\"13\"\n                    style=\"                    padding:10px;                    \"\n                    >\n                                        Peso aproximado                    <\/td>\n                                                <td class=\"wpdt-cell\"\n                                            data-cell-id=\"B14\"\n                    data-col-index=\"1\"\n                    data-row-index=\"13\"\n                    style=\"                    padding:10px;                    \"\n                    >\n                                        1.7 kg                    <\/td>\n                                                <td class=\"wpdt-cell\"\n                                            data-cell-id=\"C14\"\n                    data-col-index=\"2\"\n                    data-row-index=\"13\"\n                    style=\"                    padding:10px;                    \"\n                    >\n                                        3.2 kg                    <\/td>\n                                                <td class=\"wpdt-cell\"\n                                            data-cell-id=\"D14\"\n                    data-col-index=\"3\"\n                    data-row-index=\"13\"\n                    style=\"                    padding:10px;                    \"\n                    >\n                                        3.4 kg                    <\/td>\n                                        <\/tr>\n                    <\/table>\n<\/div><style id='wpdt-custom-style-25'>\n<\/style>\n<\/p>","protected":false},"excerpt":{"rendered":"<p>El aislador de vidrio templado CTV 175 es ampliamente utilizado en l\u00edneas de transmisi\u00f3n de energ\u00eda de 10 kV a 66 kV. Cuenta con un di\u00e1metro nominal de 175 mm, una altura de 110 mm, una distancia de fuga de 185 mm, un tama\u00f1o de acoplamiento 11A (11 mm) y una carga m\u00ednima de rotura mec\u00e1nica de 40 kN. El peso del aislador es aproximadamente 1,7 kg.<\/p>\n<p>En algunos mercados, el aislador de vidrio templado CTV 175 tambi\u00e9n es conocido como el aislador de vidrio U40B. Su mercado principal es \u00c1frica, especialmente Argelia.<\/p>","protected":false},"featured_media":2766,"template":"","meta":[],"product_brand":[],"product_cat":[16,31,27],"product_tag":[],"class_list":{"0":"post-2752","1":"product","2":"type-product","3":"status-publish","4":"has-post-thumbnail","6":"product_cat-glass-insulator","7":"product_cat-products","8":"product_cat-suspension-insulator","10":"first","11":"instock","12":"shipping-taxable","13":"product-type-simple"},"_links":{"self":[{"href":"https:\/\/gaoyapowers.com\/es\/wp-json\/wp\/v2\/product\/2752"}],"collection":[{"href":"https:\/\/gaoyapowers.com\/es\/wp-json\/wp\/v2\/product"}],"about":[{"href":"https:\/\/gaoyapowers.com\/es\/wp-json\/wp\/v2\/types\/product"}],"wp:featuredmedia":[{"embeddable":true,"href":"https:\/\/gaoyapowers.com\/es\/wp-json\/wp\/v2\/media\/2766"}],"wp:attachment":[{"href":"https:\/\/gaoyapowers.com\/es\/wp-json\/wp\/v2\/media?parent=2752"}],"wp:term":[{"taxonomy":"product_brand","embeddable":true,"href":"https:\/\/gaoyapowers.com\/es\/wp-json\/wp\/v2\/product_brand?post=2752"},{"taxonomy":"product_cat","embeddable":true,"href":"https:\/\/gaoyapowers.com\/es\/wp-json\/wp\/v2\/product_cat?post=2752"},{"taxonomy":"product_tag","embeddable":true,"href":"https:\/\/gaoyapowers.com\/es\/wp-json\/wp\/v2\/product_tag?post=2752"}],"curies":[{"name":"wp","href":"https:\/\/api.w.org\/{rel}","templated":true}]}}