{"id":3552,"date":"2025-05-14T10:24:44","date_gmt":"2025-05-14T10:24:44","guid":{"rendered":"https:\/\/gaoyapowers.com\/?post_type=product&#038;p=3552"},"modified":"2025-08-23T07:03:05","modified_gmt":"2025-08-23T07:03:05","slug":"u160blp-sediver-toughened-glass-suspension-insulator","status":"publish","type":"product","link":"https:\/\/gaoyapowers.com\/es\/u160blp-sediver-toughened-glass-suspension-insulator\/","title":{"rendered":"Aislador de vidrio templado Sediver U160BLP"},"content":{"rendered":"<p><strong>Especificaciones t\u00e9cnicas del aislador de vidrio Sediver U160BLP<\/strong><\/p>\n<p><img fetchpriority=\"high\" decoding=\"async\" class=\"alignnone wp-image-3569 size-full\" src=\"https:\/\/gaoyapowers.com\/wp-content\/uploads\/2025\/05\/U160BLP\u56fe\u7eb8.webp\" alt=\"U160BLP glass insulator drawing\" width=\"800\" height=\"380\" srcset=\"https:\/\/gaoyapowers.com\/wp-content\/uploads\/2025\/05\/U160BLP\u56fe\u7eb8.webp 800w, https:\/\/gaoyapowers.com\/wp-content\/uploads\/2025\/05\/U160BLP\u56fe\u7eb8-300x143.webp 300w, https:\/\/gaoyapowers.com\/wp-content\/uploads\/2025\/05\/U160BLP\u56fe\u7eb8-768x365.webp 768w\" sizes=\"(max-width: 800px) 100vw, 800px\" \/><\/p>\n<p><strong>DIMENSIONES<\/strong><br \/>\n<strong>Seg\u00fan IEC 60305<\/strong><br \/>\nDesignaci\u00f3n IEC: U160BLP<br \/>\nDi\u00e1metro de la carcasa (D): 320 mm<br \/>\nDistancia (P): 170 mm<br \/>\nDistancia nominal m\u00ednima de fuga: 550 mm<br \/>\nAcoplamientos seg\u00fan IEC 60120: 20 mm<br \/>\nPeso neto aproximado: 9,1 kg<\/p>\n<p><strong>RENDIMIENTO MEC\u00c1NICO<\/strong><br \/>\n<strong>Seg\u00fan IEC 60383<\/strong><br \/>\nCarga m\u00ednima de rotura mec\u00e1nica: 160 kN<br \/>\nCarga de prueba rutinaria: 80 kN<\/p>\n<p><strong>RENDIMIENTO EL\u00c9CTRICO<\/strong><br \/>\n<strong>Seg\u00fan IEC 60383<\/strong><br \/>\nTensi\u00f3n soportada en frecuencia industrial<br \/>\nseco, 1 minuto: 90 kV<br \/>\nh\u00famedo, 1 minuto: 55 kV<br \/>\nTensi\u00f3n soportada al impulso atmosf\u00e9rico: 140 kV<br \/>\nTensi\u00f3n soportada a perforaci\u00f3n: 130 kV<\/p>\n<p><strong>PARTES COMPONENTES<\/strong><br \/>\nCarcasa diel\u00e9ctrica: Vidrio templado<br \/>\nCapuch\u00f3n: Hierro fundido galvanizado en caliente<br \/>\nPasador: Acero forjado galvanizado en caliente<br \/>\nClavija de seguridad: Acero inoxidable<br \/>\nCemento: Aluminoso, curado en caliente<\/p>","protected":false},"excerpt":{"rendered":"<p>El aislador de vidrio templado Sediver U160BLP es un aislador de vidrio templado con perfil anticontaminaci\u00f3n, dise\u00f1ado para l\u00edneas de transmisi\u00f3n de alta tensi\u00f3n de hasta 550 kV, especialmente en \u00e1reas con alta contaminaci\u00f3n. Ofrece una alta carga m\u00ednima de rotura mec\u00e1nica de 160 kN, garantizando un rendimiento y fiabilidad excelentes en condiciones ambientales adversas.<\/p>\n<p>Este aislador Sediver U160BLP cumple con las normas IEC. Cuenta con un di\u00e1metro nominal de 320 mm, una altura de 170 mm, una distancia de fuga de 550 mm y un tama\u00f1o de acoplamiento de 20 mm. El peso neto es aproximadamente 9,1 kg.<\/p>","protected":false},"featured_media":3556,"template":"","meta":[],"product_brand":[],"product_cat":[16,31,27],"product_tag":[],"class_list":{"0":"post-3552","1":"product","2":"type-product","3":"status-publish","4":"has-post-thumbnail","6":"product_cat-glass-insulator","7":"product_cat-products","8":"product_cat-suspension-insulator","10":"first","11":"instock","12":"shipping-taxable","13":"product-type-simple"},"_links":{"self":[{"href":"https:\/\/gaoyapowers.com\/es\/wp-json\/wp\/v2\/product\/3552"}],"collection":[{"href":"https:\/\/gaoyapowers.com\/es\/wp-json\/wp\/v2\/product"}],"about":[{"href":"https:\/\/gaoyapowers.com\/es\/wp-json\/wp\/v2\/types\/product"}],"wp:featuredmedia":[{"embeddable":true,"href":"https:\/\/gaoyapowers.com\/es\/wp-json\/wp\/v2\/media\/3556"}],"wp:attachment":[{"href":"https:\/\/gaoyapowers.com\/es\/wp-json\/wp\/v2\/media?parent=3552"}],"wp:term":[{"taxonomy":"product_brand","embeddable":true,"href":"https:\/\/gaoyapowers.com\/es\/wp-json\/wp\/v2\/product_brand?post=3552"},{"taxonomy":"product_cat","embeddable":true,"href":"https:\/\/gaoyapowers.com\/es\/wp-json\/wp\/v2\/product_cat?post=3552"},{"taxonomy":"product_tag","embeddable":true,"href":"https:\/\/gaoyapowers.com\/es\/wp-json\/wp\/v2\/product_tag?post=3552"}],"curies":[{"name":"wp","href":"https:\/\/api.w.org\/{rel}","templated":true}]}}