{"id":3600,"date":"2025-05-20T09:30:12","date_gmt":"2025-05-20T09:30:12","guid":{"rendered":"https:\/\/gaoyapowers.com\/?post_type=product&#038;p=3600"},"modified":"2025-07-02T07:23:25","modified_gmt":"2025-07-02T07:23:25","slug":"110kv-long-rod-polymer-composite-suspension-insulator","status":"publish","type":"product","link":"https:\/\/gaoyapowers.com\/es\/110kv-long-rod-polymer-composite-suspension-insulator\/","title":{"rendered":"Aislador de suspensi\u00f3n polim\u00e9rico 110\u202fkV"},"content":{"rendered":"<p><strong>Especificaciones t\u00e9cnicas del aislador polim\u00e9rico de suspensi\u00f3n de 110\u202fkV<\/strong><\/p>\n\n<div class=\"wpdt-c row wpDataTableContainerSimpleTable wpDataTables wpDataTablesWrapper wdtscroll\"\n    >\n        <table id=\"wpdtSimpleTable-32\"\n           style=\"border-collapse:collapse;                   border-spacing:0px;\"\n           class=\"wpdtSimpleTable wpDataTable\"\n           data-column=\"12\"\n           data-rows=\"3\"\n           data-wpid=\"32\"\n           data-responsive=\"0\"\n           data-has-header=\"0\">\n\n                    <tbody>        <tr class=\"wpdt-cell-row\" >\n                                <td class=\"wpdt-cell\"\n                                            data-cell-id=\"A1\"\n                    data-col-index=\"0\"\n                    data-row-index=\"0\"\n                    style=\" width:111px;                    padding:3px;                    \"\n                    >\n                                        Modelo del Aislador                    <\/td>\n                                                <td class=\"wpdt-cell\"\n                                            data-cell-id=\"B1\"\n                    data-col-index=\"1\"\n                    data-row-index=\"0\"\n                    style=\" width:65px;                    padding:3px;                    \"\n                    >\n                                        Tensi\u00f3n Nominal (kV)                    <\/td>\n                                                <td class=\"wpdt-cell\"\n                                            data-cell-id=\"C1\"\n                    data-col-index=\"2\"\n                    data-row-index=\"0\"\n                    style=\" width:94px;                    padding:3px;                    \"\n                    >\n                                        Carga Mec\u00e1nica Nominal de Tracci\u00f3n (kN)                    <\/td>\n                                                <td class=\"wpdt-cell\"\n                                            data-cell-id=\"D1\"\n                    data-col-index=\"3\"\n                    data-row-index=\"0\"\n                    style=\" width:75px;                    padding:3px;                    \"\n                    >\n                                        Tama\u00f1o del Acoplamiento                    <\/td>\n                                                <td class=\"wpdt-cell\"\n                                            data-cell-id=\"E1\"\n                    data-col-index=\"4\"\n                    data-row-index=\"0\"\n                    style=\" width:103px;                    padding:3px;                    \"\n                    >\n                                        Altura de la Estructura, H (mm)                    <\/td>\n                                                <td class=\"wpdt-cell\"\n                                            data-cell-id=\"F1\"\n                    data-col-index=\"5\"\n                    data-row-index=\"0\"\n                    style=\" width:82px;                    padding:3px;                    \"\n                    >\n                                        Distancia de Arco M\u00ednima, h (mm)                    <\/td>\n                                                <td class=\"wpdt-cell\"\n                                            data-cell-id=\"G1\"\n                    data-col-index=\"6\"\n                    data-row-index=\"0\"\n                    style=\" width:90px;                    padding:3px;                    \"\n                    >\n                                        Di\u00e1metro del Parasol Grande, d\u2081 (mm)                    <\/td>\n                                                <td class=\"wpdt-cell\"\n                                            data-cell-id=\"H1\"\n                    data-col-index=\"7\"\n                    data-row-index=\"0\"\n                    style=\" width:100px;                    padding:3px;                    \"\n                    >\n                                        Di\u00e1metro del Anillo de Gradaci\u00f3n, D (mm)                    <\/td>\n                                                <td class=\"wpdt-cell\"\n                                            data-cell-id=\"I1\"\n                    data-col-index=\"8\"\n                    data-row-index=\"0\"\n                    style=\" width:97px;                    padding:3px;                    \"\n                    >\n                                        Distancia M\u00ednima de Fuga Nominal, L (mm)                    <\/td>\n                                                <td class=\"wpdt-cell\"\n                                            data-cell-id=\"J1\"\n                    data-col-index=\"9\"\n                    data-row-index=\"0\"\n                    style=\" width:87px;                    padding:3px;                    \"\n                    >\n                                        Tensi\u00f3n de Soporte al Impulso de Rayo (Valor Pico), kV                    <\/td>\n                                                <td class=\"wpdt-cell\"\n                                            data-cell-id=\"K1\"\n                    data-col-index=\"10\"\n                    data-row-index=\"0\"\n                    style=\" width:95px;                    padding:3px;                    \"\n                    >\n                                        Tensi\u00f3n de Soporte en Frecuencia Industrial M\u00ednima, en H\u00famedo (kV)                    <\/td>\n                                                <td class=\"wpdt-cell\"\n                                            data-cell-id=\"L1\"\n                    data-col-index=\"11\"\n                    data-row-index=\"0\"\n                    style=\" width:80px;                    padding:3px;                    \"\n                    >\n                                        Peso de Referencia (kg)                    <\/td>\n                                        <\/tr>\n                            <tr class=\"wpdt-cell-row\" >\n                                <td class=\"wpdt-cell\"\n                                            data-cell-id=\"A2\"\n                    data-col-index=\"0\"\n                    data-row-index=\"1\"\n                    style=\"                    padding:3px;                    \"\n                    >\n                                        FXBW-110\uff0870\/100\/120\uff09                    <\/td>\n                                                <td class=\"wpdt-cell\"\n                                            data-cell-id=\"B2\"\n                    data-col-index=\"1\"\n                    data-row-index=\"1\"\n                    style=\"                    padding:3px;                    \"\n                    >\n                                        110                    <\/td>\n                                                <td class=\"wpdt-cell\"\n                                            data-cell-id=\"C2\"\n                    data-col-index=\"2\"\n                    data-row-index=\"1\"\n                    style=\"                    padding:3px;                    \"\n                    >\n                                        70\/100\/120                    <\/td>\n                                                <td class=\"wpdt-cell\"\n                                            data-cell-id=\"D2\"\n                    data-col-index=\"3\"\n                    data-row-index=\"1\"\n                    style=\"                    padding:3px;                    \"\n                    >\n                                        16                    <\/td>\n                                                <td class=\"wpdt-cell\"\n                                            data-cell-id=\"E2\"\n                    data-col-index=\"4\"\n                    data-row-index=\"1\"\n                    style=\"                    padding:3px;                    \"\n                    >\n                                        1240\u00b115                    <\/td>\n                                                <td class=\"wpdt-cell\"\n                                            data-cell-id=\"F2\"\n                    data-col-index=\"5\"\n                    data-row-index=\"1\"\n                    style=\"                    padding:3px;                    \"\n                    >\n                                        1000                    <\/td>\n                                                <td class=\"wpdt-cell\"\n                                            data-cell-id=\"G2\"\n                    data-col-index=\"6\"\n                    data-row-index=\"1\"\n                    style=\"                    padding:3px;                    \"\n                    >\n                                        148                    <\/td>\n                                                <td class=\"wpdt-cell\"\n                                            data-cell-id=\"H2\"\n                    data-col-index=\"7\"\n                    data-row-index=\"1\"\n                    style=\"                    padding:3px;                    \"\n                    >\n                                        250                    <\/td>\n                                                <td class=\"wpdt-cell\"\n                                            data-cell-id=\"I2\"\n                    data-col-index=\"8\"\n                    data-row-index=\"1\"\n                    style=\"                    padding:3px;                    \"\n                    >\n                                        3150                    <\/td>\n                                                <td class=\"wpdt-cell\"\n                                            data-cell-id=\"J2\"\n                    data-col-index=\"9\"\n                    data-row-index=\"1\"\n                    style=\"                    padding:3px;                    \"\n                    >\n                                        550                    <\/td>\n                                                <td class=\"wpdt-cell\"\n                                            data-cell-id=\"K2\"\n                    data-col-index=\"10\"\n                    data-row-index=\"1\"\n                    style=\"                    padding:3px;                    \"\n                    >\n                                        230                    <\/td>\n                                                <td class=\"wpdt-cell\"\n                                            data-cell-id=\"L2\"\n                    data-col-index=\"11\"\n                    data-row-index=\"1\"\n                    style=\"                    padding:3px;                    \"\n                    >\n                                        4.9                    <\/td>\n                                        <\/tr>\n                            <tr class=\"wpdt-cell-row\" >\n                                <td class=\"wpdt-cell\"\n                                            data-cell-id=\"A3\"\n                    data-col-index=\"0\"\n                    data-row-index=\"2\"\n                    style=\"                    padding:3px;                    \"\n                    >\n                                        FXBW-110\uff0870\/100\/120\uff09                    <\/td>\n                                                <td class=\"wpdt-cell\"\n                                            data-cell-id=\"B3\"\n                    data-col-index=\"1\"\n                    data-row-index=\"2\"\n                    style=\"                    padding:3px;                    \"\n                    >\n                                        110                    <\/td>\n                                                <td class=\"wpdt-cell\"\n                                            data-cell-id=\"C3\"\n                    data-col-index=\"2\"\n                    data-row-index=\"2\"\n                    style=\"                    padding:3px;                    \"\n                    >\n                                        70\/100\/120                    <\/td>\n                                                <td class=\"wpdt-cell\"\n                                            data-cell-id=\"D3\"\n                    data-col-index=\"3\"\n                    data-row-index=\"2\"\n                    style=\"                    padding:3px;                    \"\n                    >\n                                        16                    <\/td>\n                                                <td class=\"wpdt-cell\"\n                                            data-cell-id=\"E3\"\n                    data-col-index=\"4\"\n                    data-row-index=\"2\"\n                    style=\"                    padding:3px;                    \"\n                    >\n                                        1400\u00b115                    <\/td>\n                                                <td class=\"wpdt-cell\"\n                                            data-cell-id=\"F3\"\n                    data-col-index=\"5\"\n                    data-row-index=\"2\"\n                    style=\"                    padding:3px;                    \"\n                    >\n                                        1165                    <\/td>\n                                                <td class=\"wpdt-cell\"\n                                            data-cell-id=\"G3\"\n                    data-col-index=\"6\"\n                    data-row-index=\"2\"\n                    style=\"                    padding:3px;                    \"\n                    >\n                                        148                    <\/td>\n                                                <td class=\"wpdt-cell\"\n                                            data-cell-id=\"H3\"\n                    data-col-index=\"7\"\n                    data-row-index=\"2\"\n                    style=\"                    padding:3px;                    \"\n                    >\n                                        250                    <\/td>\n                                                <td class=\"wpdt-cell\"\n                                            data-cell-id=\"I3\"\n                    data-col-index=\"8\"\n                    data-row-index=\"2\"\n                    style=\"                    padding:3px;                    \"\n                    >\n                                        3650                    <\/td>\n                                                <td class=\"wpdt-cell\"\n                                            data-cell-id=\"J3\"\n                    data-col-index=\"9\"\n                    data-row-index=\"2\"\n                    style=\"                    padding:3px;                    \"\n                    >\n                                        550                    <\/td>\n                                                <td class=\"wpdt-cell\"\n                                            data-cell-id=\"K3\"\n                    data-col-index=\"10\"\n                    data-row-index=\"2\"\n                    style=\"                    padding:3px;                    \"\n                    >\n                                        230                    <\/td>\n                                                <td class=\"wpdt-cell\"\n                                            data-cell-id=\"L3\"\n                    data-col-index=\"11\"\n                    data-row-index=\"2\"\n                    style=\"                    padding:3px;                    \"\n                    >\n                                        7.0                    <\/td>\n                                        <\/tr>\n                    <\/table>\n<\/div><style id='wpdt-custom-style-32'>\n<\/style>","protected":false},"excerpt":{"rendered":"<p class=\"\" data-start=\"1356\" data-end=\"1678\">Dise\u00f1ado para sistemas de transmisi\u00f3n de energ\u00eda de 110\u202fkV, nuestro aislador polim\u00e9rico de suspensi\u00f3n de 110\u202fkV ofrece una alta fiabilidad el\u00e9ctrica y mec\u00e1nica, al mismo tiempo que reduce el peso total de la l\u00ednea. Sus faldones de caucho de silicona mantienen una hidrofobicidad estable, lo que permite resistir la contaminaci\u00f3n y reducir las corrientes de fuga en condiciones h\u00famedas o ambientes contaminados.<\/p>\n<p class=\"\" data-start=\"1680\" data-end=\"2029\">El n\u00facleo robusto de varilla de fibra de vidrio y la carcasa polim\u00e9rica permiten su uso en diversos climas y terrenos. Se encuentran disponibles cargas mec\u00e1nicas est\u00e1ndar como 70\u202fkN, 120\u202fkN y 160\u202fkN bajo solicitud. Cada unidad puede fabricarse a medida seg\u00fan los planos del cliente para asegurar una adecuada coordinaci\u00f3n con las especificaciones el\u00e9ctricas y mec\u00e1nicas de la l\u00ednea.<\/p>\n<p class=\"\" data-start=\"2031\" data-end=\"2272\">Ofrecemos una gama completa de herrajes personalizados, como terminales tipo bola, leng\u00fceta, horquilla, casquillo, ojo y Y-clevis, lo que garantiza la compatibilidad con su dise\u00f1o de l\u00ednea, manteniendo la integridad mec\u00e1nica y facilitando una instalaci\u00f3n eficiente.<\/p>\n<p class=\"\" data-start=\"2274\" data-end=\"2442\">Cumple con la norma IEC 61109, por lo que este aislador es ideal tanto para nuevas instalaciones como para proyectos de rehabilitaci\u00f3n de redes que requieran tecnolog\u00eda de aislamiento polim\u00e9rico confiable.<\/p>","protected":false},"featured_media":3601,"template":"","meta":[],"product_brand":[],"product_cat":[25,31,27],"product_tag":[],"class_list":{"0":"post-3600","1":"product","2":"type-product","3":"status-publish","4":"has-post-thumbnail","6":"product_cat-polymer-insulator","7":"product_cat-products","8":"product_cat-suspension-insulator","10":"first","11":"instock","12":"shipping-taxable","13":"product-type-simple"},"_links":{"self":[{"href":"https:\/\/gaoyapowers.com\/es\/wp-json\/wp\/v2\/product\/3600"}],"collection":[{"href":"https:\/\/gaoyapowers.com\/es\/wp-json\/wp\/v2\/product"}],"about":[{"href":"https:\/\/gaoyapowers.com\/es\/wp-json\/wp\/v2\/types\/product"}],"wp:featuredmedia":[{"embeddable":true,"href":"https:\/\/gaoyapowers.com\/es\/wp-json\/wp\/v2\/media\/3601"}],"wp:attachment":[{"href":"https:\/\/gaoyapowers.com\/es\/wp-json\/wp\/v2\/media?parent=3600"}],"wp:term":[{"taxonomy":"product_brand","embeddable":true,"href":"https:\/\/gaoyapowers.com\/es\/wp-json\/wp\/v2\/product_brand?post=3600"},{"taxonomy":"product_cat","embeddable":true,"href":"https:\/\/gaoyapowers.com\/es\/wp-json\/wp\/v2\/product_cat?post=3600"},{"taxonomy":"product_tag","embeddable":true,"href":"https:\/\/gaoyapowers.com\/es\/wp-json\/wp\/v2\/product_tag?post=3600"}],"curies":[{"name":"wp","href":"https:\/\/api.w.org\/{rel}","templated":true}]}}