{"id":3602,"date":"2025-05-20T08:38:39","date_gmt":"2025-05-20T08:38:39","guid":{"rendered":"https:\/\/gaoyapowers.com\/?post_type=product&#038;p=3602"},"modified":"2025-05-20T08:38:39","modified_gmt":"2025-05-20T08:38:39","slug":"132kv-polymer-suspension-insulator-for-transmission-lines","status":"publish","type":"product","link":"https:\/\/gaoyapowers.com\/es\/132kv-polymer-suspension-insulator-for-transmission-lines\/","title":{"rendered":"Aislador de suspensi\u00f3n polim\u00e9rico de 132\u202fkV para l\u00edneas de transmisi\u00f3n"},"content":{"rendered":"<p><strong>Especificaciones t\u00e9cnicas del aislador polim\u00e9rico de suspensi\u00f3n de 132\u202fkV (IEC 61109)<\/strong><\/p>\n\n<div class=\"wpdt-c row wpDataTableContainerSimpleTable wpDataTables wpDataTablesWrapper wdtscroll\"\n    >\n        <table id=\"wpdtSimpleTable-33\"\n           style=\"border-collapse:collapse;                   border-spacing:0px;\"\n           class=\"wpdtSimpleTable wpDataTable\"\n           data-column=\"12\"\n           data-rows=\"3\"\n           data-wpid=\"33\"\n           data-responsive=\"0\"\n           data-has-header=\"0\">\n\n                    <tbody>        <tr class=\"wpdt-cell-row\" >\n                                <td class=\"wpdt-cell wpdt-fs-000012\"\n                                            data-cell-id=\"A1\"\n                    data-col-index=\"0\"\n                    data-row-index=\"0\"\n                    style=\" width:121px;                    padding:2px;                    \"\n                    >\n                                        Modelo del Aislador                    <\/td>\n                                                <td class=\"wpdt-cell wpdt-fs-000012\"\n                                            data-cell-id=\"B1\"\n                    data-col-index=\"1\"\n                    data-row-index=\"0\"\n                    style=\" width:62px;                    padding:2px;                    \"\n                    >\n                                        Tensi\u00f3n Nominal (kV)                    <\/td>\n                                                <td class=\"wpdt-cell wpdt-fs-000012\"\n                                            data-cell-id=\"C1\"\n                    data-col-index=\"2\"\n                    data-row-index=\"0\"\n                    style=\" width:93px;                    padding:2px;                    \"\n                    >\n                                        Carga Mec\u00e1nica Nominal de Tracci\u00f3n (kN)                    <\/td>\n                                                <td class=\"wpdt-cell wpdt-fs-000012\"\n                                            data-cell-id=\"D1\"\n                    data-col-index=\"3\"\n                    data-row-index=\"0\"\n                    style=\" width:67px;                    padding:2px;                    \"\n                    >\n                                        Tama\u00f1o del Acoplamiento                    <\/td>\n                                                <td class=\"wpdt-cell wpdt-fs-000012\"\n                                            data-cell-id=\"E1\"\n                    data-col-index=\"4\"\n                    data-row-index=\"0\"\n                    style=\" width:100px;                    padding:2px;                    \"\n                    >\n                                        Altura de la Estructura, H (mm)                    <\/td>\n                                                <td class=\"wpdt-cell wpdt-fs-000012\"\n                                            data-cell-id=\"F1\"\n                    data-col-index=\"5\"\n                    data-row-index=\"0\"\n                    style=\" width:84px;                    padding:2px;                    \"\n                    >\n                                        Distancia de Arco M\u00ednima, h (mm)                    <\/td>\n                                                <td class=\"wpdt-cell wpdt-fs-000012\"\n                                            data-cell-id=\"G1\"\n                    data-col-index=\"6\"\n                    data-row-index=\"0\"\n                    style=\" width:85px;                    padding:2px;                    \"\n                    >\n                                        Di\u00e1metro del Parasol Grande, d\u2081 (mm)                    <\/td>\n                                                <td class=\"wpdt-cell wpdt-fs-000012\"\n                                            data-cell-id=\"H1\"\n                    data-col-index=\"7\"\n                    data-row-index=\"0\"\n                    style=\" width:90px;                    padding:2px;                    \"\n                    >\n                                        Di\u00e1metro del Anillo de Gradaci\u00f3n, D (mm)                    <\/td>\n                                                <td class=\"wpdt-cell wpdt-fs-000012\"\n                                            data-cell-id=\"I1\"\n                    data-col-index=\"8\"\n                    data-row-index=\"0\"\n                    style=\" width:100px;                    padding:2px;                    \"\n                    >\n                                        Distancia M\u00ednima de Fuga Nominal, L (mm)                    <\/td>\n                                                <td class=\"wpdt-cell wpdt-fs-000012\"\n                                            data-cell-id=\"J1\"\n                    data-col-index=\"9\"\n                    data-row-index=\"0\"\n                    style=\" width:100px;                    padding:2px;                    \"\n                    >\n                                        Lightning Impluse Withstand Voltage (Peak Value),kV                    <\/td>\n                                                <td class=\"wpdt-cell wpdt-fs-000012\"\n                                            data-cell-id=\"K1\"\n                    data-col-index=\"10\"\n                    data-row-index=\"0\"\n                    style=\" width:100px;                    padding:2px;                    \"\n                    >\n                                        Tensi\u00f3n de Soporte en Frecuencia Industrial M\u00ednima, en H\u00famedo (kV)                    <\/td>\n                                                <td class=\"wpdt-cell wpdt-fs-000012\"\n                                            data-cell-id=\"L1\"\n                    data-col-index=\"11\"\n                    data-row-index=\"0\"\n                    style=\" width:79px;                    padding:2px;                    \"\n                    >\n                                        Peso de Referencia (kg)                    <\/td>\n                                        <\/tr>\n                            <tr class=\"wpdt-cell-row\" >\n                                <td class=\"wpdt-cell wpdt-fs-000012\"\n                                            data-cell-id=\"A2\"\n                    data-col-index=\"0\"\n                    data-row-index=\"1\"\n                    style=\"                    padding:2px;                    \"\n                    >\n                                        FXBW-132\uff08120\/100\/80\uff09                    <\/td>\n                                                <td class=\"wpdt-cell wpdt-fs-000012\"\n                                            data-cell-id=\"B2\"\n                    data-col-index=\"1\"\n                    data-row-index=\"1\"\n                    style=\"                    padding:2px;                    \"\n                    >\n                                        132                    <\/td>\n                                                <td class=\"wpdt-cell wpdt-fs-000012\"\n                                            data-cell-id=\"C2\"\n                    data-col-index=\"2\"\n                    data-row-index=\"1\"\n                    style=\"                    padding:2px;                    \"\n                    >\n                                        120\/100\/80                    <\/td>\n                                                <td class=\"wpdt-cell wpdt-fs-000012\"\n                                            data-cell-id=\"D2\"\n                    data-col-index=\"3\"\n                    data-row-index=\"1\"\n                    style=\"                    padding:2px;                    \"\n                    >\n                                        16                    <\/td>\n                                                <td class=\"wpdt-cell wpdt-fs-000012\"\n                                            data-cell-id=\"E2\"\n                    data-col-index=\"4\"\n                    data-row-index=\"1\"\n                    style=\"                    padding:2px;                    \"\n                    >\n                                        1650\u00b120                    <\/td>\n                                                <td class=\"wpdt-cell wpdt-fs-000012\"\n                                            data-cell-id=\"F2\"\n                    data-col-index=\"5\"\n                    data-row-index=\"1\"\n                    style=\"                    padding:2px;                    \"\n                    >\n                                        1420                    <\/td>\n                                                <td class=\"wpdt-cell wpdt-fs-000012\"\n                                            data-cell-id=\"G2\"\n                    data-col-index=\"6\"\n                    data-row-index=\"1\"\n                    style=\"                    padding:2px;                    \"\n                    >\n                                        134                    <\/td>\n                                                <td class=\"wpdt-cell wpdt-fs-000012\"\n                                            data-cell-id=\"H2\"\n                    data-col-index=\"7\"\n                    data-row-index=\"1\"\n                    style=\"                    padding:2px;                    \"\n                    >\n                                        250                    <\/td>\n                                                <td class=\"wpdt-cell wpdt-fs-000012\"\n                                            data-cell-id=\"I2\"\n                    data-col-index=\"8\"\n                    data-row-index=\"1\"\n                    style=\"                    padding:2px;                    \"\n                    >\n                                        5800                    <\/td>\n                                                <td class=\"wpdt-cell wpdt-fs-000012\"\n                                            data-cell-id=\"J2\"\n                    data-col-index=\"9\"\n                    data-row-index=\"1\"\n                    style=\"                    padding:2px;                    \"\n                    >\n                                        650                    <\/td>\n                                                <td class=\"wpdt-cell wpdt-fs-000012\"\n                                            data-cell-id=\"K2\"\n                    data-col-index=\"10\"\n                    data-row-index=\"1\"\n                    style=\"                    padding:2px;                    \"\n                    >\n                                        340                    <\/td>\n                                                <td class=\"wpdt-cell wpdt-fs-000012\"\n                                            data-cell-id=\"L2\"\n                    data-col-index=\"11\"\n                    data-row-index=\"1\"\n                    style=\"                    padding:2px;                    \"\n                    >\n                                        7.5                    <\/td>\n                                        <\/tr>\n                            <tr class=\"wpdt-cell-row\" >\n                                <td class=\"wpdt-cell wpdt-fs-000012\"\n                                            data-cell-id=\"A3\"\n                    data-col-index=\"0\"\n                    data-row-index=\"2\"\n                    style=\"                    padding:2px;                    \"\n                    >\n                                        FXBW-132\/160                    <\/td>\n                                                <td class=\"wpdt-cell wpdt-fs-000012\"\n                                            data-cell-id=\"B3\"\n                    data-col-index=\"1\"\n                    data-row-index=\"2\"\n                    style=\"                    padding:2px;                    \"\n                    >\n                                        132                    <\/td>\n                                                <td class=\"wpdt-cell wpdt-fs-000012\"\n                                            data-cell-id=\"C3\"\n                    data-col-index=\"2\"\n                    data-row-index=\"2\"\n                    style=\"                    padding:2px;                    \"\n                    >\n                                        160                    <\/td>\n                                                <td class=\"wpdt-cell wpdt-fs-000012\"\n                                            data-cell-id=\"D3\"\n                    data-col-index=\"3\"\n                    data-row-index=\"2\"\n                    style=\"                    padding:2px;                    \"\n                    >\n                                        20                    <\/td>\n                                                <td class=\"wpdt-cell wpdt-fs-000012\"\n                                            data-cell-id=\"E3\"\n                    data-col-index=\"4\"\n                    data-row-index=\"2\"\n                    style=\"                    padding:2px;                    \"\n                    >\n                                        1710\u00b120                    <\/td>\n                                                <td class=\"wpdt-cell wpdt-fs-000012\"\n                                            data-cell-id=\"F3\"\n                    data-col-index=\"5\"\n                    data-row-index=\"2\"\n                    style=\"                    padding:2px;                    \"\n                    >\n                                        1420                    <\/td>\n                                                <td class=\"wpdt-cell wpdt-fs-000012\"\n                                            data-cell-id=\"G3\"\n                    data-col-index=\"6\"\n                    data-row-index=\"2\"\n                    style=\"                    padding:2px;                    \"\n                    >\n                                        134                    <\/td>\n                                                <td class=\"wpdt-cell wpdt-fs-000012\"\n                                            data-cell-id=\"H3\"\n                    data-col-index=\"7\"\n                    data-row-index=\"2\"\n                    style=\"                    padding:2px;                    \"\n                    >\n                                        250                    <\/td>\n                                                <td class=\"wpdt-cell wpdt-fs-000012\"\n                                            data-cell-id=\"I3\"\n                    data-col-index=\"8\"\n                    data-row-index=\"2\"\n                    style=\"                    padding:2px;                    \"\n                    >\n                                        5800                    <\/td>\n                                                <td class=\"wpdt-cell wpdt-fs-000012\"\n                                            data-cell-id=\"J3\"\n                    data-col-index=\"9\"\n                    data-row-index=\"2\"\n                    style=\"                    padding:2px;                    \"\n                    >\n                                        650                    <\/td>\n                                                <td class=\"wpdt-cell wpdt-fs-000012\"\n                                            data-cell-id=\"K3\"\n                    data-col-index=\"10\"\n                    data-row-index=\"2\"\n                    style=\"                    padding:2px;                    \"\n                    >\n                                        340                    <\/td>\n                                                <td class=\"wpdt-cell wpdt-fs-000012\"\n                                            data-cell-id=\"L3\"\n                    data-col-index=\"11\"\n                    data-row-index=\"2\"\n                    style=\"                    padding:2px;                    \"\n                    >\n                                        8.5                    <\/td>\n                                        <\/tr>\n                    <\/table>\n<\/div><style id='wpdt-custom-style-33'>\n.wpdt-fs-000012 { font-size: 12px !important;}\n<\/style>","protected":false},"excerpt":{"rendered":"<p>Nuestro aislador polim\u00e9rico de suspensi\u00f3n de 132\u202fkV est\u00e1 dise\u00f1ado para l\u00edneas de transmisi\u00f3n de alta tensi\u00f3n, ofreciendo una alternativa ligera y de alta resistencia frente a los aisladores tradicionales de porcelana o vidrio. Fabricado con un n\u00facleo de fibra de vidrio con resina epoxi, faldones de caucho de silicona y herrajes met\u00e1licos galvanizados en caliente, garantiza un excelente desempe\u00f1o mec\u00e1nico y una fiabilidad a largo plazo.<\/p>\n<p>La carcasa hidrof\u00f3bica de silicona resiste la contaminaci\u00f3n y reduce las corrientes de fuga, lo que lo hace ideal para ambientes exteriores severos. Su estructura compacta y sellada previene la entrada de humedad y minimiza las necesidades de mantenimiento. Dise\u00f1ado para cumplir con la norma IEC 61109, este aislador de suspensi\u00f3n polim\u00e9rico ofrece un aislamiento eficiente, un desempe\u00f1o estable y una operaci\u00f3n rentable en aplicaciones de l\u00edneas a\u00e9reas de 132\u202fkV.<\/p>","protected":false},"featured_media":3603,"template":"","meta":[],"product_brand":[],"product_cat":[25,31,27],"product_tag":[],"class_list":{"0":"post-3602","1":"product","2":"type-product","3":"status-publish","4":"has-post-thumbnail","6":"product_cat-polymer-insulator","7":"product_cat-products","8":"product_cat-suspension-insulator","10":"first","11":"instock","12":"shipping-taxable","13":"product-type-simple"},"_links":{"self":[{"href":"https:\/\/gaoyapowers.com\/es\/wp-json\/wp\/v2\/product\/3602"}],"collection":[{"href":"https:\/\/gaoyapowers.com\/es\/wp-json\/wp\/v2\/product"}],"about":[{"href":"https:\/\/gaoyapowers.com\/es\/wp-json\/wp\/v2\/types\/product"}],"wp:featuredmedia":[{"embeddable":true,"href":"https:\/\/gaoyapowers.com\/es\/wp-json\/wp\/v2\/media\/3603"}],"wp:attachment":[{"href":"https:\/\/gaoyapowers.com\/es\/wp-json\/wp\/v2\/media?parent=3602"}],"wp:term":[{"taxonomy":"product_brand","embeddable":true,"href":"https:\/\/gaoyapowers.com\/es\/wp-json\/wp\/v2\/product_brand?post=3602"},{"taxonomy":"product_cat","embeddable":true,"href":"https:\/\/gaoyapowers.com\/es\/wp-json\/wp\/v2\/product_cat?post=3602"},{"taxonomy":"product_tag","embeddable":true,"href":"https:\/\/gaoyapowers.com\/es\/wp-json\/wp\/v2\/product_tag?post=3602"}],"curies":[{"name":"wp","href":"https:\/\/api.w.org\/{rel}","templated":true}]}}