{"id":3611,"date":"2025-05-22T08:56:38","date_gmt":"2025-05-22T08:56:38","guid":{"rendered":"https:\/\/gaoyapowers.com\/?post_type=product&#038;p=3611"},"modified":"2025-05-22T08:57:31","modified_gmt":"2025-05-22T08:57:31","slug":"15kv-polymer-suspension-insulator","status":"publish","type":"product","link":"https:\/\/gaoyapowers.com\/es\/15kv-polymer-suspension-insulator\/","title":{"rendered":"Aislador de suspensi\u00f3n polim\u00e9rico 15 kV"},"content":{"rendered":"<p><strong>Especificaciones t\u00e9cnicas del aislador polim\u00e9rico de suspensi\u00f3n de 15\u202fkV<\/strong><\/p>\n<p><img fetchpriority=\"high\" decoding=\"async\" class=\"alignnone wp-image-3616 size-full\" src=\"https:\/\/gaoyapowers.com\/wp-content\/uploads\/2025\/05\/\u56fe\u7eb8-1.webp\" alt=\"15kV polymer insulator drawing\" width=\"1000\" height=\"300\" srcset=\"https:\/\/gaoyapowers.com\/wp-content\/uploads\/2025\/05\/\u56fe\u7eb8-1.webp 1000w, https:\/\/gaoyapowers.com\/wp-content\/uploads\/2025\/05\/\u56fe\u7eb8-1-300x90.webp 300w, https:\/\/gaoyapowers.com\/wp-content\/uploads\/2025\/05\/\u56fe\u7eb8-1-768x230.webp 768w\" sizes=\"(max-width: 1000px) 100vw, 1000px\" \/><\/p>\n<p>\u2022\u00a0Modelo del aislador polim\u00e9rico: FXB1-15\/70CT<br \/>\n\u2022\u00a0Tensi\u00f3n nominal: 15\u202fkV<br \/>\n\u2022 Carga mec\u00e1nica especificada (SML): 70\u202fkN<br \/>\n\u2022\u00a0Altura: 380\u202fmm<br \/>\n\u2022\u00a0Distancia de arco seca: 195\u202fmm<br \/>\n\u2022\u00a0Distancia de fuga nominal: 460\u202fmm<br \/>\n\u2022\u00a0Tensi\u00f3n soportada en frecuencia industrial en condiciones h\u00famedas: 65\u202fkV<br \/>\n\u2022\u00a0Tensi\u00f3n soportada al impulso atmosf\u00e9rico en seco: 140\u202fkV<\/p>","protected":false},"excerpt":{"rendered":"<p>El aislador polim\u00e9rico de suspensi\u00f3n de 15\u202fkV es una soluci\u00f3n de alto rendimiento dise\u00f1ada para l\u00edneas a\u00e9reas de distribuci\u00f3n de media tensi\u00f3n. Fabricado con materiales polim\u00e9ricos avanzados, este aislador ofrece una resistencia mec\u00e1nica superior, un excelente aislamiento el\u00e9ctrico y una alta resistencia ambiental, constituyendo una alternativa confiable a los aisladores tradicionales de porcelana.<\/p>\n<p>Este modelo, FXB1-15\/70CT, cuenta con una tensi\u00f3n nominal de 15\u202fkV y una carga mec\u00e1nica especificada (SML) de 70\u202fkN, lo que lo hace adecuado tanto para aplicaciones de suspensi\u00f3n est\u00e1ndar como de retenci\u00f3n (tensi\u00f3n). El n\u00facleo de pol\u00edmero reforzado con fibra (FRP) de alta resistencia garantiza la integridad estructural frente a esfuerzos mec\u00e1nicos, mientras que la carcasa de caucho de silicona hidrof\u00f3bica previene la formaci\u00f3n de pel\u00edcula de agua en la superficie, reduciendo eficazmente el riesgo de descargas superficiales por contaminaci\u00f3n.<\/p>\n<p>Entre sus principales caracter\u00edsticas el\u00e9ctricas destacan una tensi\u00f3n soportada en frecuencia industrial en condiciones h\u00famedas de 65\u202fkV y una tensi\u00f3n soportada al impulso de rayo en seco de 140\u202fkV, proporcionando un desempe\u00f1o aislante fiable en diversas condiciones ambientales.<\/p>\n<p>Con una altura compacta de 380\u202fmm, una distancia de arco seca de 195\u202fmm y una distancia de fuga nominal de 460\u202fmm, este aislador polim\u00e9rico de suspensi\u00f3n de 15\u202fkV cumple con los estrictos requisitos de seguridad y desempe\u00f1o de las redes el\u00e9ctricas modernas.<\/p>","protected":false},"featured_media":3612,"template":"","meta":[],"product_brand":[],"product_cat":[25,31,27],"product_tag":[],"class_list":{"0":"post-3611","1":"product","2":"type-product","3":"status-publish","4":"has-post-thumbnail","6":"product_cat-polymer-insulator","7":"product_cat-products","8":"product_cat-suspension-insulator","10":"first","11":"instock","12":"shipping-taxable","13":"product-type-simple"},"_links":{"self":[{"href":"https:\/\/gaoyapowers.com\/es\/wp-json\/wp\/v2\/product\/3611"}],"collection":[{"href":"https:\/\/gaoyapowers.com\/es\/wp-json\/wp\/v2\/product"}],"about":[{"href":"https:\/\/gaoyapowers.com\/es\/wp-json\/wp\/v2\/types\/product"}],"wp:featuredmedia":[{"embeddable":true,"href":"https:\/\/gaoyapowers.com\/es\/wp-json\/wp\/v2\/media\/3612"}],"wp:attachment":[{"href":"https:\/\/gaoyapowers.com\/es\/wp-json\/wp\/v2\/media?parent=3611"}],"wp:term":[{"taxonomy":"product_brand","embeddable":true,"href":"https:\/\/gaoyapowers.com\/es\/wp-json\/wp\/v2\/product_brand?post=3611"},{"taxonomy":"product_cat","embeddable":true,"href":"https:\/\/gaoyapowers.com\/es\/wp-json\/wp\/v2\/product_cat?post=3611"},{"taxonomy":"product_tag","embeddable":true,"href":"https:\/\/gaoyapowers.com\/es\/wp-json\/wp\/v2\/product_tag?post=3611"}],"curies":[{"name":"wp","href":"https:\/\/api.w.org\/{rel}","templated":true}]}}