{"id":3626,"date":"2025-05-23T10:13:29","date_gmt":"2025-05-23T10:13:29","guid":{"rendered":"https:\/\/gaoyapowers.com\/?post_type=product&#038;p=3626"},"modified":"2025-07-03T02:25:58","modified_gmt":"2025-07-03T02:25:58","slug":"36kv-polymer-composite-suspension-insulator","status":"publish","type":"product","link":"https:\/\/gaoyapowers.com\/es\/36kv-polymer-composite-suspension-insulator\/","title":{"rendered":"Aislador polim\u00e9rico de suspensi\u00f3n 36 kV"},"content":{"rendered":"<p><strong>Especificaciones t\u00e9cnicas del aislador polim\u00e9rico de suspensi\u00f3n 36 kV<\/strong><\/p>\n<p><img fetchpriority=\"high\" decoding=\"async\" class=\"alignnone wp-image-3630 size-full\" src=\"https:\/\/gaoyapowers.com\/wp-content\/uploads\/2025\/05\/36kV-\u56fe\u7eb8\u53c2\u6570-1.webp\" alt=\"technical specifications aislador polimerico de suspension 36 kv\" width=\"1000\" height=\"698\" srcset=\"https:\/\/gaoyapowers.com\/wp-content\/uploads\/2025\/05\/36kV-\u56fe\u7eb8\u53c2\u6570-1.webp 1000w, https:\/\/gaoyapowers.com\/wp-content\/uploads\/2025\/05\/36kV-\u56fe\u7eb8\u53c2\u6570-1-300x209.webp 300w, https:\/\/gaoyapowers.com\/wp-content\/uploads\/2025\/05\/36kV-\u56fe\u7eb8\u53c2\u6570-1-768x536.webp 768w\" sizes=\"(max-width: 1000px) 100vw, 1000px\" \/><\/p>\n<p><strong>DIMENSIONES:<\/strong><br \/>\n\u2022 Altura: 670\u00b115 mm<br \/>\n\u2022 Distancia m\u00ednima de arco en seco: 520 mm<br \/>\n\u2022 Distancia m\u00ednima de fuga: 1116 mm<br \/>\n\u2022 Dimensiones del acoplamiento: Enchufe\/Bola 16 (IEC 60120)<\/p>\n<p><strong>MEC\u00c1NICAS:<\/strong><br \/>\n\u2022 Carga mec\u00e1nica especificada (SML): 70 kN<br \/>\n\u2022 Carga de ensayo rutinaria (RTL): 35 kN<br \/>\n\u2022 Norma: IEC 61109<\/p>\n<p><strong>EL\u00c9CTRICAS:<\/strong><br \/>\n\u2022 Tensi\u00f3n nominal: 36 kV<br \/>\n\u2022 Tensi\u00f3n soportada en frecuencia industrial (h\u00famedo, 1 min): 120 kV<br \/>\n\u2022 Tensi\u00f3n soportada al impulso atmosf\u00e9rico: 260 kV<br \/>\n\u2022 Norma: IEC 61109<\/p>\n<p><strong>MATERIALES:<\/strong><br \/>\n1. Herrajes terminales:<br \/>\n1.1 Material:<br \/>\nEnchufe: Hierro fundido o acero fundido, galvanizado en caliente.<br \/>\nBola: Acero forjado, galvanizado en caliente.<br \/>\n1.2 Espesor m\u00ednimo de galvanizaci\u00f3n: 86 \u03bcm<br \/>\n1.3 Pasador partido: Acero inoxidable<br \/>\n2. N\u00facleo:<br \/>\n2.1 Material: Epoxi y fibra de vidrio, tipo resistente a los \u00e1cidos.<br \/>\n3. Faldones:<br \/>\n3.1 Material: Silicona HTV<br \/>\n3.2 Color: Gris<\/p>","protected":false},"excerpt":{"rendered":"<p>El aislador polim\u00e9rico de suspensi\u00f3n 36 kV est\u00e1 dise\u00f1ado para sistemas de l\u00edneas de distribuci\u00f3n, ofreciendo un rendimiento confiable en entornos exteriores exigentes. Fabricado conforme a la norma IEC 61109, cuenta con un n\u00facleo robusto de fibra de vidrio con resina epoxi y una resistencia mec\u00e1nica de 70 kN, lo que garantiza una excelente resistencia a la tracci\u00f3n y durabilidad a largo plazo.<\/p>\n<p>Las faldas de caucho de silicona HTV proporcionan una hidrofobicidad superior y una alta resistencia a los rayos UV, la contaminaci\u00f3n y las corrientes de fuga, lo que hace que este aislador polim\u00e9rico de suspensi\u00f3n 36 kV sea ideal para zonas con alta humedad o niveles de contaminaci\u00f3n elevados. Los herrajes terminales son de acero o hierro galvanizado en caliente, con pasadores partidos de acero inoxidable, lo que ofrece una conexi\u00f3n mec\u00e1nica segura y protecci\u00f3n contra la corrosi\u00f3n.<\/p>\n<p>Con una distancia de fuga superior a 1100 mm y una tensi\u00f3n soportada al impulso de rayo de 260 kV, este aislador compuesto ofrece un aislamiento confiable y una protecci\u00f3n eficaz contra el flashover en redes el\u00e9ctricas de 36 kV.<\/p>","protected":false},"featured_media":3627,"template":"","meta":[],"product_brand":[],"product_cat":[25,31,27],"product_tag":[],"class_list":{"0":"post-3626","1":"product","2":"type-product","3":"status-publish","4":"has-post-thumbnail","6":"product_cat-polymer-insulator","7":"product_cat-products","8":"product_cat-suspension-insulator","10":"first","11":"instock","12":"shipping-taxable","13":"product-type-simple"},"_links":{"self":[{"href":"https:\/\/gaoyapowers.com\/es\/wp-json\/wp\/v2\/product\/3626"}],"collection":[{"href":"https:\/\/gaoyapowers.com\/es\/wp-json\/wp\/v2\/product"}],"about":[{"href":"https:\/\/gaoyapowers.com\/es\/wp-json\/wp\/v2\/types\/product"}],"wp:featuredmedia":[{"embeddable":true,"href":"https:\/\/gaoyapowers.com\/es\/wp-json\/wp\/v2\/media\/3627"}],"wp:attachment":[{"href":"https:\/\/gaoyapowers.com\/es\/wp-json\/wp\/v2\/media?parent=3626"}],"wp:term":[{"taxonomy":"product_brand","embeddable":true,"href":"https:\/\/gaoyapowers.com\/es\/wp-json\/wp\/v2\/product_brand?post=3626"},{"taxonomy":"product_cat","embeddable":true,"href":"https:\/\/gaoyapowers.com\/es\/wp-json\/wp\/v2\/product_cat?post=3626"},{"taxonomy":"product_tag","embeddable":true,"href":"https:\/\/gaoyapowers.com\/es\/wp-json\/wp\/v2\/product_tag?post=3626"}],"curies":[{"name":"wp","href":"https:\/\/api.w.org\/{rel}","templated":true}]}}