{"id":3633,"date":"2025-05-26T09:25:27","date_gmt":"2025-05-26T09:25:27","guid":{"rendered":"https:\/\/gaoyapowers.com\/?post_type=product&#038;p=3633"},"modified":"2025-05-26T09:25:27","modified_gmt":"2025-05-26T09:25:27","slug":"36kv-composite-polymer-pin-insulator","status":"publish","type":"product","link":"https:\/\/gaoyapowers.com\/es\/36kv-composite-polymer-pin-insulator\/","title":{"rendered":"Aislador polim\u00e9rico tipo pin 36 kV"},"content":{"rendered":"<p><strong>Especificaciones t\u00e9cnicas del aislador polim\u00e9rico tipo pin 36 kV<\/strong><\/p>\n<p><img fetchpriority=\"high\" decoding=\"async\" class=\"alignnone wp-image-3637 size-full\" src=\"https:\/\/gaoyapowers.com\/wp-content\/uploads\/2025\/05\/drawing-and-specifications.webp\" alt=\"36kV polymer pin insulator technical specifications\" width=\"1000\" height=\"691\" srcset=\"https:\/\/gaoyapowers.com\/wp-content\/uploads\/2025\/05\/drawing-and-specifications.webp 1000w, https:\/\/gaoyapowers.com\/wp-content\/uploads\/2025\/05\/drawing-and-specifications-300x207.webp 300w, https:\/\/gaoyapowers.com\/wp-content\/uploads\/2025\/05\/drawing-and-specifications-768x531.webp 768w\" sizes=\"(max-width: 1000px) 100vw, 1000px\" \/><\/p>\n<p><strong>DIMENSIONES:<\/strong><br \/>\n\u2022 Altura: 460 \u00b115 mm<br \/>\n\u2022 Distancia de arco en seco m\u00ednima: 390 mm<br \/>\n\u2022 Distancia de fuga: 1170 mm<br \/>\n\u2022 Di\u00e1metro del n\u00facleo: \u230045 mm<br \/>\n\u2022 N\u00famero de faldones: 13<br \/>\n\u2022 Peso: 6.4 kg<\/p>\n<p><strong>MEC\u00c1NICAS:<\/strong><br \/>\n\u2022 Carga de voladizo especificada (SCL): 10 kN<br \/>\n\u2022 Carga m\u00e1xima de dise\u00f1o de voladizo (MDCL): 5 kN<\/p>\n<p><strong>EL\u00c9CTRICAS:<\/strong><br \/>\n\u2022 Tensi\u00f3n nominal: 36 kV<br \/>\n\u2022 Tensi\u00f3n soportada al impulso tipo rayo: 185 kV<br \/>\n\u2022 Tensi\u00f3n soportada a frecuencia industrial en h\u00famedo: 80 kV<br \/>\n\u2022 Norma: IEC 61952<\/p>\n<p><strong>MATERIALES:<\/strong><br \/>\n1. Herrajes terminales:<br \/>\n1.1 Material: Acero forjado o acero fundido, galvanizado por inmersi\u00f3n en caliente<br \/>\n1.2 Espesor m\u00ednimo de galvanizaci\u00f3n: 86 \u03bcm<br \/>\n2. N\u00facleo:<br \/>\n2.1 Material: Epoxi y fibra de vidrio<br \/>\n2.2 Di\u00e1metro: \u230045 mm<br \/>\n3. Faldones:<br \/>\n3.1 Material: Silicona HTV<br \/>\n3.2 Color: Gris<\/p>","protected":false},"excerpt":{"rendered":"<p>El aislador polim\u00e9rico tipo pin de 36 kV est\u00e1 dise\u00f1ado para l\u00edneas a\u00e9reas de media tensi\u00f3n de hasta 36 kV. Se monta de forma segura sobre el brazo transversal mediante un perno roscado con tuerca en la base, proporcionando un s\u00f3lido soporte mec\u00e1nico y un aislamiento el\u00e9ctrico seguro para los sistemas de distribuci\u00f3n.<\/p>\n<p>Fabricado con una varilla de fibra de vidrio de alta resistencia, faldones de caucho de silicona hidrof\u00f3bico y herrajes de acero galvanizado, este aislador polim\u00e9rico tipo pin ofrece una excelente resistencia a las condiciones clim\u00e1ticas, bajo mantenimiento y una larga vida \u00fatil, incluso en entornos contaminados o de alta humedad. Su distancia de fuga de 1170 mm y distancia de arco seco de 390 mm garantizan un rendimiento estable bajo esfuerzos de alta tensi\u00f3n.<\/p>\n<p>Con una carga especificada de flexi\u00f3n (SCL) de 10 kN, este aislador polim\u00e9rico tipo pin de 36 kV est\u00e1 dise\u00f1ado para soportar esfuerzos mec\u00e1nicos significativos mientras mantiene la seguridad el\u00e9ctrica conforme a las normas IEC 61952.<\/p>","protected":false},"featured_media":3638,"template":"","meta":[],"product_brand":[],"product_cat":[25,31],"product_tag":[],"class_list":{"0":"post-3633","1":"product","2":"type-product","3":"status-publish","4":"has-post-thumbnail","6":"product_cat-polymer-insulator","7":"product_cat-products","9":"first","10":"instock","11":"shipping-taxable","12":"product-type-simple"},"_links":{"self":[{"href":"https:\/\/gaoyapowers.com\/es\/wp-json\/wp\/v2\/product\/3633"}],"collection":[{"href":"https:\/\/gaoyapowers.com\/es\/wp-json\/wp\/v2\/product"}],"about":[{"href":"https:\/\/gaoyapowers.com\/es\/wp-json\/wp\/v2\/types\/product"}],"wp:featuredmedia":[{"embeddable":true,"href":"https:\/\/gaoyapowers.com\/es\/wp-json\/wp\/v2\/media\/3638"}],"wp:attachment":[{"href":"https:\/\/gaoyapowers.com\/es\/wp-json\/wp\/v2\/media?parent=3633"}],"wp:term":[{"taxonomy":"product_brand","embeddable":true,"href":"https:\/\/gaoyapowers.com\/es\/wp-json\/wp\/v2\/product_brand?post=3633"},{"taxonomy":"product_cat","embeddable":true,"href":"https:\/\/gaoyapowers.com\/es\/wp-json\/wp\/v2\/product_cat?post=3633"},{"taxonomy":"product_tag","embeddable":true,"href":"https:\/\/gaoyapowers.com\/es\/wp-json\/wp\/v2\/product_tag?post=3633"}],"curies":[{"name":"wp","href":"https:\/\/api.w.org\/{rel}","templated":true}]}}