{"id":3641,"date":"2025-05-29T07:11:27","date_gmt":"2025-05-29T07:11:27","guid":{"rendered":"https:\/\/gaoyapowers.com\/?post_type=product&#038;p=3641"},"modified":"2025-07-05T23:54:59","modified_gmt":"2025-07-05T23:54:59","slug":"psd-70e-glass-suspension-insulator","status":"publish","type":"product","link":"https:\/\/gaoyapowers.com\/es\/psd-70e-glass-suspension-insulator\/","title":{"rendered":"Aislador de vidrio PSD70E"},"content":{"rendered":"<p style=\"text-align: center;\"><strong>Especificaciones t\u00e9cnicas del aislador de vidrio PSD70E<\/strong><\/p>\n<p><img fetchpriority=\"high\" decoding=\"async\" class=\"wp-image-3653 size-full aligncenter\" src=\"https:\/\/gaoyapowers.com\/wp-content\/uploads\/2025\/05\/PSD-70E-\u56fe\u7eb8.webp\" alt=\"PSD 70E drawing\" width=\"800\" height=\"319\" srcset=\"https:\/\/gaoyapowers.com\/wp-content\/uploads\/2025\/05\/PSD-70E-\u56fe\u7eb8.webp 800w, https:\/\/gaoyapowers.com\/wp-content\/uploads\/2025\/05\/PSD-70E-\u56fe\u7eb8-300x120.webp 300w, https:\/\/gaoyapowers.com\/wp-content\/uploads\/2025\/05\/PSD-70E-\u56fe\u7eb8-768x306.webp 768w\" sizes=\"(max-width: 800px) 100vw, 800px\" \/><\/p>\n<p style=\"text-align: center;\">\n<div class=\"wpdt-c row wpDataTableContainerSimpleTable wpDataTables wpDataTablesWrapper wdtscroll\"\n    >\n        <table id=\"wpdtSimpleTable-36\"\n           style=\"border-collapse:collapse;                   border-spacing:0px;\"\n           class=\"wpdtSimpleTable wpDataTable\"\n           data-column=\"4\"\n           data-rows=\"10\"\n           data-wpid=\"36\"\n           data-responsive=\"0\"\n           data-has-header=\"0\">\n\n                    <tbody>        <tr class=\"wpdt-cell-row\" >\n                                <td class=\"wpdt-cell wpdt-fs-000014\"\n                                            data-cell-id=\"A1\"\n                    data-col-index=\"0\"\n                    data-row-index=\"0\"\n                    style=\" width:287px;                    padding:5px;                    \"\n                    >\n                                        Tipo de aislador                    <\/td>\n                                                <td class=\"wpdt-cell wpdt-fs-000014 wpdt-empty-cell\"\n                                            data-cell-id=\"B1\"\n                    data-col-index=\"1\"\n                    data-row-index=\"0\"\n                    style=\" width:71px;                    padding:5px;                    \"\n                    >\n                                                            <\/td>\n                                                <td class=\"wpdt-cell wpdt-fs-000014 wpdt-merged-cell\"\n                     colspan=\"2\"  rowspan=\"1\"                     data-cell-id=\"C1\"\n                    data-col-index=\"2\"\n                    data-row-index=\"0\"\n                    style=\" width:200px;                    padding:5px;                    \"\n                    >\n                                        PSD70E                    <\/td>\n                                                    <\/tr>\n                            <tr class=\"wpdt-cell-row\" >\n                                <td class=\"wpdt-cell wpdt-fs-000014\"\n                                            data-cell-id=\"A2\"\n                    data-col-index=\"0\"\n                    data-row-index=\"1\"\n                    style=\"                    padding:5px;                    \"\n                    >\n                                        Carga mec\u00e1nica m\u00ednima de rotura                    <\/td>\n                                                <td class=\"wpdt-cell wpdt-fs-000014\"\n                                            data-cell-id=\"B2\"\n                    data-col-index=\"1\"\n                    data-row-index=\"1\"\n                    style=\"                    padding:5px;                    \"\n                    >\n                                        kN                    <\/td>\n                                                <td class=\"wpdt-cell wpdt-fs-000014 wpdt-merged-cell\"\n                     colspan=\"2\"  rowspan=\"1\"                     data-cell-id=\"C2\"\n                    data-col-index=\"2\"\n                    data-row-index=\"1\"\n                    style=\"                    padding:5px;                    \"\n                    >\n                                        70                    <\/td>\n                                                    <\/tr>\n                            <tr class=\"wpdt-cell-row\" >\n                                <td class=\"wpdt-cell wpdt-fs-000014\"\n                                            data-cell-id=\"A3\"\n                    data-col-index=\"0\"\n                    data-row-index=\"2\"\n                    style=\"                    padding:5px;                    \"\n                    >\n                                        Di\u00e1metro de la parte aislante, D                    <\/td>\n                                                <td class=\"wpdt-cell wpdt-fs-000014\"\n                                            data-cell-id=\"B3\"\n                    data-col-index=\"1\"\n                    data-row-index=\"2\"\n                    style=\"                    padding:5px;                    \"\n                    >\n                                        mm                    <\/td>\n                                                <td class=\"wpdt-cell wpdt-fs-000014 wpdt-merged-cell\"\n                     colspan=\"2\"  rowspan=\"1\"                     data-cell-id=\"C3\"\n                    data-col-index=\"2\"\n                    data-row-index=\"2\"\n                    style=\"                    padding:5px;                    \"\n                    >\n                                        280                    <\/td>\n                                                    <\/tr>\n                            <tr class=\"wpdt-cell-row\" >\n                                <td class=\"wpdt-cell wpdt-fs-000014\"\n                                            data-cell-id=\"A4\"\n                    data-col-index=\"0\"\n                    data-row-index=\"3\"\n                    style=\"                    padding:5px;                    \"\n                    >\n                                        Distancia entre centros, H                    <\/td>\n                                                <td class=\"wpdt-cell wpdt-fs-000014\"\n                                            data-cell-id=\"B4\"\n                    data-col-index=\"1\"\n                    data-row-index=\"3\"\n                    style=\"                    padding:5px;                    \"\n                    >\n                                        mm                    <\/td>\n                                                <td class=\"wpdt-cell wpdt-fs-000014\"\n                                            data-cell-id=\"C4\"\n                    data-col-index=\"2\"\n                    data-row-index=\"3\"\n                    style=\"                    padding:5px;                    \"\n                    >\n                                        127                    <\/td>\n                                                <td class=\"wpdt-cell wpdt-fs-000014\"\n                                            data-cell-id=\"D4\"\n                    data-col-index=\"3\"\n                    data-row-index=\"3\"\n                    style=\"                    padding:5px;                    \"\n                    >\n                                        146                    <\/td>\n                                        <\/tr>\n                            <tr class=\"wpdt-cell-row\" >\n                                <td class=\"wpdt-cell wpdt-fs-000014\"\n                                            data-cell-id=\"A5\"\n                    data-col-index=\"0\"\n                    data-row-index=\"4\"\n                    style=\"                    padding:5px;                    \"\n                    >\n                                        Distancia de fuga nominal                    <\/td>\n                                                <td class=\"wpdt-cell wpdt-fs-000014\"\n                                            data-cell-id=\"B5\"\n                    data-col-index=\"1\"\n                    data-row-index=\"4\"\n                    style=\"                    padding:5px;                    \"\n                    >\n                                        mm                    <\/td>\n                                                <td class=\"wpdt-cell wpdt-fs-000014 wpdt-merged-cell\"\n                     colspan=\"2\"  rowspan=\"1\"                     data-cell-id=\"C5\"\n                    data-col-index=\"2\"\n                    data-row-index=\"4\"\n                    style=\"                    padding:5px;                    \"\n                    >\n                                        411                    <\/td>\n                                                    <\/tr>\n                            <tr class=\"wpdt-cell-row\" >\n                                <td class=\"wpdt-cell wpdt-fs-000014\"\n                                            data-cell-id=\"A6\"\n                    data-col-index=\"0\"\n                    data-row-index=\"5\"\n                    style=\"                    padding:5px;                    \"\n                    >\n                                        Acoplamiento de bola y casquillo, d (IEC 60120)                    <\/td>\n                                                <td class=\"wpdt-cell wpdt-fs-000014\"\n                                            data-cell-id=\"B6\"\n                    data-col-index=\"1\"\n                    data-row-index=\"5\"\n                    style=\"                    padding:5px;                    \"\n                    >\n                                        mm                    <\/td>\n                                                <td class=\"wpdt-cell wpdt-fs-000014 wpdt-merged-cell\"\n                     colspan=\"2\"  rowspan=\"1\"                     data-cell-id=\"C6\"\n                    data-col-index=\"2\"\n                    data-row-index=\"5\"\n                    style=\"                    padding:5px;                    \"\n                    >\n                                        16                    <\/td>\n                                                    <\/tr>\n                            <tr class=\"wpdt-cell-row\" >\n                                <td class=\"wpdt-cell wpdt-fs-000014\"\n                                            data-cell-id=\"A7\"\n                    data-col-index=\"0\"\n                    data-row-index=\"6\"\n                    style=\"                    padding:5px;                    \"\n                    >\n                                        Tensi\u00f3n de perforaci\u00f3n a frecuencia industrial                    <\/td>\n                                                <td class=\"wpdt-cell wpdt-fs-000014\"\n                                            data-cell-id=\"B7\"\n                    data-col-index=\"1\"\n                    data-row-index=\"6\"\n                    style=\"                    padding:5px;                    \"\n                    >\n                                        kV                    <\/td>\n                                                <td class=\"wpdt-cell wpdt-fs-000014 wpdt-merged-cell\"\n                     colspan=\"2\"  rowspan=\"1\"                     data-cell-id=\"C7\"\n                    data-col-index=\"2\"\n                    data-row-index=\"6\"\n                    style=\"                    padding:5px;                    \"\n                    >\n                                        130                    <\/td>\n                                                    <\/tr>\n                            <tr class=\"wpdt-cell-row\" >\n                                <td class=\"wpdt-cell wpdt-fs-000014\"\n                                            data-cell-id=\"A8\"\n                    data-col-index=\"0\"\n                    data-row-index=\"7\"\n                    style=\"                    padding:5px;                    \"\n                    >\n                                        Tensi\u00f3n soportada a 50 Hz (en seco)                    <\/td>\n                                                <td class=\"wpdt-cell wpdt-fs-000014\"\n                                            data-cell-id=\"B8\"\n                    data-col-index=\"1\"\n                    data-row-index=\"7\"\n                    style=\"                    padding:5px;                    \"\n                    >\n                                        kV                    <\/td>\n                                                <td class=\"wpdt-cell wpdt-fs-000014 wpdt-merged-cell\"\n                     colspan=\"2\"  rowspan=\"1\"                     data-cell-id=\"C8\"\n                    data-col-index=\"2\"\n                    data-row-index=\"7\"\n                    style=\"                    padding:5px;                    \"\n                    >\n                                        75                    <\/td>\n                                                    <\/tr>\n                            <tr class=\"wpdt-cell-row\" >\n                                <td class=\"wpdt-cell wpdt-fs-000014\"\n                                            data-cell-id=\"A9\"\n                    data-col-index=\"0\"\n                    data-row-index=\"8\"\n                    style=\"                    padding:5px;                    \"\n                    >\n                                        Tensi\u00f3n soportada a 50 Hz (en h\u00famedo)                    <\/td>\n                                                <td class=\"wpdt-cell wpdt-fs-000014\"\n                                            data-cell-id=\"B9\"\n                    data-col-index=\"1\"\n                    data-row-index=\"8\"\n                    style=\"                    padding:5px;                    \"\n                    >\n                                        kV                    <\/td>\n                                                <td class=\"wpdt-cell wpdt-fs-000014 wpdt-merged-cell\"\n                     colspan=\"2\"  rowspan=\"1\"                     data-cell-id=\"C9\"\n                    data-col-index=\"2\"\n                    data-row-index=\"8\"\n                    style=\"                    padding:5px;                    \"\n                    >\n                                        45                    <\/td>\n                                                    <\/tr>\n                            <tr class=\"wpdt-cell-row\" >\n                                <td class=\"wpdt-cell wpdt-fs-000014\"\n                                            data-cell-id=\"A10\"\n                    data-col-index=\"0\"\n                    data-row-index=\"9\"\n                    style=\"                    padding:5px;                    \"\n                    >\n                                        Peso                    <\/td>\n                                                <td class=\"wpdt-cell wpdt-fs-000014\"\n                                            data-cell-id=\"B10\"\n                    data-col-index=\"1\"\n                    data-row-index=\"9\"\n                    style=\"                    padding:5px;                    \"\n                    >\n                                        kg                    <\/td>\n                                                <td class=\"wpdt-cell wpdt-fs-000014 wpdt-merged-cell\"\n                     colspan=\"2\"  rowspan=\"1\"                     data-cell-id=\"C10\"\n                    data-col-index=\"2\"\n                    data-row-index=\"9\"\n                    style=\"                    padding:5px;                    \"\n                    >\n                                        5.6                    <\/td>\n                                                    <\/tr>\n                    <\/table>\n<\/div><style id='wpdt-custom-style-36'>\n.wpdt-fs-000014 { font-size: 14px !important;}\n<\/style>\n<\/p>","protected":false},"excerpt":{"rendered":"<p>El aislador de suspensi\u00f3n de vidrio PSD70E est\u00e1 especialmente dise\u00f1ado para su uso en zonas con altos niveles de contaminaci\u00f3n atmosf\u00e9rica, como regiones costeras, zonas mineras e industriales. Gracias a su mayor distancia de fuga, se presenta como una versi\u00f3n mejorada del aislador de perfil est\u00e1ndar, como el PS70E, destinado a condiciones normales de contaminaci\u00f3n.<\/p>\n<p>El aislador PSD70E proporciona soporte mec\u00e1nico y aislamiento el\u00e9ctrico para l\u00edneas de transmisi\u00f3n y distribuci\u00f3n de alta tensi\u00f3n. Cuando se utiliza en cadenas de suspensi\u00f3n, los aisladores se ensamblan en serie y se fijan mediante clips en \"V\" o \"W\", seg\u00fan la aplicaci\u00f3n espec\u00edfica o las preferencias del cliente.<\/p>\n<p>Actualmente, los principales mercados para el aislador de vidrio PSD70E son Rusia, Ucrania y los pa\u00edses de Asia Central.<\/p>\n<p>El PSD70E se fabrica en conformidad con las normas IEC, garantizando tanto la resistencia mec\u00e1nica como la fiabilidad a largo plazo. Ofrece una carga mec\u00e1nica m\u00ednima de rotura de 70 kN, un di\u00e1metro de fald\u00f3n de 280 mm y est\u00e1 disponible en dos opciones de altura: 127 mm y 146 mm. La distancia de fuga es de 411 mm, lo que lo hace ideal para entornos contaminados donde se requiere un alto rendimiento de aislamiento.<\/p>","protected":false},"featured_media":3644,"template":"","meta":[],"product_brand":[],"product_cat":[16,31,27],"product_tag":[],"class_list":{"0":"post-3641","1":"product","2":"type-product","3":"status-publish","4":"has-post-thumbnail","6":"product_cat-glass-insulator","7":"product_cat-products","8":"product_cat-suspension-insulator","10":"first","11":"instock","12":"shipping-taxable","13":"product-type-simple"},"_links":{"self":[{"href":"https:\/\/gaoyapowers.com\/es\/wp-json\/wp\/v2\/product\/3641"}],"collection":[{"href":"https:\/\/gaoyapowers.com\/es\/wp-json\/wp\/v2\/product"}],"about":[{"href":"https:\/\/gaoyapowers.com\/es\/wp-json\/wp\/v2\/types\/product"}],"wp:featuredmedia":[{"embeddable":true,"href":"https:\/\/gaoyapowers.com\/es\/wp-json\/wp\/v2\/media\/3644"}],"wp:attachment":[{"href":"https:\/\/gaoyapowers.com\/es\/wp-json\/wp\/v2\/media?parent=3641"}],"wp:term":[{"taxonomy":"product_brand","embeddable":true,"href":"https:\/\/gaoyapowers.com\/es\/wp-json\/wp\/v2\/product_brand?post=3641"},{"taxonomy":"product_cat","embeddable":true,"href":"https:\/\/gaoyapowers.com\/es\/wp-json\/wp\/v2\/product_cat?post=3641"},{"taxonomy":"product_tag","embeddable":true,"href":"https:\/\/gaoyapowers.com\/es\/wp-json\/wp\/v2\/product_tag?post=3641"}],"curies":[{"name":"wp","href":"https:\/\/api.w.org\/{rel}","templated":true}]}}