{"id":4036,"date":"2025-10-08T08:06:57","date_gmt":"2025-10-08T08:06:57","guid":{"rendered":"https:\/\/gaoyapowers.com\/?post_type=product&#038;p=4036"},"modified":"2025-10-08T08:06:59","modified_gmt":"2025-10-08T08:06:59","slug":"115kv-silicone-rubber-composite-insulator","status":"publish","type":"product","link":"https:\/\/gaoyapowers.com\/es\/115kv-silicone-rubber-composite-insulator\/","title":{"rendered":"Aisladores polim\u00e9ricos 115 kV"},"content":{"rendered":"<p><strong>Especificaciones t\u00e9cnicas de los aisladores polim\u00e9ricos 115 kV<\/strong><\/p>\n<p>&nbsp;<\/p>\n<p><img fetchpriority=\"high\" decoding=\"async\" class=\"alignnone wp-image-4039 size-full\" src=\"https:\/\/gaoyapowers.com\/wp-content\/uploads\/2025\/10\/technical-drawing.webp\" alt=\"115kV Composite Suspension Insulator technical drawing\" width=\"1000\" height=\"344\" srcset=\"https:\/\/gaoyapowers.com\/wp-content\/uploads\/2025\/10\/technical-drawing.webp 1000w, https:\/\/gaoyapowers.com\/wp-content\/uploads\/2025\/10\/technical-drawing-300x103.webp 300w, https:\/\/gaoyapowers.com\/wp-content\/uploads\/2025\/10\/technical-drawing-768x264.webp 768w, https:\/\/gaoyapowers.com\/wp-content\/uploads\/2025\/10\/technical-drawing-18x6.webp 18w\" sizes=\"(max-width: 1000px) 100vw, 1000px\" \/><\/p>\n<p class=\"translation-block\"><strong>DIMENSIONES<\/strong><br>\nAltura: 1175\u00b125 mm<br>\nDistancia m\u00ednima de arco en seco: 980 mm<br>\nDistancia m\u00ednima de recorrido de fuga: 3810 mm<br>\nDi\u00e1metro de la varilla: \u03c624 mm<br>\nDimensiones de acoplamiento: Y Clevis 19 (IEC 61466-1)\/Ball Ansi 52-5<br>\nN\u00famero de copas: 36<\/p>\n<p class=\"translation-block\"><strong>RENDIMIENTO MEC\u00c1NICO<\/strong><br>\nSeg\u00fan IEC 61109<br>\nCarga mec\u00e1nica especificada (SML): 120 kN<br>\nCarga de prueba rutinaria (RTL): 60 kN<\/p>\n<p class=\"translation-block\"><strong>RENDIMIENTO EL\u00c9CTRICO<\/strong><br>\nSeg\u00fan IEC 61109<br>\nTensi\u00f3n nominal: 115 kV<br>\nTensi\u00f3n de descarga por frecuencia industrial baja (H\u00famedo\/Seco): 300 kV \/ 350 kV<br>\nTensi\u00f3n cr\u00edtica de descarga impulsiva: 590 kV<\/p>\n<p class=\"translation-block\"><strong>MATERIALES<\/strong><br>\n1. Accesorios de extremo:<br>\n1.1 Materiales:<br>\nY-Clevis: Acero forjado o acero fundido, galvanizado en caliente.<br>\nBall: Acero fundido o acero forjado, galvanizado en caliente.<br>\n1.2 Espesor m\u00ednimo de galvanizado: 86 \u03bcm<br>\n2. N\u00facleo:<br>\n2.1 Materiales: Resina epoxi &amp; fibra de vidrio, tipo resistente a \u00e1cidos<br>\n2.2 Di\u00e1metro: \u03c624 mm<br>\n3. Aletas de protecci\u00f3n contra el clima:<br>\n3.1 Materiales: Goma de silicona vulcanizada a alta temperatura (HTV)<br>\n3.2 Color: Gris<\/p>","protected":false},"excerpt":{"rendered":"<p>Los Aisladores polim\u00e9ricos 115 kV est\u00e1n dise\u00f1ados para su uso en l\u00edneas de transmisi\u00f3n y distribuci\u00f3n de 115 kV como aisladores suspendidos de alto rendimiento. El n\u00facleo consta de una varilla de resina epoxi de 24 mm y fibra de vidrio resistente a \u00e1cidos, proporcionando una excelente resistencia a la tracci\u00f3n y una durabilidad a largo plazo. Las campanas de protecci\u00f3n est\u00e1n hechas de caucho de silicona vulcanizado a alta temperatura (HTV), ofreciendo una hidrofobicidad superior, resistencia a las inclemencias del tiempo y excelente comportamiento frente al envejecimiento.<\/p>\n<p>Estos Aisladores polim\u00e9ricos 115 kV pueden soportar una Carga Mec\u00e1nica Espec\u00edfica (SML) de 120 kN, garantizando una alta fiabilidad mec\u00e1nica bajo tensi\u00f3n. La longitud total es de 1175 mm con una distancia de fuga de 3810 mm. Ambos extremos est\u00e1n equipados con accesorios Y-Clevis 19 (IEC 61466-1) y Ball ANSI 52-5, con un recubrimiento galvanizado en caliente de 86 \u03bcm que proporciona una excelente protecci\u00f3n contra la corrosi\u00f3n.<\/p>\n<p>En t\u00e9rminos de rendimiento el\u00e9ctrico, aseguran un aislamiento confiable en todas las condiciones, con una tensi\u00f3n de descarga en frecuencia industrial de 350 kV en seco y 300 kV en h\u00famedo, y una tensi\u00f3n de descarga impulsiva de 590 kV.<\/p>\n<p>Los Aisladores polim\u00e9ricos 115 kV se utilizan ampliamente en proyectos de transmisi\u00f3n el\u00e9ctrica en toda Am\u00e9rica, ofreciendo una soluci\u00f3n confiable para sistemas de l\u00edneas a\u00e9reas de alta tensi\u00f3n.<\/p>","protected":false},"featured_media":4037,"template":"","meta":[],"product_brand":[],"product_cat":[25,31,27],"product_tag":[],"class_list":{"0":"post-4036","1":"product","2":"type-product","3":"status-publish","4":"has-post-thumbnail","6":"product_cat-polymer-insulator","7":"product_cat-products","8":"product_cat-suspension-insulator","10":"first","11":"instock","12":"shipping-taxable","13":"product-type-simple"},"_links":{"self":[{"href":"https:\/\/gaoyapowers.com\/es\/wp-json\/wp\/v2\/product\/4036"}],"collection":[{"href":"https:\/\/gaoyapowers.com\/es\/wp-json\/wp\/v2\/product"}],"about":[{"href":"https:\/\/gaoyapowers.com\/es\/wp-json\/wp\/v2\/types\/product"}],"wp:featuredmedia":[{"embeddable":true,"href":"https:\/\/gaoyapowers.com\/es\/wp-json\/wp\/v2\/media\/4037"}],"wp:attachment":[{"href":"https:\/\/gaoyapowers.com\/es\/wp-json\/wp\/v2\/media?parent=4036"}],"wp:term":[{"taxonomy":"product_brand","embeddable":true,"href":"https:\/\/gaoyapowers.com\/es\/wp-json\/wp\/v2\/product_brand?post=4036"},{"taxonomy":"product_cat","embeddable":true,"href":"https:\/\/gaoyapowers.com\/es\/wp-json\/wp\/v2\/product_cat?post=4036"},{"taxonomy":"product_tag","embeddable":true,"href":"https:\/\/gaoyapowers.com\/es\/wp-json\/wp\/v2\/product_tag?post=4036"}],"curies":[{"name":"wp","href":"https:\/\/api.w.org\/{rel}","templated":true}]}}