{"id":4092,"date":"2025-11-08T06:53:11","date_gmt":"2025-11-08T06:53:11","guid":{"rendered":"https:\/\/gaoyapowers.com\/?post_type=product&#038;p=4092"},"modified":"2025-11-25T06:23:47","modified_gmt":"2025-11-25T06:23:47","slug":"ansi-52-4-porcelain-suspension-insulator","status":"publish","type":"product","link":"https:\/\/gaoyapowers.com\/es\/ansi-52-4-porcelain-suspension-insulator\/","title":{"rendered":"Aislador de suspensi\u00f3n ANSI 52-4"},"content":{"rendered":"<p style=\"text-align: center;\"><strong>Especificaciones T\u00e9cnicas del Aislador de Suspensi\u00f3n de Porcelana ANSI 52-4<\/strong><\/p>\n<p><img fetchpriority=\"high\" decoding=\"async\" class=\"wp-image-4097 size-full aligncenter\" src=\"https:\/\/gaoyapowers.com\/wp-content\/uploads\/2025\/11\/\u56fe\u7eb8-1.webp\" alt=\"ANSI 52-4 Technical Drawing\" width=\"800\" height=\"400\" srcset=\"https:\/\/gaoyapowers.com\/wp-content\/uploads\/2025\/11\/\u56fe\u7eb8-1.webp 800w, https:\/\/gaoyapowers.com\/wp-content\/uploads\/2025\/11\/\u56fe\u7eb8-1-300x150.webp 300w, https:\/\/gaoyapowers.com\/wp-content\/uploads\/2025\/11\/\u56fe\u7eb8-1-768x384.webp 768w, https:\/\/gaoyapowers.com\/wp-content\/uploads\/2025\/11\/\u56fe\u7eb8-1-18x9.webp 18w\" sizes=\"(max-width: 800px) 100vw, 800px\" \/><\/p>\n<p><strong>Clase ANSI: ANSI 52-4<\/strong><br \/>\nDi\u00e1metro de la carcasa de porcelana (D): 254 mm<br \/>\nEspaciado de la unidad (H): 146 mm<br \/>\nDistancia de fuga: 292 mm<br \/>\nResistencia combinada mec\u00e1nica y el\u00e9ctrica (M &amp; E): 70 kN<br \/>\nResistencia al impacto: 6 N\u00b7m<br \/>\nCarga de prueba a tensi\u00f3n: 33,5 kN<\/p>\n<p>Voltaje de flashover a baja frecuencia (seco): 80 kV<br \/>\nVoltaje de flashover a baja frecuencia (h\u00famedo): 50 kV<\/p>\n<p>Voltaje cr\u00edtico de flashover por impulso (positivo): 125 kV<br \/>\nVoltaje cr\u00edtico de flashover por impulso (negativo): 130 kV<\/p>\n<p>Voltaje de perforaci\u00f3n a baja frecuencia: 110 kV<br \/>\nDatos de voltaje de influencia de radio (voltaje de prueba a tierra): 10 kV<br \/>\nDatos de voltaje de influencia de radio (RIV m\u00e1ximo a 1000 kHz): 50 \u03bcV<br \/>\nPeso neto aproximado: 4,9 kg<\/p>","protected":false},"excerpt":{"rendered":"<p>El aislador de suspensi\u00f3n de porcelana ANSI 52-4 es del tipo leng\u00fceta y horquilla.<br \/>\nTiene una carga mec\u00e1nica m\u00ednima de 70 kN, una distancia de fuga de 292 mm, un di\u00e1metro de disco de 254 mm y una altura total de 146 mm.<br \/>\nFabricado y probado de acuerdo con las normas ANSI C29.2, ofrece una excelente resistencia mec\u00e1nica y un rendimiento el\u00e9ctrico fiable.<\/p>","protected":false},"featured_media":4093,"template":"","meta":[],"product_brand":[],"product_cat":[20,31,27],"product_tag":[],"class_list":{"0":"post-4092","1":"product","2":"type-product","3":"status-publish","4":"has-post-thumbnail","6":"product_cat-porcelain-insulator","7":"product_cat-products","8":"product_cat-suspension-insulator","10":"first","11":"instock","12":"shipping-taxable","13":"product-type-simple"},"_links":{"self":[{"href":"https:\/\/gaoyapowers.com\/es\/wp-json\/wp\/v2\/product\/4092"}],"collection":[{"href":"https:\/\/gaoyapowers.com\/es\/wp-json\/wp\/v2\/product"}],"about":[{"href":"https:\/\/gaoyapowers.com\/es\/wp-json\/wp\/v2\/types\/product"}],"wp:featuredmedia":[{"embeddable":true,"href":"https:\/\/gaoyapowers.com\/es\/wp-json\/wp\/v2\/media\/4093"}],"wp:attachment":[{"href":"https:\/\/gaoyapowers.com\/es\/wp-json\/wp\/v2\/media?parent=4092"}],"wp:term":[{"taxonomy":"product_brand","embeddable":true,"href":"https:\/\/gaoyapowers.com\/es\/wp-json\/wp\/v2\/product_brand?post=4092"},{"taxonomy":"product_cat","embeddable":true,"href":"https:\/\/gaoyapowers.com\/es\/wp-json\/wp\/v2\/product_cat?post=4092"},{"taxonomy":"product_tag","embeddable":true,"href":"https:\/\/gaoyapowers.com\/es\/wp-json\/wp\/v2\/product_tag?post=4092"}],"curies":[{"name":"wp","href":"https:\/\/api.w.org\/{rel}","templated":true}]}}