{"id":4242,"date":"2025-12-06T08:33:25","date_gmt":"2025-12-06T08:33:25","guid":{"rendered":"https:\/\/gaoyapowers.com\/?post_type=product&#038;p=4242"},"modified":"2025-12-06T08:33:25","modified_gmt":"2025-12-06T08:33:25","slug":"36kv-drop-out-fuse","status":"publish","type":"product","link":"https:\/\/gaoyapowers.com\/es\/36kv-drop-out-fuse\/","title":{"rendered":"Cortacircuito fusible 34.5 kV"},"content":{"rendered":"<p><strong>Especificaciones del cortacircuito fusible 34,5 kV<\/strong><\/p>\n\n<div class=\"wpdt-c row wpDataTableContainerSimpleTable wpDataTables wpDataTablesWrapper wdtscroll\"\n    >\n        <table id=\"wpdtSimpleTable-45\"\n           style=\"border-collapse:collapse;                   border-spacing:0px;\"\n           class=\"wpdtSimpleTable wpDataTable\"\n           data-column=\"8\"\n           data-rows=\"3\"\n           data-wpid=\"45\"\n           data-responsive=\"0\"\n           data-has-header=\"0\">\n\n                    <tbody>        <tr class=\"wpdt-cell-row\" >\n                                <td class=\"wpdt-cell\"\n                                            data-cell-id=\"A1\"\n                    data-col-index=\"0\"\n                    data-row-index=\"0\"\n                    style=\" width:131px;                    padding:10px;                    \"\n                    >\n                                        Tipo \/ Modelo                    <\/td>\n                                                <td class=\"wpdt-cell\"\n                                            data-cell-id=\"B1\"\n                    data-col-index=\"1\"\n                    data-row-index=\"0\"\n                    style=\" width:104px;                    padding:10px;                    \"\n                    >\n                                        Tensi\u00f3n nominal (kV)                    <\/td>\n                                                <td class=\"wpdt-cell\"\n                                            data-cell-id=\"C1\"\n                    data-col-index=\"2\"\n                    data-row-index=\"0\"\n                    style=\" width:104px;                    padding:10px;                    \"\n                    >\n                                        Corriente nominal (A)                    <\/td>\n                                                <td class=\"wpdt-cell\"\n                                            data-cell-id=\"D1\"\n                    data-col-index=\"3\"\n                    data-row-index=\"0\"\n                    style=\" width:104px;                    padding:10px;                    \"\n                    >\n                                        Corriente de ruptura (kA)                    <\/td>\n                                                <td class=\"wpdt-cell\"\n                                            data-cell-id=\"E1\"\n                    data-col-index=\"4\"\n                    data-row-index=\"0\"\n                    style=\" width:104px;                    padding:10px;                    \"\n                    >\n                                        Tensi\u00f3n de impulso BIL (kV)                    <\/td>\n                                                <td class=\"wpdt-cell\"\n                                            data-cell-id=\"F1\"\n                    data-col-index=\"5\"\n                    data-row-index=\"0\"\n                    style=\" width:143px;                    padding:10px;                    \"\n                    >\n                                        Tensi\u00f3n de soportancia en frecuencia industrial (kV)                    <\/td>\n                                                <td class=\"wpdt-cell\"\n                                            data-cell-id=\"G1\"\n                    data-col-index=\"6\"\n                    data-row-index=\"0\"\n                    style=\" width:127px;                    padding:10px;                    \"\n                    >\n                                        Distancia de fuga (mm\/kV)                    <\/td>\n                                                <td class=\"wpdt-cell\"\n                                            data-cell-id=\"H1\"\n                    data-col-index=\"7\"\n                    data-row-index=\"0\"\n                    style=\" width:133px;                    padding:10px;                    \"\n                    >\n                                        Material                    <\/td>\n                                        <\/tr>\n                            <tr class=\"wpdt-cell-row\" >\n                                <td class=\"wpdt-cell wpdt-bold\"\n                                            data-cell-id=\"A2\"\n                    data-col-index=\"0\"\n                    data-row-index=\"1\"\n                    style=\"                    padding:10px;                    \"\n                    >\n                                        RW\u201336\/100                    <\/td>\n                                                <td class=\"wpdt-cell\"\n                                            data-cell-id=\"B2\"\n                    data-col-index=\"1\"\n                    data-row-index=\"1\"\n                    style=\"                    padding:10px;                    \"\n                    >\n                                        36                    <\/td>\n                                                <td class=\"wpdt-cell\"\n                                            data-cell-id=\"C2\"\n                    data-col-index=\"2\"\n                    data-row-index=\"1\"\n                    style=\"                    padding:10px;                    \"\n                    >\n                                        100                    <\/td>\n                                                <td class=\"wpdt-cell\"\n                                            data-cell-id=\"D2\"\n                    data-col-index=\"3\"\n                    data-row-index=\"1\"\n                    style=\"                    padding:10px;                    \"\n                    >\n                                        6.3                    <\/td>\n                                                <td class=\"wpdt-cell\"\n                                            data-cell-id=\"E2\"\n                    data-col-index=\"4\"\n                    data-row-index=\"1\"\n                    style=\"                    padding:10px;                    \"\n                    >\n                                        180                    <\/td>\n                                                <td class=\"wpdt-cell\"\n                                            data-cell-id=\"F2\"\n                    data-col-index=\"5\"\n                    data-row-index=\"1\"\n                    style=\"                    padding:10px;                    \"\n                    >\n                                        80                    <\/td>\n                                                <td class=\"wpdt-cell\"\n                                            data-cell-id=\"G2\"\n                    data-col-index=\"6\"\n                    data-row-index=\"1\"\n                    style=\"                    padding:10px;                    \"\n                    >\n                                        25\u201331                    <\/td>\n                                                <td class=\"wpdt-cell\"\n                                            data-cell-id=\"H2\"\n                    data-col-index=\"7\"\n                    data-row-index=\"1\"\n                    style=\"                    padding:10px;                    \"\n                    >\n                                        Pol\u00edmero \/ Porcelana                    <\/td>\n                                        <\/tr>\n                            <tr class=\"wpdt-cell-row\" >\n                                <td class=\"wpdt-cell wpdt-bold\"\n                                            data-cell-id=\"A3\"\n                    data-col-index=\"0\"\n                    data-row-index=\"2\"\n                    style=\"                    padding:10px;                    \"\n                    >\n                                        RW\u201336\/200                    <\/td>\n                                                <td class=\"wpdt-cell\"\n                                            data-cell-id=\"B3\"\n                    data-col-index=\"1\"\n                    data-row-index=\"2\"\n                    style=\"                    padding:10px;                    \"\n                    >\n                                        36                    <\/td>\n                                                <td class=\"wpdt-cell\"\n                                            data-cell-id=\"C3\"\n                    data-col-index=\"2\"\n                    data-row-index=\"2\"\n                    style=\"                    padding:10px;                    \"\n                    >\n                                        200                    <\/td>\n                                                <td class=\"wpdt-cell\"\n                                            data-cell-id=\"D3\"\n                    data-col-index=\"3\"\n                    data-row-index=\"2\"\n                    style=\"                    padding:10px;                    \"\n                    >\n                                        10                    <\/td>\n                                                <td class=\"wpdt-cell\"\n                                            data-cell-id=\"E3\"\n                    data-col-index=\"4\"\n                    data-row-index=\"2\"\n                    style=\"                    padding:10px;                    \"\n                    >\n                                        180                    <\/td>\n                                                <td class=\"wpdt-cell\"\n                                            data-cell-id=\"F3\"\n                    data-col-index=\"5\"\n                    data-row-index=\"2\"\n                    style=\"                    padding:10px;                    \"\n                    >\n                                        80                    <\/td>\n                                                <td class=\"wpdt-cell\"\n                                            data-cell-id=\"G3\"\n                    data-col-index=\"6\"\n                    data-row-index=\"2\"\n                    style=\"                    padding:10px;                    \"\n                    >\n                                        25\u201331                    <\/td>\n                                                <td class=\"wpdt-cell\"\n                                            data-cell-id=\"H3\"\n                    data-col-index=\"7\"\n                    data-row-index=\"2\"\n                    style=\"                    padding:10px;                    \"\n                    >\n                                        Pol\u00edmero \/ Porcelana                    <\/td>\n                                        <\/tr>\n                    <\/table>\n<\/div><style id='wpdt-custom-style-45'>\n<\/style>","protected":false},"excerpt":{"rendered":"<p>Cortacircuito fusible 34,5 kV est\u00e1 disponible en dos modelos, RW-36\/100 y RW-36\/200, con corrientes nominales de 100 A y 200 A para satisfacer diferentes requisitos de aplicaci\u00f3n. Los accesorios de montaje y herrajes pueden personalizarse seg\u00fan sus planos y especificaciones t\u00e9cnicas.<\/p>\n<p class=\"translation-block\">Modelo: RW-36\/100, RW-36\/200<br>\nVoltaje nominal: 36 kV<br>\nCorriente nominal: 100 A\/200 A<br>\nCorriente de ruptura: 6,3 kA\/10 kA<br>\nVoltaje de prueba de frecuencia de potencia: 80 kV<br>\nVoltaje de impulso BIL: 180 kV<br>\nDistancia de fuga: 862\u20131069 mm<\/p>","protected":false},"featured_media":4268,"template":"","meta":[],"product_brand":[],"product_cat":[42,31],"product_tag":[],"class_list":{"0":"post-4242","1":"product","2":"type-product","3":"status-publish","4":"has-post-thumbnail","6":"product_cat-dropout-fuse-cutout","7":"product_cat-products","9":"first","10":"instock","11":"shipping-taxable","12":"product-type-simple"},"_links":{"self":[{"href":"https:\/\/gaoyapowers.com\/es\/wp-json\/wp\/v2\/product\/4242"}],"collection":[{"href":"https:\/\/gaoyapowers.com\/es\/wp-json\/wp\/v2\/product"}],"about":[{"href":"https:\/\/gaoyapowers.com\/es\/wp-json\/wp\/v2\/types\/product"}],"wp:featuredmedia":[{"embeddable":true,"href":"https:\/\/gaoyapowers.com\/es\/wp-json\/wp\/v2\/media\/4268"}],"wp:attachment":[{"href":"https:\/\/gaoyapowers.com\/es\/wp-json\/wp\/v2\/media?parent=4242"}],"wp:term":[{"taxonomy":"product_brand","embeddable":true,"href":"https:\/\/gaoyapowers.com\/es\/wp-json\/wp\/v2\/product_brand?post=4242"},{"taxonomy":"product_cat","embeddable":true,"href":"https:\/\/gaoyapowers.com\/es\/wp-json\/wp\/v2\/product_cat?post=4242"},{"taxonomy":"product_tag","embeddable":true,"href":"https:\/\/gaoyapowers.com\/es\/wp-json\/wp\/v2\/product_tag?post=4242"}],"curies":[{"name":"wp","href":"https:\/\/api.w.org\/{rel}","templated":true}]}}