{"id":4290,"date":"2025-12-23T03:23:36","date_gmt":"2025-12-23T03:23:36","guid":{"rendered":"https:\/\/gaoyapowers.com\/?post_type=product&#038;p=4290"},"modified":"2025-12-23T03:23:37","modified_gmt":"2025-12-23T03:23:37","slug":"11kv-insulators","status":"publish","type":"product","link":"https:\/\/gaoyapowers.com\/es\/11kv-insulators\/","title":{"rendered":"Aisladores 11kV: Tipos Pin, Disc y Stay"},"content":{"rendered":"<p><strong>Especificaciones t\u00e9cnicas del aislador Pin de porcelana 11kV con pin GI (P6-11-Y)<\/strong><\/p>\n<p><img fetchpriority=\"high\" decoding=\"async\" class=\"alignnone wp-image-4296 size-full\" src=\"https:\/\/gaoyapowers.com\/wp-content\/uploads\/2025\/12\/P6-11-Y\u9488\u5f0f\u74f7\u7edd\u7f18\u5b50\u5e26pin-\u56fe\u7eb8.webp\" alt=\"11 kv pin insulator with gi pin technical specifications\" width=\"800\" height=\"500\" srcset=\"https:\/\/gaoyapowers.com\/wp-content\/uploads\/2025\/12\/P6-11-Y\u9488\u5f0f\u74f7\u7edd\u7f18\u5b50\u5e26pin-\u56fe\u7eb8.webp 800w, https:\/\/gaoyapowers.com\/wp-content\/uploads\/2025\/12\/P6-11-Y\u9488\u5f0f\u74f7\u7edd\u7f18\u5b50\u5e26pin-\u56fe\u7eb8-300x188.webp 300w, https:\/\/gaoyapowers.com\/wp-content\/uploads\/2025\/12\/P6-11-Y\u9488\u5f0f\u74f7\u7edd\u7f18\u5b50\u5e26pin-\u56fe\u7eb8-768x480.webp 768w, https:\/\/gaoyapowers.com\/wp-content\/uploads\/2025\/12\/P6-11-Y\u9488\u5f0f\u74f7\u7edd\u7f18\u5b50\u5e26pin-\u56fe\u7eb8-18x12.webp 18w\" sizes=\"(max-width: 800px) 100vw, 800px\" \/><\/p>\n<p>&nbsp;<\/p>\n<p><strong>Especificaciones t\u00e9cnicas del aislador Pin polim\u00e9rico 11kV (FPW-11T20)<\/strong><\/p>\n<p><img decoding=\"async\" class=\"alignnone wp-image-4293 size-full\" src=\"https:\/\/gaoyapowers.com\/wp-content\/uploads\/2025\/12\/11kV-\u9488\u5f0f\u590d\u5408\u56fe\u7eb8\u53c2\u6570.webp\" alt=\"11kv polymer pin insulator technical specifications\" width=\"800\" height=\"444\" srcset=\"https:\/\/gaoyapowers.com\/wp-content\/uploads\/2025\/12\/11kV-\u9488\u5f0f\u590d\u5408\u56fe\u7eb8\u53c2\u6570.webp 800w, https:\/\/gaoyapowers.com\/wp-content\/uploads\/2025\/12\/11kV-\u9488\u5f0f\u590d\u5408\u56fe\u7eb8\u53c2\u6570-300x167.webp 300w, https:\/\/gaoyapowers.com\/wp-content\/uploads\/2025\/12\/11kV-\u9488\u5f0f\u590d\u5408\u56fe\u7eb8\u53c2\u6570-768x426.webp 768w, https:\/\/gaoyapowers.com\/wp-content\/uploads\/2025\/12\/11kV-\u9488\u5f0f\u590d\u5408\u56fe\u7eb8\u53c2\u6570-18x10.webp 18w\" sizes=\"(max-width: 800px) 100vw, 800px\" \/><\/p>\n<p>&nbsp;<\/p>\n<p><strong>Especificaciones t\u00e9cnicas del aislador Disc polim\u00e9rico 11kV (FXBW-11\/70)<\/strong><\/p>\n<p><img decoding=\"async\" class=\"alignnone wp-image-4308 size-full\" src=\"https:\/\/gaoyapowers.com\/wp-content\/uploads\/2025\/12\/11kV-Polymer-disc-insualtor-\u56fe\u7eb8.webp\" alt=\"11kv polymer disc insulator technical drawing and specifications\" width=\"800\" height=\"500\" srcset=\"https:\/\/gaoyapowers.com\/wp-content\/uploads\/2025\/12\/11kV-Polymer-disc-insualtor-\u56fe\u7eb8.webp 800w, https:\/\/gaoyapowers.com\/wp-content\/uploads\/2025\/12\/11kV-Polymer-disc-insualtor-\u56fe\u7eb8-300x188.webp 300w, https:\/\/gaoyapowers.com\/wp-content\/uploads\/2025\/12\/11kV-Polymer-disc-insualtor-\u56fe\u7eb8-768x480.webp 768w, https:\/\/gaoyapowers.com\/wp-content\/uploads\/2025\/12\/11kV-Polymer-disc-insualtor-\u56fe\u7eb8-18x12.webp 18w\" sizes=\"(max-width: 800px) 100vw, 800px\" \/><\/p>\n<p>&nbsp;<\/p>\n<p><strong>Especificaciones t\u00e9cnicas del aislador Disc 11kV (U70BL)<\/strong><\/p>\n<p><img loading=\"lazy\" decoding=\"async\" class=\"alignnone wp-image-4111\" src=\"https:\/\/gaoyapowers.com\/wp-content\/uploads\/2025\/11\/\u53c2\u6570\u56fe1.webp\" alt=\"U70BL 11kV 33kV disc insulator technical drawing specifications\" width=\"800\" height=\"362\" srcset=\"https:\/\/gaoyapowers.com\/wp-content\/uploads\/2025\/11\/\u53c2\u6570\u56fe1.webp 1000w, https:\/\/gaoyapowers.com\/wp-content\/uploads\/2025\/11\/\u53c2\u6570\u56fe1-300x136.webp 300w, https:\/\/gaoyapowers.com\/wp-content\/uploads\/2025\/11\/\u53c2\u6570\u56fe1-768x348.webp 768w, https:\/\/gaoyapowers.com\/wp-content\/uploads\/2025\/11\/\u53c2\u6570\u56fe1-18x8.webp 18w\" sizes=\"(max-width: 800px) 100vw, 800px\" \/><\/p>\n<p>&nbsp;<\/p>\n<p><strong>Especificaciones t\u00e9cnicas del aislador Stay 11kV (ANSI 54-2)<\/strong><\/p>\n<p><img loading=\"lazy\" decoding=\"async\" class=\"alignnone wp-image-4295 size-full\" src=\"https:\/\/gaoyapowers.com\/wp-content\/uploads\/2025\/12\/11kV\u62c9\u7d27\u7edd\u7f18\u5b50-ANSI-54-2.webp\" alt=\"11kV Stay Insulator ANSI 54-2 Technical Specifications\" width=\"800\" height=\"407\" srcset=\"https:\/\/gaoyapowers.com\/wp-content\/uploads\/2025\/12\/11kV\u62c9\u7d27\u7edd\u7f18\u5b50-ANSI-54-2.webp 800w, https:\/\/gaoyapowers.com\/wp-content\/uploads\/2025\/12\/11kV\u62c9\u7d27\u7edd\u7f18\u5b50-ANSI-54-2-300x153.webp 300w, https:\/\/gaoyapowers.com\/wp-content\/uploads\/2025\/12\/11kV\u62c9\u7d27\u7edd\u7f18\u5b50-ANSI-54-2-768x391.webp 768w, https:\/\/gaoyapowers.com\/wp-content\/uploads\/2025\/12\/11kV\u62c9\u7d27\u7edd\u7f18\u5b50-ANSI-54-2-18x9.webp 18w\" sizes=\"(max-width: 800px) 100vw, 800px\" \/><\/p>","protected":false},"excerpt":{"rendered":"<p data-start=\"133\" data-end=\"430\">Los aisladores de 11kV se utilizan ampliamente en redes de distribuci\u00f3n de media tensi\u00f3n para garantizar un aislamiento el\u00e9ctrico confiable y soporte mec\u00e1nico para las l\u00edneas a\u00e9reas. Nuestra gama de productos incluye los tipos Pin, Disc y Stay, dise\u00f1ados para cumplir con diferentes requisitos de instalaci\u00f3n y condiciones de operaci\u00f3n.<\/p>\n<p data-start=\"432\" data-end=\"809\">Los aisladores Pin 11kV se instalan com\u00fanmente en postes de distribuci\u00f3n, ofreciendo un rendimiento estable y una instalaci\u00f3n sencilla. Los aisladores Disc son adecuados para aplicaciones de suspensi\u00f3n y tensi\u00f3n, proporcionando excelente resistencia mec\u00e1nica y confiabilidad de aislamiento. Los aisladores Stay se utilizan principalmente en cables de retenci\u00f3n para garantizar seguridad y aislamiento el\u00e9ctrico en los conjuntos de stay.<\/p>\n<p data-start=\"811\" data-end=\"1136\">Fabricados con materiales de porcelana o pol\u00edmero de alta calidad, nuestros aisladores 11kV cumplen con las normas IEC y son adecuados para uso exterior prolongado en diversos climas. El control de calidad constante y el suministro directo de f\u00e1brica hacen de estos aisladores una opci\u00f3n ideal para proyectos de servicios p\u00fablicos y sistemas de distribuci\u00f3n el\u00e9ctrica.<\/p>","protected":false},"featured_media":4303,"template":"","meta":[],"product_brand":[],"product_cat":[31],"product_tag":[],"class_list":{"0":"post-4290","1":"product","2":"type-product","3":"status-publish","4":"has-post-thumbnail","6":"product_cat-products","8":"first","9":"instock","10":"shipping-taxable","11":"product-type-simple"},"_links":{"self":[{"href":"https:\/\/gaoyapowers.com\/es\/wp-json\/wp\/v2\/product\/4290"}],"collection":[{"href":"https:\/\/gaoyapowers.com\/es\/wp-json\/wp\/v2\/product"}],"about":[{"href":"https:\/\/gaoyapowers.com\/es\/wp-json\/wp\/v2\/types\/product"}],"wp:featuredmedia":[{"embeddable":true,"href":"https:\/\/gaoyapowers.com\/es\/wp-json\/wp\/v2\/media\/4303"}],"wp:attachment":[{"href":"https:\/\/gaoyapowers.com\/es\/wp-json\/wp\/v2\/media?parent=4290"}],"wp:term":[{"taxonomy":"product_brand","embeddable":true,"href":"https:\/\/gaoyapowers.com\/es\/wp-json\/wp\/v2\/product_brand?post=4290"},{"taxonomy":"product_cat","embeddable":true,"href":"https:\/\/gaoyapowers.com\/es\/wp-json\/wp\/v2\/product_cat?post=4290"},{"taxonomy":"product_tag","embeddable":true,"href":"https:\/\/gaoyapowers.com\/es\/wp-json\/wp\/v2\/product_tag?post=4290"}],"curies":[{"name":"wp","href":"https:\/\/api.w.org\/{rel}","templated":true}]}}