{"id":4312,"date":"2025-12-24T02:11:42","date_gmt":"2025-12-24T02:11:42","guid":{"rendered":"https:\/\/gaoyapowers.com\/?post_type=product&#038;p=4312"},"modified":"2025-12-24T03:40:05","modified_gmt":"2025-12-24T03:40:05","slug":"ansi-57-series-porcelain-line-post-insulators","status":"publish","type":"product","link":"https:\/\/gaoyapowers.com\/es\/ansi-57-series-porcelain-line-post-insulators\/","title":{"rendered":"Aisladores tipo line post serie ANSI 57"},"content":{"rendered":"<p><strong>Especificaciones t\u00e9cnicas de Aisladores line post serie ANSI 57<\/strong><\/p>\n<p><img fetchpriority=\"high\" decoding=\"async\" class=\"alignnone wp-image-4315 size-full\" src=\"https:\/\/gaoyapowers.com\/wp-content\/uploads\/2025\/12\/ANSI-57\u7cfb\u5217-tie-top-\u53c2\u6570.webp\" alt=\"ANSI 57 line post insulator technical specifications\" width=\"800\" height=\"657\" srcset=\"https:\/\/gaoyapowers.com\/wp-content\/uploads\/2025\/12\/ANSI-57\u7cfb\u5217-tie-top-\u53c2\u6570.webp 800w, https:\/\/gaoyapowers.com\/wp-content\/uploads\/2025\/12\/ANSI-57\u7cfb\u5217-tie-top-\u53c2\u6570-300x246.webp 300w, https:\/\/gaoyapowers.com\/wp-content\/uploads\/2025\/12\/ANSI-57\u7cfb\u5217-tie-top-\u53c2\u6570-768x631.webp 768w, https:\/\/gaoyapowers.com\/wp-content\/uploads\/2025\/12\/ANSI-57\u7cfb\u5217-tie-top-\u53c2\u6570-15x12.webp 15w\" sizes=\"(max-width: 800px) 100vw, 800px\" \/><\/p>\n<p>&nbsp;<\/p>\n<p><img decoding=\"async\" class=\"alignnone wp-image-4314 size-full\" src=\"https:\/\/gaoyapowers.com\/wp-content\/uploads\/2025\/12\/ANSI-57\u7cfb\u5217-horizontal-vertical-\u53c2\u6570\u56fe.webp\" alt=\"ANSI 57 line post insulator technical specifications\" width=\"800\" height=\"792\" srcset=\"https:\/\/gaoyapowers.com\/wp-content\/uploads\/2025\/12\/ANSI-57\u7cfb\u5217-horizontal-vertical-\u53c2\u6570\u56fe.webp 800w, https:\/\/gaoyapowers.com\/wp-content\/uploads\/2025\/12\/ANSI-57\u7cfb\u5217-horizontal-vertical-\u53c2\u6570\u56fe-300x297.webp 300w, https:\/\/gaoyapowers.com\/wp-content\/uploads\/2025\/12\/ANSI-57\u7cfb\u5217-horizontal-vertical-\u53c2\u6570\u56fe-150x150.webp 150w, https:\/\/gaoyapowers.com\/wp-content\/uploads\/2025\/12\/ANSI-57\u7cfb\u5217-horizontal-vertical-\u53c2\u6570\u56fe-768x760.webp 768w, https:\/\/gaoyapowers.com\/wp-content\/uploads\/2025\/12\/ANSI-57\u7cfb\u5217-horizontal-vertical-\u53c2\u6570\u56fe-12x12.webp 12w, https:\/\/gaoyapowers.com\/wp-content\/uploads\/2025\/12\/ANSI-57\u7cfb\u5217-horizontal-vertical-\u53c2\u6570\u56fe-100x100.webp 100w\" sizes=\"(max-width: 800px) 100vw, 800px\" \/><\/p>","protected":false},"excerpt":{"rendered":"<p>Aisladores line post serie ANSI 57 are used en l\u00edneas a\u00e9reas de distribuci\u00f3n y transmisi\u00f3n para proporcionar soporte mec\u00e1nico y aislamiento el\u00e9ctrico a los conductores, y normalmente se instalan en crossarms y estructuras montadas en postes.<\/p>\n<p>De acuerdo con los requisitos de fijaci\u00f3n del conductor y el m\u00e9todo de instalaci\u00f3n, los ANSI 57 Series line post insulators se clasifican en Tie Top, Vertical Clamp Top y Horizontal Clamp Top.<\/p>\n<p>El tipo Tie Top, que incluye modelos de uso com\u00fan como ANSI 57-1, ANSI 57-2 y ANSI 57-3, presenta una ranura superior para la sujeci\u00f3n del conductor mediante tie wire, y se utiliza ampliamente en l\u00edneas a\u00e9reas de distribuci\u00f3n.<br \/>\nLa serie Clamp Top incluye los tipos Vertical Clamp Top (por ejemplo, ANSI 57-11 y ANSI 57-12) y Horizontal Clamp Top (por ejemplo, ANSI 57-21 y ANSI 57-22), adecuados para diferentes tama\u00f1os de conductores y orientaciones de instalaci\u00f3n, proporcionando una sujeci\u00f3n mec\u00e1nica segura sin necesidad de tie wire.<\/p>\n<p>Aisladores line post serie ANSI 57 se fabrican de acuerdo con la norma ANSI C29. El mounting hardware o steel base (stud) puede suministrarse con longitud y especificaciones de rosca personalizadas para cumplir con los distintos requisitos de instalaci\u00f3n en crossarms.<\/p>","protected":false},"featured_media":4313,"template":"","meta":[],"product_brand":[],"product_cat":[20,31],"product_tag":[],"class_list":{"0":"post-4312","1":"product","2":"type-product","3":"status-publish","4":"has-post-thumbnail","6":"product_cat-porcelain-insulator","7":"product_cat-products","9":"first","10":"instock","11":"shipping-taxable","12":"product-type-simple"},"_links":{"self":[{"href":"https:\/\/gaoyapowers.com\/es\/wp-json\/wp\/v2\/product\/4312"}],"collection":[{"href":"https:\/\/gaoyapowers.com\/es\/wp-json\/wp\/v2\/product"}],"about":[{"href":"https:\/\/gaoyapowers.com\/es\/wp-json\/wp\/v2\/types\/product"}],"wp:featuredmedia":[{"embeddable":true,"href":"https:\/\/gaoyapowers.com\/es\/wp-json\/wp\/v2\/media\/4313"}],"wp:attachment":[{"href":"https:\/\/gaoyapowers.com\/es\/wp-json\/wp\/v2\/media?parent=4312"}],"wp:term":[{"taxonomy":"product_brand","embeddable":true,"href":"https:\/\/gaoyapowers.com\/es\/wp-json\/wp\/v2\/product_brand?post=4312"},{"taxonomy":"product_cat","embeddable":true,"href":"https:\/\/gaoyapowers.com\/es\/wp-json\/wp\/v2\/product_cat?post=4312"},{"taxonomy":"product_tag","embeddable":true,"href":"https:\/\/gaoyapowers.com\/es\/wp-json\/wp\/v2\/product_tag?post=4312"}],"curies":[{"name":"wp","href":"https:\/\/api.w.org\/{rel}","templated":true}]}}