{"id":1044,"date":"2024-11-06T03:02:40","date_gmt":"2024-11-06T03:02:40","guid":{"rendered":"https:\/\/gaoyapowers.com\/?post_type=product&#038;p=1044"},"modified":"2025-07-02T03:52:39","modified_gmt":"2025-07-02T03:52:39","slug":"u40b-40kn-glass-suspension-disc-insulator","status":"publish","type":"product","link":"https:\/\/gaoyapowers.com\/fr\/u40b-40kn-glass-suspension-disc-insulator\/","title":{"rendered":"Isolateur electrique verre U40B"},"content":{"rendered":"<p style=\"text-align: center;\"><strong>Fiche technique de l\u2019isolateur electrique en verre U40B<\/strong><\/p>\n<p><img fetchpriority=\"high\" decoding=\"async\" class=\"wp-image-1045 aligncenter\" src=\"https:\/\/gaoyapowers.com\/wp-content\/uploads\/2024\/11\/drawing.jpg\" alt=\"u40b glass insulator drawing\" width=\"400\" height=\"275\" srcset=\"https:\/\/gaoyapowers.com\/wp-content\/uploads\/2024\/11\/drawing.jpg 500w, https:\/\/gaoyapowers.com\/wp-content\/uploads\/2024\/11\/drawing-300x206.jpg 300w\" sizes=\"(max-width: 400px) 100vw, 400px\" \/><\/p>\n\n<div class=\"wpdt-c row wpDataTableContainerSimpleTable wpDataTables wpDataTablesWrapper wdtscroll\"\n    >\n        <table id=\"wpdtSimpleTable-8\"\n           style=\"border-collapse:collapse;                   border-spacing:0px;\"\n           class=\"wpdtSimpleTable wpDataTable\"\n           data-column=\"3\"\n           data-rows=\"10\"\n           data-wpid=\"8\"\n           data-responsive=\"0\"\n           data-has-header=\"0\">\n\n                    <tbody>        <tr class=\"wpdt-cell-row\" >\n                                <td class=\"wpdt-cell\"\n                                            data-cell-id=\"A1\"\n                    data-col-index=\"0\"\n                    data-row-index=\"0\"\n                    style=\" width:322px;                    padding:5px;                    \"\n                    >\n                                        Classe CEI                    <\/td>\n                                                <td class=\"wpdt-cell wpdt-bold\"\n                                            data-cell-id=\"B1\"\n                    data-col-index=\"1\"\n                    data-row-index=\"0\"\n                    style=\" width:122px;                    padding:5px;                    \"\n                    >\n                                        U40B                    <\/td>\n                                                <td class=\"wpdt-cell\"\n                                            data-cell-id=\"C1\"\n                    data-col-index=\"2\"\n                    data-row-index=\"0\"\n                    style=\" width:122px;                    padding:5px;                    \"\n                    >\n                                        U40BP                    <\/td>\n                                        <\/tr>\n                            <tr class=\"wpdt-cell-row\" >\n                                <td class=\"wpdt-cell\"\n                                            data-cell-id=\"A2\"\n                    data-col-index=\"0\"\n                    data-row-index=\"1\"\n                    style=\"                    padding:5px;                    \"\n                    >\n                                        Charge de rupture m\u00e9canique minimale (kN)                    <\/td>\n                                                <td class=\"wpdt-cell wpdt-bold\"\n                                            data-cell-id=\"B2\"\n                    data-col-index=\"1\"\n                    data-row-index=\"1\"\n                    style=\"                    padding:5px;                    \"\n                    >\n                                        40                    <\/td>\n                                                <td class=\"wpdt-cell\"\n                                            data-cell-id=\"C2\"\n                    data-col-index=\"2\"\n                    data-row-index=\"1\"\n                    style=\"                    padding:5px;                    \"\n                    >\n                                        40                    <\/td>\n                                        <\/tr>\n                            <tr class=\"wpdt-cell-row\" >\n                                <td class=\"wpdt-cell\"\n                                            data-cell-id=\"A3\"\n                    data-col-index=\"0\"\n                    data-row-index=\"2\"\n                    style=\"                    padding:5px;                    \"\n                    >\n                                        Diam\u00e8tre nominal D (mm)                    <\/td>\n                                                <td class=\"wpdt-cell wpdt-bold\"\n                                            data-cell-id=\"B3\"\n                    data-col-index=\"1\"\n                    data-row-index=\"2\"\n                    style=\"                    padding:5px;                    \"\n                    >\n                                        178                    <\/td>\n                                                <td class=\"wpdt-cell\"\n                                            data-cell-id=\"C3\"\n                    data-col-index=\"2\"\n                    data-row-index=\"2\"\n                    style=\"                    padding:5px;                    \"\n                    >\n                                        178                    <\/td>\n                                        <\/tr>\n                            <tr class=\"wpdt-cell-row\" >\n                                <td class=\"wpdt-cell\"\n                                            data-cell-id=\"A4\"\n                    data-col-index=\"0\"\n                    data-row-index=\"3\"\n                    style=\"                    padding:5px;                    \"\n                    >\n                                        Espacement nominal H (mm)                    <\/td>\n                                                <td class=\"wpdt-cell wpdt-bold\"\n                                            data-cell-id=\"B4\"\n                    data-col-index=\"1\"\n                    data-row-index=\"3\"\n                    style=\"                    padding:5px;                    \"\n                    >\n                                        110                    <\/td>\n                                                <td class=\"wpdt-cell\"\n                                            data-cell-id=\"C4\"\n                    data-col-index=\"2\"\n                    data-row-index=\"3\"\n                    style=\"                    padding:5px;                    \"\n                    >\n                                        110                    <\/td>\n                                        <\/tr>\n                            <tr class=\"wpdt-cell-row\" >\n                                <td class=\"wpdt-cell\"\n                                            data-cell-id=\"A5\"\n                    data-col-index=\"0\"\n                    data-row-index=\"4\"\n                    style=\"                    padding:5px;                    \"\n                    >\n                                        Distance de fuite nominale (mm)                    <\/td>\n                                                <td class=\"wpdt-cell wpdt-bold\"\n                                            data-cell-id=\"B5\"\n                    data-col-index=\"1\"\n                    data-row-index=\"4\"\n                    style=\"                    padding:5px;                    \"\n                    >\n                                        185                    <\/td>\n                                                <td class=\"wpdt-cell\"\n                                            data-cell-id=\"C5\"\n                    data-col-index=\"2\"\n                    data-row-index=\"4\"\n                    style=\"                    padding:5px;                    \"\n                    >\n                                        300                    <\/td>\n                                        <\/tr>\n                            <tr class=\"wpdt-cell-row\" >\n                                <td class=\"wpdt-cell\"\n                                            data-cell-id=\"A6\"\n                    data-col-index=\"0\"\n                    data-row-index=\"5\"\n                    style=\"                    padding:5px;                    \"\n                    >\n                                        Attache\/PIN standard                    <\/td>\n                                                <td class=\"wpdt-cell wpdt-bold\"\n                                            data-cell-id=\"B6\"\n                    data-col-index=\"1\"\n                    data-row-index=\"5\"\n                    style=\"                    padding:5px;                    \"\n                    >\n                                        11                    <\/td>\n                                                <td class=\"wpdt-cell\"\n                                            data-cell-id=\"C6\"\n                    data-col-index=\"2\"\n                    data-row-index=\"5\"\n                    style=\"                    padding:5px;                    \"\n                    >\n                                        11                    <\/td>\n                                        <\/tr>\n                            <tr class=\"wpdt-cell-row\" >\n                                <td class=\"wpdt-cell\"\n                                            data-cell-id=\"A7\"\n                    data-col-index=\"0\"\n                    data-row-index=\"6\"\n                    style=\"                    padding:5px;                    \"\n                    >\n                                        Essai de traction unitaire (kN)                    <\/td>\n                                                <td class=\"wpdt-cell wpdt-bold\"\n                                            data-cell-id=\"B7\"\n                    data-col-index=\"1\"\n                    data-row-index=\"6\"\n                    style=\"                    padding:5px;                    \"\n                    >\n                                        20                    <\/td>\n                                                <td class=\"wpdt-cell\"\n                                            data-cell-id=\"C7\"\n                    data-col-index=\"2\"\n                    data-row-index=\"6\"\n                    style=\"                    padding:5px;                    \"\n                    >\n                                        20                    <\/td>\n                                        <\/tr>\n                            <tr class=\"wpdt-cell-row\" >\n                                <td class=\"wpdt-cell\"\n                                            data-cell-id=\"A8\"\n                    data-col-index=\"0\"\n                    data-row-index=\"7\"\n                    style=\"                    padding:5px;                    \"\n                    >\n                                        Tension de tenue \u00e0 la fr\u00e9quence industrielle sous pluie (kV)                    <\/td>\n                                                <td class=\"wpdt-cell wpdt-bold\"\n                                            data-cell-id=\"B8\"\n                    data-col-index=\"1\"\n                    data-row-index=\"7\"\n                    style=\"                    padding:5px;                    \"\n                    >\n                                        25                    <\/td>\n                                                <td class=\"wpdt-cell\"\n                                            data-cell-id=\"C8\"\n                    data-col-index=\"2\"\n                    data-row-index=\"7\"\n                    style=\"                    padding:5px;                    \"\n                    >\n                                        34                    <\/td>\n                                        <\/tr>\n                            <tr class=\"wpdt-cell-row\" >\n                                <td class=\"wpdt-cell\"\n                                            data-cell-id=\"A9\"\n                    data-col-index=\"0\"\n                    data-row-index=\"8\"\n                    style=\"                    padding:5px;                    \"\n                    >\n                                        Tension de tenue \u00e0 l\u2019impulsion de foudre \u00e0 sec (kV)                    <\/td>\n                                                <td class=\"wpdt-cell wpdt-bold\"\n                                            data-cell-id=\"B9\"\n                    data-col-index=\"1\"\n                    data-row-index=\"8\"\n                    style=\"                    padding:5px;                    \"\n                    >\n                                        50                    <\/td>\n                                                <td class=\"wpdt-cell\"\n                                            data-cell-id=\"C9\"\n                    data-col-index=\"2\"\n                    data-row-index=\"8\"\n                    style=\"                    padding:5px;                    \"\n                    >\n                                        60                    <\/td>\n                                        <\/tr>\n                            <tr class=\"wpdt-cell-row\" >\n                                <td class=\"wpdt-cell\"\n                                            data-cell-id=\"A10\"\n                    data-col-index=\"0\"\n                    data-row-index=\"9\"\n                    style=\"                    padding:5px;                    \"\n                    >\n                                        Poids net (kg)                    <\/td>\n                                                <td class=\"wpdt-cell wpdt-bold\"\n                                            data-cell-id=\"B10\"\n                    data-col-index=\"1\"\n                    data-row-index=\"9\"\n                    style=\"                    padding:5px;                    \"\n                    >\n                                        2.1                    <\/td>\n                                                <td class=\"wpdt-cell\"\n                                            data-cell-id=\"C10\"\n                    data-col-index=\"2\"\n                    data-row-index=\"9\"\n                    style=\"                    padding:5px;                    \"\n                    >\n                                        2.5                    <\/td>\n                                        <\/tr>\n                    <\/table>\n<\/div><style id='wpdt-custom-style-8'>\n<\/style>","protected":false},"excerpt":{"rendered":"<p>L\u2019isolateur \u00e9lectrique en verre U40B est sp\u00e9cialement con\u00e7u pour les r\u00e9seaux de distribution d\u2019\u00e9lectricit\u00e9 \u00e0 moyenne et basse tension. Conforme aux normes CEI, ce mod\u00e8le offre une isolation fiable ainsi qu\u2019une r\u00e9sistance m\u00e9canique adapt\u00e9e aux environnements standards.\n\nAvec une charge de rupture m\u00e9canique minimale de 40 kN, l\u2019U40B se distingue par sa l\u00e9g\u00e8ret\u00e9 (2,1 kg seulement) et sa structure compacte : un diam\u00e8tre nominal de 178 mm, une hauteur de 110 mm, et une distance de fuite de 185 mm, assurant de bonnes performances \u00e9lectriques m\u00eame dans des conditions d\u2019humidit\u00e9 ou de poussi\u00e8re mod\u00e9r\u00e9es.<\/p>","protected":false},"featured_media":1046,"template":"","meta":[],"product_brand":[],"product_cat":[16,31,27],"product_tag":[],"class_list":{"0":"post-1044","1":"product","2":"type-product","3":"status-publish","4":"has-post-thumbnail","6":"product_cat-glass-insulator","7":"product_cat-products","8":"product_cat-suspension-insulator","10":"first","11":"instock","12":"shipping-taxable","13":"product-type-simple"},"_links":{"self":[{"href":"https:\/\/gaoyapowers.com\/fr\/wp-json\/wp\/v2\/product\/1044"}],"collection":[{"href":"https:\/\/gaoyapowers.com\/fr\/wp-json\/wp\/v2\/product"}],"about":[{"href":"https:\/\/gaoyapowers.com\/fr\/wp-json\/wp\/v2\/types\/product"}],"wp:featuredmedia":[{"embeddable":true,"href":"https:\/\/gaoyapowers.com\/fr\/wp-json\/wp\/v2\/media\/1046"}],"wp:attachment":[{"href":"https:\/\/gaoyapowers.com\/fr\/wp-json\/wp\/v2\/media?parent=1044"}],"wp:term":[{"taxonomy":"product_brand","embeddable":true,"href":"https:\/\/gaoyapowers.com\/fr\/wp-json\/wp\/v2\/product_brand?post=1044"},{"taxonomy":"product_cat","embeddable":true,"href":"https:\/\/gaoyapowers.com\/fr\/wp-json\/wp\/v2\/product_cat?post=1044"},{"taxonomy":"product_tag","embeddable":true,"href":"https:\/\/gaoyapowers.com\/fr\/wp-json\/wp\/v2\/product_tag?post=1044"}],"curies":[{"name":"wp","href":"https:\/\/api.w.org\/{rel}","templated":true}]}}