{"id":1300,"date":"2025-05-22T06:46:54","date_gmt":"2025-05-22T06:46:54","guid":{"rendered":"https:\/\/gaoyapowers.com\/?post_type=product&#038;p=1300"},"modified":"2025-05-22T06:49:10","modified_gmt":"2025-05-22T06:49:10","slug":"11kv-polymer-disc-insulator","status":"publish","type":"product","link":"https:\/\/gaoyapowers.com\/fr\/11kv-polymer-disc-insulator\/","title":{"rendered":"Isolateur composite suspendu 11 kV"},"content":{"rendered":"<p><strong>Fiche technique \u2013 Isolateur composite suspendu 11 kV<\/strong><\/p>\n<p><img fetchpriority=\"high\" decoding=\"async\" class=\"alignnone wp-image-3610 size-full\" src=\"https:\/\/gaoyapowers.com\/wp-content\/uploads\/2025\/05\/11kV-drawing.jpg\" alt=\"11kV polymer disc insulator drawing\" width=\"800\" height=\"356\" srcset=\"https:\/\/gaoyapowers.com\/wp-content\/uploads\/2025\/05\/11kV-drawing.jpg 800w, https:\/\/gaoyapowers.com\/wp-content\/uploads\/2025\/05\/11kV-drawing-300x134.jpg 300w, https:\/\/gaoyapowers.com\/wp-content\/uploads\/2025\/05\/11kV-drawing-768x342.jpg 768w\" sizes=\"(max-width: 800px) 100vw, 800px\" \/><\/p>\n\n<div class=\"wpdt-c row wpDataTableContainerSimpleTable wpDataTables wpDataTablesWrapper wdtscroll\"\n    >\n        <table id=\"wpdtSimpleTable-35\"\n           style=\"border-collapse:collapse;                   border-spacing:0px;\"\n           class=\"wpdtSimpleTable wpDataTable\"\n           data-column=\"10\"\n           data-rows=\"3\"\n           data-wpid=\"35\"\n           data-responsive=\"0\"\n           data-has-header=\"0\">\n\n                    <tbody>        <tr class=\"wpdt-cell-row\" >\n                                <td class=\"wpdt-cell\"\n                                            data-cell-id=\"A1\"\n                    data-col-index=\"0\"\n                    data-row-index=\"0\"\n                    style=\" width:124px;                    padding:10px;                    \"\n                    >\n                                        Mod\u00e8le                    <\/td>\n                                                <td class=\"wpdt-cell\"\n                                            data-cell-id=\"B1\"\n                    data-col-index=\"1\"\n                    data-row-index=\"0\"\n                    style=\" width:103px;                    padding:10px;                    \"\n                    >\n                                        Tension nominale (kV)                    <\/td>\n                                                <td class=\"wpdt-cell\"\n                                            data-cell-id=\"C1\"\n                    data-col-index=\"2\"\n                    data-row-index=\"0\"\n                    style=\" width:100px;                    padding:10px;                    \"\n                    >\n                                        Charge m\u00e9canique sp\u00e9cifi\u00e9e (kN)                    <\/td>\n                                                <td class=\"wpdt-cell\"\n                                            data-cell-id=\"D1\"\n                    data-col-index=\"3\"\n                    data-row-index=\"0\"\n                    style=\" width:88px;                    padding:10px;                    \"\n                    >\n                                        Longueur de la section (mm)                    <\/td>\n                                                <td class=\"wpdt-cell\"\n                                            data-cell-id=\"E1\"\n                    data-col-index=\"4\"\n                    data-row-index=\"0\"\n                    style=\" width:75px;                    padding:10px;                    \"\n                    >\n                                        Distance d\u2019arc (mm)                    <\/td>\n                                                <td class=\"wpdt-cell\"\n                                            data-cell-id=\"F1\"\n                    data-col-index=\"5\"\n                    data-row-index=\"0\"\n                    style=\" width:90px;                    padding:10px;                    \"\n                    >\n                                        Distance de contournement (mm)                    <\/td>\n                                                <td class=\"wpdt-cell\"\n                                            data-cell-id=\"G1\"\n                    data-col-index=\"6\"\n                    data-row-index=\"0\"\n                    style=\" width:74px;                    padding:10px;                    \"\n                    >\n                                        Dimension de l\u2019assemblage                    <\/td>\n                                                <td class=\"wpdt-cell\"\n                                            data-cell-id=\"H1\"\n                    data-col-index=\"7\"\n                    data-row-index=\"0\"\n                    style=\" width:100px;                    padding:10px;                    \"\n                    >\n                                        Tension de tenue aux chocs de foudre (kV)                    <\/td>\n                                                <td class=\"wpdt-cell\"\n                                            data-cell-id=\"I1\"\n                    data-col-index=\"8\"\n                    data-row-index=\"0\"\n                    style=\" width:100px;                    padding:10px;                    \"\n                    >\n                                        Tension de tenue \u00e0 la fr\u00e9quence industrielle \u00e0 sec (kV)                    <\/td>\n                                                <td class=\"wpdt-cell\"\n                                            data-cell-id=\"J1\"\n                    data-col-index=\"9\"\n                    data-row-index=\"0\"\n                    style=\" width:100px;                    padding:10px;                    \"\n                    >\n                                        Tension de tenue \u00e0 la fr\u00e9quence industrielle sous pluie (kV)                    <\/td>\n                                        <\/tr>\n                            <tr class=\"wpdt-cell-row\" >\n                                <td class=\"wpdt-cell\"\n                                            data-cell-id=\"A2\"\n                    data-col-index=\"0\"\n                    data-row-index=\"1\"\n                    style=\"                    padding:10px;                    \"\n                    >\n                                        FXBW-11\/70                    <\/td>\n                                                <td class=\"wpdt-cell\"\n                                            data-cell-id=\"B2\"\n                    data-col-index=\"1\"\n                    data-row-index=\"1\"\n                    style=\"                    padding:10px;                    \"\n                    >\n                                        11                    <\/td>\n                                                <td class=\"wpdt-cell\"\n                                            data-cell-id=\"C2\"\n                    data-col-index=\"2\"\n                    data-row-index=\"1\"\n                    style=\"                    padding:10px;                    \"\n                    >\n                                        70                    <\/td>\n                                                <td class=\"wpdt-cell\"\n                                            data-cell-id=\"D2\"\n                    data-col-index=\"3\"\n                    data-row-index=\"1\"\n                    style=\"                    padding:10px;                    \"\n                    >\n                                        266                    <\/td>\n                                                <td class=\"wpdt-cell\"\n                                            data-cell-id=\"E2\"\n                    data-col-index=\"4\"\n                    data-row-index=\"1\"\n                    style=\"                    padding:10px;                    \"\n                    >\n                                        150                    <\/td>\n                                                <td class=\"wpdt-cell\"\n                                            data-cell-id=\"F2\"\n                    data-col-index=\"5\"\n                    data-row-index=\"1\"\n                    style=\"                    padding:10px;                    \"\n                    >\n                                        305                    <\/td>\n                                                <td class=\"wpdt-cell\"\n                                            data-cell-id=\"G2\"\n                    data-col-index=\"6\"\n                    data-row-index=\"1\"\n                    style=\"                    padding:10px;                    \"\n                    >\n                                        16                    <\/td>\n                                                <td class=\"wpdt-cell\"\n                                            data-cell-id=\"H2\"\n                    data-col-index=\"7\"\n                    data-row-index=\"1\"\n                    style=\"                    padding:10px;                    \"\n                    >\n                                        95                    <\/td>\n                                                <td class=\"wpdt-cell\"\n                                            data-cell-id=\"I2\"\n                    data-col-index=\"8\"\n                    data-row-index=\"1\"\n                    style=\"                    padding:10px;                    \"\n                    >\n                                        55                    <\/td>\n                                                <td class=\"wpdt-cell\"\n                                            data-cell-id=\"J2\"\n                    data-col-index=\"9\"\n                    data-row-index=\"1\"\n                    style=\"                    padding:10px;                    \"\n                    >\n                                        50                    <\/td>\n                                        <\/tr>\n                            <tr class=\"wpdt-cell-row\" >\n                                <td class=\"wpdt-cell\"\n                                            data-cell-id=\"A3\"\n                    data-col-index=\"0\"\n                    data-row-index=\"2\"\n                    style=\"                    padding:10px;                    \"\n                    >\n                                        FXBW-11\/100                    <\/td>\n                                                <td class=\"wpdt-cell\"\n                                            data-cell-id=\"B3\"\n                    data-col-index=\"1\"\n                    data-row-index=\"2\"\n                    style=\"                    padding:10px;                    \"\n                    >\n                                        11                    <\/td>\n                                                <td class=\"wpdt-cell\"\n                                            data-cell-id=\"C3\"\n                    data-col-index=\"2\"\n                    data-row-index=\"2\"\n                    style=\"                    padding:10px;                    \"\n                    >\n                                        100                    <\/td>\n                                                <td class=\"wpdt-cell\"\n                                            data-cell-id=\"D3\"\n                    data-col-index=\"3\"\n                    data-row-index=\"2\"\n                    style=\"                    padding:10px;                    \"\n                    >\n                                        290                    <\/td>\n                                                <td class=\"wpdt-cell\"\n                                            data-cell-id=\"E3\"\n                    data-col-index=\"4\"\n                    data-row-index=\"2\"\n                    style=\"                    padding:10px;                    \"\n                    >\n                                        220                    <\/td>\n                                                <td class=\"wpdt-cell\"\n                                            data-cell-id=\"F3\"\n                    data-col-index=\"5\"\n                    data-row-index=\"2\"\n                    style=\"                    padding:10px;                    \"\n                    >\n                                        450                    <\/td>\n                                                <td class=\"wpdt-cell\"\n                                            data-cell-id=\"G3\"\n                    data-col-index=\"6\"\n                    data-row-index=\"2\"\n                    style=\"                    padding:10px;                    \"\n                    >\n                                        16                    <\/td>\n                                                <td class=\"wpdt-cell\"\n                                            data-cell-id=\"H3\"\n                    data-col-index=\"7\"\n                    data-row-index=\"2\"\n                    style=\"                    padding:10px;                    \"\n                    >\n                                        145                    <\/td>\n                                                <td class=\"wpdt-cell\"\n                                            data-cell-id=\"I3\"\n                    data-col-index=\"8\"\n                    data-row-index=\"2\"\n                    style=\"                    padding:10px;                    \"\n                    >\n                                        80                    <\/td>\n                                                <td class=\"wpdt-cell\"\n                                            data-cell-id=\"J3\"\n                    data-col-index=\"9\"\n                    data-row-index=\"2\"\n                    style=\"                    padding:10px;                    \"\n                    >\n                                        70                    <\/td>\n                                        <\/tr>\n                    <\/table>\n<\/div><style id='wpdt-custom-style-35'>\n<\/style>","protected":false},"excerpt":{"rendered":"<p>L\u2019isolateur composite suspendu 11 kV est sp\u00e9cialement con\u00e7u pour les lignes de distribution a\u00e9riennes moyenne tension. Il constitue une solution fiable pour les applications en suspension et en tension. Ce mod\u00e8le est \u00e9quip\u00e9 d\u2019un syst\u00e8me d\u2019accouplement type rotule et chape, assurant une connexion standardis\u00e9e et s\u00e9curis\u00e9e dans les r\u00e9seaux \u00e9lectriques.<\/p>\n<p>Fabriqu\u00e9 en caoutchouc de silicone hydrophobe de haute qualit\u00e9, cet isolateur offre une excellente r\u00e9sistance \u00e0 l'arc de contournement d\u00fb \u00e0 la pollution, tout en maintenant des propri\u00e9t\u00e9s d'isolation remarquables m\u00eame dans des environnements difficiles. La surface hydrophobe du logement en silicone emp\u00eache la formation de films conducteurs d\u2019eau, renfor\u00e7ant ainsi la fiabilit\u00e9 \u00e0 long terme du produit.<\/p>\n<p>Deux niveaux de r\u00e9sistance m\u00e9canique sont disponibles : 70 kN et 100 kN, selon les exigences de charge du projet. Chaque version int\u00e8gre une tige centrale en r\u00e9sine \u00e9poxy renforc\u00e9e de fibres de verre (FRP), garantissant une grande r\u00e9sistance \u00e0 la traction et une stabilit\u00e9 m\u00e9canique \u00e9lev\u00e9e.<\/p>\n<p>Chez Gaoya Power, le prix de l\u2019isolateur composite suspendu 11 kV commence \u00e0 2,5 USD par pi\u00e8ce (EXW), sous r\u00e9serve de modifications selon les sp\u00e9cifications techniques et les mat\u00e9riaux s\u00e9lectionn\u00e9s.<\/p>","protected":false},"featured_media":3608,"template":"","meta":[],"product_brand":[],"product_cat":[25,31,27],"product_tag":[],"class_list":{"0":"post-1300","1":"product","2":"type-product","3":"status-publish","4":"has-post-thumbnail","6":"product_cat-polymer-insulator","7":"product_cat-products","8":"product_cat-suspension-insulator","10":"first","11":"instock","12":"shipping-taxable","13":"product-type-simple"},"_links":{"self":[{"href":"https:\/\/gaoyapowers.com\/fr\/wp-json\/wp\/v2\/product\/1300"}],"collection":[{"href":"https:\/\/gaoyapowers.com\/fr\/wp-json\/wp\/v2\/product"}],"about":[{"href":"https:\/\/gaoyapowers.com\/fr\/wp-json\/wp\/v2\/types\/product"}],"wp:featuredmedia":[{"embeddable":true,"href":"https:\/\/gaoyapowers.com\/fr\/wp-json\/wp\/v2\/media\/3608"}],"wp:attachment":[{"href":"https:\/\/gaoyapowers.com\/fr\/wp-json\/wp\/v2\/media?parent=1300"}],"wp:term":[{"taxonomy":"product_brand","embeddable":true,"href":"https:\/\/gaoyapowers.com\/fr\/wp-json\/wp\/v2\/product_brand?post=1300"},{"taxonomy":"product_cat","embeddable":true,"href":"https:\/\/gaoyapowers.com\/fr\/wp-json\/wp\/v2\/product_cat?post=1300"},{"taxonomy":"product_tag","embeddable":true,"href":"https:\/\/gaoyapowers.com\/fr\/wp-json\/wp\/v2\/product_tag?post=1300"}],"curies":[{"name":"wp","href":"https:\/\/api.w.org\/{rel}","templated":true}]}}