{"id":3571,"date":"2025-05-15T07:47:36","date_gmt":"2025-05-15T07:47:36","guid":{"rendered":"https:\/\/gaoyapowers.com\/?post_type=product&#038;p=3571"},"modified":"2025-05-15T07:47:36","modified_gmt":"2025-05-15T07:47:36","slug":"u160bs-high-voltage-glass-suspension-insulator","status":"publish","type":"product","link":"https:\/\/gaoyapowers.com\/fr\/u160bs-high-voltage-glass-suspension-insulator\/","title":{"rendered":"Isolateur verre ligne haute tension U160BS"},"content":{"rendered":"<p><strong>Fiche technique isolateur en verre ligne haute tension U160BS<\/strong><\/p>\n<p><img fetchpriority=\"high\" decoding=\"async\" class=\"alignnone wp-image-3576 size-full\" src=\"https:\/\/gaoyapowers.com\/wp-content\/uploads\/2025\/05\/U160BS-drawing.webp\" alt=\"U160BS drawing\" width=\"800\" height=\"368\" srcset=\"https:\/\/gaoyapowers.com\/wp-content\/uploads\/2025\/05\/U160BS-drawing.webp 800w, https:\/\/gaoyapowers.com\/wp-content\/uploads\/2025\/05\/U160BS-drawing-300x138.webp 300w, https:\/\/gaoyapowers.com\/wp-content\/uploads\/2025\/05\/U160BS-drawing-768x353.webp 768w\" sizes=\"(max-width: 800px) 100vw, 800px\" \/><\/p>\n<p><strong>DIMENSIONS<\/strong><br \/>\n<strong>Conform\u00e9ment \u00e0 la norme CEI 60305<\/strong><br \/>\nD\u00e9signation CEI : U160BS<br \/>\nDiam\u00e8tre de la cloche (D) : 280 mm<br \/>\nEspacement (H) : 146 mm<br \/>\nDistance de fuite nominale : 400 mm<br \/>\nAttache rotule et chape (CEI 60120) : 20 mm<br \/>\nPoids net approximatif : 6,0 kg<\/p>\n<p><strong>PERFORMANCES M\u00c9CANIQUES<\/strong><br \/>\n<strong>Conform\u00e9ment \u00e0 la norme CEI 60383<\/strong><br \/>\nCharge de rupture m\u00e9canique minimale : 160 kN<br \/>\nCharge d\u2019essai de routine : 80 kN<\/p>\n<p><strong>PERFORMANCES \u00c9LECTRIQUES<\/strong><br \/>\n<strong>Conform\u00e9ment \u00e0 la norme CEI 60383<\/strong><br \/>\nTension de perforation en milieu isolant : 130 kV<br \/>\nTension de tenue \u00e0 50 Hz (\u00e0 sec) : 72 kV<br \/>\nTension de tenue \u00e0 50 Hz (sous pluie) : 45 kV<br \/>\nTension de tenue \u00e0 l\u2019impulsion de foudre (\u00e0 sec) : 125 kV<\/p>\n<p><strong>COMPOSANTS<\/strong><br \/>\nCoquille di\u00e9lectrique : Verre tremp\u00e9<br \/>\nChape : Fonte galvanis\u00e9e \u00e0 chaud<br \/>\nRotule : Acier forg\u00e9 galvanis\u00e9 \u00e0 chaud<br \/>\nGoupille fendue : Acier inoxydable<br \/>\nCiment : \u00c0 base d\u2019alumine, durci \u00e0 chaud<\/p>\n<p style=\"text-align: center;\">","protected":false},"excerpt":{"rendered":"<p class=\"\" data-start=\"91\" data-end=\"420\">L\u2019isolateur U160BS est un isolateur haute tension adapt\u00e9 aux lignes de transmission et de distribution de 10 kV \u00e0 500 kV. Il est conforme aux normes CEI 60305, CEI 60120 et CEI 60383. Cet isolateur offre une excellente r\u00e9sistance m\u00e9canique, avec une charge de rupture minimale de 160 kN \u2014 c\u2019est pourquoi il est \u00e9galement appel\u00e9 isolateur disque 160 kN.<\/p>\n<p class=\"\" data-start=\"422\" data-end=\"620\">Concernant les performances \u00e9lectriques, l\u2019isolateur en verre U160BS pr\u00e9sente une tension de tenue \u00e0 la fr\u00e9quence industrielle sous pluie de 45 kV, une tension de tenue \u00e0 l\u2019impulsion de foudre de 125 kV, ainsi qu\u2019une distance de fuite de 400 mm.<\/p>\n<p class=\"\" data-start=\"622\" data-end=\"788\">Au Mexique, l\u2019isolateur en verre U160BS est connu sous le nom d\u2019Aislador 28SVC160C. Ce produit a pass\u00e9 le rapport d\u2019essai type et r\u00e9pond aux exigences d\u2019application de la Commission F\u00e9d\u00e9rale de l\u2019\u00c9lectricit\u00e9 du Mexique.<\/p>","protected":false},"featured_media":3572,"template":"","meta":[],"product_brand":[],"product_cat":[16,31,27],"product_tag":[],"class_list":{"0":"post-3571","1":"product","2":"type-product","3":"status-publish","4":"has-post-thumbnail","6":"product_cat-glass-insulator","7":"product_cat-products","8":"product_cat-suspension-insulator","10":"first","11":"instock","12":"shipping-taxable","13":"product-type-simple"},"_links":{"self":[{"href":"https:\/\/gaoyapowers.com\/fr\/wp-json\/wp\/v2\/product\/3571"}],"collection":[{"href":"https:\/\/gaoyapowers.com\/fr\/wp-json\/wp\/v2\/product"}],"about":[{"href":"https:\/\/gaoyapowers.com\/fr\/wp-json\/wp\/v2\/types\/product"}],"wp:featuredmedia":[{"embeddable":true,"href":"https:\/\/gaoyapowers.com\/fr\/wp-json\/wp\/v2\/media\/3572"}],"wp:attachment":[{"href":"https:\/\/gaoyapowers.com\/fr\/wp-json\/wp\/v2\/media?parent=3571"}],"wp:term":[{"taxonomy":"product_brand","embeddable":true,"href":"https:\/\/gaoyapowers.com\/fr\/wp-json\/wp\/v2\/product_brand?post=3571"},{"taxonomy":"product_cat","embeddable":true,"href":"https:\/\/gaoyapowers.com\/fr\/wp-json\/wp\/v2\/product_cat?post=3571"},{"taxonomy":"product_tag","embeddable":true,"href":"https:\/\/gaoyapowers.com\/fr\/wp-json\/wp\/v2\/product_tag?post=3571"}],"curies":[{"name":"wp","href":"https:\/\/api.w.org\/{rel}","templated":true}]}}