{"id":3600,"date":"2025-05-20T09:30:12","date_gmt":"2025-05-20T09:30:12","guid":{"rendered":"https:\/\/gaoyapowers.com\/?post_type=product&#038;p=3600"},"modified":"2025-07-02T07:23:25","modified_gmt":"2025-07-02T07:23:25","slug":"110kv-long-rod-polymer-composite-suspension-insulator","status":"publish","type":"product","link":"https:\/\/gaoyapowers.com\/fr\/110kv-long-rod-polymer-composite-suspension-insulator\/","title":{"rendered":"Isolateur composite suspendu \u00e0 tige longue 110 kV"},"content":{"rendered":"<p><strong>Fiche technique \u2013 Isolateur composite suspendu \u00e0 tige longue 110 kV<\/strong><\/p>\n\n<div class=\"wpdt-c row wpDataTableContainerSimpleTable wpDataTables wpDataTablesWrapper wdtscroll\"\n    >\n        <table id=\"wpdtSimpleTable-32\"\n           style=\"border-collapse:collapse;                   border-spacing:0px;\"\n           class=\"wpdtSimpleTable wpDataTable\"\n           data-column=\"12\"\n           data-rows=\"3\"\n           data-wpid=\"32\"\n           data-responsive=\"0\"\n           data-has-header=\"0\">\n\n                    <tbody>        <tr class=\"wpdt-cell-row\" >\n                                <td class=\"wpdt-cell\"\n                                            data-cell-id=\"A1\"\n                    data-col-index=\"0\"\n                    data-row-index=\"0\"\n                    style=\" width:111px;                    padding:3px;                    \"\n                    >\n                                        Mod\u00e8le d\u2019isolateur                    <\/td>\n                                                <td class=\"wpdt-cell\"\n                                            data-cell-id=\"B1\"\n                    data-col-index=\"1\"\n                    data-row-index=\"0\"\n                    style=\" width:65px;                    padding:3px;                    \"\n                    >\n                                        Tension nominale (kV)                    <\/td>\n                                                <td class=\"wpdt-cell\"\n                                            data-cell-id=\"C1\"\n                    data-col-index=\"2\"\n                    data-row-index=\"0\"\n                    style=\" width:94px;                    padding:3px;                    \"\n                    >\n                                        Charge m\u00e9canique nominale \u00e0 la traction (kN)                    <\/td>\n                                                <td class=\"wpdt-cell\"\n                                            data-cell-id=\"D1\"\n                    data-col-index=\"3\"\n                    data-row-index=\"0\"\n                    style=\" width:75px;                    padding:3px;                    \"\n                    >\n                                        Dimension de l\u2019assemblage                    <\/td>\n                                                <td class=\"wpdt-cell\"\n                                            data-cell-id=\"E1\"\n                    data-col-index=\"4\"\n                    data-row-index=\"0\"\n                    style=\" width:103px;                    padding:3px;                    \"\n                    >\n                                        Hauteur totale (H) (mm)                    <\/td>\n                                                <td class=\"wpdt-cell\"\n                                            data-cell-id=\"F1\"\n                    data-col-index=\"5\"\n                    data-row-index=\"0\"\n                    style=\" width:82px;                    padding:3px;                    \"\n                    >\n                                        Distance d\u2019amor\u00e7age minimale (h) (mm)                    <\/td>\n                                                <td class=\"wpdt-cell\"\n                                            data-cell-id=\"G1\"\n                    data-col-index=\"6\"\n                    data-row-index=\"0\"\n                    style=\" width:90px;                    padding:3px;                    \"\n                    >\n                                        Diam\u00e8tre de la grande jupe (d1) (mm)                    <\/td>\n                                                <td class=\"wpdt-cell\"\n                                            data-cell-id=\"H1\"\n                    data-col-index=\"7\"\n                    data-row-index=\"0\"\n                    style=\" width:100px;                    padding:3px;                    \"\n                    >\n                                        Diam\u00e8tre de l\u2019anneau de r\u00e9partition (D) (mm)                    <\/td>\n                                                <td class=\"wpdt-cell\"\n                                            data-cell-id=\"I1\"\n                    data-col-index=\"8\"\n                    data-row-index=\"0\"\n                    style=\" width:97px;                    padding:3px;                    \"\n                    >\n                                        Distance de fuite minimale nominale (L) (mm)                    <\/td>\n                                                <td class=\"wpdt-cell\"\n                                            data-cell-id=\"J1\"\n                    data-col-index=\"9\"\n                    data-row-index=\"0\"\n                    style=\" width:87px;                    padding:3px;                    \"\n                    >\n                                        Tension de tenue \u00e0 l\u2019impulsion de foudre (valeur cr\u00eate) (kV)                    <\/td>\n                                                <td class=\"wpdt-cell\"\n                                            data-cell-id=\"K1\"\n                    data-col-index=\"10\"\n                    data-row-index=\"0\"\n                    style=\" width:95px;                    padding:3px;                    \"\n                    >\n                                        Tension de tenue en fr\u00e9quence industrielle minimale (humide) (kV)                    <\/td>\n                                                <td class=\"wpdt-cell\"\n                                            data-cell-id=\"L1\"\n                    data-col-index=\"11\"\n                    data-row-index=\"0\"\n                    style=\" width:80px;                    padding:3px;                    \"\n                    >\n                                        Poids de r\u00e9f\u00e9rence (kg)                    <\/td>\n                                        <\/tr>\n                            <tr class=\"wpdt-cell-row\" >\n                                <td class=\"wpdt-cell\"\n                                            data-cell-id=\"A2\"\n                    data-col-index=\"0\"\n                    data-row-index=\"1\"\n                    style=\"                    padding:3px;                    \"\n                    >\n                                        FXBW-110\uff0870\/100\/120\uff09                    <\/td>\n                                                <td class=\"wpdt-cell\"\n                                            data-cell-id=\"B2\"\n                    data-col-index=\"1\"\n                    data-row-index=\"1\"\n                    style=\"                    padding:3px;                    \"\n                    >\n                                        110                    <\/td>\n                                                <td class=\"wpdt-cell\"\n                                            data-cell-id=\"C2\"\n                    data-col-index=\"2\"\n                    data-row-index=\"1\"\n                    style=\"                    padding:3px;                    \"\n                    >\n                                        70\/100\/120                    <\/td>\n                                                <td class=\"wpdt-cell\"\n                                            data-cell-id=\"D2\"\n                    data-col-index=\"3\"\n                    data-row-index=\"1\"\n                    style=\"                    padding:3px;                    \"\n                    >\n                                        16                    <\/td>\n                                                <td class=\"wpdt-cell\"\n                                            data-cell-id=\"E2\"\n                    data-col-index=\"4\"\n                    data-row-index=\"1\"\n                    style=\"                    padding:3px;                    \"\n                    >\n                                        1240\u00b115                    <\/td>\n                                                <td class=\"wpdt-cell\"\n                                            data-cell-id=\"F2\"\n                    data-col-index=\"5\"\n                    data-row-index=\"1\"\n                    style=\"                    padding:3px;                    \"\n                    >\n                                        1000                    <\/td>\n                                                <td class=\"wpdt-cell\"\n                                            data-cell-id=\"G2\"\n                    data-col-index=\"6\"\n                    data-row-index=\"1\"\n                    style=\"                    padding:3px;                    \"\n                    >\n                                        148                    <\/td>\n                                                <td class=\"wpdt-cell\"\n                                            data-cell-id=\"H2\"\n                    data-col-index=\"7\"\n                    data-row-index=\"1\"\n                    style=\"                    padding:3px;                    \"\n                    >\n                                        250                    <\/td>\n                                                <td class=\"wpdt-cell\"\n                                            data-cell-id=\"I2\"\n                    data-col-index=\"8\"\n                    data-row-index=\"1\"\n                    style=\"                    padding:3px;                    \"\n                    >\n                                        3150                    <\/td>\n                                                <td class=\"wpdt-cell\"\n                                            data-cell-id=\"J2\"\n                    data-col-index=\"9\"\n                    data-row-index=\"1\"\n                    style=\"                    padding:3px;                    \"\n                    >\n                                        550                    <\/td>\n                                                <td class=\"wpdt-cell\"\n                                            data-cell-id=\"K2\"\n                    data-col-index=\"10\"\n                    data-row-index=\"1\"\n                    style=\"                    padding:3px;                    \"\n                    >\n                                        230                    <\/td>\n                                                <td class=\"wpdt-cell\"\n                                            data-cell-id=\"L2\"\n                    data-col-index=\"11\"\n                    data-row-index=\"1\"\n                    style=\"                    padding:3px;                    \"\n                    >\n                                        4.9                    <\/td>\n                                        <\/tr>\n                            <tr class=\"wpdt-cell-row\" >\n                                <td class=\"wpdt-cell\"\n                                            data-cell-id=\"A3\"\n                    data-col-index=\"0\"\n                    data-row-index=\"2\"\n                    style=\"                    padding:3px;                    \"\n                    >\n                                        FXBW-110\uff0870\/100\/120\uff09                    <\/td>\n                                                <td class=\"wpdt-cell\"\n                                            data-cell-id=\"B3\"\n                    data-col-index=\"1\"\n                    data-row-index=\"2\"\n                    style=\"                    padding:3px;                    \"\n                    >\n                                        110                    <\/td>\n                                                <td class=\"wpdt-cell\"\n                                            data-cell-id=\"C3\"\n                    data-col-index=\"2\"\n                    data-row-index=\"2\"\n                    style=\"                    padding:3px;                    \"\n                    >\n                                        70\/100\/120                    <\/td>\n                                                <td class=\"wpdt-cell\"\n                                            data-cell-id=\"D3\"\n                    data-col-index=\"3\"\n                    data-row-index=\"2\"\n                    style=\"                    padding:3px;                    \"\n                    >\n                                        16                    <\/td>\n                                                <td class=\"wpdt-cell\"\n                                            data-cell-id=\"E3\"\n                    data-col-index=\"4\"\n                    data-row-index=\"2\"\n                    style=\"                    padding:3px;                    \"\n                    >\n                                        1400\u00b115                    <\/td>\n                                                <td class=\"wpdt-cell\"\n                                            data-cell-id=\"F3\"\n                    data-col-index=\"5\"\n                    data-row-index=\"2\"\n                    style=\"                    padding:3px;                    \"\n                    >\n                                        1165                    <\/td>\n                                                <td class=\"wpdt-cell\"\n                                            data-cell-id=\"G3\"\n                    data-col-index=\"6\"\n                    data-row-index=\"2\"\n                    style=\"                    padding:3px;                    \"\n                    >\n                                        148                    <\/td>\n                                                <td class=\"wpdt-cell\"\n                                            data-cell-id=\"H3\"\n                    data-col-index=\"7\"\n                    data-row-index=\"2\"\n                    style=\"                    padding:3px;                    \"\n                    >\n                                        250                    <\/td>\n                                                <td class=\"wpdt-cell\"\n                                            data-cell-id=\"I3\"\n                    data-col-index=\"8\"\n                    data-row-index=\"2\"\n                    style=\"                    padding:3px;                    \"\n                    >\n                                        3650                    <\/td>\n                                                <td class=\"wpdt-cell\"\n                                            data-cell-id=\"J3\"\n                    data-col-index=\"9\"\n                    data-row-index=\"2\"\n                    style=\"                    padding:3px;                    \"\n                    >\n                                        550                    <\/td>\n                                                <td class=\"wpdt-cell\"\n                                            data-cell-id=\"K3\"\n                    data-col-index=\"10\"\n                    data-row-index=\"2\"\n                    style=\"                    padding:3px;                    \"\n                    >\n                                        230                    <\/td>\n                                                <td class=\"wpdt-cell\"\n                                            data-cell-id=\"L3\"\n                    data-col-index=\"11\"\n                    data-row-index=\"2\"\n                    style=\"                    padding:3px;                    \"\n                    >\n                                        7.0                    <\/td>\n                                        <\/tr>\n                    <\/table>\n<\/div><style id='wpdt-custom-style-32'>\n<\/style>","protected":false},"excerpt":{"rendered":"<p class=\"\" data-start=\"1356\" data-end=\"1678\">Con\u00e7u pour les syst\u00e8mes de transmission d\u2019\u00e9lectricit\u00e9 de 110 kV, notre isolateur composite suspendu \u00e0 tige longue offre une fiabilit\u00e9 \u00e9lectrique et m\u00e9canique \u00e9lev\u00e9e, tout en r\u00e9duisant le poids total de la ligne. Ses jupes en caoutchouc de silicone conservent une hydrophobicit\u00e9 stable, r\u00e9sistant \u00e0 la contamination et r\u00e9duisant le courant de fuite dans les environnements humides ou pollu\u00e9s.<\/p>\n<p class=\"\" data-start=\"1680\" data-end=\"2029\">La tige en fibre de verre robuste et l\u2019enveloppe polym\u00e8re de l\u2019isolateur permettent une utilisation dans divers climats et terrains. Des charges m\u00e9caniques standard telles que 70 kN, 120 kN et 160 kN sont disponibles sur demande. Chaque unit\u00e9 peut \u00eatre fabriqu\u00e9e sur mesure selon les plans du client, afin de garantir une compatibilit\u00e9 optimale avec les sp\u00e9cifications m\u00e9caniques et \u00e9lectriques de la ligne.<\/p>\n<p class=\"\" data-start=\"2031\" data-end=\"2272\">Nous proposons une large gamme de raccords personnalisables : boule, fourche, chape, douille, \u0153il, Y-chape, assurant une compatibilit\u00e9 avec votre conception mat\u00e9rielle tout en maintenant l\u2019int\u00e9grit\u00e9 m\u00e9canique et la facilit\u00e9 d\u2019installation.<\/p>\n<p class=\"\" data-start=\"2274\" data-end=\"2442\">Conforme \u00e0 la norme CEI 61109, cet isolateur est id\u00e9al pour les nouvelles lignes \u00e9lectriques ainsi que les projets de r\u00e9habilitation du r\u00e9seau n\u00e9cessitant une technologie d\u2019isolation polym\u00e8re fiable.<\/p>","protected":false},"featured_media":3601,"template":"","meta":[],"product_brand":[],"product_cat":[25,31,27],"product_tag":[],"class_list":{"0":"post-3600","1":"product","2":"type-product","3":"status-publish","4":"has-post-thumbnail","6":"product_cat-polymer-insulator","7":"product_cat-products","8":"product_cat-suspension-insulator","10":"first","11":"instock","12":"shipping-taxable","13":"product-type-simple"},"_links":{"self":[{"href":"https:\/\/gaoyapowers.com\/fr\/wp-json\/wp\/v2\/product\/3600"}],"collection":[{"href":"https:\/\/gaoyapowers.com\/fr\/wp-json\/wp\/v2\/product"}],"about":[{"href":"https:\/\/gaoyapowers.com\/fr\/wp-json\/wp\/v2\/types\/product"}],"wp:featuredmedia":[{"embeddable":true,"href":"https:\/\/gaoyapowers.com\/fr\/wp-json\/wp\/v2\/media\/3601"}],"wp:attachment":[{"href":"https:\/\/gaoyapowers.com\/fr\/wp-json\/wp\/v2\/media?parent=3600"}],"wp:term":[{"taxonomy":"product_brand","embeddable":true,"href":"https:\/\/gaoyapowers.com\/fr\/wp-json\/wp\/v2\/product_brand?post=3600"},{"taxonomy":"product_cat","embeddable":true,"href":"https:\/\/gaoyapowers.com\/fr\/wp-json\/wp\/v2\/product_cat?post=3600"},{"taxonomy":"product_tag","embeddable":true,"href":"https:\/\/gaoyapowers.com\/fr\/wp-json\/wp\/v2\/product_tag?post=3600"}],"curies":[{"name":"wp","href":"https:\/\/api.w.org\/{rel}","templated":true}]}}