{"id":3604,"date":"2025-05-20T09:15:15","date_gmt":"2025-05-20T09:15:15","guid":{"rendered":"https:\/\/gaoyapowers.com\/?post_type=product&#038;p=3604"},"modified":"2025-07-02T08:42:41","modified_gmt":"2025-07-02T08:42:41","slug":"220kv-composite-polymer-suspension-long-rod-insulator","status":"publish","type":"product","link":"https:\/\/gaoyapowers.com\/fr\/220kv-composite-polymer-suspension-long-rod-insulator\/","title":{"rendered":"Isolateurs composites suspendus HTB 220 kV"},"content":{"rendered":"<p><strong>Fiche technique \u2013 Isolateur composite suspendu HTB 220 kV (norme CEI 61109)<\/strong><\/p>\n\n<div class=\"wpdt-c row wpDataTableContainerSimpleTable wpDataTables wpDataTablesWrapper wdtscroll\"\n    >\n        <table id=\"wpdtSimpleTable-34\"\n           style=\"border-collapse:collapse;                   border-spacing:0px;\"\n           class=\"wpdtSimpleTable wpDataTable\"\n           data-column=\"9\"\n           data-rows=\"5\"\n           data-wpid=\"34\"\n           data-responsive=\"0\"\n           data-has-header=\"0\">\n\n                    <tbody>        <tr class=\"wpdt-cell-row\" >\n                                <td class=\"wpdt-cell\"\n                                            data-cell-id=\"A1\"\n                    data-col-index=\"0\"\n                    data-row-index=\"0\"\n                    style=\" width:138px;                    padding:10px;                    \"\n                    >\n                                        Mod\u00e8le                    <\/td>\n                                                <td class=\"wpdt-cell\"\n                                            data-cell-id=\"B1\"\n                    data-col-index=\"1\"\n                    data-row-index=\"0\"\n                    style=\" width:100px;                    padding:10px;                    \"\n                    >\n                                        Tension nominale (kV)                    <\/td>\n                                                <td class=\"wpdt-cell\"\n                                            data-cell-id=\"C1\"\n                    data-col-index=\"2\"\n                    data-row-index=\"0\"\n                    style=\" width:100px;                    padding:10px;                    \"\n                    >\n                                        Charge m\u00e9canique sp\u00e9cifi\u00e9e (SML) (kN)                    <\/td>\n                                                <td class=\"wpdt-cell\"\n                                            data-cell-id=\"D1\"\n                    data-col-index=\"3\"\n                    data-row-index=\"0\"\n                    style=\" width:77px;                    padding:10px;                    \"\n                    >\n                                        Dimension du raccordement                    <\/td>\n                                                <td class=\"wpdt-cell\"\n                                            data-cell-id=\"E1\"\n                    data-col-index=\"4\"\n                    data-row-index=\"0\"\n                    style=\" width:91px;                    padding:10px;                    \"\n                    >\n                                        Longueur totale (mm)                    <\/td>\n                                                <td class=\"wpdt-cell\"\n                                            data-cell-id=\"F1\"\n                    data-col-index=\"5\"\n                    data-row-index=\"0\"\n                    style=\" width:102px;                    padding:10px;                    \"\n                    >\n                                        Distance d\u2019amor\u00e7age minimale (mm)                    <\/td>\n                                                <td class=\"wpdt-cell\"\n                                            data-cell-id=\"G1\"\n                    data-col-index=\"6\"\n                    data-row-index=\"0\"\n                    style=\" width:114px;                    padding:10px;                    \"\n                    >\n                                        Distance de fuite (mm)                    <\/td>\n                                                <td class=\"wpdt-cell\"\n                                            data-cell-id=\"H1\"\n                    data-col-index=\"7\"\n                    data-row-index=\"0\"\n                    style=\" width:107px;                    padding:10px;                    \"\n                    >\n                                        Tension de tenue \u00e0 l\u2019impulsion de foudre (BIL) (kV)                    <\/td>\n                                                <td class=\"wpdt-cell\"\n                                            data-cell-id=\"I1\"\n                    data-col-index=\"8\"\n                    data-row-index=\"0\"\n                    style=\" width:110px;                    padding:10px;                    \"\n                    >\n                                        Tension de tenue en fr\u00e9quence industrielle (humide) (kV)                    <\/td>\n                                        <\/tr>\n                            <tr class=\"wpdt-cell-row\" >\n                                <td class=\"wpdt-cell\"\n                                            data-cell-id=\"A2\"\n                    data-col-index=\"0\"\n                    data-row-index=\"1\"\n                    style=\"                    padding:10px;                    \"\n                    >\n                                        FXBW-220\/70                    <\/td>\n                                                <td class=\"wpdt-cell\"\n                                            data-cell-id=\"B2\"\n                    data-col-index=\"1\"\n                    data-row-index=\"1\"\n                    style=\"                    padding:10px;                    \"\n                    >\n                                        220                    <\/td>\n                                                <td class=\"wpdt-cell\"\n                                            data-cell-id=\"C2\"\n                    data-col-index=\"2\"\n                    data-row-index=\"1\"\n                    style=\"                    padding:10px;                    \"\n                    >\n                                        70                    <\/td>\n                                                <td class=\"wpdt-cell\"\n                                            data-cell-id=\"D2\"\n                    data-col-index=\"3\"\n                    data-row-index=\"1\"\n                    style=\"                    padding:10px;                    \"\n                    >\n                                        16                    <\/td>\n                                                <td class=\"wpdt-cell\"\n                                            data-cell-id=\"E2\"\n                    data-col-index=\"4\"\n                    data-row-index=\"1\"\n                    style=\"                    padding:10px;                    \"\n                    >\n                                        2150\u00b135                    <\/td>\n                                                <td class=\"wpdt-cell\"\n                                            data-cell-id=\"F2\"\n                    data-col-index=\"5\"\n                    data-row-index=\"1\"\n                    style=\"                    padding:10px;                    \"\n                    >\n                                        1900                    <\/td>\n                                                <td class=\"wpdt-cell\"\n                                            data-cell-id=\"G2\"\n                    data-col-index=\"6\"\n                    data-row-index=\"1\"\n                    style=\"                    padding:10px;                    \"\n                    >\n                                        6300                    <\/td>\n                                                <td class=\"wpdt-cell\"\n                                            data-cell-id=\"H2\"\n                    data-col-index=\"7\"\n                    data-row-index=\"1\"\n                    style=\"                    padding:10px;                    \"\n                    >\n                                        1000                    <\/td>\n                                                <td class=\"wpdt-cell\"\n                                            data-cell-id=\"I2\"\n                    data-col-index=\"8\"\n                    data-row-index=\"1\"\n                    style=\"                    padding:10px;                    \"\n                    >\n                                        395                    <\/td>\n                                        <\/tr>\n                            <tr class=\"wpdt-cell-row\" >\n                                <td class=\"wpdt-cell\"\n                                            data-cell-id=\"A3\"\n                    data-col-index=\"0\"\n                    data-row-index=\"2\"\n                    style=\"                    padding:10px;                    \"\n                    >\n                                        FXBW-220\/100                    <\/td>\n                                                <td class=\"wpdt-cell\"\n                                            data-cell-id=\"B3\"\n                    data-col-index=\"1\"\n                    data-row-index=\"2\"\n                    style=\"                    padding:10px;                    \"\n                    >\n                                        220                    <\/td>\n                                                <td class=\"wpdt-cell\"\n                                            data-cell-id=\"C3\"\n                    data-col-index=\"2\"\n                    data-row-index=\"2\"\n                    style=\"                    padding:10px;                    \"\n                    >\n                                        100                    <\/td>\n                                                <td class=\"wpdt-cell\"\n                                            data-cell-id=\"D3\"\n                    data-col-index=\"3\"\n                    data-row-index=\"2\"\n                    style=\"                    padding:10px;                    \"\n                    >\n                                        16                    <\/td>\n                                                <td class=\"wpdt-cell\"\n                                            data-cell-id=\"E3\"\n                    data-col-index=\"4\"\n                    data-row-index=\"2\"\n                    style=\"                    padding:10px;                    \"\n                    >\n                                        2150\u00b135                    <\/td>\n                                                <td class=\"wpdt-cell\"\n                                            data-cell-id=\"F3\"\n                    data-col-index=\"5\"\n                    data-row-index=\"2\"\n                    style=\"                    padding:10px;                    \"\n                    >\n                                        1900                    <\/td>\n                                                <td class=\"wpdt-cell\"\n                                            data-cell-id=\"G3\"\n                    data-col-index=\"6\"\n                    data-row-index=\"2\"\n                    style=\"                    padding:10px;                    \"\n                    >\n                                        6300                    <\/td>\n                                                <td class=\"wpdt-cell\"\n                                            data-cell-id=\"H3\"\n                    data-col-index=\"7\"\n                    data-row-index=\"2\"\n                    style=\"                    padding:10px;                    \"\n                    >\n                                        1000                    <\/td>\n                                                <td class=\"wpdt-cell\"\n                                            data-cell-id=\"I3\"\n                    data-col-index=\"8\"\n                    data-row-index=\"2\"\n                    style=\"                    padding:10px;                    \"\n                    >\n                                        395                    <\/td>\n                                        <\/tr>\n                            <tr class=\"wpdt-cell-row\" >\n                                <td class=\"wpdt-cell\"\n                                            data-cell-id=\"A4\"\n                    data-col-index=\"0\"\n                    data-row-index=\"3\"\n                    style=\"                    padding:10px;                    \"\n                    >\n                                        FXBW4-220\/120                    <\/td>\n                                                <td class=\"wpdt-cell\"\n                                            data-cell-id=\"B4\"\n                    data-col-index=\"1\"\n                    data-row-index=\"3\"\n                    style=\"                    padding:10px;                    \"\n                    >\n                                        220                    <\/td>\n                                                <td class=\"wpdt-cell\"\n                                            data-cell-id=\"C4\"\n                    data-col-index=\"2\"\n                    data-row-index=\"3\"\n                    style=\"                    padding:10px;                    \"\n                    >\n                                        120                    <\/td>\n                                                <td class=\"wpdt-cell\"\n                                            data-cell-id=\"D4\"\n                    data-col-index=\"3\"\n                    data-row-index=\"3\"\n                    style=\"                    padding:10px;                    \"\n                    >\n                                        16                    <\/td>\n                                                <td class=\"wpdt-cell\"\n                                            data-cell-id=\"E4\"\n                    data-col-index=\"4\"\n                    data-row-index=\"3\"\n                    style=\"                    padding:10px;                    \"\n                    >\n                                        2240\u00b130                    <\/td>\n                                                <td class=\"wpdt-cell\"\n                                            data-cell-id=\"F4\"\n                    data-col-index=\"5\"\n                    data-row-index=\"3\"\n                    style=\"                    padding:10px;                    \"\n                    >\n                                        2000                    <\/td>\n                                                <td class=\"wpdt-cell\"\n                                            data-cell-id=\"G4\"\n                    data-col-index=\"6\"\n                    data-row-index=\"3\"\n                    style=\"                    padding:10px;                    \"\n                    >\n                                        6600                    <\/td>\n                                                <td class=\"wpdt-cell\"\n                                            data-cell-id=\"H4\"\n                    data-col-index=\"7\"\n                    data-row-index=\"3\"\n                    style=\"                    padding:10px;                    \"\n                    >\n                                        1000                    <\/td>\n                                                <td class=\"wpdt-cell\"\n                                            data-cell-id=\"I4\"\n                    data-col-index=\"8\"\n                    data-row-index=\"3\"\n                    style=\"                    padding:10px;                    \"\n                    >\n                                        395                    <\/td>\n                                        <\/tr>\n                            <tr class=\"wpdt-cell-row\" >\n                                <td class=\"wpdt-cell\"\n                                            data-cell-id=\"A5\"\n                    data-col-index=\"0\"\n                    data-row-index=\"4\"\n                    style=\"                    padding:10px;                    \"\n                    >\n                                        FXBW-220\/160                    <\/td>\n                                                <td class=\"wpdt-cell\"\n                                            data-cell-id=\"B5\"\n                    data-col-index=\"1\"\n                    data-row-index=\"4\"\n                    style=\"                    padding:10px;                    \"\n                    >\n                                        220                    <\/td>\n                                                <td class=\"wpdt-cell\"\n                                            data-cell-id=\"C5\"\n                    data-col-index=\"2\"\n                    data-row-index=\"4\"\n                    style=\"                    padding:10px;                    \"\n                    >\n                                        160                    <\/td>\n                                                <td class=\"wpdt-cell\"\n                                            data-cell-id=\"D5\"\n                    data-col-index=\"3\"\n                    data-row-index=\"4\"\n                    style=\"                    padding:10px;                    \"\n                    >\n                                        20                    <\/td>\n                                                <td class=\"wpdt-cell\"\n                                            data-cell-id=\"E5\"\n                    data-col-index=\"4\"\n                    data-row-index=\"4\"\n                    style=\"                    padding:10px;                    \"\n                    >\n                                        2240\u00b130                    <\/td>\n                                                <td class=\"wpdt-cell\"\n                                            data-cell-id=\"F5\"\n                    data-col-index=\"5\"\n                    data-row-index=\"4\"\n                    style=\"                    padding:10px;                    \"\n                    >\n                                        1900                    <\/td>\n                                                <td class=\"wpdt-cell\"\n                                            data-cell-id=\"G5\"\n                    data-col-index=\"6\"\n                    data-row-index=\"4\"\n                    style=\"                    padding:10px;                    \"\n                    >\n                                        6300                    <\/td>\n                                                <td class=\"wpdt-cell\"\n                                            data-cell-id=\"H5\"\n                    data-col-index=\"7\"\n                    data-row-index=\"4\"\n                    style=\"                    padding:10px;                    \"\n                    >\n                                        1000                    <\/td>\n                                                <td class=\"wpdt-cell\"\n                                            data-cell-id=\"I5\"\n                    data-col-index=\"8\"\n                    data-row-index=\"4\"\n                    style=\"                    padding:10px;                    \"\n                    >\n                                        395                    <\/td>\n                                        <\/tr>\n                    <\/table>\n<\/div><style id='wpdt-custom-style-34'>\n<\/style>","protected":false},"excerpt":{"rendered":"<p class=\"\" data-start=\"180\" data-end=\"493\">Isolateurs composites suspendus HTB 220 kV sont con\u00e7us pour r\u00e9pondre aux exigences des infrastructures modernes de transmission haute tension. Ils sont dot\u00e9s d\u2019une \u00e2me en fibre de verre \u00e9poxy haute r\u00e9sistance et de jupes en caoutchouc de silicone hydrophobe, assurant une excellente r\u00e9sistance \u00e0 la pollution, aux rayons UV et au vieillissement dans des environnements s\u00e9v\u00e8res.<\/p>\n<p class=\"\" data-start=\"495\" data-end=\"744\">Pour les lignes a\u00e9riennes 220 kV, l\u2019installation d\u2019anneaux de couronne est fortement recommand\u00e9e. Ces anneaux optimisent la r\u00e9partition de la tension au niveau des raccords et minimisent les d\u00e9charges de couronne, am\u00e9liorant ainsi la performance globale du syst\u00e8me et prolongeant la dur\u00e9e de vie des isolateurs.<\/p>\n<p class=\"\" data-start=\"746\" data-end=\"1124\">Afin de s\u2019adapter aux diff\u00e9rentes exigences m\u00e9caniques et structurelles, ces isolateurs peuvent \u00eatre personnalis\u00e9s selon des charges m\u00e9caniques de 70 kN, 120 kN ou 160 kN, et adapt\u00e9s \u00e0 vos plans de conception. Nous proposons \u00e9galement une large gamme de types de raccords, incluant douille, boule, langue, chape, \u0153il et Y-chape, permettant une parfaite adaptabilit\u00e9 aux diverses configurations mat\u00e9rielles des lignes.<\/p>\n<p class=\"\" data-start=\"1126\" data-end=\"1278\">Ce produit est fabriqu\u00e9 conform\u00e9ment \u00e0 la norme CEI 61109 et offre une solution l\u00e9g\u00e8re et facile \u00e0 manipuler, id\u00e9ale pour les lignes de transmission \u00e0 grande port\u00e9e et \u00e0 encombrement r\u00e9duit.<\/p>","protected":false},"featured_media":3605,"template":"","meta":[],"product_brand":[],"product_cat":[25,31,27],"product_tag":[],"class_list":{"0":"post-3604","1":"product","2":"type-product","3":"status-publish","4":"has-post-thumbnail","6":"product_cat-polymer-insulator","7":"product_cat-products","8":"product_cat-suspension-insulator","10":"first","11":"instock","12":"shipping-taxable","13":"product-type-simple"},"_links":{"self":[{"href":"https:\/\/gaoyapowers.com\/fr\/wp-json\/wp\/v2\/product\/3604"}],"collection":[{"href":"https:\/\/gaoyapowers.com\/fr\/wp-json\/wp\/v2\/product"}],"about":[{"href":"https:\/\/gaoyapowers.com\/fr\/wp-json\/wp\/v2\/types\/product"}],"wp:featuredmedia":[{"embeddable":true,"href":"https:\/\/gaoyapowers.com\/fr\/wp-json\/wp\/v2\/media\/3605"}],"wp:attachment":[{"href":"https:\/\/gaoyapowers.com\/fr\/wp-json\/wp\/v2\/media?parent=3604"}],"wp:term":[{"taxonomy":"product_brand","embeddable":true,"href":"https:\/\/gaoyapowers.com\/fr\/wp-json\/wp\/v2\/product_brand?post=3604"},{"taxonomy":"product_cat","embeddable":true,"href":"https:\/\/gaoyapowers.com\/fr\/wp-json\/wp\/v2\/product_cat?post=3604"},{"taxonomy":"product_tag","embeddable":true,"href":"https:\/\/gaoyapowers.com\/fr\/wp-json\/wp\/v2\/product_tag?post=3604"}],"curies":[{"name":"wp","href":"https:\/\/api.w.org\/{rel}","templated":true}]}}