{"id":3611,"date":"2025-05-22T08:56:38","date_gmt":"2025-05-22T08:56:38","guid":{"rendered":"https:\/\/gaoyapowers.com\/?post_type=product&#038;p=3611"},"modified":"2025-05-22T08:57:31","modified_gmt":"2025-05-22T08:57:31","slug":"15kv-polymer-suspension-insulator","status":"publish","type":"product","link":"https:\/\/gaoyapowers.com\/fr\/15kv-polymer-suspension-insulator\/","title":{"rendered":"Isolateur composite suspendu 15 kV"},"content":{"rendered":"<p><strong>Fiche technique de l\u2019isolateur composite suspendu 15 kV<\/strong><\/p>\n<p><img fetchpriority=\"high\" decoding=\"async\" class=\"alignnone wp-image-3616 size-full\" src=\"https:\/\/gaoyapowers.com\/wp-content\/uploads\/2025\/05\/\u56fe\u7eb8-1.webp\" alt=\"15kV polymer insulator drawing\" width=\"1000\" height=\"300\" srcset=\"https:\/\/gaoyapowers.com\/wp-content\/uploads\/2025\/05\/\u56fe\u7eb8-1.webp 1000w, https:\/\/gaoyapowers.com\/wp-content\/uploads\/2025\/05\/\u56fe\u7eb8-1-300x90.webp 300w, https:\/\/gaoyapowers.com\/wp-content\/uploads\/2025\/05\/\u56fe\u7eb8-1-768x230.webp 768w\" sizes=\"(max-width: 1000px) 100vw, 1000px\" \/><\/p>\n<p>\u2022\u00a0Mod\u00e8le d\u2019isolateur composite : FXB1-15\/70CT<br \/>\n\u2022\u00a0Tension nominale: 15 kV<br \/>\n\u2022 Charge m\u00e9canique sp\u00e9cifi\u00e9e (SML) : 70 kN<br \/>\n\u2022\u00a0Hauteur : 380 mm<br \/>\n\u2022\u00a0Distance d\u2019amor\u00e7age \u00e0 sec : 195 mm<br \/>\n\u2022\u00a0Distance de fuite : 460 mm<br \/>\n\u2022\u00a0Tension de tenue en fr\u00e9quence industrielle humide : 65 kV<br \/>\n\u2022\u00a0Tension de tenue aux impulsions de foudre s\u00e8che : 140 kV<\/p>","protected":false},"excerpt":{"rendered":"<p>L\u2019isolateur composite suspendu 15 kV est une solution performante con\u00e7ue pour les lignes de distribution a\u00e9riennes moyenne tension. Con\u00e7u avec des mat\u00e9riaux polym\u00e8res avanc\u00e9s, cet isolateur offre une excellente r\u00e9sistance m\u00e9canique, une isolation \u00e9lectrique fiable et une forte r\u00e9sistance aux agressions environnementales, constituant ainsi une alternative fiable aux isolateurs en porcelaine traditionnels.<\/p>\n<p>Ce mod\u00e8le, FXB1-15\/70CT, pr\u00e9sente une tension nominale de 15 kV et une charge m\u00e9canique sp\u00e9cifi\u00e9e (SML) de 70 kN, ce qui le rend adapt\u00e9 aux applications en suspension standard ainsi qu\u2019aux applications sous tension. L\u2019\u00e2me en PRF (polym\u00e8re renforc\u00e9 de fibres) haute r\u00e9sistance assure l\u2019int\u00e9grit\u00e9 structurelle sous contraintes m\u00e9caniques, tandis que le logement en caoutchouc de silicone hydrophobe emp\u00eache la formation de film d\u2019eau en surface, r\u00e9duisant efficacement le risque de flashover d\u00fb \u00e0 la pollution.<\/p>\n<p>Les performances \u00e9lectriques cl\u00e9s comprennent une tension de tenue en fr\u00e9quence industrielle humide de 65 kV et une tension de tenue aux impulsions de foudre s\u00e8che de 140 kV, garantissant une isolation fiable dans des conditions environnementales vari\u00e9es.<\/p>\n<p>Avec une hauteur compacte de 380 mm, une distance d\u2019amor\u00e7age \u00e0 sec de 195 mm et une distance de fuite de 460 mm, cet isolateur composite suspendu 15 kV r\u00e9pond aux exigences strictes de s\u00e9curit\u00e9 et de performance des r\u00e9seaux \u00e9lectriques modernes.<\/p>","protected":false},"featured_media":3612,"template":"","meta":[],"product_brand":[],"product_cat":[25,31,27],"product_tag":[],"class_list":{"0":"post-3611","1":"product","2":"type-product","3":"status-publish","4":"has-post-thumbnail","6":"product_cat-polymer-insulator","7":"product_cat-products","8":"product_cat-suspension-insulator","10":"first","11":"instock","12":"shipping-taxable","13":"product-type-simple"},"_links":{"self":[{"href":"https:\/\/gaoyapowers.com\/fr\/wp-json\/wp\/v2\/product\/3611"}],"collection":[{"href":"https:\/\/gaoyapowers.com\/fr\/wp-json\/wp\/v2\/product"}],"about":[{"href":"https:\/\/gaoyapowers.com\/fr\/wp-json\/wp\/v2\/types\/product"}],"wp:featuredmedia":[{"embeddable":true,"href":"https:\/\/gaoyapowers.com\/fr\/wp-json\/wp\/v2\/media\/3612"}],"wp:attachment":[{"href":"https:\/\/gaoyapowers.com\/fr\/wp-json\/wp\/v2\/media?parent=3611"}],"wp:term":[{"taxonomy":"product_brand","embeddable":true,"href":"https:\/\/gaoyapowers.com\/fr\/wp-json\/wp\/v2\/product_brand?post=3611"},{"taxonomy":"product_cat","embeddable":true,"href":"https:\/\/gaoyapowers.com\/fr\/wp-json\/wp\/v2\/product_cat?post=3611"},{"taxonomy":"product_tag","embeddable":true,"href":"https:\/\/gaoyapowers.com\/fr\/wp-json\/wp\/v2\/product_tag?post=3611"}],"curies":[{"name":"wp","href":"https:\/\/api.w.org\/{rel}","templated":true}]}}