{"id":3634,"date":"2025-05-26T08:10:19","date_gmt":"2025-05-26T08:10:19","guid":{"rendered":"https:\/\/gaoyapowers.com\/?post_type=product&#038;p=3634"},"modified":"2025-05-26T08:10:58","modified_gmt":"2025-05-26T08:10:58","slug":"35kv-composite-polymer-line-post-insulator","status":"publish","type":"product","link":"https:\/\/gaoyapowers.com\/fr\/35kv-composite-polymer-line-post-insulator\/","title":{"rendered":"Isolateur composite type post de ligne 35 kV"},"content":{"rendered":"<p><strong>Fiche technique \u2013 Isolateur composite type post de ligne 35 kV<\/strong><\/p>\n<p><img fetchpriority=\"high\" decoding=\"async\" class=\"alignnone wp-image-3635 size-full\" src=\"https:\/\/gaoyapowers.com\/wp-content\/uploads\/2025\/05\/drawing-specifications.webp\" alt=\"35kV polymer line post insulator technical specifications\" width=\"1000\" height=\"701\" srcset=\"https:\/\/gaoyapowers.com\/wp-content\/uploads\/2025\/05\/drawing-specifications.webp 1000w, https:\/\/gaoyapowers.com\/wp-content\/uploads\/2025\/05\/drawing-specifications-300x210.webp 300w, https:\/\/gaoyapowers.com\/wp-content\/uploads\/2025\/05\/drawing-specifications-768x538.webp 768w\" sizes=\"(max-width: 1000px) 100vw, 1000px\" \/><\/p>\n<p><strong>DIMENSIONS :<\/strong><br \/>\n\u2022 Hauteur : 480 \u00b1 10 mm (18,9\u2033 \u00b1 0,39\u2033)<br \/>\n\u2022 Distance d\u2019amor\u00e7age \u00e0 sec : 410 mm (16,14\u2033)<br \/>\n\u2022 Distance de fuite : 1140 mm (44,88\u2033)<br \/>\n\u2022 Diam\u00e8tre de l\u2019\u00e2me : \u00d8 45 mm (1,77\u2033)<br \/>\n\u2022 Nombre d\u2019ailettes : 13<br \/>\n\u2022 Poids : 5,6 kg<\/p>\n<p><strong>PERFORMANCES M\u00c9CANIQUES :<\/strong><br \/>\n\u2022 Charge en porte-\u00e0-faux sp\u00e9cifi\u00e9e (SCL) : 10 kN<br \/>\n\u2022 Charge maximale de conception en porte-\u00e0-faux (MDCL) : 5 kN<br \/>\n\u2022 Norme : CEI 61952<\/p>\n<p><strong>PERFORMANCES \u00c9LECTRIQUES :<\/strong><br \/>\n\u2022 Tension nominale : 35 kV<br \/>\n\u2022 Tension de tenue en fr\u00e9quence industrielle (humide, 1 min) : 100 kV<br \/>\n\u2022 Tension de tenue en fr\u00e9quence industrielle (sec, 1 min) : 130 kV<br \/>\n\u2022 Tension de tenue \u00e0 l\u2019impulsion de foudre : 235 kV<br \/>\n\u2022 Norme : CEI 61952<\/p>\n<p><strong>MAT\u00c9RIAUX :<\/strong><br \/>\n1. Raccords m\u00e9talliques :<br \/>\n1.1 Mat\u00e9riau : Fonte ou acier moul\u00e9, galvanis\u00e9 \u00e0 chaud<br \/>\n1.2 \u00c9paisseur minimale de la galvanisation : 86 \u03bcm<br \/>\n2. \u00c2me :<br \/>\n2.1 Mat\u00e9riau : R\u00e9sine \u00e9poxy et fibre de verre<br \/>\n2.2 Diam\u00e8tre : \u00d8 45 mm (1,77\u2033)<br \/>\n3. Ailettes (chapeau isolant) :<br \/>\n3.1 Mat\u00e9riau : Silicone HTV (High Temperature Vulcanized)<br \/>\n3.2 Couleur : Gris<\/p>","protected":false},"excerpt":{"rendered":"<p>Isolateur composite type post de ligne 35 kV est con\u00e7u pour les lignes a\u00e9riennes de distribution moyenne tension \u00e0 35 kV.\nMont\u00e9 verticalement sur les traverses ou les poteaux, il assure \u00e0 la fois le support m\u00e9canique des conducteurs et l\u2019isolation \u00e9lectrique.\n\nCet isolateur se compose d\u2019une \u00e2me en fibre de verre haute r\u00e9sistance, d\u2019ailettes en caoutchouc silicone hydrophobe, et de raccords m\u00e9talliques galvanis\u00e9s, offrant une excellente r\u00e9sistance \u00e0 la pollution, une stabilit\u00e9 aux UV et des performances durables en milieu ext\u00e9rieur.<\/p>\n<p>Avec une distance de fuite de 1140 mm et une distance d\u2019amor\u00e7age \u00e0 sec de 410 mm, cet isolateur respecte la norme CEI 61952, garantissant un fonctionnement fiable en conditions humides, pollu\u00e9es et sous haute tension.\n\nIl supporte une charge en porte-\u00e0-faux sp\u00e9cifi\u00e9e (SCL) de 10 kN, ce qui le rend adapt\u00e9 aux installations m\u00e9caniques exigeantes.<\/p>","protected":false},"featured_media":3636,"template":"","meta":[],"product_brand":[],"product_cat":[25,31],"product_tag":[],"class_list":{"0":"post-3634","1":"product","2":"type-product","3":"status-publish","4":"has-post-thumbnail","6":"product_cat-polymer-insulator","7":"product_cat-products","9":"first","10":"instock","11":"shipping-taxable","12":"product-type-simple"},"_links":{"self":[{"href":"https:\/\/gaoyapowers.com\/fr\/wp-json\/wp\/v2\/product\/3634"}],"collection":[{"href":"https:\/\/gaoyapowers.com\/fr\/wp-json\/wp\/v2\/product"}],"about":[{"href":"https:\/\/gaoyapowers.com\/fr\/wp-json\/wp\/v2\/types\/product"}],"wp:featuredmedia":[{"embeddable":true,"href":"https:\/\/gaoyapowers.com\/fr\/wp-json\/wp\/v2\/media\/3636"}],"wp:attachment":[{"href":"https:\/\/gaoyapowers.com\/fr\/wp-json\/wp\/v2\/media?parent=3634"}],"wp:term":[{"taxonomy":"product_brand","embeddable":true,"href":"https:\/\/gaoyapowers.com\/fr\/wp-json\/wp\/v2\/product_brand?post=3634"},{"taxonomy":"product_cat","embeddable":true,"href":"https:\/\/gaoyapowers.com\/fr\/wp-json\/wp\/v2\/product_cat?post=3634"},{"taxonomy":"product_tag","embeddable":true,"href":"https:\/\/gaoyapowers.com\/fr\/wp-json\/wp\/v2\/product_tag?post=3634"}],"curies":[{"name":"wp","href":"https:\/\/api.w.org\/{rel}","templated":true}]}}