{"id":3641,"date":"2025-05-29T07:11:27","date_gmt":"2025-05-29T07:11:27","guid":{"rendered":"https:\/\/gaoyapowers.com\/?post_type=product&#038;p=3641"},"modified":"2025-07-05T23:54:59","modified_gmt":"2025-07-05T23:54:59","slug":"psd-70e-glass-suspension-insulator","status":"publish","type":"product","link":"https:\/\/gaoyapowers.com\/fr\/psd-70e-glass-suspension-insulator\/","title":{"rendered":"Isolateur en verre PSD-70E"},"content":{"rendered":"<p style=\"text-align: center;\"><strong>Fiche technique de l\u2019isolateur en verre de suspension PSD-70E<\/strong><\/p>\n<p><img fetchpriority=\"high\" decoding=\"async\" class=\"wp-image-3653 size-full aligncenter\" src=\"https:\/\/gaoyapowers.com\/wp-content\/uploads\/2025\/05\/PSD-70E-\u56fe\u7eb8.webp\" alt=\"PSD 70E drawing\" width=\"800\" height=\"319\" srcset=\"https:\/\/gaoyapowers.com\/wp-content\/uploads\/2025\/05\/PSD-70E-\u56fe\u7eb8.webp 800w, https:\/\/gaoyapowers.com\/wp-content\/uploads\/2025\/05\/PSD-70E-\u56fe\u7eb8-300x120.webp 300w, https:\/\/gaoyapowers.com\/wp-content\/uploads\/2025\/05\/PSD-70E-\u56fe\u7eb8-768x306.webp 768w\" sizes=\"(max-width: 800px) 100vw, 800px\" \/><\/p>\n<p style=\"text-align: center;\">\n<div class=\"wpdt-c row wpDataTableContainerSimpleTable wpDataTables wpDataTablesWrapper wdtscroll\"\n    >\n        <table id=\"wpdtSimpleTable-36\"\n           style=\"border-collapse:collapse;                   border-spacing:0px;\"\n           class=\"wpdtSimpleTable wpDataTable\"\n           data-column=\"4\"\n           data-rows=\"10\"\n           data-wpid=\"36\"\n           data-responsive=\"0\"\n           data-has-header=\"0\">\n\n                    <tbody>        <tr class=\"wpdt-cell-row\" >\n                                <td class=\"wpdt-cell wpdt-fs-000014\"\n                                            data-cell-id=\"A1\"\n                    data-col-index=\"0\"\n                    data-row-index=\"0\"\n                    style=\" width:287px;                    padding:5px;                    \"\n                    >\n                                        Type d\u2019isolateur                    <\/td>\n                                                <td class=\"wpdt-cell wpdt-fs-000014 wpdt-empty-cell\"\n                                            data-cell-id=\"B1\"\n                    data-col-index=\"1\"\n                    data-row-index=\"0\"\n                    style=\" width:71px;                    padding:5px;                    \"\n                    >\n                                                            <\/td>\n                                                <td class=\"wpdt-cell wpdt-fs-000014 wpdt-merged-cell\"\n                     colspan=\"2\"  rowspan=\"1\"                     data-cell-id=\"C1\"\n                    data-col-index=\"2\"\n                    data-row-index=\"0\"\n                    style=\" width:200px;                    padding:5px;                    \"\n                    >\n                                        \u041f\u0421\u0414-70\u0415 (PSD-70E)                    <\/td>\n                                                    <\/tr>\n                            <tr class=\"wpdt-cell-row\" >\n                                <td class=\"wpdt-cell wpdt-fs-000014\"\n                                            data-cell-id=\"A2\"\n                    data-col-index=\"0\"\n                    data-row-index=\"1\"\n                    style=\"                    padding:5px;                    \"\n                    >\n                                        Charge de rupture m\u00e9canique minimale                    <\/td>\n                                                <td class=\"wpdt-cell wpdt-fs-000014\"\n                                            data-cell-id=\"B2\"\n                    data-col-index=\"1\"\n                    data-row-index=\"1\"\n                    style=\"                    padding:5px;                    \"\n                    >\n                                        kN                    <\/td>\n                                                <td class=\"wpdt-cell wpdt-fs-000014 wpdt-merged-cell\"\n                     colspan=\"2\"  rowspan=\"1\"                     data-cell-id=\"C2\"\n                    data-col-index=\"2\"\n                    data-row-index=\"1\"\n                    style=\"                    padding:5px;                    \"\n                    >\n                                        70                    <\/td>\n                                                    <\/tr>\n                            <tr class=\"wpdt-cell-row\" >\n                                <td class=\"wpdt-cell wpdt-fs-000014\"\n                                            data-cell-id=\"A3\"\n                    data-col-index=\"0\"\n                    data-row-index=\"2\"\n                    style=\"                    padding:5px;                    \"\n                    >\n                                        Diam\u00e8tre de la partie isolante, D                    <\/td>\n                                                <td class=\"wpdt-cell wpdt-fs-000014\"\n                                            data-cell-id=\"B3\"\n                    data-col-index=\"1\"\n                    data-row-index=\"2\"\n                    style=\"                    padding:5px;                    \"\n                    >\n                                        mm                    <\/td>\n                                                <td class=\"wpdt-cell wpdt-fs-000014 wpdt-merged-cell\"\n                     colspan=\"2\"  rowspan=\"1\"                     data-cell-id=\"C3\"\n                    data-col-index=\"2\"\n                    data-row-index=\"2\"\n                    style=\"                    padding:5px;                    \"\n                    >\n                                        280                    <\/td>\n                                                    <\/tr>\n                            <tr class=\"wpdt-cell-row\" >\n                                <td class=\"wpdt-cell wpdt-fs-000014\"\n                                            data-cell-id=\"A4\"\n                    data-col-index=\"0\"\n                    data-row-index=\"3\"\n                    style=\"                    padding:5px;                    \"\n                    >\n                                        Espacement, H                    <\/td>\n                                                <td class=\"wpdt-cell wpdt-fs-000014\"\n                                            data-cell-id=\"B4\"\n                    data-col-index=\"1\"\n                    data-row-index=\"3\"\n                    style=\"                    padding:5px;                    \"\n                    >\n                                        mm                    <\/td>\n                                                <td class=\"wpdt-cell wpdt-fs-000014\"\n                                            data-cell-id=\"C4\"\n                    data-col-index=\"2\"\n                    data-row-index=\"3\"\n                    style=\"                    padding:5px;                    \"\n                    >\n                                        127                    <\/td>\n                                                <td class=\"wpdt-cell wpdt-fs-000014\"\n                                            data-cell-id=\"D4\"\n                    data-col-index=\"3\"\n                    data-row-index=\"3\"\n                    style=\"                    padding:5px;                    \"\n                    >\n                                        146                    <\/td>\n                                        <\/tr>\n                            <tr class=\"wpdt-cell-row\" >\n                                <td class=\"wpdt-cell wpdt-fs-000014\"\n                                            data-cell-id=\"A5\"\n                    data-col-index=\"0\"\n                    data-row-index=\"4\"\n                    style=\"                    padding:5px;                    \"\n                    >\n                                        Distance de fuite nominale                    <\/td>\n                                                <td class=\"wpdt-cell wpdt-fs-000014\"\n                                            data-cell-id=\"B5\"\n                    data-col-index=\"1\"\n                    data-row-index=\"4\"\n                    style=\"                    padding:5px;                    \"\n                    >\n                                        mm                    <\/td>\n                                                <td class=\"wpdt-cell wpdt-fs-000014 wpdt-merged-cell\"\n                     colspan=\"2\"  rowspan=\"1\"                     data-cell-id=\"C5\"\n                    data-col-index=\"2\"\n                    data-row-index=\"4\"\n                    style=\"                    padding:5px;                    \"\n                    >\n                                        411                    <\/td>\n                                                    <\/tr>\n                            <tr class=\"wpdt-cell-row\" >\n                                <td class=\"wpdt-cell wpdt-fs-000014\"\n                                            data-cell-id=\"A6\"\n                    data-col-index=\"0\"\n                    data-row-index=\"5\"\n                    style=\"                    padding:5px;                    \"\n                    >\n                                        Accouplement rotule et douille, d (IEC 60120)                    <\/td>\n                                                <td class=\"wpdt-cell wpdt-fs-000014\"\n                                            data-cell-id=\"B6\"\n                    data-col-index=\"1\"\n                    data-row-index=\"5\"\n                    style=\"                    padding:5px;                    \"\n                    >\n                                        mm                    <\/td>\n                                                <td class=\"wpdt-cell wpdt-fs-000014 wpdt-merged-cell\"\n                     colspan=\"2\"  rowspan=\"1\"                     data-cell-id=\"C6\"\n                    data-col-index=\"2\"\n                    data-row-index=\"5\"\n                    style=\"                    padding:5px;                    \"\n                    >\n                                        16                    <\/td>\n                                                    <\/tr>\n                            <tr class=\"wpdt-cell-row\" >\n                                <td class=\"wpdt-cell wpdt-fs-000014\"\n                                            data-cell-id=\"A7\"\n                    data-col-index=\"0\"\n                    data-row-index=\"6\"\n                    style=\"                    padding:5px;                    \"\n                    >\n                                        Tension de perforation \u00e0 fr\u00e9quence industrielle                    <\/td>\n                                                <td class=\"wpdt-cell wpdt-fs-000014\"\n                                            data-cell-id=\"B7\"\n                    data-col-index=\"1\"\n                    data-row-index=\"6\"\n                    style=\"                    padding:5px;                    \"\n                    >\n                                        kV                    <\/td>\n                                                <td class=\"wpdt-cell wpdt-fs-000014 wpdt-merged-cell\"\n                     colspan=\"2\"  rowspan=\"1\"                     data-cell-id=\"C7\"\n                    data-col-index=\"2\"\n                    data-row-index=\"6\"\n                    style=\"                    padding:5px;                    \"\n                    >\n                                        130                    <\/td>\n                                                    <\/tr>\n                            <tr class=\"wpdt-cell-row\" >\n                                <td class=\"wpdt-cell wpdt-fs-000014\"\n                                            data-cell-id=\"A8\"\n                    data-col-index=\"0\"\n                    data-row-index=\"7\"\n                    style=\"                    padding:5px;                    \"\n                    >\n                                        Tension de tenue \u00e0 50 Hz (\u00e0 sec)                    <\/td>\n                                                <td class=\"wpdt-cell wpdt-fs-000014\"\n                                            data-cell-id=\"B8\"\n                    data-col-index=\"1\"\n                    data-row-index=\"7\"\n                    style=\"                    padding:5px;                    \"\n                    >\n                                        kV                    <\/td>\n                                                <td class=\"wpdt-cell wpdt-fs-000014 wpdt-merged-cell\"\n                     colspan=\"2\"  rowspan=\"1\"                     data-cell-id=\"C8\"\n                    data-col-index=\"2\"\n                    data-row-index=\"7\"\n                    style=\"                    padding:5px;                    \"\n                    >\n                                        75                    <\/td>\n                                                    <\/tr>\n                            <tr class=\"wpdt-cell-row\" >\n                                <td class=\"wpdt-cell wpdt-fs-000014\"\n                                            data-cell-id=\"A9\"\n                    data-col-index=\"0\"\n                    data-row-index=\"8\"\n                    style=\"                    padding:5px;                    \"\n                    >\n                                        Tension de tenue \u00e0 50 Hz (humide)                    <\/td>\n                                                <td class=\"wpdt-cell wpdt-fs-000014\"\n                                            data-cell-id=\"B9\"\n                    data-col-index=\"1\"\n                    data-row-index=\"8\"\n                    style=\"                    padding:5px;                    \"\n                    >\n                                        kV                    <\/td>\n                                                <td class=\"wpdt-cell wpdt-fs-000014 wpdt-merged-cell\"\n                     colspan=\"2\"  rowspan=\"1\"                     data-cell-id=\"C9\"\n                    data-col-index=\"2\"\n                    data-row-index=\"8\"\n                    style=\"                    padding:5px;                    \"\n                    >\n                                        45                    <\/td>\n                                                    <\/tr>\n                            <tr class=\"wpdt-cell-row\" >\n                                <td class=\"wpdt-cell wpdt-fs-000014\"\n                                            data-cell-id=\"A10\"\n                    data-col-index=\"0\"\n                    data-row-index=\"9\"\n                    style=\"                    padding:5px;                    \"\n                    >\n                                        Poids                    <\/td>\n                                                <td class=\"wpdt-cell wpdt-fs-000014\"\n                                            data-cell-id=\"B10\"\n                    data-col-index=\"1\"\n                    data-row-index=\"9\"\n                    style=\"                    padding:5px;                    \"\n                    >\n                                        kg                    <\/td>\n                                                <td class=\"wpdt-cell wpdt-fs-000014 wpdt-merged-cell\"\n                     colspan=\"2\"  rowspan=\"1\"                     data-cell-id=\"C10\"\n                    data-col-index=\"2\"\n                    data-row-index=\"9\"\n                    style=\"                    padding:5px;                    \"\n                    >\n                                        5.6                    <\/td>\n                                                    <\/tr>\n                    <\/table>\n<\/div><style id='wpdt-custom-style-36'>\n.wpdt-fs-000014 { font-size: 14px !important;}\n<\/style>\n<\/p>","protected":false},"excerpt":{"rendered":"<p>L\u2019isolateur en verre PSD-70E est sp\u00e9cialement con\u00e7u pour une utilisation dans des zones fortement pollu\u00e9es, telles que les r\u00e9gions c\u00f4ti\u00e8res, les zones mini\u00e8res ou les zones industrielles. Gr\u00e2ce \u00e0 une distance de fuite allong\u00e9e, il constitue une version am\u00e9lior\u00e9e destin\u00e9e \u00e0 remplacer les isolateurs en verre \u00e0 profil standard tels que le PS-70E, con\u00e7us pour des conditions de pollution normale.<\/p>\n<p>L\u2019isolateur en verre PSD-70E assure \u00e0 la fois le soutien m\u00e9canique et l\u2019isolation \u00e9lectrique des lignes de transmission et de distribution haute tension. Lorsqu\u2019il est utilis\u00e9 dans des cha\u00eenes de suspension, les isolateurs sont assembl\u00e9s en s\u00e9rie et fix\u00e9s \u00e0 l\u2019aide de clips en V ou de clips en W, selon l\u2019application sp\u00e9cifique ou la pr\u00e9f\u00e9rence du client.<\/p>\n<p>Actuellement, les principaux march\u00e9s de l\u2019isolateur en verre de suspension PSD-70E sont la Russie, l\u2019Ukraine et les pays d\u2019Asie centrale.<\/p>\n<p>Le mod\u00e8le PSD-70E est fabriqu\u00e9 conform\u00e9ment aux normes CEI, garantissant \u00e0 la fois une r\u00e9sistance m\u00e9canique \u00e9lev\u00e9e et une fiabilit\u00e9 \u00e0 long terme. Il offre une charge de rupture m\u00e9canique minimale de 70 kN, un diam\u00e8tre de jupe de 280 mm, et est disponible en deux hauteurs : 127 mm et 146 mm. Sa distance de fuite de 411 mm le rend particuli\u00e8rement adapt\u00e9 aux environnements pollu\u00e9s n\u00e9cessitant des performances d\u2019isolation \u00e9lev\u00e9es.<\/p>","protected":false},"featured_media":3644,"template":"","meta":[],"product_brand":[],"product_cat":[16,31,27],"product_tag":[],"class_list":{"0":"post-3641","1":"product","2":"type-product","3":"status-publish","4":"has-post-thumbnail","6":"product_cat-glass-insulator","7":"product_cat-products","8":"product_cat-suspension-insulator","10":"first","11":"instock","12":"shipping-taxable","13":"product-type-simple"},"_links":{"self":[{"href":"https:\/\/gaoyapowers.com\/fr\/wp-json\/wp\/v2\/product\/3641"}],"collection":[{"href":"https:\/\/gaoyapowers.com\/fr\/wp-json\/wp\/v2\/product"}],"about":[{"href":"https:\/\/gaoyapowers.com\/fr\/wp-json\/wp\/v2\/types\/product"}],"wp:featuredmedia":[{"embeddable":true,"href":"https:\/\/gaoyapowers.com\/fr\/wp-json\/wp\/v2\/media\/3644"}],"wp:attachment":[{"href":"https:\/\/gaoyapowers.com\/fr\/wp-json\/wp\/v2\/media?parent=3641"}],"wp:term":[{"taxonomy":"product_brand","embeddable":true,"href":"https:\/\/gaoyapowers.com\/fr\/wp-json\/wp\/v2\/product_brand?post=3641"},{"taxonomy":"product_cat","embeddable":true,"href":"https:\/\/gaoyapowers.com\/fr\/wp-json\/wp\/v2\/product_cat?post=3641"},{"taxonomy":"product_tag","embeddable":true,"href":"https:\/\/gaoyapowers.com\/fr\/wp-json\/wp\/v2\/product_tag?post=3641"}],"curies":[{"name":"wp","href":"https:\/\/api.w.org\/{rel}","templated":true}]}}