{"id":4076,"date":"2025-11-08T02:54:50","date_gmt":"2025-11-08T02:54:50","guid":{"rendered":"https:\/\/gaoyapowers.com\/?post_type=product&#038;p=4076"},"modified":"2025-11-25T06:11:35","modified_gmt":"2025-11-25T06:11:35","slug":"ansi-52-1-porcelain-suspension-insulator","status":"publish","type":"product","link":"https:\/\/gaoyapowers.com\/fr\/ansi-52-1-porcelain-suspension-insulator\/","title":{"rendered":"Isolateur en porcelaine ANSI 52-1"},"content":{"rendered":"<p style=\"text-align: center;\"><strong>Sp\u00e9cifications techniques de l\u2019isolateur en porcelaine ANSI 52-1<\/strong><\/p>\n<p><img fetchpriority=\"high\" decoding=\"async\" class=\"wp-image-4089 size-full aligncenter\" src=\"https:\/\/gaoyapowers.com\/wp-content\/uploads\/2025\/11\/\u56fe\u7eb8.webp\" alt=\"ANSI 52-1 technical drawing\" width=\"800\" height=\"396\" srcset=\"https:\/\/gaoyapowers.com\/wp-content\/uploads\/2025\/11\/\u56fe\u7eb8.webp 800w, https:\/\/gaoyapowers.com\/wp-content\/uploads\/2025\/11\/\u56fe\u7eb8-300x149.webp 300w, https:\/\/gaoyapowers.com\/wp-content\/uploads\/2025\/11\/\u56fe\u7eb8-768x380.webp 768w, https:\/\/gaoyapowers.com\/wp-content\/uploads\/2025\/11\/\u56fe\u7eb8-18x9.webp 18w\" sizes=\"(max-width: 800px) 100vw, 800px\" \/><\/p>\n<p><strong>Classe ANSI : ANSI 52-1<\/strong><br \/>\nDiam\u00e8tre (D) : 165 mm<br \/>\nHauteur (H) : 140 mm<br \/>\nDistance de fuite : 178 mm<br \/>\nPoids net : env. 2,5 kg<br \/>\nTension de perforation \u00e0 fr\u00e9quence industrielle : 80 kV<\/p>\n<p>Tension moyenne de claquage (flashover)<br \/>\n1) Fr\u00e9quence industrielle<br \/>\nSec : 60 kV<br \/>\nHumide : 30 kV<\/p>\n<p>2) Flashover par impulsion critique (onde 15\u00d740 \u03bcs)<br \/>\nPositive : 100 kV<br \/>\nN\u00e9gative : 100 kV<\/p>\n<p>Donn\u00e9es de tension d\u2019influence radio (RIV)<br \/>\n1) Tension d\u2019essai \u00e0 la terre : 7,5 kV<br \/>\n2) RIV maximum \u00e0 1000 kHz : 50 \u03bcV<\/p>\n<p>Charge m\u00e9canique nominale de rupture E&amp;M : 44 kN<br \/>\nCharge d\u2019essai \u00e0 la tension : 22 kN<br \/>\nR\u00e9sistance aux chocs : 5 N\u00b7m<br \/>\nCouleur de l\u2019\u00e9mail : Marron ou gris disponible<\/p>","protected":false},"excerpt":{"rendered":"<p>L\u2019isolateur ANSI 52-1 est un isolateur en porcelaine compact offrant une excellente r\u00e9sistance m\u00e9canique \u00e0 la traction et de bonnes propri\u00e9t\u00e9s \u00e9lectriques. Ses principaux param\u00e8tres comprennent un diam\u00e8tre de disque de 165 mm, une hauteur de 140 mm, une distance de fuite de 178 mm, un poids net d\u2019environ 2,5 kg, une charge m\u00e9canique minimale de 44 kN et une tension de claquage \u00e0 fr\u00e9quence industrielle de 80 kV.<\/p>","protected":false},"featured_media":4079,"template":"","meta":[],"product_brand":[],"product_cat":[20,31,27],"product_tag":[],"class_list":{"0":"post-4076","1":"product","2":"type-product","3":"status-publish","4":"has-post-thumbnail","6":"product_cat-porcelain-insulator","7":"product_cat-products","8":"product_cat-suspension-insulator","10":"first","11":"instock","12":"shipping-taxable","13":"product-type-simple"},"_links":{"self":[{"href":"https:\/\/gaoyapowers.com\/fr\/wp-json\/wp\/v2\/product\/4076"}],"collection":[{"href":"https:\/\/gaoyapowers.com\/fr\/wp-json\/wp\/v2\/product"}],"about":[{"href":"https:\/\/gaoyapowers.com\/fr\/wp-json\/wp\/v2\/types\/product"}],"wp:featuredmedia":[{"embeddable":true,"href":"https:\/\/gaoyapowers.com\/fr\/wp-json\/wp\/v2\/media\/4079"}],"wp:attachment":[{"href":"https:\/\/gaoyapowers.com\/fr\/wp-json\/wp\/v2\/media?parent=4076"}],"wp:term":[{"taxonomy":"product_brand","embeddable":true,"href":"https:\/\/gaoyapowers.com\/fr\/wp-json\/wp\/v2\/product_brand?post=4076"},{"taxonomy":"product_cat","embeddable":true,"href":"https:\/\/gaoyapowers.com\/fr\/wp-json\/wp\/v2\/product_cat?post=4076"},{"taxonomy":"product_tag","embeddable":true,"href":"https:\/\/gaoyapowers.com\/fr\/wp-json\/wp\/v2\/product_tag?post=4076"}],"curies":[{"name":"wp","href":"https:\/\/api.w.org\/{rel}","templated":true}]}}