{"id":4092,"date":"2025-11-08T06:53:11","date_gmt":"2025-11-08T06:53:11","guid":{"rendered":"https:\/\/gaoyapowers.com\/?post_type=product&#038;p=4092"},"modified":"2025-11-25T06:23:47","modified_gmt":"2025-11-25T06:23:47","slug":"ansi-52-4-porcelain-suspension-insulator","status":"publish","type":"product","link":"https:\/\/gaoyapowers.com\/fr\/ansi-52-4-porcelain-suspension-insulator\/","title":{"rendered":"Isolateur porcelaine ANSI 52-4"},"content":{"rendered":"<p style=\"text-align: center;\"><strong>Caract\u00e9ristiques Techniques de l\u2019Isolateur Suspendu en Porcelaine ANSI 52-4<\/strong><\/p>\n<p><img fetchpriority=\"high\" decoding=\"async\" class=\"wp-image-4097 size-full aligncenter\" src=\"https:\/\/gaoyapowers.com\/wp-content\/uploads\/2025\/11\/\u56fe\u7eb8-1.webp\" alt=\"ANSI 52-4 Technical Drawing\" width=\"800\" height=\"400\" srcset=\"https:\/\/gaoyapowers.com\/wp-content\/uploads\/2025\/11\/\u56fe\u7eb8-1.webp 800w, https:\/\/gaoyapowers.com\/wp-content\/uploads\/2025\/11\/\u56fe\u7eb8-1-300x150.webp 300w, https:\/\/gaoyapowers.com\/wp-content\/uploads\/2025\/11\/\u56fe\u7eb8-1-768x384.webp 768w, https:\/\/gaoyapowers.com\/wp-content\/uploads\/2025\/11\/\u56fe\u7eb8-1-18x9.webp 18w\" sizes=\"(max-width: 800px) 100vw, 800px\" \/><\/p>\n<p><strong>Classe ANSI : ANSI 52-4<\/strong><br \/>\nDiam\u00e8tre de la coque en porcelaine (D) : 254 mm<br \/>\nEspacement de l\u2019unit\u00e9 (H) : 146 mm<br \/>\nDistance de fuite : 292 mm<br \/>\nR\u00e9sistance combin\u00e9e m\u00e9canique et \u00e9lectrique (M &amp; E) : 70 kN<br \/>\nR\u00e9sistance aux chocs : 6 N\u00b7m<br \/>\nCharge d\u2019essai en tension : 33,5 kN<\/p>\n<p>Tension de flashover basse fr\u00e9quence (sec) : 80 kV<br \/>\nTension de flashover basse fr\u00e9quence (humide) : 50 kV<\/p>\n<p>Tension critique de flashover impulsionnelle (positif) : 125 kV<br \/>\nTension critique de flashover impulsionnelle (n\u00e9gatif) : 130 kV<\/p>\n<p>Tension de perforation basse fr\u00e9quence : 110 kV<br \/>\nDonn\u00e9es de tension d\u2019influence radio (tension d\u2019essai \u00e0 la terre) : 10 kV<br \/>\nDonn\u00e9es de tension d\u2019influence radio (RIV max \u00e0 1000 kHz) : 50 \u03bcV<br \/>\nPoids net approximatif : 4,9 kg<\/p>","protected":false},"excerpt":{"rendered":"<p>L\u2019isolateur suspendu en porcelaine ANSI 52-4 est de type languette et fourche.<br \/>\nIl poss\u00e8de une charge m\u00e9canique minimale de 70 kN, une distance de fuite de 292 mm, un diam\u00e8tre de disque de 254 mm et une hauteur totale de 146 mm.<br \/>\nFabriqu\u00e9 et test\u00e9 conform\u00e9ment aux normes ANSI C29.2, il offre une excellente r\u00e9sistance m\u00e9canique et des performances \u00e9lectriques fiables.<\/p>","protected":false},"featured_media":4093,"template":"","meta":[],"product_brand":[],"product_cat":[20,31,27],"product_tag":[],"class_list":{"0":"post-4092","1":"product","2":"type-product","3":"status-publish","4":"has-post-thumbnail","6":"product_cat-porcelain-insulator","7":"product_cat-products","8":"product_cat-suspension-insulator","10":"first","11":"instock","12":"shipping-taxable","13":"product-type-simple"},"_links":{"self":[{"href":"https:\/\/gaoyapowers.com\/fr\/wp-json\/wp\/v2\/product\/4092"}],"collection":[{"href":"https:\/\/gaoyapowers.com\/fr\/wp-json\/wp\/v2\/product"}],"about":[{"href":"https:\/\/gaoyapowers.com\/fr\/wp-json\/wp\/v2\/types\/product"}],"wp:featuredmedia":[{"embeddable":true,"href":"https:\/\/gaoyapowers.com\/fr\/wp-json\/wp\/v2\/media\/4093"}],"wp:attachment":[{"href":"https:\/\/gaoyapowers.com\/fr\/wp-json\/wp\/v2\/media?parent=4092"}],"wp:term":[{"taxonomy":"product_brand","embeddable":true,"href":"https:\/\/gaoyapowers.com\/fr\/wp-json\/wp\/v2\/product_brand?post=4092"},{"taxonomy":"product_cat","embeddable":true,"href":"https:\/\/gaoyapowers.com\/fr\/wp-json\/wp\/v2\/product_cat?post=4092"},{"taxonomy":"product_tag","embeddable":true,"href":"https:\/\/gaoyapowers.com\/fr\/wp-json\/wp\/v2\/product_tag?post=4092"}],"curies":[{"name":"wp","href":"https:\/\/api.w.org\/{rel}","templated":true}]}}