{"id":4290,"date":"2025-12-23T03:23:36","date_gmt":"2025-12-23T03:23:36","guid":{"rendered":"https:\/\/gaoyapowers.com\/?post_type=product&#038;p=4290"},"modified":"2025-12-23T03:23:37","modified_gmt":"2025-12-23T03:23:37","slug":"11kv-insulators","status":"publish","type":"product","link":"https:\/\/gaoyapowers.com\/fr\/11kv-insulators\/","title":{"rendered":"Isolateurs 11kV : types Pin, Disc &amp; Stay"},"content":{"rendered":"<p><strong>Sp\u00e9cifications techniques de l\u2019isolateur Pin en porcelaine 11kV avec broche GI (P6-11-Y)<\/strong><\/p>\n<p><img fetchpriority=\"high\" decoding=\"async\" class=\"alignnone wp-image-4296 size-full\" src=\"https:\/\/gaoyapowers.com\/wp-content\/uploads\/2025\/12\/P6-11-Y\u9488\u5f0f\u74f7\u7edd\u7f18\u5b50\u5e26pin-\u56fe\u7eb8.webp\" alt=\"11 kv pin insulator with gi pin technical specifications\" width=\"800\" height=\"500\" srcset=\"https:\/\/gaoyapowers.com\/wp-content\/uploads\/2025\/12\/P6-11-Y\u9488\u5f0f\u74f7\u7edd\u7f18\u5b50\u5e26pin-\u56fe\u7eb8.webp 800w, https:\/\/gaoyapowers.com\/wp-content\/uploads\/2025\/12\/P6-11-Y\u9488\u5f0f\u74f7\u7edd\u7f18\u5b50\u5e26pin-\u56fe\u7eb8-300x188.webp 300w, https:\/\/gaoyapowers.com\/wp-content\/uploads\/2025\/12\/P6-11-Y\u9488\u5f0f\u74f7\u7edd\u7f18\u5b50\u5e26pin-\u56fe\u7eb8-768x480.webp 768w, https:\/\/gaoyapowers.com\/wp-content\/uploads\/2025\/12\/P6-11-Y\u9488\u5f0f\u74f7\u7edd\u7f18\u5b50\u5e26pin-\u56fe\u7eb8-18x12.webp 18w\" sizes=\"(max-width: 800px) 100vw, 800px\" \/><\/p>\n<p>&nbsp;<\/p>\n<p><strong>Sp\u00e9cifications techniques de l\u2019isolateur Pin polym\u00e8re 11kV (FPW-11T20)<\/strong><\/p>\n<p><img decoding=\"async\" class=\"alignnone wp-image-4293 size-full\" src=\"https:\/\/gaoyapowers.com\/wp-content\/uploads\/2025\/12\/11kV-\u9488\u5f0f\u590d\u5408\u56fe\u7eb8\u53c2\u6570.webp\" alt=\"11kv polymer pin insulator technical specifications\" width=\"800\" height=\"444\" srcset=\"https:\/\/gaoyapowers.com\/wp-content\/uploads\/2025\/12\/11kV-\u9488\u5f0f\u590d\u5408\u56fe\u7eb8\u53c2\u6570.webp 800w, https:\/\/gaoyapowers.com\/wp-content\/uploads\/2025\/12\/11kV-\u9488\u5f0f\u590d\u5408\u56fe\u7eb8\u53c2\u6570-300x167.webp 300w, https:\/\/gaoyapowers.com\/wp-content\/uploads\/2025\/12\/11kV-\u9488\u5f0f\u590d\u5408\u56fe\u7eb8\u53c2\u6570-768x426.webp 768w, https:\/\/gaoyapowers.com\/wp-content\/uploads\/2025\/12\/11kV-\u9488\u5f0f\u590d\u5408\u56fe\u7eb8\u53c2\u6570-18x10.webp 18w\" sizes=\"(max-width: 800px) 100vw, 800px\" \/><\/p>\n<p>&nbsp;<\/p>\n<p><strong>Sp\u00e9cifications techniques de l\u2019isolateur Disc polym\u00e8re 11kV (FXBW-11\/70)<\/strong><\/p>\n<p><img decoding=\"async\" class=\"alignnone wp-image-4308 size-full\" src=\"https:\/\/gaoyapowers.com\/wp-content\/uploads\/2025\/12\/11kV-Polymer-disc-insualtor-\u56fe\u7eb8.webp\" alt=\"11kv polymer disc insulator technical drawing and specifications\" width=\"800\" height=\"500\" srcset=\"https:\/\/gaoyapowers.com\/wp-content\/uploads\/2025\/12\/11kV-Polymer-disc-insualtor-\u56fe\u7eb8.webp 800w, https:\/\/gaoyapowers.com\/wp-content\/uploads\/2025\/12\/11kV-Polymer-disc-insualtor-\u56fe\u7eb8-300x188.webp 300w, https:\/\/gaoyapowers.com\/wp-content\/uploads\/2025\/12\/11kV-Polymer-disc-insualtor-\u56fe\u7eb8-768x480.webp 768w, https:\/\/gaoyapowers.com\/wp-content\/uploads\/2025\/12\/11kV-Polymer-disc-insualtor-\u56fe\u7eb8-18x12.webp 18w\" sizes=\"(max-width: 800px) 100vw, 800px\" \/><\/p>\n<p>&nbsp;<\/p>\n<p><strong>Sp\u00e9cifications techniques de l\u2019isolateur Disc 11kV (U70BL)<\/strong><\/p>\n<p><img loading=\"lazy\" decoding=\"async\" class=\"alignnone wp-image-4111\" src=\"https:\/\/gaoyapowers.com\/wp-content\/uploads\/2025\/11\/\u53c2\u6570\u56fe1.webp\" alt=\"U70BL 11kV 33kV disc insulator technical drawing specifications\" width=\"800\" height=\"362\" srcset=\"https:\/\/gaoyapowers.com\/wp-content\/uploads\/2025\/11\/\u53c2\u6570\u56fe1.webp 1000w, https:\/\/gaoyapowers.com\/wp-content\/uploads\/2025\/11\/\u53c2\u6570\u56fe1-300x136.webp 300w, https:\/\/gaoyapowers.com\/wp-content\/uploads\/2025\/11\/\u53c2\u6570\u56fe1-768x348.webp 768w, https:\/\/gaoyapowers.com\/wp-content\/uploads\/2025\/11\/\u53c2\u6570\u56fe1-18x8.webp 18w\" sizes=\"(max-width: 800px) 100vw, 800px\" \/><\/p>\n<p>&nbsp;<\/p>\n<p><strong>Sp\u00e9cifications techniques de l\u2019isolateur Stay 11kV (ANSI 54-2)<\/strong><\/p>\n<p><img loading=\"lazy\" decoding=\"async\" class=\"alignnone wp-image-4295 size-full\" src=\"https:\/\/gaoyapowers.com\/wp-content\/uploads\/2025\/12\/11kV\u62c9\u7d27\u7edd\u7f18\u5b50-ANSI-54-2.webp\" alt=\"11kV Stay Insulator ANSI 54-2 Technical Specifications\" width=\"800\" height=\"407\" srcset=\"https:\/\/gaoyapowers.com\/wp-content\/uploads\/2025\/12\/11kV\u62c9\u7d27\u7edd\u7f18\u5b50-ANSI-54-2.webp 800w, https:\/\/gaoyapowers.com\/wp-content\/uploads\/2025\/12\/11kV\u62c9\u7d27\u7edd\u7f18\u5b50-ANSI-54-2-300x153.webp 300w, https:\/\/gaoyapowers.com\/wp-content\/uploads\/2025\/12\/11kV\u62c9\u7d27\u7edd\u7f18\u5b50-ANSI-54-2-768x391.webp 768w, https:\/\/gaoyapowers.com\/wp-content\/uploads\/2025\/12\/11kV\u62c9\u7d27\u7edd\u7f18\u5b50-ANSI-54-2-18x9.webp 18w\" sizes=\"(max-width: 800px) 100vw, 800px\" \/><\/p>","protected":false},"excerpt":{"rendered":"<p data-start=\"133\" data-end=\"430\">Les isolateurs 11kV sont largement utilis\u00e9s dans les r\u00e9seaux de distribution moyenne tension pour assurer une isolation \u00e9lectrique fiable et un support m\u00e9canique pour les lignes a\u00e9riennes. Notre gamme de produits comprend les types Pin, Disc &amp; Stay, con\u00e7us pour r\u00e9pondre \u00e0 diff\u00e9rentes exigences d\u2019installation et conditions de fonctionnement.<\/p>\n<p data-start=\"432\" data-end=\"809\">Les isolateurs Pin 11kV sont g\u00e9n\u00e9ralement install\u00e9s sur les poteaux de distribution, offrant une performance stable et une installation facile. Les isolateurs Disc conviennent aux applications en suspension et sous tension, offrant une excellente r\u00e9sistance m\u00e9canique et une isolation fiable. Les isolateurs Stay sont principalement utilis\u00e9s sur les haubans afin d\u2019assurer la s\u00e9curit\u00e9 et l\u2019isolement \u00e9lectrique dans les ensembles de haubanage.<\/p>\n<p data-start=\"811\" data-end=\"1136\">Fabriqu\u00e9s avec des mat\u00e9riaux en porcelaine ou polym\u00e8re de haute qualit\u00e9, nos isolateurs 11kV sont conformes aux normes IEC et adapt\u00e9s \u00e0 une utilisation ext\u00e9rieure de longue dur\u00e9e dans divers climats. Le contr\u00f4le qualit\u00e9 constant et la fourniture directe d\u2019usine font de ces isolateurs un choix id\u00e9al pour les projets de services publics et les syst\u00e8mes de distribution \u00e9lectrique.<\/p>","protected":false},"featured_media":4303,"template":"","meta":[],"product_brand":[],"product_cat":[31],"product_tag":[],"class_list":{"0":"post-4290","1":"product","2":"type-product","3":"status-publish","4":"has-post-thumbnail","6":"product_cat-products","8":"first","9":"instock","10":"shipping-taxable","11":"product-type-simple"},"_links":{"self":[{"href":"https:\/\/gaoyapowers.com\/fr\/wp-json\/wp\/v2\/product\/4290"}],"collection":[{"href":"https:\/\/gaoyapowers.com\/fr\/wp-json\/wp\/v2\/product"}],"about":[{"href":"https:\/\/gaoyapowers.com\/fr\/wp-json\/wp\/v2\/types\/product"}],"wp:featuredmedia":[{"embeddable":true,"href":"https:\/\/gaoyapowers.com\/fr\/wp-json\/wp\/v2\/media\/4303"}],"wp:attachment":[{"href":"https:\/\/gaoyapowers.com\/fr\/wp-json\/wp\/v2\/media?parent=4290"}],"wp:term":[{"taxonomy":"product_brand","embeddable":true,"href":"https:\/\/gaoyapowers.com\/fr\/wp-json\/wp\/v2\/product_brand?post=4290"},{"taxonomy":"product_cat","embeddable":true,"href":"https:\/\/gaoyapowers.com\/fr\/wp-json\/wp\/v2\/product_cat?post=4290"},{"taxonomy":"product_tag","embeddable":true,"href":"https:\/\/gaoyapowers.com\/fr\/wp-json\/wp\/v2\/product_tag?post=4290"}],"curies":[{"name":"wp","href":"https:\/\/api.w.org\/{rel}","templated":true}]}}