{"id":4292,"date":"2025-12-23T03:31:09","date_gmt":"2025-12-23T03:31:09","guid":{"rendered":"https:\/\/gaoyapowers.com\/?post_type=product&#038;p=4292"},"modified":"2025-12-23T03:31:09","modified_gmt":"2025-12-23T03:31:09","slug":"33kv-insulators","status":"publish","type":"product","link":"https:\/\/gaoyapowers.com\/fr\/33kv-insulators\/","title":{"rendered":"Isolateurs 33kV : types Pin, Disc, Post et Stay"},"content":{"rendered":"<p><strong>Sp\u00e9cifications techniques de l\u2019isolateur Pin en porcelaine 33kV (PQ11-33)<\/strong><\/p>\n<p><img fetchpriority=\"high\" decoding=\"async\" class=\"alignnone wp-image-4300 size-full\" src=\"https:\/\/gaoyapowers.com\/wp-content\/uploads\/2025\/12\/PQ11-33-\u9488\u5f0f\u74f7\u7edd\u7f18\u5b50\u5e26pin-\u56fe\u7eb8.webp\" alt=\"33kv porcelain pin insulator drawing\" width=\"800\" height=\"484\" srcset=\"https:\/\/gaoyapowers.com\/wp-content\/uploads\/2025\/12\/PQ11-33-\u9488\u5f0f\u74f7\u7edd\u7f18\u5b50\u5e26pin-\u56fe\u7eb8.webp 800w, https:\/\/gaoyapowers.com\/wp-content\/uploads\/2025\/12\/PQ11-33-\u9488\u5f0f\u74f7\u7edd\u7f18\u5b50\u5e26pin-\u56fe\u7eb8-300x182.webp 300w, https:\/\/gaoyapowers.com\/wp-content\/uploads\/2025\/12\/PQ11-33-\u9488\u5f0f\u74f7\u7edd\u7f18\u5b50\u5e26pin-\u56fe\u7eb8-768x465.webp 768w, https:\/\/gaoyapowers.com\/wp-content\/uploads\/2025\/12\/PQ11-33-\u9488\u5f0f\u74f7\u7edd\u7f18\u5b50\u5e26pin-\u56fe\u7eb8-18x12.webp 18w\" sizes=\"(max-width: 800px) 100vw, 800px\" \/><\/p>\n<p>&nbsp;<\/p>\n<p><strong>Sp\u00e9cifications techniques de l\u2019isolateur Disc polym\u00e8re 33kV (FXBW3-33\/70)<\/strong><\/p>\n<p><img decoding=\"async\" class=\"alignnone wp-image-4301 size-full\" src=\"https:\/\/gaoyapowers.com\/wp-content\/uploads\/2025\/12\/33kV-disc\u60ac\u5f0f\u590d\u5408\u56fe\u7eb8.webp\" alt=\"33kv polymer disc insulator technical drawing and specifications\" width=\"700\" height=\"490\" srcset=\"https:\/\/gaoyapowers.com\/wp-content\/uploads\/2025\/12\/33kV-disc\u60ac\u5f0f\u590d\u5408\u56fe\u7eb8.webp 700w, https:\/\/gaoyapowers.com\/wp-content\/uploads\/2025\/12\/33kV-disc\u60ac\u5f0f\u590d\u5408\u56fe\u7eb8-300x210.webp 300w, https:\/\/gaoyapowers.com\/wp-content\/uploads\/2025\/12\/33kV-disc\u60ac\u5f0f\u590d\u5408\u56fe\u7eb8-18x12.webp 18w\" sizes=\"(max-width: 700px) 100vw, 700px\" \/><\/p>\n<p>&nbsp;<\/p>\n<p><strong>Dessins et sp\u00e9cifications de l\u2019isolateur Pin polym\u00e8re 33kV\u00a0<\/strong><\/p>\n<p><img decoding=\"async\" class=\"alignnone wp-image-4302 size-full\" src=\"https:\/\/gaoyapowers.com\/wp-content\/uploads\/2025\/12\/33kV-Polymer-pin-\u7edd\u7f18\u5b50\u56fe\u7eb8.webp\" alt=\"33kv polymer pin insulator drawing and specifications\" width=\"800\" height=\"492\" srcset=\"https:\/\/gaoyapowers.com\/wp-content\/uploads\/2025\/12\/33kV-Polymer-pin-\u7edd\u7f18\u5b50\u56fe\u7eb8.webp 800w, https:\/\/gaoyapowers.com\/wp-content\/uploads\/2025\/12\/33kV-Polymer-pin-\u7edd\u7f18\u5b50\u56fe\u7eb8-300x185.webp 300w, https:\/\/gaoyapowers.com\/wp-content\/uploads\/2025\/12\/33kV-Polymer-pin-\u7edd\u7f18\u5b50\u56fe\u7eb8-768x472.webp 768w, https:\/\/gaoyapowers.com\/wp-content\/uploads\/2025\/12\/33kV-Polymer-pin-\u7edd\u7f18\u5b50\u56fe\u7eb8-18x12.webp 18w\" sizes=\"(max-width: 800px) 100vw, 800px\" \/><\/p>\n<p>&nbsp;<\/p>\n<p><strong>Dessins et sp\u00e9cifications de l\u2019isolateur Post 33kV (ANSI 57-3S\/L)<\/strong><\/p>\n<p><img loading=\"lazy\" decoding=\"async\" class=\"alignnone wp-image-4298 size-full\" src=\"https:\/\/gaoyapowers.com\/wp-content\/uploads\/2025\/12\/33kV-Post-insulator-ANSI-57-3S-L-\u56fe\u7eb8.webp\" alt=\"33kv post insulator drawing\" width=\"800\" height=\"467\" srcset=\"https:\/\/gaoyapowers.com\/wp-content\/uploads\/2025\/12\/33kV-Post-insulator-ANSI-57-3S-L-\u56fe\u7eb8.webp 800w, https:\/\/gaoyapowers.com\/wp-content\/uploads\/2025\/12\/33kV-Post-insulator-ANSI-57-3S-L-\u56fe\u7eb8-300x175.webp 300w, https:\/\/gaoyapowers.com\/wp-content\/uploads\/2025\/12\/33kV-Post-insulator-ANSI-57-3S-L-\u56fe\u7eb8-768x448.webp 768w, https:\/\/gaoyapowers.com\/wp-content\/uploads\/2025\/12\/33kV-Post-insulator-ANSI-57-3S-L-\u56fe\u7eb8-18x12.webp 18w\" sizes=\"(max-width: 800px) 100vw, 800px\" \/><\/p>\n<p>&nbsp;<\/p>\n<p><strong>Sp\u00e9cifications techniques de l\u2019isolateur Disc en porcelaine 33kV (U70BL)<\/strong><\/p>\n<p><img loading=\"lazy\" decoding=\"async\" class=\"alignnone wp-image-4297 size-full\" src=\"https:\/\/gaoyapowers.com\/wp-content\/uploads\/2025\/12\/33kV\u60ac\u5f0f\u74f7\u7edd\u7f18\u5b50-U70BL-\u56fe\u7eb8.webp\" alt=\"33kV disc insulator drawing\" width=\"800\" height=\"468\" srcset=\"https:\/\/gaoyapowers.com\/wp-content\/uploads\/2025\/12\/33kV\u60ac\u5f0f\u74f7\u7edd\u7f18\u5b50-U70BL-\u56fe\u7eb8.webp 800w, https:\/\/gaoyapowers.com\/wp-content\/uploads\/2025\/12\/33kV\u60ac\u5f0f\u74f7\u7edd\u7f18\u5b50-U70BL-\u56fe\u7eb8-300x176.webp 300w, https:\/\/gaoyapowers.com\/wp-content\/uploads\/2025\/12\/33kV\u60ac\u5f0f\u74f7\u7edd\u7f18\u5b50-U70BL-\u56fe\u7eb8-768x449.webp 768w, https:\/\/gaoyapowers.com\/wp-content\/uploads\/2025\/12\/33kV\u60ac\u5f0f\u74f7\u7edd\u7f18\u5b50-U70BL-\u56fe\u7eb8-18x12.webp 18w\" sizes=\"(max-width: 800px) 100vw, 800px\" \/><\/p>\n<p>&nbsp;<\/p>\n<p><strong>Sp\u00e9cifications techniques de l\u2019isolateur Stay 33kV (ANSI 54-4)<\/strong><\/p>\n<p><img loading=\"lazy\" decoding=\"async\" class=\"alignnone wp-image-4299 size-full\" src=\"https:\/\/gaoyapowers.com\/wp-content\/uploads\/2025\/12\/33kV\u62c9\u7d27\u7edd\u7f18\u5b50-ANSI54-4.webp\" alt=\"33kv stay insulator technical drawing and specifications\" width=\"800\" height=\"407\" srcset=\"https:\/\/gaoyapowers.com\/wp-content\/uploads\/2025\/12\/33kV\u62c9\u7d27\u7edd\u7f18\u5b50-ANSI54-4.webp 800w, https:\/\/gaoyapowers.com\/wp-content\/uploads\/2025\/12\/33kV\u62c9\u7d27\u7edd\u7f18\u5b50-ANSI54-4-300x153.webp 300w, https:\/\/gaoyapowers.com\/wp-content\/uploads\/2025\/12\/33kV\u62c9\u7d27\u7edd\u7f18\u5b50-ANSI54-4-768x391.webp 768w, https:\/\/gaoyapowers.com\/wp-content\/uploads\/2025\/12\/33kV\u62c9\u7d27\u7edd\u7f18\u5b50-ANSI54-4-18x9.webp 18w\" sizes=\"(max-width: 800px) 100vw, 800px\" \/><\/p>","protected":false},"excerpt":{"rendered":"<p>Les isolateurs 33kV sont couramment utilis\u00e9s dans les lignes de distribution primaire et les r\u00e9seaux de sous-transmission, o\u00f9 des distances d\u2019isolement plus \u00e9lev\u00e9es et une grande fiabilit\u00e9 m\u00e9canique sont requises. Ces isolateurs jouent un r\u00f4le essentiel dans le maintien de la stabilit\u00e9 des lignes et des performances d\u2019isolation sous des contraintes de tension accrues.<\/p>\n<p>La gamme d\u2019isolateurs 33kV comprend les types Pin, Disc, Post et Stay, chacun \u00e9tant con\u00e7u pour des fonctions structurelles et op\u00e9rationnelles sp\u00e9cifiques.\nLes isolateurs Pin sont principalement install\u00e9s sur les traverses pour les lignes droites.\nLes isolateurs Disc sont assembl\u00e9s en cha\u00eenes de suspension ou d\u2019ancrage afin de supporter des charges m\u00e9caniques plus \u00e9lev\u00e9es.\nLes isolateurs Post conviennent aux lignes et aux \u00e9quipements de postes \u00e9lectriques, offrant un support rigide et une isolation fiable.\nLes isolateurs Stay sont install\u00e9s sur les haubans pour assurer l\u2019isolement \u00e9lectrique et la s\u00e9curit\u00e9 d\u2019exploitation.<\/p>\n<p>Fabriqu\u00e9s en porcelaine ou en mat\u00e9riaux polym\u00e8res de haute qualit\u00e9, ces isolateurs 33kV sont produits conform\u00e9ment aux normes IEC et conviennent \u00e0 une utilisation ext\u00e9rieure dans des environnements exigeants. La fabrication contr\u00f4l\u00e9e en usine garantit une qualit\u00e9 constante pour les projets des services publics et des infrastructures \u00e9lectriques.<\/p>","protected":false},"featured_media":4304,"template":"","meta":[],"product_brand":[],"product_cat":[31],"product_tag":[],"class_list":{"0":"post-4292","1":"product","2":"type-product","3":"status-publish","4":"has-post-thumbnail","6":"product_cat-products","8":"first","9":"instock","10":"shipping-taxable","11":"product-type-simple"},"_links":{"self":[{"href":"https:\/\/gaoyapowers.com\/fr\/wp-json\/wp\/v2\/product\/4292"}],"collection":[{"href":"https:\/\/gaoyapowers.com\/fr\/wp-json\/wp\/v2\/product"}],"about":[{"href":"https:\/\/gaoyapowers.com\/fr\/wp-json\/wp\/v2\/types\/product"}],"wp:featuredmedia":[{"embeddable":true,"href":"https:\/\/gaoyapowers.com\/fr\/wp-json\/wp\/v2\/media\/4304"}],"wp:attachment":[{"href":"https:\/\/gaoyapowers.com\/fr\/wp-json\/wp\/v2\/media?parent=4292"}],"wp:term":[{"taxonomy":"product_brand","embeddable":true,"href":"https:\/\/gaoyapowers.com\/fr\/wp-json\/wp\/v2\/product_brand?post=4292"},{"taxonomy":"product_cat","embeddable":true,"href":"https:\/\/gaoyapowers.com\/fr\/wp-json\/wp\/v2\/product_cat?post=4292"},{"taxonomy":"product_tag","embeddable":true,"href":"https:\/\/gaoyapowers.com\/fr\/wp-json\/wp\/v2\/product_tag?post=4292"}],"curies":[{"name":"wp","href":"https:\/\/api.w.org\/{rel}","templated":true}]}}