{"id":4399,"date":"2026-04-09T08:25:38","date_gmt":"2026-04-09T08:25:38","guid":{"rendered":"https:\/\/gaoyapowers.com\/?post_type=product&#038;p=4399"},"modified":"2026-04-09T08:25:38","modified_gmt":"2026-04-09T08:25:38","slug":"rtv-silicone-electrical-insulator","status":"publish","type":"product","link":"https:\/\/gaoyapowers.com\/fr\/rtv-silicone-electrical-insulator\/","title":{"rendered":"Isolateur \u00e9lectrique en silicone RTV"},"content":{"rendered":"<p data-start=\"527\" data-end=\"612\"><strong data-start=\"527\" data-end=\"612\">Sp\u00e9cifications techniques de l\u2019isolateur \u00e0 disque en porcelaine rev\u00eatu de RTV (double jupe, 120 kN)<\/strong><\/p>\n<p data-start=\"427\" data-end=\"444\"><img fetchpriority=\"high\" decoding=\"async\" class=\"alignnone wp-image-4405 size-full\" src=\"https:\/\/gaoyapowers.com\/wp-content\/uploads\/2026\/04\/\u7ea2\u8272\u53cc\u4f1eRTV\u74f7\u7edd\u7f18\u5b50\u56fe\u7eb8\u53c2\u6570.webp\" alt=\"Sp\u00e9cifications techniques de l\u2019isolateur \u00e0 disque en porcelaine rev\u00eatu de RTV (double jupe, 120 kN)\" width=\"1000\" height=\"686\" srcset=\"https:\/\/gaoyapowers.com\/wp-content\/uploads\/2026\/04\/\u7ea2\u8272\u53cc\u4f1eRTV\u74f7\u7edd\u7f18\u5b50\u56fe\u7eb8\u53c2\u6570.webp 1000w, https:\/\/gaoyapowers.com\/wp-content\/uploads\/2026\/04\/\u7ea2\u8272\u53cc\u4f1eRTV\u74f7\u7edd\u7f18\u5b50\u56fe\u7eb8\u53c2\u6570-300x206.webp 300w, https:\/\/gaoyapowers.com\/wp-content\/uploads\/2026\/04\/\u7ea2\u8272\u53cc\u4f1eRTV\u74f7\u7edd\u7f18\u5b50\u56fe\u7eb8\u53c2\u6570-768x527.webp 768w, https:\/\/gaoyapowers.com\/wp-content\/uploads\/2026\/04\/\u7ea2\u8272\u53cc\u4f1eRTV\u74f7\u7edd\u7f18\u5b50\u56fe\u7eb8\u53c2\u6570-18x12.webp 18w\" sizes=\"(max-width: 1000px) 100vw, 1000px\" \/><\/p>","protected":false},"excerpt":{"rendered":"<p>L\u2019isolateur \u00e9lectrique en silicone RTV, \u00e9galement appel\u00e9 isolateur rev\u00eatu de RTV, est un type d\u2019isolateur trait\u00e9 avec un rev\u00eatement en caoutchouc de silicone vulcanis\u00e9 \u00e0 temp\u00e9rature ambiante, appliqu\u00e9 sur la surface d\u2019isolateurs en verre ou en porcelaine d\u00e9j\u00e0 finis. Ce rev\u00eatement peut \u00eatre appliqu\u00e9 enti\u00e8rement ou partiellement, afin d\u2019am\u00e9liorer l\u2019hydrophobicit\u00e9, de renforcer la r\u00e9sistance \u00e0 la pollution et de r\u00e9duire les co\u00fbts de maintenance. Les isolateurs rev\u00eatus de RTV conviennent particuli\u00e8rement aux zones c\u00f4ti\u00e8res, aux zones industrielles, aux environnements \u00e0 forte humidit\u00e9, aux r\u00e9gions expos\u00e9es au brouillard salin et aux endroits poussi\u00e9reux.<\/p>","protected":false},"featured_media":4401,"template":"","meta":[],"product_brand":[],"product_cat":[31],"product_tag":[],"class_list":{"0":"post-4399","1":"product","2":"type-product","3":"status-publish","4":"has-post-thumbnail","6":"product_cat-products","8":"first","9":"instock","10":"shipping-taxable","11":"product-type-simple"},"_links":{"self":[{"href":"https:\/\/gaoyapowers.com\/fr\/wp-json\/wp\/v2\/product\/4399"}],"collection":[{"href":"https:\/\/gaoyapowers.com\/fr\/wp-json\/wp\/v2\/product"}],"about":[{"href":"https:\/\/gaoyapowers.com\/fr\/wp-json\/wp\/v2\/types\/product"}],"wp:featuredmedia":[{"embeddable":true,"href":"https:\/\/gaoyapowers.com\/fr\/wp-json\/wp\/v2\/media\/4401"}],"wp:attachment":[{"href":"https:\/\/gaoyapowers.com\/fr\/wp-json\/wp\/v2\/media?parent=4399"}],"wp:term":[{"taxonomy":"product_brand","embeddable":true,"href":"https:\/\/gaoyapowers.com\/fr\/wp-json\/wp\/v2\/product_brand?post=4399"},{"taxonomy":"product_cat","embeddable":true,"href":"https:\/\/gaoyapowers.com\/fr\/wp-json\/wp\/v2\/product_cat?post=4399"},{"taxonomy":"product_tag","embeddable":true,"href":"https:\/\/gaoyapowers.com\/fr\/wp-json\/wp\/v2\/product_tag?post=4399"}],"curies":[{"name":"wp","href":"https:\/\/api.w.org\/{rel}","templated":true}]}}