{"id":1044,"date":"2024-11-06T03:02:40","date_gmt":"2024-11-06T03:02:40","guid":{"rendered":"https:\/\/gaoyapowers.com\/?post_type=product&#038;p=1044"},"modified":"2025-07-02T03:52:39","modified_gmt":"2025-07-02T03:52:39","slug":"u40b-40kn-glass-suspension-disc-insulator","status":"publish","type":"product","link":"https:\/\/gaoyapowers.com\/vi\/u40b-40kn-glass-suspension-disc-insulator\/","title":{"rendered":"S\u1ee9 b\u00e1t th\u1ee7y tinh U40B"},"content":{"rendered":"<p style=\"text-align: center;\"><strong>Th\u00f4ng s\u1ed1 k\u1ef9 thu\u1eadt c\u1ee7a s\u1ee9 b\u00e1t th\u1ee7y tinh U40B<\/strong><\/p>\n<p><img fetchpriority=\"high\" decoding=\"async\" class=\"wp-image-1045 aligncenter\" src=\"https:\/\/gaoyapowers.com\/wp-content\/uploads\/2024\/11\/drawing.jpg\" alt=\"u40b glass insulator drawing\" width=\"400\" height=\"275\" srcset=\"https:\/\/gaoyapowers.com\/wp-content\/uploads\/2024\/11\/drawing.jpg 500w, https:\/\/gaoyapowers.com\/wp-content\/uploads\/2024\/11\/drawing-300x206.jpg 300w\" sizes=\"(max-width: 400px) 100vw, 400px\" \/><\/p>\n\n<div class=\"wpdt-c row wpDataTableContainerSimpleTable wpDataTables wpDataTablesWrapper wdtscroll\"\n    >\n        <table id=\"wpdtSimpleTable-8\"\n           style=\"border-collapse:collapse;                   border-spacing:0px;\"\n           class=\"wpdtSimpleTable wpDataTable\"\n           data-column=\"3\"\n           data-rows=\"10\"\n           data-wpid=\"8\"\n           data-responsive=\"0\"\n           data-has-header=\"0\">\n\n                    <tbody>        <tr class=\"wpdt-cell-row\" >\n                                <td class=\"wpdt-cell\"\n                                            data-cell-id=\"A1\"\n                    data-col-index=\"0\"\n                    data-row-index=\"0\"\n                    style=\" width:322px;                    padding:5px;                    \"\n                    >\n                                        Lo\u1ea1i c\u01a1 b\u1ea3n                    <\/td>\n                                                <td class=\"wpdt-cell wpdt-bold\"\n                                            data-cell-id=\"B1\"\n                    data-col-index=\"1\"\n                    data-row-index=\"0\"\n                    style=\" width:122px;                    padding:5px;                    \"\n                    >\n                                        U40B                    <\/td>\n                                                <td class=\"wpdt-cell\"\n                                            data-cell-id=\"C1\"\n                    data-col-index=\"2\"\n                    data-row-index=\"0\"\n                    style=\" width:122px;                    padding:5px;                    \"\n                    >\n                                        U40BP                    <\/td>\n                                        <\/tr>\n                            <tr class=\"wpdt-cell-row\" >\n                                <td class=\"wpdt-cell\"\n                                            data-cell-id=\"A2\"\n                    data-col-index=\"0\"\n                    data-row-index=\"1\"\n                    style=\"                    padding:5px;                    \"\n                    >\n                                        L\u1ef1c \u0111\u1ee9t c\u01a1 h\u1ecdc t\u1ed1i thi\u1ec3u (kN)                    <\/td>\n                                                <td class=\"wpdt-cell wpdt-bold\"\n                                            data-cell-id=\"B2\"\n                    data-col-index=\"1\"\n                    data-row-index=\"1\"\n                    style=\"                    padding:5px;                    \"\n                    >\n                                        40                    <\/td>\n                                                <td class=\"wpdt-cell\"\n                                            data-cell-id=\"C2\"\n                    data-col-index=\"2\"\n                    data-row-index=\"1\"\n                    style=\"                    padding:5px;                    \"\n                    >\n                                        40                    <\/td>\n                                        <\/tr>\n                            <tr class=\"wpdt-cell-row\" >\n                                <td class=\"wpdt-cell\"\n                                            data-cell-id=\"A3\"\n                    data-col-index=\"0\"\n                    data-row-index=\"2\"\n                    style=\"                    padding:5px;                    \"\n                    >\n                                        \u0110\u01b0\u1eddng k\u00ednh danh \u0111\u1ecbnh D (mm)                    <\/td>\n                                                <td class=\"wpdt-cell wpdt-bold\"\n                                            data-cell-id=\"B3\"\n                    data-col-index=\"1\"\n                    data-row-index=\"2\"\n                    style=\"                    padding:5px;                    \"\n                    >\n                                        178                    <\/td>\n                                                <td class=\"wpdt-cell\"\n                                            data-cell-id=\"C3\"\n                    data-col-index=\"2\"\n                    data-row-index=\"2\"\n                    style=\"                    padding:5px;                    \"\n                    >\n                                        178                    <\/td>\n                                        <\/tr>\n                            <tr class=\"wpdt-cell-row\" >\n                                <td class=\"wpdt-cell\"\n                                            data-cell-id=\"A4\"\n                    data-col-index=\"0\"\n                    data-row-index=\"3\"\n                    style=\"                    padding:5px;                    \"\n                    >\n                                        Kho\u1ea3ng c\u00e1ch danh \u0111\u1ecbnh H (mm)                    <\/td>\n                                                <td class=\"wpdt-cell wpdt-bold\"\n                                            data-cell-id=\"B4\"\n                    data-col-index=\"1\"\n                    data-row-index=\"3\"\n                    style=\"                    padding:5px;                    \"\n                    >\n                                        110                    <\/td>\n                                                <td class=\"wpdt-cell\"\n                                            data-cell-id=\"C4\"\n                    data-col-index=\"2\"\n                    data-row-index=\"3\"\n                    style=\"                    padding:5px;                    \"\n                    >\n                                        110                    <\/td>\n                                        <\/tr>\n                            <tr class=\"wpdt-cell-row\" >\n                                <td class=\"wpdt-cell\"\n                                            data-cell-id=\"A5\"\n                    data-col-index=\"0\"\n                    data-row-index=\"4\"\n                    style=\"                    padding:5px;                    \"\n                    >\n                                        C\u1ef1 ly r\u00f2 danh \u0111\u1ecbnh (mm)                    <\/td>\n                                                <td class=\"wpdt-cell wpdt-bold\"\n                                            data-cell-id=\"B5\"\n                    data-col-index=\"1\"\n                    data-row-index=\"4\"\n                    style=\"                    padding:5px;                    \"\n                    >\n                                        185                    <\/td>\n                                                <td class=\"wpdt-cell\"\n                                            data-cell-id=\"C5\"\n                    data-col-index=\"2\"\n                    data-row-index=\"4\"\n                    style=\"                    padding:5px;                    \"\n                    >\n                                        300                    <\/td>\n                                        <\/tr>\n                            <tr class=\"wpdt-cell-row\" >\n                                <td class=\"wpdt-cell\"\n                                            data-cell-id=\"A6\"\n                    data-col-index=\"0\"\n                    data-row-index=\"5\"\n                    style=\"                    padding:5px;                    \"\n                    >\n                                        Chu\u1ea9n kh\u1edbp n\u1ed1i \/ ch\u1ed1t n\u1ed1i                    <\/td>\n                                                <td class=\"wpdt-cell wpdt-bold\"\n                                            data-cell-id=\"B6\"\n                    data-col-index=\"1\"\n                    data-row-index=\"5\"\n                    style=\"                    padding:5px;                    \"\n                    >\n                                        11                    <\/td>\n                                                <td class=\"wpdt-cell\"\n                                            data-cell-id=\"C6\"\n                    data-col-index=\"2\"\n                    data-row-index=\"5\"\n                    style=\"                    padding:5px;                    \"\n                    >\n                                        11                    <\/td>\n                                        <\/tr>\n                            <tr class=\"wpdt-cell-row\" >\n                                <td class=\"wpdt-cell\"\n                                            data-cell-id=\"A7\"\n                    data-col-index=\"0\"\n                    data-row-index=\"6\"\n                    style=\"                    padding:5px;                    \"\n                    >\n                                        Th\u1eed nghi\u1ec7m l\u1ef1c k\u00e9o t\u1eebng chi\u1ebfc (kN)                    <\/td>\n                                                <td class=\"wpdt-cell wpdt-bold\"\n                                            data-cell-id=\"B7\"\n                    data-col-index=\"1\"\n                    data-row-index=\"6\"\n                    style=\"                    padding:5px;                    \"\n                    >\n                                        20                    <\/td>\n                                                <td class=\"wpdt-cell\"\n                                            data-cell-id=\"C7\"\n                    data-col-index=\"2\"\n                    data-row-index=\"6\"\n                    style=\"                    padding:5px;                    \"\n                    >\n                                        20                    <\/td>\n                                        <\/tr>\n                            <tr class=\"wpdt-cell-row\" >\n                                <td class=\"wpdt-cell\"\n                                            data-cell-id=\"A8\"\n                    data-col-index=\"0\"\n                    data-row-index=\"7\"\n                    style=\"                    padding:5px;                    \"\n                    >\n                                        \u0110i\u1ec7n \u00e1p ch\u1ecbu t\u1ea7n s\u1ed1 c\u00f4ng nghi\u1ec7p trong \u0111i\u1ec1u ki\u1ec7n \u01b0\u1edbt                    <\/td>\n                                                <td class=\"wpdt-cell wpdt-bold\"\n                                            data-cell-id=\"B8\"\n                    data-col-index=\"1\"\n                    data-row-index=\"7\"\n                    style=\"                    padding:5px;                    \"\n                    >\n                                        25                    <\/td>\n                                                <td class=\"wpdt-cell\"\n                                            data-cell-id=\"C8\"\n                    data-col-index=\"2\"\n                    data-row-index=\"7\"\n                    style=\"                    padding:5px;                    \"\n                    >\n                                        34                    <\/td>\n                                        <\/tr>\n                            <tr class=\"wpdt-cell-row\" >\n                                <td class=\"wpdt-cell\"\n                                            data-cell-id=\"A9\"\n                    data-col-index=\"0\"\n                    data-row-index=\"8\"\n                    style=\"                    padding:5px;                    \"\n                    >\n                                        \u0110i\u1ec7n \u00e1p ch\u1ecbu xung s\u00e9t kh\u00f4 (kV)                    <\/td>\n                                                <td class=\"wpdt-cell wpdt-bold\"\n                                            data-cell-id=\"B9\"\n                    data-col-index=\"1\"\n                    data-row-index=\"8\"\n                    style=\"                    padding:5px;                    \"\n                    >\n                                        50                    <\/td>\n                                                <td class=\"wpdt-cell\"\n                                            data-cell-id=\"C9\"\n                    data-col-index=\"2\"\n                    data-row-index=\"8\"\n                    style=\"                    padding:5px;                    \"\n                    >\n                                        60                    <\/td>\n                                        <\/tr>\n                            <tr class=\"wpdt-cell-row\" >\n                                <td class=\"wpdt-cell\"\n                                            data-cell-id=\"A10\"\n                    data-col-index=\"0\"\n                    data-row-index=\"9\"\n                    style=\"                    padding:5px;                    \"\n                    >\n                                        Tr\u1ecdng l\u01b0\u1ee3ng t\u1ecbnh (kg)                    <\/td>\n                                                <td class=\"wpdt-cell wpdt-bold\"\n                                            data-cell-id=\"B10\"\n                    data-col-index=\"1\"\n                    data-row-index=\"9\"\n                    style=\"                    padding:5px;                    \"\n                    >\n                                        2.1                    <\/td>\n                                                <td class=\"wpdt-cell\"\n                                            data-cell-id=\"C10\"\n                    data-col-index=\"2\"\n                    data-row-index=\"9\"\n                    style=\"                    padding:5px;                    \"\n                    >\n                                        2.5                    <\/td>\n                                        <\/tr>\n                    <\/table>\n<\/div><style id='wpdt-custom-style-8'>\n<\/style>","protected":false},"excerpt":{"rendered":"<p>S\u1ee9 b\u00e1t th\u1ee7y tinh U40B l\u00e0 lo\u1ea1i s\u1ee9 c\u00e1ch \u0111i\u1ec7n th\u1ee7y tinh standard profile v\u1edbi t\u1ea3i tr\u1ecdng ph\u00e1 h\u1ee7y c\u01a1 h\u1ecdc 40 kN, \u0111\u01b0\u1ee3c thi\u1ebft k\u1ebf theo ti\u00eau chu\u1ea9n IEC. S\u1ea3n ph\u1ea9m c\u00f3 \u0111\u01b0\u1eddng k\u00ednh danh \u0111\u1ecbnh 178 mm, kho\u1ea3ng c\u00e1ch danh \u0111\u1ecbnh 110 mm, chi\u1ec1u d\u00e0i r\u00f2 danh \u0111\u1ecbnh 185 mm v\u00e0 tr\u1ecdng l\u01b0\u1ee3ng ch\u1ec9 2,1 kg.\n\nS\u1ee9 b\u00e1t th\u1ee7y tinh U40B ph\u00f9 h\u1ee3p s\u1eed d\u1ee5ng trong c\u00e1c h\u1ec7 th\u1ed1ng ph\u00e2n ph\u1ed1i \u0111i\u1ec7n trung v\u00e0 h\u1ea1 \u00e1p v\u1edbi \u0111i\u1ec7n \u00e1p 24kV v\u00e0 35kV.<\/p>","protected":false},"featured_media":1046,"template":"","meta":[],"product_brand":[],"product_cat":[16,31,27],"product_tag":[],"class_list":{"0":"post-1044","1":"product","2":"type-product","3":"status-publish","4":"has-post-thumbnail","6":"product_cat-glass-insulator","7":"product_cat-products","8":"product_cat-suspension-insulator","10":"first","11":"instock","12":"shipping-taxable","13":"product-type-simple"},"_links":{"self":[{"href":"https:\/\/gaoyapowers.com\/vi\/wp-json\/wp\/v2\/product\/1044"}],"collection":[{"href":"https:\/\/gaoyapowers.com\/vi\/wp-json\/wp\/v2\/product"}],"about":[{"href":"https:\/\/gaoyapowers.com\/vi\/wp-json\/wp\/v2\/types\/product"}],"wp:featuredmedia":[{"embeddable":true,"href":"https:\/\/gaoyapowers.com\/vi\/wp-json\/wp\/v2\/media\/1046"}],"wp:attachment":[{"href":"https:\/\/gaoyapowers.com\/vi\/wp-json\/wp\/v2\/media?parent=1044"}],"wp:term":[{"taxonomy":"product_brand","embeddable":true,"href":"https:\/\/gaoyapowers.com\/vi\/wp-json\/wp\/v2\/product_brand?post=1044"},{"taxonomy":"product_cat","embeddable":true,"href":"https:\/\/gaoyapowers.com\/vi\/wp-json\/wp\/v2\/product_cat?post=1044"},{"taxonomy":"product_tag","embeddable":true,"href":"https:\/\/gaoyapowers.com\/vi\/wp-json\/wp\/v2\/product_tag?post=1044"}],"curies":[{"name":"wp","href":"https:\/\/api.w.org\/{rel}","templated":true}]}}