{"id":1300,"date":"2025-05-22T06:46:54","date_gmt":"2025-05-22T06:46:54","guid":{"rendered":"https:\/\/gaoyapowers.com\/?post_type=product&#038;p=1300"},"modified":"2025-05-22T06:49:10","modified_gmt":"2025-05-22T06:49:10","slug":"11kv-polymer-disc-insulator","status":"publish","type":"product","link":"https:\/\/gaoyapowers.com\/vi\/11kv-polymer-disc-insulator\/","title":{"rendered":"S\u1ee9 treo polymer 11kV"},"content":{"rendered":"<p><strong>C\u1ea5u t\u1ea1o v\u00e0 Th\u00f4ng s\u1ed1 k\u1ef9 thu\u1eadt c\u1ee7a S\u1ee9 treo polymer 11kV<\/strong><\/p>\n<p><img fetchpriority=\"high\" decoding=\"async\" class=\"alignnone wp-image-3610 size-full\" src=\"https:\/\/gaoyapowers.com\/wp-content\/uploads\/2025\/05\/11kV-drawing.jpg\" alt=\"11kV polymer disc insulator drawing\" width=\"800\" height=\"356\" srcset=\"https:\/\/gaoyapowers.com\/wp-content\/uploads\/2025\/05\/11kV-drawing.jpg 800w, https:\/\/gaoyapowers.com\/wp-content\/uploads\/2025\/05\/11kV-drawing-300x134.jpg 300w, https:\/\/gaoyapowers.com\/wp-content\/uploads\/2025\/05\/11kV-drawing-768x342.jpg 768w\" sizes=\"(max-width: 800px) 100vw, 800px\" \/><\/p>\n\n<div class=\"wpdt-c row wpDataTableContainerSimpleTable wpDataTables wpDataTablesWrapper wdtscroll\"\n    >\n        <table id=\"wpdtSimpleTable-35\"\n           style=\"border-collapse:collapse;                   border-spacing:0px;\"\n           class=\"wpdtSimpleTable wpDataTable\"\n           data-column=\"10\"\n           data-rows=\"3\"\n           data-wpid=\"35\"\n           data-responsive=\"0\"\n           data-has-header=\"0\">\n\n                    <tbody>        <tr class=\"wpdt-cell-row\" >\n                                <td class=\"wpdt-cell\"\n                                            data-cell-id=\"A1\"\n                    data-col-index=\"0\"\n                    data-row-index=\"0\"\n                    style=\" width:124px;                    padding:10px;                    \"\n                    >\n                                        M\u00e3 s\u1ea3n ph\u1ea9m                    <\/td>\n                                                <td class=\"wpdt-cell\"\n                                            data-cell-id=\"B1\"\n                    data-col-index=\"1\"\n                    data-row-index=\"0\"\n                    style=\" width:103px;                    padding:10px;                    \"\n                    >\n                                        \u0110i\u1ec7n \u00e1p \u0111\u1ecbnh m\u1ee9c (kV)                    <\/td>\n                                                <td class=\"wpdt-cell\"\n                                            data-cell-id=\"C1\"\n                    data-col-index=\"2\"\n                    data-row-index=\"0\"\n                    style=\" width:100px;                    padding:10px;                    \"\n                    >\n                                        T\u1ea3i tr\u1ecdng c\u01a1 h\u1ecdc \u0111\u1ecbnh m\u1ee9c (kN)                    <\/td>\n                                                <td class=\"wpdt-cell\"\n                                            data-cell-id=\"D1\"\n                    data-col-index=\"3\"\n                    data-row-index=\"0\"\n                    style=\" width:88px;                    padding:10px;                    \"\n                    >\n                                        Chi\u1ec1u d\u00e0i t\u1ed5ng th\u1ec3 (mm)                    <\/td>\n                                                <td class=\"wpdt-cell\"\n                                            data-cell-id=\"E1\"\n                    data-col-index=\"4\"\n                    data-row-index=\"0\"\n                    style=\" width:75px;                    padding:10px;                    \"\n                    >\n                                        Chi\u1ec1u d\u00e0i cung ph\u00f3ng \u0111i\u1ec7n (mm)                    <\/td>\n                                                <td class=\"wpdt-cell\"\n                                            data-cell-id=\"F1\"\n                    data-col-index=\"5\"\n                    data-row-index=\"0\"\n                    style=\" width:90px;                    padding:10px;                    \"\n                    >\n                                        Chi\u1ec1u d\u00e0i r\u00f2 r\u1ec9 (mm)                    <\/td>\n                                                <td class=\"wpdt-cell\"\n                                            data-cell-id=\"G1\"\n                    data-col-index=\"6\"\n                    data-row-index=\"0\"\n                    style=\" width:74px;                    padding:10px;                    \"\n                    >\n                                        K\u00edch th\u01b0\u1edbc \u0111\u1ea7u n\u1ed1i                    <\/td>\n                                                <td class=\"wpdt-cell\"\n                                            data-cell-id=\"H1\"\n                    data-col-index=\"7\"\n                    data-row-index=\"0\"\n                    style=\" width:100px;                    padding:10px;                    \"\n                    >\n                                        \u0110i\u1ec7n \u00e1p ch\u1ecbu xung s\u00e9t (kV)                    <\/td>\n                                                <td class=\"wpdt-cell\"\n                                            data-cell-id=\"I1\"\n                    data-col-index=\"8\"\n                    data-row-index=\"0\"\n                    style=\" width:100px;                    padding:10px;                    \"\n                    >\n                                        \u0110i\u1ec7n \u00e1p ch\u1ecbu t\u1ea7n s\u1ed1 (kh\u00f4) (kV)                    <\/td>\n                                                <td class=\"wpdt-cell\"\n                                            data-cell-id=\"J1\"\n                    data-col-index=\"9\"\n                    data-row-index=\"0\"\n                    style=\" width:100px;                    padding:10px;                    \"\n                    >\n                                        \u0110i\u1ec7n \u00e1p ch\u1ecbu t\u1ea7n s\u1ed1 (\u01b0\u1edbt) (kV)                    <\/td>\n                                        <\/tr>\n                            <tr class=\"wpdt-cell-row\" >\n                                <td class=\"wpdt-cell\"\n                                            data-cell-id=\"A2\"\n                    data-col-index=\"0\"\n                    data-row-index=\"1\"\n                    style=\"                    padding:10px;                    \"\n                    >\n                                        FXBW-11\/70                    <\/td>\n                                                <td class=\"wpdt-cell\"\n                                            data-cell-id=\"B2\"\n                    data-col-index=\"1\"\n                    data-row-index=\"1\"\n                    style=\"                    padding:10px;                    \"\n                    >\n                                        11                    <\/td>\n                                                <td class=\"wpdt-cell\"\n                                            data-cell-id=\"C2\"\n                    data-col-index=\"2\"\n                    data-row-index=\"1\"\n                    style=\"                    padding:10px;                    \"\n                    >\n                                        70                    <\/td>\n                                                <td class=\"wpdt-cell\"\n                                            data-cell-id=\"D2\"\n                    data-col-index=\"3\"\n                    data-row-index=\"1\"\n                    style=\"                    padding:10px;                    \"\n                    >\n                                        266                    <\/td>\n                                                <td class=\"wpdt-cell\"\n                                            data-cell-id=\"E2\"\n                    data-col-index=\"4\"\n                    data-row-index=\"1\"\n                    style=\"                    padding:10px;                    \"\n                    >\n                                        150                    <\/td>\n                                                <td class=\"wpdt-cell\"\n                                            data-cell-id=\"F2\"\n                    data-col-index=\"5\"\n                    data-row-index=\"1\"\n                    style=\"                    padding:10px;                    \"\n                    >\n                                        305                    <\/td>\n                                                <td class=\"wpdt-cell\"\n                                            data-cell-id=\"G2\"\n                    data-col-index=\"6\"\n                    data-row-index=\"1\"\n                    style=\"                    padding:10px;                    \"\n                    >\n                                        16                    <\/td>\n                                                <td class=\"wpdt-cell\"\n                                            data-cell-id=\"H2\"\n                    data-col-index=\"7\"\n                    data-row-index=\"1\"\n                    style=\"                    padding:10px;                    \"\n                    >\n                                        95                    <\/td>\n                                                <td class=\"wpdt-cell\"\n                                            data-cell-id=\"I2\"\n                    data-col-index=\"8\"\n                    data-row-index=\"1\"\n                    style=\"                    padding:10px;                    \"\n                    >\n                                        55                    <\/td>\n                                                <td class=\"wpdt-cell\"\n                                            data-cell-id=\"J2\"\n                    data-col-index=\"9\"\n                    data-row-index=\"1\"\n                    style=\"                    padding:10px;                    \"\n                    >\n                                        50                    <\/td>\n                                        <\/tr>\n                            <tr class=\"wpdt-cell-row\" >\n                                <td class=\"wpdt-cell\"\n                                            data-cell-id=\"A3\"\n                    data-col-index=\"0\"\n                    data-row-index=\"2\"\n                    style=\"                    padding:10px;                    \"\n                    >\n                                        FXBW-11\/100                    <\/td>\n                                                <td class=\"wpdt-cell\"\n                                            data-cell-id=\"B3\"\n                    data-col-index=\"1\"\n                    data-row-index=\"2\"\n                    style=\"                    padding:10px;                    \"\n                    >\n                                        11                    <\/td>\n                                                <td class=\"wpdt-cell\"\n                                            data-cell-id=\"C3\"\n                    data-col-index=\"2\"\n                    data-row-index=\"2\"\n                    style=\"                    padding:10px;                    \"\n                    >\n                                        100                    <\/td>\n                                                <td class=\"wpdt-cell\"\n                                            data-cell-id=\"D3\"\n                    data-col-index=\"3\"\n                    data-row-index=\"2\"\n                    style=\"                    padding:10px;                    \"\n                    >\n                                        290                    <\/td>\n                                                <td class=\"wpdt-cell\"\n                                            data-cell-id=\"E3\"\n                    data-col-index=\"4\"\n                    data-row-index=\"2\"\n                    style=\"                    padding:10px;                    \"\n                    >\n                                        220                    <\/td>\n                                                <td class=\"wpdt-cell\"\n                                            data-cell-id=\"F3\"\n                    data-col-index=\"5\"\n                    data-row-index=\"2\"\n                    style=\"                    padding:10px;                    \"\n                    >\n                                        450                    <\/td>\n                                                <td class=\"wpdt-cell\"\n                                            data-cell-id=\"G3\"\n                    data-col-index=\"6\"\n                    data-row-index=\"2\"\n                    style=\"                    padding:10px;                    \"\n                    >\n                                        16                    <\/td>\n                                                <td class=\"wpdt-cell\"\n                                            data-cell-id=\"H3\"\n                    data-col-index=\"7\"\n                    data-row-index=\"2\"\n                    style=\"                    padding:10px;                    \"\n                    >\n                                        145                    <\/td>\n                                                <td class=\"wpdt-cell\"\n                                            data-cell-id=\"I3\"\n                    data-col-index=\"8\"\n                    data-row-index=\"2\"\n                    style=\"                    padding:10px;                    \"\n                    >\n                                        80                    <\/td>\n                                                <td class=\"wpdt-cell\"\n                                            data-cell-id=\"J3\"\n                    data-col-index=\"9\"\n                    data-row-index=\"2\"\n                    style=\"                    padding:10px;                    \"\n                    >\n                                        70                    <\/td>\n                                        <\/tr>\n                    <\/table>\n<\/div><style id='wpdt-custom-style-35'>\n<\/style>","protected":false},"excerpt":{"rendered":"<p>S\u1ee9 treo polymer 11kV \u0111\u01b0\u1ee3c thi\u1ebft k\u1ebf chuy\u00ean d\u1ee5ng cho c\u00e1c \u0111\u01b0\u1eddng d\u00e2y ph\u00e2n ph\u1ed1i tr\u00ean kh\u00f4ng 11kV, cung c\u1ea5p gi\u1ea3i ph\u00e1p \u0111\u00e1ng tin c\u1eady cho c\u1ea3 \u1ee9ng d\u1ee5ng treo v\u00e0 n\u00e9o. S\u1ea3n ph\u1ea9m s\u1eed d\u1ee5ng ki\u1ec3u \u0111\u1ea7u n\u1ed1i d\u1ea1ng bi v\u00e0 \u1ed5 (ball &amp; socket), \u0111\u1ea3m b\u1ea3o k\u1ebft n\u1ed1i ch\u1eafc ch\u1eafn, ti\u00eau chu\u1ea9n trong h\u1ec7 th\u1ed1ng \u0111\u01b0\u1eddng d\u00e2y \u0111i\u1ec7n.<\/p>\n<p>\u0110\u01b0\u1ee3c ch\u1ebf t\u1ea1o t\u1eeb cao su silicone k\u1ef5 n\u01b0\u1edbc ch\u1ea5t l\u01b0\u1ee3ng cao, s\u1ee9 treo polymer 11kV c\u00f3 kh\u1ea3 n\u0103ng ch\u1ed1ng ph\u00f3ng \u0111i\u1ec7n b\u1ec1 m\u1eb7t v\u00e0 duy tr\u00ec kh\u1ea3 n\u0103ng c\u00e1ch \u0111i\u1ec7n \u1ed5n \u0111\u1ecbnh trong \u0111i\u1ec1u ki\u1ec7n m\u00f4i tr\u01b0\u1eddng kh\u1eafc nghi\u1ec7t. \u0110\u1eb7c t\u00ednh k\u1ef5 n\u01b0\u1edbc t\u1ef1 nhi\u00ean c\u1ee7a l\u1edbp v\u1ecf silicone gi\u00fap ng\u0103n ch\u1eb7n s\u1ef1 h\u00ecnh th\u00e0nh l\u1edbp n\u01b0\u1edbc d\u1eabn \u0111i\u1ec7n, n\u00e2ng cao \u0111\u1ed9 tin c\u1eady l\u00e2u d\u00e0i c\u1ee7a s\u1ee9.<\/p>\n<p>V\u1ec1 kh\u1ea3 n\u0103ng ch\u1ecbu l\u1ef1c c\u01a1 h\u1ecdc, s\u1ea3n ph\u1ea9m c\u00f3 hai l\u1ef1a ch\u1ecdn: 70kN v\u00e0 100kN, t\u00f9y theo y\u00eau c\u1ea7u t\u1ea3i tr\u1ecdng c\u1ee7a t\u1eebng d\u1ef1 \u00e1n. C\u1ea3 hai phi\u00ean b\u1ea3n \u0111\u1ec1u s\u1eed d\u1ee5ng l\u00f5i epoxy gia c\u01b0\u1eddng b\u1eb1ng s\u1ee3i th\u1ee7y tinh (thanh FRP), \u0111\u1ea3m b\u1ea3o kh\u1ea3 n\u0103ng ch\u1ecbu k\u00e9o v\u00e0 \u0111\u1ed9 \u1ed5n \u0111\u1ecbnh c\u1ea5u tr\u00fac v\u01b0\u1ee3t tr\u1ed9i.<\/p>\n<p>Gi\u00e1 s\u1ee9 treo polymer 11kV do Gaoya Power cung c\u1ea5p b\u1eaft \u0111\u1ea7u t\u1eeb 2,5 USD\/chi\u1ebfc (gi\u00e1 EXW), v\u00e0 c\u00f3 th\u1ec3 thay \u0111\u1ed5i t\u00f9y thu\u1ed9c v\u00e0o thi\u1ebft k\u1ebf c\u1ee5 th\u1ec3 v\u00e0 v\u1eadt li\u1ec7u s\u1eed d\u1ee5ng.<\/p>","protected":false},"featured_media":3608,"template":"","meta":[],"product_brand":[],"product_cat":[25,31,27],"product_tag":[],"class_list":{"0":"post-1300","1":"product","2":"type-product","3":"status-publish","4":"has-post-thumbnail","6":"product_cat-polymer-insulator","7":"product_cat-products","8":"product_cat-suspension-insulator","10":"first","11":"instock","12":"shipping-taxable","13":"product-type-simple"},"_links":{"self":[{"href":"https:\/\/gaoyapowers.com\/vi\/wp-json\/wp\/v2\/product\/1300"}],"collection":[{"href":"https:\/\/gaoyapowers.com\/vi\/wp-json\/wp\/v2\/product"}],"about":[{"href":"https:\/\/gaoyapowers.com\/vi\/wp-json\/wp\/v2\/types\/product"}],"wp:featuredmedia":[{"embeddable":true,"href":"https:\/\/gaoyapowers.com\/vi\/wp-json\/wp\/v2\/media\/3608"}],"wp:attachment":[{"href":"https:\/\/gaoyapowers.com\/vi\/wp-json\/wp\/v2\/media?parent=1300"}],"wp:term":[{"taxonomy":"product_brand","embeddable":true,"href":"https:\/\/gaoyapowers.com\/vi\/wp-json\/wp\/v2\/product_brand?post=1300"},{"taxonomy":"product_cat","embeddable":true,"href":"https:\/\/gaoyapowers.com\/vi\/wp-json\/wp\/v2\/product_cat?post=1300"},{"taxonomy":"product_tag","embeddable":true,"href":"https:\/\/gaoyapowers.com\/vi\/wp-json\/wp\/v2\/product_tag?post=1300"}],"curies":[{"name":"wp","href":"https:\/\/api.w.org\/{rel}","templated":true}]}}