{"id":2752,"date":"2025-03-19T03:25:55","date_gmt":"2025-03-19T03:25:55","guid":{"rendered":"https:\/\/gaoyapowers.com\/?post_type=product&#038;p=2752"},"modified":"2025-03-20T10:10:50","modified_gmt":"2025-03-20T10:10:50","slug":"ctv-175-tempered-glass-insulator","status":"publish","type":"product","link":"https:\/\/gaoyapowers.com\/vi\/ctv-175-tempered-glass-insulator\/","title":{"rendered":"S\u1ee9 th\u1ee7y tinh CTV 175 (U40B)"},"content":{"rendered":"<p style=\"text-align: center;\"><strong>Th\u00f4ng s\u1ed1 k\u1ef9 thu\u1eadt c\u1ee7a s\u1ee9 th\u1ee7y tinh CTV 175 (U40B)<\/strong><\/p>\n<p><img fetchpriority=\"high\" decoding=\"async\" class=\"aligncenter wp-image-1045 size-full\" src=\"https:\/\/gaoyapowers.com\/wp-content\/uploads\/2024\/11\/drawing.jpg\" alt=\"u40b glass insulator drawing\" width=\"500\" height=\"344\" srcset=\"https:\/\/gaoyapowers.com\/wp-content\/uploads\/2024\/11\/drawing.jpg 500w, https:\/\/gaoyapowers.com\/wp-content\/uploads\/2024\/11\/drawing-300x206.jpg 300w\" sizes=\"(max-width: 500px) 100vw, 500px\" \/><\/p>\n<p style=\"text-align: center;\">\n<div class=\"wpdt-c row wpDataTableContainerSimpleTable wpDataTables wpDataTablesWrapper wdtscroll\"\n    >\n        <table id=\"wpdtSimpleTable-25\"\n           style=\"border-collapse:collapse;                   border-spacing:0px;\"\n           class=\"wpdtSimpleTable wpDataTable\"\n           data-column=\"4\"\n           data-rows=\"14\"\n           data-wpid=\"25\"\n           data-responsive=\"0\"\n           data-has-header=\"0\">\n\n                    <tbody>        <tr class=\"wpdt-cell-row\" >\n                                <td class=\"wpdt-cell\"\n                                            data-cell-id=\"A1\"\n                    data-col-index=\"0\"\n                    data-row-index=\"0\"\n                    style=\" width:165px;                    padding:10px;                    \"\n                    >\n                                        T\u00ean s\u1ea3n ph\u1ea9m                    <\/td>\n                                                <td class=\"wpdt-cell  wpdt-merged-cell\"\n                     colspan=\"3\"  rowspan=\"1\"                     data-cell-id=\"B1\"\n                    data-col-index=\"1\"\n                    data-row-index=\"0\"\n                    style=\" width:564px;                    padding:10px;                    \"\n                    >\n                                        \u0110\u1eb7c t\u00ednh c\u01a1 h\u1ecdc v\u00e0 k\u00edch th\u01b0\u1edbc                    <\/td>\n                                                                <\/tr>\n                            <tr class=\"wpdt-cell-row\" >\n                                <td class=\"wpdt-cell\"\n                                            data-cell-id=\"A2\"\n                    data-col-index=\"0\"\n                    data-row-index=\"1\"\n                    style=\"                    padding:10px;                    \"\n                    >\n                                        Type                    <\/td>\n                                                <td class=\"wpdt-cell wpdt-bold\"\n                                            data-cell-id=\"B2\"\n                    data-col-index=\"1\"\n                    data-row-index=\"1\"\n                    style=\"                    padding:10px;                    \"\n                    >\n                                        CTV175                    <\/td>\n                                                <td class=\"wpdt-cell wpdt-bold\"\n                                            data-cell-id=\"C2\"\n                    data-col-index=\"2\"\n                    data-row-index=\"1\"\n                    style=\"                    padding:10px;                    \"\n                    >\n                                        CTV255                    <\/td>\n                                                <td class=\"wpdt-cell wpdt-bold\"\n                                            data-cell-id=\"D2\"\n                    data-col-index=\"3\"\n                    data-row-index=\"1\"\n                    style=\"                    padding:10px;                    \"\n                    >\n                                        CTV255                    <\/td>\n                                        <\/tr>\n                            <tr class=\"wpdt-cell-row\" >\n                                <td class=\"wpdt-cell\"\n                                            data-cell-id=\"A3\"\n                    data-col-index=\"0\"\n                    data-row-index=\"2\"\n                    style=\"                    padding:10px;                    \"\n                    >\n                                        Ti\u00eau chu\u1ea9n \u00e1p d\u1ee5ng                    <\/td>\n                                                <td class=\"wpdt-cell wpdt-bold\"\n                                            data-cell-id=\"B3\"\n                    data-col-index=\"1\"\n                    data-row-index=\"2\"\n                    style=\"                    padding:10px;                    \"\n                    >\n                                        U40B                    <\/td>\n                                                <td class=\"wpdt-cell wpdt-bold\"\n                                            data-cell-id=\"C3\"\n                    data-col-index=\"2\"\n                    data-row-index=\"2\"\n                    style=\"                    padding:10px;                    \"\n                    >\n                                        U40BP                    <\/td>\n                                                <td class=\"wpdt-cell wpdt-bold\"\n                                            data-cell-id=\"D3\"\n                    data-col-index=\"3\"\n                    data-row-index=\"2\"\n                    style=\"                    padding:10px;                    \"\n                    >\n                                        U70BS                    <\/td>\n                                        <\/tr>\n                            <tr class=\"wpdt-cell-row\" >\n                                <td class=\"wpdt-cell\"\n                                            data-cell-id=\"A4\"\n                    data-col-index=\"0\"\n                    data-row-index=\"3\"\n                    style=\"                    padding:10px;                    \"\n                    >\n                                        Th\u1ee7y tinh                    <\/td>\n                                                <td class=\"wpdt-cell\"\n                                            data-cell-id=\"B4\"\n                    data-col-index=\"1\"\n                    data-row-index=\"3\"\n                    style=\"                    padding:10px;                    \"\n                    >\n                                        Th\u1ee7y tinh t\u00f4i                    <\/td>\n                                                <td class=\"wpdt-cell\"\n                                            data-cell-id=\"C4\"\n                    data-col-index=\"2\"\n                    data-row-index=\"3\"\n                    style=\"                    padding:10px;                    \"\n                    >\n                                        Th\u1ee7y tinh t\u00f4i                    <\/td>\n                                                <td class=\"wpdt-cell\"\n                                            data-cell-id=\"D4\"\n                    data-col-index=\"3\"\n                    data-row-index=\"3\"\n                    style=\"                    padding:10px;                    \"\n                    >\n                                        Th\u1ee7y tinh t\u00f4i                    <\/td>\n                                        <\/tr>\n                            <tr class=\"wpdt-cell-row\" >\n                                <td class=\"wpdt-cell\"\n                                            data-cell-id=\"A5\"\n                    data-col-index=\"0\"\n                    data-row-index=\"4\"\n                    style=\"                    padding:10px;                    \"\n                    >\n                                        N\u1eafp ch\u1ee5p                    <\/td>\n                                                <td class=\"wpdt-cell\"\n                                            data-cell-id=\"B5\"\n                    data-col-index=\"1\"\n                    data-row-index=\"4\"\n                    style=\"                    padding:10px;                    \"\n                    >\n                                        Gang d\u1ebbo                    <\/td>\n                                                <td class=\"wpdt-cell\"\n                                            data-cell-id=\"C5\"\n                    data-col-index=\"2\"\n                    data-row-index=\"4\"\n                    style=\"                    padding:10px;                    \"\n                    >\n                                        Gang d\u1ebbo                    <\/td>\n                                                <td class=\"wpdt-cell\"\n                                            data-cell-id=\"D5\"\n                    data-col-index=\"3\"\n                    data-row-index=\"4\"\n                    style=\"                    padding:10px;                    \"\n                    >\n                                        Gang d\u1ebbo                    <\/td>\n                                        <\/tr>\n                            <tr class=\"wpdt-cell-row\" >\n                                <td class=\"wpdt-cell\"\n                                            data-cell-id=\"A6\"\n                    data-col-index=\"0\"\n                    data-row-index=\"5\"\n                    style=\"                    padding:10px;                    \"\n                    >\n                                        Thanh th\u00e9p                    <\/td>\n                                                <td class=\"wpdt-cell\"\n                                            data-cell-id=\"B6\"\n                    data-col-index=\"1\"\n                    data-row-index=\"5\"\n                    style=\"                    padding:10px;                    \"\n                    >\n                                        Th\u00e9p r\u00e8n                    <\/td>\n                                                <td class=\"wpdt-cell\"\n                                            data-cell-id=\"C6\"\n                    data-col-index=\"2\"\n                    data-row-index=\"5\"\n                    style=\"                    padding:10px;                    \"\n                    >\n                                        Th\u00e9p r\u00e8n                    <\/td>\n                                                <td class=\"wpdt-cell\"\n                                            data-cell-id=\"D6\"\n                    data-col-index=\"3\"\n                    data-row-index=\"5\"\n                    style=\"                    padding:10px;                    \"\n                    >\n                                        Th\u00e9p r\u00e8n                    <\/td>\n                                        <\/tr>\n                            <tr class=\"wpdt-cell-row\" >\n                                <td class=\"wpdt-cell\"\n                                            data-cell-id=\"A7\"\n                    data-col-index=\"0\"\n                    data-row-index=\"6\"\n                    style=\"                    padding:10px;                    \"\n                    >\n                                        Ch\u1ed1t                    <\/td>\n                                                <td class=\"wpdt-cell\"\n                                            data-cell-id=\"B7\"\n                    data-col-index=\"1\"\n                    data-row-index=\"6\"\n                    style=\"                    padding:10px;                    \"\n                    >\n                                        Th\u00e9p kh\u00f4ng g\u1ec9                    <\/td>\n                                                <td class=\"wpdt-cell\"\n                                            data-cell-id=\"C7\"\n                    data-col-index=\"2\"\n                    data-row-index=\"6\"\n                    style=\"                    padding:10px;                    \"\n                    >\n                                        Th\u00e9p kh\u00f4ng g\u1ec9                    <\/td>\n                                                <td class=\"wpdt-cell\"\n                                            data-cell-id=\"D7\"\n                    data-col-index=\"3\"\n                    data-row-index=\"6\"\n                    style=\"                    padding:10px;                    \"\n                    >\n                                        Th\u00e9p kh\u00f4ng g\u1ec9                    <\/td>\n                                        <\/tr>\n                            <tr class=\"wpdt-cell-row\" >\n                                <td class=\"wpdt-cell\"\n                                            data-cell-id=\"A8\"\n                    data-col-index=\"0\"\n                    data-row-index=\"7\"\n                    style=\"                    padding:10px;                    \"\n                    >\n                                        T\u1ea3i tr\u1ecdng ph\u00e1 h\u1ee7y                    <\/td>\n                                                <td class=\"wpdt-cell\"\n                                            data-cell-id=\"B8\"\n                    data-col-index=\"1\"\n                    data-row-index=\"7\"\n                    style=\"                    padding:10px;                    \"\n                    >\n                                        4000 daN                    <\/td>\n                                                <td class=\"wpdt-cell\"\n                                            data-cell-id=\"C8\"\n                    data-col-index=\"2\"\n                    data-row-index=\"7\"\n                    style=\"                    padding:10px;                    \"\n                    >\n                                        4000 daN                    <\/td>\n                                                <td class=\"wpdt-cell\"\n                                            data-cell-id=\"D8\"\n                    data-col-index=\"3\"\n                    data-row-index=\"7\"\n                    style=\"                    padding:10px;                    \"\n                    >\n                                        7000 daN                    <\/td>\n                                        <\/tr>\n                            <tr class=\"wpdt-cell-row\" >\n                                <td class=\"wpdt-cell\"\n                                            data-cell-id=\"A9\"\n                    data-col-index=\"0\"\n                    data-row-index=\"8\"\n                    style=\"                    padding:10px;                    \"\n                    >\n                                        T\u1ea3i tr\u1ecdng l\u00e0m vi\u1ec7c                    <\/td>\n                                                <td class=\"wpdt-cell\"\n                                            data-cell-id=\"B9\"\n                    data-col-index=\"1\"\n                    data-row-index=\"8\"\n                    style=\"                    padding:10px;                    \"\n                    >\n                                        3200 daN                    <\/td>\n                                                <td class=\"wpdt-cell\"\n                                            data-cell-id=\"C9\"\n                    data-col-index=\"2\"\n                    data-row-index=\"8\"\n                    style=\"                    padding:10px;                    \"\n                    >\n                                        3200 daN                    <\/td>\n                                                <td class=\"wpdt-cell\"\n                                            data-cell-id=\"D9\"\n                    data-col-index=\"3\"\n                    data-row-index=\"8\"\n                    style=\"                    padding:10px;                    \"\n                    >\n                                        5600 daN                    <\/td>\n                                        <\/tr>\n                            <tr class=\"wpdt-cell-row\" >\n                                <td class=\"wpdt-cell\"\n                                            data-cell-id=\"A10\"\n                    data-col-index=\"0\"\n                    data-row-index=\"9\"\n                    style=\"                    padding:10px;                    \"\n                    >\n                                        \u0110\u01b0\u1eddng k\u00ednh c\u1ee7a c\u00e1ch \u0111i\u1ec7n                    <\/td>\n                                                <td class=\"wpdt-cell\"\n                                            data-cell-id=\"B10\"\n                    data-col-index=\"1\"\n                    data-row-index=\"9\"\n                    style=\"                    padding:10px;                    \"\n                    >\n                                        175 mm                    <\/td>\n                                                <td class=\"wpdt-cell\"\n                                            data-cell-id=\"C10\"\n                    data-col-index=\"2\"\n                    data-row-index=\"9\"\n                    style=\"                    padding:10px;                    \"\n                    >\n                                        255 mm                    <\/td>\n                                                <td class=\"wpdt-cell\"\n                                            data-cell-id=\"D10\"\n                    data-col-index=\"3\"\n                    data-row-index=\"9\"\n                    style=\"                    padding:10px;                    \"\n                    >\n                                        255 mm                    <\/td>\n                                        <\/tr>\n                            <tr class=\"wpdt-cell-row\" >\n                                <td class=\"wpdt-cell\"\n                                            data-cell-id=\"A11\"\n                    data-col-index=\"0\"\n                    data-row-index=\"10\"\n                    style=\"                    padding:10px;                    \"\n                    >\n                                        Chi\u1ec1u cao c\u1ee7a c\u00e1ch \u0111i\u1ec7n                    <\/td>\n                                                <td class=\"wpdt-cell\"\n                                            data-cell-id=\"B11\"\n                    data-col-index=\"1\"\n                    data-row-index=\"10\"\n                    style=\"                    padding:10px;                    \"\n                    >\n                                        110 mm                    <\/td>\n                                                <td class=\"wpdt-cell\"\n                                            data-cell-id=\"C11\"\n                    data-col-index=\"2\"\n                    data-row-index=\"10\"\n                    style=\"                    padding:10px;                    \"\n                    >\n                                        110 mm                    <\/td>\n                                                <td class=\"wpdt-cell\"\n                                            data-cell-id=\"D11\"\n                    data-col-index=\"3\"\n                    data-row-index=\"10\"\n                    style=\"                    padding:10px;                    \"\n                    >\n                                        127 mm                    <\/td>\n                                        <\/tr>\n                            <tr class=\"wpdt-cell-row\" >\n                                <td class=\"wpdt-cell\"\n                                            data-cell-id=\"A12\"\n                    data-col-index=\"0\"\n                    data-row-index=\"11\"\n                    style=\"                    padding:10px;                    \"\n                    >\n                                        Ti\u00eau chu\u1ea9n \u0111\u1ea7u n\u1ed1i                    <\/td>\n                                                <td class=\"wpdt-cell\"\n                                            data-cell-id=\"B12\"\n                    data-col-index=\"1\"\n                    data-row-index=\"11\"\n                    style=\"                    padding:10px;                    \"\n                    >\n                                        Norme 11                    <\/td>\n                                                <td class=\"wpdt-cell\"\n                                            data-cell-id=\"C12\"\n                    data-col-index=\"2\"\n                    data-row-index=\"11\"\n                    style=\"                    padding:10px;                    \"\n                    >\n                                        Norme 11                    <\/td>\n                                                <td class=\"wpdt-cell\"\n                                            data-cell-id=\"D12\"\n                    data-col-index=\"3\"\n                    data-row-index=\"11\"\n                    style=\"                    padding:10px;                    \"\n                    >\n                                        Norme 16                    <\/td>\n                                        <\/tr>\n                            <tr class=\"wpdt-cell-row\" >\n                                <td class=\"wpdt-cell\"\n                                            data-cell-id=\"A13\"\n                    data-col-index=\"0\"\n                    data-row-index=\"12\"\n                    style=\"                    padding:10px;                    \"\n                    >\n                                        Chi\u1ec1u d\u00e0i r\u00f2                    <\/td>\n                                                <td class=\"wpdt-cell\"\n                                            data-cell-id=\"B13\"\n                    data-col-index=\"1\"\n                    data-row-index=\"12\"\n                    style=\"                    padding:10px;                    \"\n                    >\n                                        185 mm                    <\/td>\n                                                <td class=\"wpdt-cell\"\n                                            data-cell-id=\"C13\"\n                    data-col-index=\"2\"\n                    data-row-index=\"12\"\n                    style=\"                    padding:10px;                    \"\n                    >\n                                        302 mm                    <\/td>\n                                                <td class=\"wpdt-cell\"\n                                            data-cell-id=\"D13\"\n                    data-col-index=\"3\"\n                    data-row-index=\"12\"\n                    style=\"                    padding:10px;                    \"\n                    >\n                                        302 mm                    <\/td>\n                                        <\/tr>\n                            <tr class=\"wpdt-cell-row\" >\n                                <td class=\"wpdt-cell\"\n                                            data-cell-id=\"A14\"\n                    data-col-index=\"0\"\n                    data-row-index=\"13\"\n                    style=\"                    padding:10px;                    \"\n                    >\n                                        Tr\u1ecdng l\u01b0\u1ee3ng x\u1ea5p x\u1ec9                    <\/td>\n                                                <td class=\"wpdt-cell\"\n                                            data-cell-id=\"B14\"\n                    data-col-index=\"1\"\n                    data-row-index=\"13\"\n                    style=\"                    padding:10px;                    \"\n                    >\n                                        1.7 kg                    <\/td>\n                                                <td class=\"wpdt-cell\"\n                                            data-cell-id=\"C14\"\n                    data-col-index=\"2\"\n                    data-row-index=\"13\"\n                    style=\"                    padding:10px;                    \"\n                    >\n                                        3.2 kg                    <\/td>\n                                                <td class=\"wpdt-cell\"\n                                            data-cell-id=\"D14\"\n                    data-col-index=\"3\"\n                    data-row-index=\"13\"\n                    style=\"                    padding:10px;                    \"\n                    >\n                                        3.4 kg                    <\/td>\n                                        <\/tr>\n                    <\/table>\n<\/div><style id='wpdt-custom-style-25'>\n<\/style>\n<\/p>","protected":false},"excerpt":{"rendered":"<p>S\u1ee9 th\u1ee7y tinh CTV 175 \u0111\u01b0\u1ee3c s\u1eed d\u1ee5ng r\u1ed9ng r\u00e3i tr\u00ean c\u00e1c \u0111\u01b0\u1eddng d\u00e2y truy\u1ec1n t\u1ea3i \u0111i\u1ec7n t\u1eeb 10 kV \u0111\u1ebfn 66 kV. S\u1ea3n ph\u1ea9m c\u00f3 \u0111\u01b0\u1eddng k\u00ednh danh \u0111\u1ecbnh 175 mm, chi\u1ec1u cao 110 mm, chi\u1ec1u d\u00e0i r\u00f2 185 mm, k\u00edch th\u01b0\u1edbc \u0111\u1ea7u n\u1ed1i 11A (11 mm), v\u00e0 t\u1ea3i tr\u1ecdng c\u01a1 h\u1ecdc ph\u00e1 h\u1ee7y t\u1ed1i thi\u1ec3u l\u00e0 40 kN. Tr\u1ecdng l\u01b0\u1ee3ng kho\u1ea3ng 1,7 kg.<\/p>\n<p>\u1ede m\u1ed9t s\u1ed1 th\u1ecb tr\u01b0\u1eddng, s\u1ee9 c\u00e1ch \u0111i\u1ec7n th\u1ee7y tinh t\u00f4i CTV 175 c\u00f2n \u0111\u01b0\u1ee3c g\u1ecdi l\u00e0 c\u00e1ch \u0111i\u1ec7n th\u1ee7y tinh U40B. Th\u1ecb tr\u01b0\u1eddng ch\u00ednh c\u1ee7a s\u1ea3n ph\u1ea9m n\u00e0y l\u00e0 ch\u00e2u Phi, \u0111\u1eb7c bi\u1ec7t l\u00e0 Algeria.<\/p>","protected":false},"featured_media":2766,"template":"","meta":[],"product_brand":[],"product_cat":[16,31,27],"product_tag":[],"class_list":{"0":"post-2752","1":"product","2":"type-product","3":"status-publish","4":"has-post-thumbnail","6":"product_cat-glass-insulator","7":"product_cat-products","8":"product_cat-suspension-insulator","10":"first","11":"instock","12":"shipping-taxable","13":"product-type-simple"},"_links":{"self":[{"href":"https:\/\/gaoyapowers.com\/vi\/wp-json\/wp\/v2\/product\/2752"}],"collection":[{"href":"https:\/\/gaoyapowers.com\/vi\/wp-json\/wp\/v2\/product"}],"about":[{"href":"https:\/\/gaoyapowers.com\/vi\/wp-json\/wp\/v2\/types\/product"}],"wp:featuredmedia":[{"embeddable":true,"href":"https:\/\/gaoyapowers.com\/vi\/wp-json\/wp\/v2\/media\/2766"}],"wp:attachment":[{"href":"https:\/\/gaoyapowers.com\/vi\/wp-json\/wp\/v2\/media?parent=2752"}],"wp:term":[{"taxonomy":"product_brand","embeddable":true,"href":"https:\/\/gaoyapowers.com\/vi\/wp-json\/wp\/v2\/product_brand?post=2752"},{"taxonomy":"product_cat","embeddable":true,"href":"https:\/\/gaoyapowers.com\/vi\/wp-json\/wp\/v2\/product_cat?post=2752"},{"taxonomy":"product_tag","embeddable":true,"href":"https:\/\/gaoyapowers.com\/vi\/wp-json\/wp\/v2\/product_tag?post=2752"}],"curies":[{"name":"wp","href":"https:\/\/api.w.org\/{rel}","templated":true}]}}