{"id":3552,"date":"2025-05-14T10:24:44","date_gmt":"2025-05-14T10:24:44","guid":{"rendered":"https:\/\/gaoyapowers.com\/?post_type=product&#038;p=3552"},"modified":"2025-08-23T07:03:05","modified_gmt":"2025-08-23T07:03:05","slug":"u160blp-sediver-toughened-glass-suspension-insulator","status":"publish","type":"product","link":"https:\/\/gaoyapowers.com\/vi\/u160blp-sediver-toughened-glass-suspension-insulator\/","title":{"rendered":"S\u1ee9 chu\u1ed7i th\u1ee7y tinh U160BLP Sediver"},"content":{"rendered":"<p><strong>Th\u00f4ng s\u1ed1 k\u1ef9 thu\u1eadt s\u1ee9 c\u00e1ch \u0111i\u1ec7n th\u1ee7y tinh U160BLP Sediver<\/strong><\/p>\n<p><img fetchpriority=\"high\" decoding=\"async\" class=\"alignnone wp-image-3569 size-full\" src=\"https:\/\/gaoyapowers.com\/wp-content\/uploads\/2025\/05\/U160BLP\u56fe\u7eb8.webp\" alt=\"U160BLP glass insulator drawing\" width=\"800\" height=\"380\" srcset=\"https:\/\/gaoyapowers.com\/wp-content\/uploads\/2025\/05\/U160BLP\u56fe\u7eb8.webp 800w, https:\/\/gaoyapowers.com\/wp-content\/uploads\/2025\/05\/U160BLP\u56fe\u7eb8-300x143.webp 300w, https:\/\/gaoyapowers.com\/wp-content\/uploads\/2025\/05\/U160BLP\u56fe\u7eb8-768x365.webp 768w\" sizes=\"(max-width: 800px) 100vw, 800px\" \/><\/p>\n<p><strong>K\u00cdCH TH\u01af\u1edaC<\/strong><br \/>\n<strong>Theo ti\u00eau chu\u1ea9n IEC 60305<\/strong><br \/>\nM\u00e3 \u0111\u1ecbnh danh IEC: U160BLP<br \/>\n\u0110\u01b0\u1eddng k\u00ednh \u0111\u0129a (D): 320 mm<br \/>\nKho\u1ea3ng c\u00e1ch (P): 170 mm<br \/>\nChi\u1ec1u d\u00e0i r\u00f2 danh \u0111\u1ecbnh t\u1ed1i thi\u1ec3u: 550 mm<br \/>\nKh\u1edbp n\u1ed1i theo IEC 60120: 20 mm<br \/>\nTr\u1ecdng l\u01b0\u1ee3ng t\u1ecbnh x\u1ea5p x\u1ec9: 9.1 kg<\/p>\n<p><strong>HI\u1ec6U SU\u1ea4T C\u01a0 H\u1eccC<\/strong><br \/>\n<strong>Theo ti\u00eau chu\u1ea9n IEC 60383<\/strong><br \/>\nL\u1ef1c k\u00e9o \u0111\u1ee9t t\u1ed1i thi\u1ec3u: 160 kN<br \/>\nT\u1ea3i th\u1eed th\u01b0\u1eddng xuy\u00ean (Routine Test Load): 80 kN<\/p>\n<p><strong>HI\u1ec6U SU\u1ea4T \u0110I\u1ec6N<\/strong><br \/>\n<strong>Theo ti\u00eau chu\u1ea9n IEC 60383<\/strong><br \/>\n\u0110i\u1ec7n \u00e1p ch\u1ecbu t\u1ea7n s\u1ed1 c\u00f4ng nghi\u1ec7p (Power frequency withstand voltage):<br \/>\nKh\u00f4 (dry, 1 ph\u00fat): 90 kV<br \/>\n\u1ea8m (wet, 1 ph\u00fat): 55 kV<br \/>\n\u0110i\u1ec7n \u00e1p ch\u1ecbu xung s\u00e9t (Lightning impulse withstand voltage): 140 kV<br \/>\n\u0110i\u1ec7n \u00e1p ch\u1ecbu \u0111\u00e1nh th\u1ee7ng (Withstand puncture voltage): 130 kV<\/p>\n<p><strong>TH\u00c0NH PH\u1ea6N C\u1ea4U T\u1ea0O<\/strong><br \/>\nV\u1ecf c\u00e1ch \u0111i\u1ec7n: Th\u1ee7y tinh t\u00f4i c\u01b0\u1eddng l\u1ef1c<br \/>\nCh\u1ee5p (cap): Gang \u0111\u00fac m\u1ea1 k\u1ebdm nh\u00fang n\u00f3ng<br \/>\nCh\u1ed1t (pin): Th\u00e9p r\u00e8n m\u1ea1 k\u1ebdm nh\u00fang n\u00f3ng<br \/>\nCh\u1ed1t kh\u00f3a (cotter key): Th\u00e9p kh\u00f4ng g\u1ec9<br \/>\nXi m\u0103ng: Xi m\u0103ng alumin, s\u1ea5y n\u00f3ng<\/p>","protected":false},"excerpt":{"rendered":"<p>S\u1ee9 c\u00e1ch \u0111i\u1ec7n th\u1ee7y tinh U160BLP Sediver l\u00e0 lo\u1ea1i s\u1ee9 th\u1ee7y tinh c\u01b0\u1eddng l\u1ef1c d\u1ea1ng s\u01b0\u01a1ng m\u00f9 (fog type), \u0111\u01b0\u1ee3c thi\u1ebft k\u1ebf cho \u0111\u01b0\u1eddng d\u00e2y truy\u1ec1n t\u1ea3i \u0111i\u1ec7n cao \u00e1p l\u00ean \u0111\u1ebfn 550kV, \u0111\u1eb7c bi\u1ec7t th\u00edch h\u1ee3p cho khu v\u1ef1c c\u00f3 m\u1ee9c \u0111\u1ed9 \u00f4 nhi\u1ec5m cao.\n\nS\u1ea3n ph\u1ea9m c\u00f3 l\u1ef1c k\u00e9o \u0111\u1ee9t c\u01a1 h\u1ecdc cao l\u00ean \u0111\u1ebfn 160kN, \u0111\u1ea3m b\u1ea3o hi\u1ec7u su\u1ea5t v\u01b0\u1ee3t tr\u1ed9i v\u00e0 \u0111\u1ed9 tin c\u1eady cao trong \u0111i\u1ec1u ki\u1ec7n m\u00f4i tr\u01b0\u1eddng kh\u1eafc nghi\u1ec7t.<\/p>\n<p>S\u1ee9 c\u00e1ch \u0111i\u1ec7n th\u1ee7y tinh U160BLP Sediver tu\u00e2n th\u1ee7 c\u00e1c ti\u00eau chu\u1ea9n IEC. S\u1ea3n ph\u1ea9m c\u00f3 \u0111\u01b0\u1eddng k\u00ednh danh \u0111\u1ecbnh l\u00e0 320mm, chi\u1ec1u cao 170mm, chi\u1ec1u d\u00e0i r\u00f2 550mm, v\u00e0 k\u00edch th\u01b0\u1edbc kh\u1edbp n\u1ed1i l\u00e0 20mm. Tr\u1ecdng l\u01b0\u1ee3ng t\u1ecbnh x\u1ea5p x\u1ec9 9,1kg.<\/p>","protected":false},"featured_media":3556,"template":"","meta":[],"product_brand":[],"product_cat":[16,31,27],"product_tag":[],"class_list":{"0":"post-3552","1":"product","2":"type-product","3":"status-publish","4":"has-post-thumbnail","6":"product_cat-glass-insulator","7":"product_cat-products","8":"product_cat-suspension-insulator","10":"first","11":"instock","12":"shipping-taxable","13":"product-type-simple"},"_links":{"self":[{"href":"https:\/\/gaoyapowers.com\/vi\/wp-json\/wp\/v2\/product\/3552"}],"collection":[{"href":"https:\/\/gaoyapowers.com\/vi\/wp-json\/wp\/v2\/product"}],"about":[{"href":"https:\/\/gaoyapowers.com\/vi\/wp-json\/wp\/v2\/types\/product"}],"wp:featuredmedia":[{"embeddable":true,"href":"https:\/\/gaoyapowers.com\/vi\/wp-json\/wp\/v2\/media\/3556"}],"wp:attachment":[{"href":"https:\/\/gaoyapowers.com\/vi\/wp-json\/wp\/v2\/media?parent=3552"}],"wp:term":[{"taxonomy":"product_brand","embeddable":true,"href":"https:\/\/gaoyapowers.com\/vi\/wp-json\/wp\/v2\/product_brand?post=3552"},{"taxonomy":"product_cat","embeddable":true,"href":"https:\/\/gaoyapowers.com\/vi\/wp-json\/wp\/v2\/product_cat?post=3552"},{"taxonomy":"product_tag","embeddable":true,"href":"https:\/\/gaoyapowers.com\/vi\/wp-json\/wp\/v2\/product_tag?post=3552"}],"curies":[{"name":"wp","href":"https:\/\/api.w.org\/{rel}","templated":true}]}}