{"id":3600,"date":"2025-05-20T09:30:12","date_gmt":"2025-05-20T09:30:12","guid":{"rendered":"https:\/\/gaoyapowers.com\/?post_type=product&#038;p=3600"},"modified":"2025-07-02T07:23:25","modified_gmt":"2025-07-02T07:23:25","slug":"110kv-long-rod-polymer-composite-suspension-insulator","status":"publish","type":"product","link":"https:\/\/gaoyapowers.com\/vi\/110kv-long-rod-polymer-composite-suspension-insulator\/","title":{"rendered":"Chu\u1ed7i c\u00e1ch \u0111i\u1ec7n polymer 110kV"},"content":{"rendered":"<p><strong>Th\u00f4ng s\u1ed1 k\u1ef9 thu\u1eadt chu\u1ed7i c\u00e1ch \u0111i\u1ec7n polymer 110kV<\/strong><\/p>\n\n<div class=\"wpdt-c row wpDataTableContainerSimpleTable wpDataTables wpDataTablesWrapper wdtscroll\"\n    >\n        <table id=\"wpdtSimpleTable-32\"\n           style=\"border-collapse:collapse;                   border-spacing:0px;\"\n           class=\"wpdtSimpleTable wpDataTable\"\n           data-column=\"12\"\n           data-rows=\"3\"\n           data-wpid=\"32\"\n           data-responsive=\"0\"\n           data-has-header=\"0\">\n\n                    <tbody>        <tr class=\"wpdt-cell-row\" >\n                                <td class=\"wpdt-cell\"\n                                            data-cell-id=\"A1\"\n                    data-col-index=\"0\"\n                    data-row-index=\"0\"\n                    style=\" width:111px;                    padding:3px;                    \"\n                    >\n                                        M\u00e3 s\u1ea3n ph\u1ea9m c\u00e1ch \u0111i\u1ec7n                    <\/td>\n                                                <td class=\"wpdt-cell\"\n                                            data-cell-id=\"B1\"\n                    data-col-index=\"1\"\n                    data-row-index=\"0\"\n                    style=\" width:65px;                    padding:3px;                    \"\n                    >\n                                        \u0110i\u1ec7n \u00e1p \u0111\u1ecbnh m\u1ee9c (kV)                    <\/td>\n                                                <td class=\"wpdt-cell\"\n                                            data-cell-id=\"C1\"\n                    data-col-index=\"2\"\n                    data-row-index=\"0\"\n                    style=\" width:94px;                    padding:3px;                    \"\n                    >\n                                        L\u1ef1c k\u00e9o c\u01a1 h\u1ecdc \u0111\u1ecbnh m\u1ee9c (kN)                    <\/td>\n                                                <td class=\"wpdt-cell\"\n                                            data-cell-id=\"D1\"\n                    data-col-index=\"3\"\n                    data-row-index=\"0\"\n                    style=\" width:75px;                    padding:3px;                    \"\n                    >\n                                        K\u00edch th\u01b0\u1edbc \u0111\u1ea7u n\u1ed1i                    <\/td>\n                                                <td class=\"wpdt-cell\"\n                                            data-cell-id=\"E1\"\n                    data-col-index=\"4\"\n                    data-row-index=\"0\"\n                    style=\" width:103px;                    padding:3px;                    \"\n                    >\n                                        Chi\u1ec1u cao t\u1ed5ng th\u1ec3, H (mm)                    <\/td>\n                                                <td class=\"wpdt-cell\"\n                                            data-cell-id=\"F1\"\n                    data-col-index=\"5\"\n                    data-row-index=\"0\"\n                    style=\" width:82px;                    padding:3px;                    \"\n                    >\n                                        Kho\u1ea3ng c\u00e1ch ch\u1ed1ng h\u1ed3 quang t\u1ed1i thi\u1ec3u, h (mm)                    <\/td>\n                                                <td class=\"wpdt-cell\"\n                                            data-cell-id=\"G1\"\n                    data-col-index=\"6\"\n                    data-row-index=\"0\"\n                    style=\" width:90px;                    padding:3px;                    \"\n                    >\n                                        \u0110\u01b0\u1eddng k\u00ednh v\u00e0nh che l\u1edbn, d1 (mm)                    <\/td>\n                                                <td class=\"wpdt-cell\"\n                                            data-cell-id=\"H1\"\n                    data-col-index=\"7\"\n                    data-row-index=\"0\"\n                    style=\" width:100px;                    padding:3px;                    \"\n                    >\n                                        \u0110\u01b0\u1eddng k\u00ednh v\u00f2ng \u0111i\u1ec1u \u00e1p, D (mm)                    <\/td>\n                                                <td class=\"wpdt-cell\"\n                                            data-cell-id=\"I1\"\n                    data-col-index=\"8\"\n                    data-row-index=\"0\"\n                    style=\" width:97px;                    padding:3px;                    \"\n                    >\n                                        Chi\u1ec1u d\u00e0i r\u00f2 r\u1ec9 \u0111\u1ecbnh m\u1ee9c t\u1ed1i thi\u1ec3u, L (mm)                    <\/td>\n                                                <td class=\"wpdt-cell\"\n                                            data-cell-id=\"J1\"\n                    data-col-index=\"9\"\n                    data-row-index=\"0\"\n                    style=\" width:87px;                    padding:3px;                    \"\n                    >\n                                        \u0110i\u1ec7n \u00e1p ch\u1ecbu \u0111\u1ef1ng xung s\u00e9t (gi\u00e1 tr\u1ecb \u0111\u1ec9nh), kV                    <\/td>\n                                                <td class=\"wpdt-cell\"\n                                            data-cell-id=\"K1\"\n                    data-col-index=\"10\"\n                    data-row-index=\"0\"\n                    style=\" width:95px;                    padding:3px;                    \"\n                    >\n                                        \u0110i\u1ec7n \u00e1p ch\u1ecbu t\u1ea7n s\u1ed1 c\u00f4ng nghi\u1ec7p (\u01b0\u1edbt, t\u1ed1i thi\u1ec3u), kV                    <\/td>\n                                                <td class=\"wpdt-cell\"\n                                            data-cell-id=\"L1\"\n                    data-col-index=\"11\"\n                    data-row-index=\"0\"\n                    style=\" width:80px;                    padding:3px;                    \"\n                    >\n                                        Kh\u1ed1i l\u01b0\u1ee3ng tham kh\u1ea3o (kg)                    <\/td>\n                                        <\/tr>\n                            <tr class=\"wpdt-cell-row\" >\n                                <td class=\"wpdt-cell\"\n                                            data-cell-id=\"A2\"\n                    data-col-index=\"0\"\n                    data-row-index=\"1\"\n                    style=\"                    padding:3px;                    \"\n                    >\n                                        FXBW-110\uff0870\/100\/120\uff09                    <\/td>\n                                                <td class=\"wpdt-cell\"\n                                            data-cell-id=\"B2\"\n                    data-col-index=\"1\"\n                    data-row-index=\"1\"\n                    style=\"                    padding:3px;                    \"\n                    >\n                                        110                    <\/td>\n                                                <td class=\"wpdt-cell\"\n                                            data-cell-id=\"C2\"\n                    data-col-index=\"2\"\n                    data-row-index=\"1\"\n                    style=\"                    padding:3px;                    \"\n                    >\n                                        70\/100\/120                    <\/td>\n                                                <td class=\"wpdt-cell\"\n                                            data-cell-id=\"D2\"\n                    data-col-index=\"3\"\n                    data-row-index=\"1\"\n                    style=\"                    padding:3px;                    \"\n                    >\n                                        16                    <\/td>\n                                                <td class=\"wpdt-cell\"\n                                            data-cell-id=\"E2\"\n                    data-col-index=\"4\"\n                    data-row-index=\"1\"\n                    style=\"                    padding:3px;                    \"\n                    >\n                                        1240\u00b115                    <\/td>\n                                                <td class=\"wpdt-cell\"\n                                            data-cell-id=\"F2\"\n                    data-col-index=\"5\"\n                    data-row-index=\"1\"\n                    style=\"                    padding:3px;                    \"\n                    >\n                                        1000                    <\/td>\n                                                <td class=\"wpdt-cell\"\n                                            data-cell-id=\"G2\"\n                    data-col-index=\"6\"\n                    data-row-index=\"1\"\n                    style=\"                    padding:3px;                    \"\n                    >\n                                        148                    <\/td>\n                                                <td class=\"wpdt-cell\"\n                                            data-cell-id=\"H2\"\n                    data-col-index=\"7\"\n                    data-row-index=\"1\"\n                    style=\"                    padding:3px;                    \"\n                    >\n                                        250                    <\/td>\n                                                <td class=\"wpdt-cell\"\n                                            data-cell-id=\"I2\"\n                    data-col-index=\"8\"\n                    data-row-index=\"1\"\n                    style=\"                    padding:3px;                    \"\n                    >\n                                        3150                    <\/td>\n                                                <td class=\"wpdt-cell\"\n                                            data-cell-id=\"J2\"\n                    data-col-index=\"9\"\n                    data-row-index=\"1\"\n                    style=\"                    padding:3px;                    \"\n                    >\n                                        550                    <\/td>\n                                                <td class=\"wpdt-cell\"\n                                            data-cell-id=\"K2\"\n                    data-col-index=\"10\"\n                    data-row-index=\"1\"\n                    style=\"                    padding:3px;                    \"\n                    >\n                                        230                    <\/td>\n                                                <td class=\"wpdt-cell\"\n                                            data-cell-id=\"L2\"\n                    data-col-index=\"11\"\n                    data-row-index=\"1\"\n                    style=\"                    padding:3px;                    \"\n                    >\n                                        4.9                    <\/td>\n                                        <\/tr>\n                            <tr class=\"wpdt-cell-row\" >\n                                <td class=\"wpdt-cell\"\n                                            data-cell-id=\"A3\"\n                    data-col-index=\"0\"\n                    data-row-index=\"2\"\n                    style=\"                    padding:3px;                    \"\n                    >\n                                        FXBW-110\uff0870\/100\/120\uff09                    <\/td>\n                                                <td class=\"wpdt-cell\"\n                                            data-cell-id=\"B3\"\n                    data-col-index=\"1\"\n                    data-row-index=\"2\"\n                    style=\"                    padding:3px;                    \"\n                    >\n                                        110                    <\/td>\n                                                <td class=\"wpdt-cell\"\n                                            data-cell-id=\"C3\"\n                    data-col-index=\"2\"\n                    data-row-index=\"2\"\n                    style=\"                    padding:3px;                    \"\n                    >\n                                        70\/100\/120                    <\/td>\n                                                <td class=\"wpdt-cell\"\n                                            data-cell-id=\"D3\"\n                    data-col-index=\"3\"\n                    data-row-index=\"2\"\n                    style=\"                    padding:3px;                    \"\n                    >\n                                        16                    <\/td>\n                                                <td class=\"wpdt-cell\"\n                                            data-cell-id=\"E3\"\n                    data-col-index=\"4\"\n                    data-row-index=\"2\"\n                    style=\"                    padding:3px;                    \"\n                    >\n                                        1400\u00b115                    <\/td>\n                                                <td class=\"wpdt-cell\"\n                                            data-cell-id=\"F3\"\n                    data-col-index=\"5\"\n                    data-row-index=\"2\"\n                    style=\"                    padding:3px;                    \"\n                    >\n                                        1165                    <\/td>\n                                                <td class=\"wpdt-cell\"\n                                            data-cell-id=\"G3\"\n                    data-col-index=\"6\"\n                    data-row-index=\"2\"\n                    style=\"                    padding:3px;                    \"\n                    >\n                                        148                    <\/td>\n                                                <td class=\"wpdt-cell\"\n                                            data-cell-id=\"H3\"\n                    data-col-index=\"7\"\n                    data-row-index=\"2\"\n                    style=\"                    padding:3px;                    \"\n                    >\n                                        250                    <\/td>\n                                                <td class=\"wpdt-cell\"\n                                            data-cell-id=\"I3\"\n                    data-col-index=\"8\"\n                    data-row-index=\"2\"\n                    style=\"                    padding:3px;                    \"\n                    >\n                                        3650                    <\/td>\n                                                <td class=\"wpdt-cell\"\n                                            data-cell-id=\"J3\"\n                    data-col-index=\"9\"\n                    data-row-index=\"2\"\n                    style=\"                    padding:3px;                    \"\n                    >\n                                        550                    <\/td>\n                                                <td class=\"wpdt-cell\"\n                                            data-cell-id=\"K3\"\n                    data-col-index=\"10\"\n                    data-row-index=\"2\"\n                    style=\"                    padding:3px;                    \"\n                    >\n                                        230                    <\/td>\n                                                <td class=\"wpdt-cell\"\n                                            data-cell-id=\"L3\"\n                    data-col-index=\"11\"\n                    data-row-index=\"2\"\n                    style=\"                    padding:3px;                    \"\n                    >\n                                        7.0                    <\/td>\n                                        <\/tr>\n                    <\/table>\n<\/div><style id='wpdt-custom-style-32'>\n<\/style>","protected":false},"excerpt":{"rendered":"<p class=\"\" data-start=\"1356\" data-end=\"1678\">\u0110\u01b0\u1ee3c thi\u1ebft k\u1ebf cho h\u1ec7 th\u1ed1ng truy\u1ec1n t\u1ea3i \u0111i\u1ec7n 110kV, Chu\u1ed7i c\u00e1ch \u0111i\u1ec7n polymer 110kV thanh d\u00e0i c\u1ee7a ch\u00fang t\u00f4i mang l\u1ea1i \u0111\u1ed9 tin c\u1eady cao v\u1ec1 \u0111i\u1ec7n v\u00e0 c\u01a1 kh\u00ed \u0111\u1ed3ng th\u1eddi gi\u1ea3m tr\u1ecdng l\u01b0\u1ee3ng t\u1ed5ng th\u1ec3 c\u1ee7a \u0111\u01b0\u1eddng d\u00e2y. C\u00e1c v\u00e0nh silicon cao su duy tr\u00ec t\u00ednh k\u1ef5 n\u01b0\u1edbc \u1ed5n \u0111\u1ecbnh, ch\u1ed1ng \u00f4 nhi\u1ec5m v\u00e0 gi\u1ea3m d\u00f2ng r\u00f2 trong \u0111i\u1ec1u ki\u1ec7n \u1ea9m \u01b0\u1edbt ho\u1eb7c \u00f4 nhi\u1ec5m.<\/p>\n<p class=\"\" data-start=\"1680\" data-end=\"2029\">Thanh s\u1ee3i th\u1ee7y tinh c\u01b0\u1eddng \u0111\u1ed9 cao v\u00e0 l\u1edbp v\u1ecf polymer b\u1ec1n b\u1ec9 cho ph\u00e9p s\u1ea3n ph\u1ea9m s\u1eed d\u1ee5ng hi\u1ec7u qu\u1ea3 trong nhi\u1ec1u v\u00f9ng kh\u00ed h\u1eadu v\u00e0 \u0111\u1ecba h\u00ecnh kh\u00e1c nhau. C\u00e1c t\u1ea3i tr\u1ecdng c\u01a1 h\u1ecdc ti\u00eau chu\u1ea9n nh\u01b0 70kN, 120kN v\u00e0 160kN c\u00f3 th\u1ec3 \u0111\u01b0\u1ee3c cung c\u1ea5p theo y\u00eau c\u1ea7u, v\u00e0 m\u1ed7i s\u1ea3n ph\u1ea9m c\u00f3 th\u1ec3 \u0111\u01b0\u1ee3c ch\u1ebf t\u1ea1o t\u00f9y ch\u1ec9nh theo b\u1ea3n v\u1ebd c\u1ee7a kh\u00e1ch h\u00e0ng \u0111\u1ec3 \u0111\u1ea3m b\u1ea3o ph\u00f9 h\u1ee3p v\u1edbi c\u00e1c y\u00eau c\u1ea7u \u0111i\u1ec7n v\u00e0 c\u01a1 kh\u00ed c\u1ee7a \u0111\u01b0\u1eddng d\u00e2y.<\/p>\n<p class=\"\" data-start=\"2031\" data-end=\"2272\">Ch\u00fang t\u00f4i cung c\u1ea5p \u0111\u1ea7y \u0111\u1ee7 c\u00e1c lo\u1ea1i \u0111\u1ea7u n\u1ed1i c\u00f3 th\u1ec3 t\u00f9y ch\u1ec9nh nh\u01b0 \u0111\u1ea7u bi, \u0111\u1ea7u l\u01b0\u1ee1i, ch\u1ed1t, \u1ed5 c\u1eafm, m\u1eaft n\u1ed1i v\u00e0 ch\u1ed1t Y, \u0111\u1ea3m b\u1ea3o t\u01b0\u01a1ng th\u00edch v\u1edbi thi\u1ebft k\u1ebf ph\u1ea7n c\u1ee9ng c\u1ee7a b\u1ea1n trong khi v\u1eabn gi\u1eef v\u1eefng t\u00ednh to\u00e0n v\u1eb9n c\u01a1 h\u1ecdc v\u00e0 hi\u1ec7u qu\u1ea3 l\u1eafp \u0111\u1eb7t.<\/p>\n<p class=\"\" data-start=\"2274\" data-end=\"2442\">Tu\u00e2n th\u1ee7 ti\u00eau chu\u1ea9n IEC 61109, Chu\u1ed7i c\u00e1ch \u0111i\u1ec7n polymer 110kV l\u00e0 l\u1ef1a ch\u1ecdn l\u00fd t\u01b0\u1edfng cho c\u1ea3 c\u00e1c d\u1ef1 \u00e1n x\u00e2y d\u1ef1ng \u0111\u01b0\u1eddng d\u00e2y m\u1edbi v\u00e0 c\u1ea3i t\u1ea1o l\u01b0\u1edbi \u0111i\u1ec7n, n\u01a1i y\u00eau c\u1ea7u c\u00f4ng ngh\u1ec7 c\u00e1ch \u0111i\u1ec7n polymer \u0111\u00e1ng tin c\u1eady.<\/p>","protected":false},"featured_media":3601,"template":"","meta":[],"product_brand":[],"product_cat":[25,31,27],"product_tag":[],"class_list":{"0":"post-3600","1":"product","2":"type-product","3":"status-publish","4":"has-post-thumbnail","6":"product_cat-polymer-insulator","7":"product_cat-products","8":"product_cat-suspension-insulator","10":"first","11":"instock","12":"shipping-taxable","13":"product-type-simple"},"_links":{"self":[{"href":"https:\/\/gaoyapowers.com\/vi\/wp-json\/wp\/v2\/product\/3600"}],"collection":[{"href":"https:\/\/gaoyapowers.com\/vi\/wp-json\/wp\/v2\/product"}],"about":[{"href":"https:\/\/gaoyapowers.com\/vi\/wp-json\/wp\/v2\/types\/product"}],"wp:featuredmedia":[{"embeddable":true,"href":"https:\/\/gaoyapowers.com\/vi\/wp-json\/wp\/v2\/media\/3601"}],"wp:attachment":[{"href":"https:\/\/gaoyapowers.com\/vi\/wp-json\/wp\/v2\/media?parent=3600"}],"wp:term":[{"taxonomy":"product_brand","embeddable":true,"href":"https:\/\/gaoyapowers.com\/vi\/wp-json\/wp\/v2\/product_brand?post=3600"},{"taxonomy":"product_cat","embeddable":true,"href":"https:\/\/gaoyapowers.com\/vi\/wp-json\/wp\/v2\/product_cat?post=3600"},{"taxonomy":"product_tag","embeddable":true,"href":"https:\/\/gaoyapowers.com\/vi\/wp-json\/wp\/v2\/product_tag?post=3600"}],"curies":[{"name":"wp","href":"https:\/\/api.w.org\/{rel}","templated":true}]}}