{"id":3604,"date":"2025-05-20T09:15:15","date_gmt":"2025-05-20T09:15:15","guid":{"rendered":"https:\/\/gaoyapowers.com\/?post_type=product&#038;p=3604"},"modified":"2025-07-02T08:42:41","modified_gmt":"2025-07-02T08:42:41","slug":"220kv-composite-polymer-suspension-long-rod-insulator","status":"publish","type":"product","link":"https:\/\/gaoyapowers.com\/vi\/220kv-composite-polymer-suspension-long-rod-insulator\/","title":{"rendered":"Chu\u1ed7i c\u00e1ch \u0111i\u1ec7n polymer 220kV 70kN 120kN 160kN"},"content":{"rendered":"<p><strong>Th\u00f4ng s\u1ed1 k\u1ef9 thu\u1eadt S\u1ee9 c\u00e1ch \u0111i\u1ec7n composite th\u00e2n d\u00e0i (IEC 61952 &amp; IEC 61109)<\/strong><\/p>\n\n<div class=\"wpdt-c row wpDataTableContainerSimpleTable wpDataTables wpDataTablesWrapper wdtscroll\"\n    >\n        <table id=\"wpdtSimpleTable-34\"\n           style=\"border-collapse:collapse;                   border-spacing:0px;\"\n           class=\"wpdtSimpleTable wpDataTable\"\n           data-column=\"9\"\n           data-rows=\"5\"\n           data-wpid=\"34\"\n           data-responsive=\"0\"\n           data-has-header=\"0\">\n\n                    <tbody>        <tr class=\"wpdt-cell-row\" >\n                                <td class=\"wpdt-cell\"\n                                            data-cell-id=\"A1\"\n                    data-col-index=\"0\"\n                    data-row-index=\"0\"\n                    style=\" width:138px;                    padding:10px;                    \"\n                    >\n                                        M\u00e3 s\u1ea3n ph\u1ea9m                    <\/td>\n                                                <td class=\"wpdt-cell\"\n                                            data-cell-id=\"B1\"\n                    data-col-index=\"1\"\n                    data-row-index=\"0\"\n                    style=\" width:100px;                    padding:10px;                    \"\n                    >\n                                        \u0110i\u1ec7n \u00e1p \u0111\u1ecbnh m\u1ee9c (kV)                    <\/td>\n                                                <td class=\"wpdt-cell\"\n                                            data-cell-id=\"C1\"\n                    data-col-index=\"2\"\n                    data-row-index=\"0\"\n                    style=\" width:100px;                    padding:10px;                    \"\n                    >\n                                        T\u1ea3i tr\u1ecdng c\u01a1 h\u1ecdc \u0111\u1eb7c tr\u01b0ng (kN)                    <\/td>\n                                                <td class=\"wpdt-cell\"\n                                            data-cell-id=\"D1\"\n                    data-col-index=\"3\"\n                    data-row-index=\"0\"\n                    style=\" width:77px;                    padding:10px;                    \"\n                    >\n                                        K\u00edch th\u01b0\u1edbc \u0111\u1ea7u n\u1ed1i                    <\/td>\n                                                <td class=\"wpdt-cell\"\n                                            data-cell-id=\"E1\"\n                    data-col-index=\"4\"\n                    data-row-index=\"0\"\n                    style=\" width:91px;                    padding:10px;                    \"\n                    >\n                                        Chi\u1ec1u d\u00e0i t\u1ed5ng th\u1ec3 (mm)                    <\/td>\n                                                <td class=\"wpdt-cell\"\n                                            data-cell-id=\"F1\"\n                    data-col-index=\"5\"\n                    data-row-index=\"0\"\n                    style=\" width:102px;                    padding:10px;                    \"\n                    >\n                                        Kho\u1ea3ng c\u00e1ch ph\u00f3ng \u0111i\u1ec7n t\u1ed1i thi\u1ec3u (mm)                    <\/td>\n                                                <td class=\"wpdt-cell\"\n                                            data-cell-id=\"G1\"\n                    data-col-index=\"6\"\n                    data-row-index=\"0\"\n                    style=\" width:114px;                    padding:10px;                    \"\n                    >\n                                        Chi\u1ec1u d\u00e0i r\u00f2 \u0111i\u1ec7n (mm)                    <\/td>\n                                                <td class=\"wpdt-cell\"\n                                            data-cell-id=\"H1\"\n                    data-col-index=\"7\"\n                    data-row-index=\"0\"\n                    style=\" width:107px;                    padding:10px;                    \"\n                    >\n                                        \u0110i\u1ec7n \u00e1p ch\u1ecbu xung s\u00e9t (BIL) (kV)                    <\/td>\n                                                <td class=\"wpdt-cell\"\n                                            data-cell-id=\"I1\"\n                    data-col-index=\"8\"\n                    data-row-index=\"0\"\n                    style=\" width:110px;                    padding:10px;                    \"\n                    >\n                                        \u0110i\u1ec7n \u00e1p ch\u1ecbu t\u1ea7n s\u1ed1 c\u00f4ng nghi\u1ec7p (trong \u01b0\u1edbt) (kV)                    <\/td>\n                                        <\/tr>\n                            <tr class=\"wpdt-cell-row\" >\n                                <td class=\"wpdt-cell\"\n                                            data-cell-id=\"A2\"\n                    data-col-index=\"0\"\n                    data-row-index=\"1\"\n                    style=\"                    padding:10px;                    \"\n                    >\n                                        FXBW-220\/70                    <\/td>\n                                                <td class=\"wpdt-cell\"\n                                            data-cell-id=\"B2\"\n                    data-col-index=\"1\"\n                    data-row-index=\"1\"\n                    style=\"                    padding:10px;                    \"\n                    >\n                                        220                    <\/td>\n                                                <td class=\"wpdt-cell\"\n                                            data-cell-id=\"C2\"\n                    data-col-index=\"2\"\n                    data-row-index=\"1\"\n                    style=\"                    padding:10px;                    \"\n                    >\n                                        70                    <\/td>\n                                                <td class=\"wpdt-cell\"\n                                            data-cell-id=\"D2\"\n                    data-col-index=\"3\"\n                    data-row-index=\"1\"\n                    style=\"                    padding:10px;                    \"\n                    >\n                                        16                    <\/td>\n                                                <td class=\"wpdt-cell\"\n                                            data-cell-id=\"E2\"\n                    data-col-index=\"4\"\n                    data-row-index=\"1\"\n                    style=\"                    padding:10px;                    \"\n                    >\n                                        2150\u00b135                    <\/td>\n                                                <td class=\"wpdt-cell\"\n                                            data-cell-id=\"F2\"\n                    data-col-index=\"5\"\n                    data-row-index=\"1\"\n                    style=\"                    padding:10px;                    \"\n                    >\n                                        1900                    <\/td>\n                                                <td class=\"wpdt-cell\"\n                                            data-cell-id=\"G2\"\n                    data-col-index=\"6\"\n                    data-row-index=\"1\"\n                    style=\"                    padding:10px;                    \"\n                    >\n                                        6300                    <\/td>\n                                                <td class=\"wpdt-cell\"\n                                            data-cell-id=\"H2\"\n                    data-col-index=\"7\"\n                    data-row-index=\"1\"\n                    style=\"                    padding:10px;                    \"\n                    >\n                                        1000                    <\/td>\n                                                <td class=\"wpdt-cell\"\n                                            data-cell-id=\"I2\"\n                    data-col-index=\"8\"\n                    data-row-index=\"1\"\n                    style=\"                    padding:10px;                    \"\n                    >\n                                        395                    <\/td>\n                                        <\/tr>\n                            <tr class=\"wpdt-cell-row\" >\n                                <td class=\"wpdt-cell\"\n                                            data-cell-id=\"A3\"\n                    data-col-index=\"0\"\n                    data-row-index=\"2\"\n                    style=\"                    padding:10px;                    \"\n                    >\n                                        FXBW-220\/100                    <\/td>\n                                                <td class=\"wpdt-cell\"\n                                            data-cell-id=\"B3\"\n                    data-col-index=\"1\"\n                    data-row-index=\"2\"\n                    style=\"                    padding:10px;                    \"\n                    >\n                                        220                    <\/td>\n                                                <td class=\"wpdt-cell\"\n                                            data-cell-id=\"C3\"\n                    data-col-index=\"2\"\n                    data-row-index=\"2\"\n                    style=\"                    padding:10px;                    \"\n                    >\n                                        100                    <\/td>\n                                                <td class=\"wpdt-cell\"\n                                            data-cell-id=\"D3\"\n                    data-col-index=\"3\"\n                    data-row-index=\"2\"\n                    style=\"                    padding:10px;                    \"\n                    >\n                                        16                    <\/td>\n                                                <td class=\"wpdt-cell\"\n                                            data-cell-id=\"E3\"\n                    data-col-index=\"4\"\n                    data-row-index=\"2\"\n                    style=\"                    padding:10px;                    \"\n                    >\n                                        2150\u00b135                    <\/td>\n                                                <td class=\"wpdt-cell\"\n                                            data-cell-id=\"F3\"\n                    data-col-index=\"5\"\n                    data-row-index=\"2\"\n                    style=\"                    padding:10px;                    \"\n                    >\n                                        1900                    <\/td>\n                                                <td class=\"wpdt-cell\"\n                                            data-cell-id=\"G3\"\n                    data-col-index=\"6\"\n                    data-row-index=\"2\"\n                    style=\"                    padding:10px;                    \"\n                    >\n                                        6300                    <\/td>\n                                                <td class=\"wpdt-cell\"\n                                            data-cell-id=\"H3\"\n                    data-col-index=\"7\"\n                    data-row-index=\"2\"\n                    style=\"                    padding:10px;                    \"\n                    >\n                                        1000                    <\/td>\n                                                <td class=\"wpdt-cell\"\n                                            data-cell-id=\"I3\"\n                    data-col-index=\"8\"\n                    data-row-index=\"2\"\n                    style=\"                    padding:10px;                    \"\n                    >\n                                        395                    <\/td>\n                                        <\/tr>\n                            <tr class=\"wpdt-cell-row\" >\n                                <td class=\"wpdt-cell\"\n                                            data-cell-id=\"A4\"\n                    data-col-index=\"0\"\n                    data-row-index=\"3\"\n                    style=\"                    padding:10px;                    \"\n                    >\n                                        FXBW4-220\/120                    <\/td>\n                                                <td class=\"wpdt-cell\"\n                                            data-cell-id=\"B4\"\n                    data-col-index=\"1\"\n                    data-row-index=\"3\"\n                    style=\"                    padding:10px;                    \"\n                    >\n                                        220                    <\/td>\n                                                <td class=\"wpdt-cell\"\n                                            data-cell-id=\"C4\"\n                    data-col-index=\"2\"\n                    data-row-index=\"3\"\n                    style=\"                    padding:10px;                    \"\n                    >\n                                        120                    <\/td>\n                                                <td class=\"wpdt-cell\"\n                                            data-cell-id=\"D4\"\n                    data-col-index=\"3\"\n                    data-row-index=\"3\"\n                    style=\"                    padding:10px;                    \"\n                    >\n                                        16                    <\/td>\n                                                <td class=\"wpdt-cell\"\n                                            data-cell-id=\"E4\"\n                    data-col-index=\"4\"\n                    data-row-index=\"3\"\n                    style=\"                    padding:10px;                    \"\n                    >\n                                        2240\u00b130                    <\/td>\n                                                <td class=\"wpdt-cell\"\n                                            data-cell-id=\"F4\"\n                    data-col-index=\"5\"\n                    data-row-index=\"3\"\n                    style=\"                    padding:10px;                    \"\n                    >\n                                        2000                    <\/td>\n                                                <td class=\"wpdt-cell\"\n                                            data-cell-id=\"G4\"\n                    data-col-index=\"6\"\n                    data-row-index=\"3\"\n                    style=\"                    padding:10px;                    \"\n                    >\n                                        6600                    <\/td>\n                                                <td class=\"wpdt-cell\"\n                                            data-cell-id=\"H4\"\n                    data-col-index=\"7\"\n                    data-row-index=\"3\"\n                    style=\"                    padding:10px;                    \"\n                    >\n                                        1000                    <\/td>\n                                                <td class=\"wpdt-cell\"\n                                            data-cell-id=\"I4\"\n                    data-col-index=\"8\"\n                    data-row-index=\"3\"\n                    style=\"                    padding:10px;                    \"\n                    >\n                                        395                    <\/td>\n                                        <\/tr>\n                            <tr class=\"wpdt-cell-row\" >\n                                <td class=\"wpdt-cell\"\n                                            data-cell-id=\"A5\"\n                    data-col-index=\"0\"\n                    data-row-index=\"4\"\n                    style=\"                    padding:10px;                    \"\n                    >\n                                        FXBW-220\/160                    <\/td>\n                                                <td class=\"wpdt-cell\"\n                                            data-cell-id=\"B5\"\n                    data-col-index=\"1\"\n                    data-row-index=\"4\"\n                    style=\"                    padding:10px;                    \"\n                    >\n                                        220                    <\/td>\n                                                <td class=\"wpdt-cell\"\n                                            data-cell-id=\"C5\"\n                    data-col-index=\"2\"\n                    data-row-index=\"4\"\n                    style=\"                    padding:10px;                    \"\n                    >\n                                        160                    <\/td>\n                                                <td class=\"wpdt-cell\"\n                                            data-cell-id=\"D5\"\n                    data-col-index=\"3\"\n                    data-row-index=\"4\"\n                    style=\"                    padding:10px;                    \"\n                    >\n                                        20                    <\/td>\n                                                <td class=\"wpdt-cell\"\n                                            data-cell-id=\"E5\"\n                    data-col-index=\"4\"\n                    data-row-index=\"4\"\n                    style=\"                    padding:10px;                    \"\n                    >\n                                        2240\u00b130                    <\/td>\n                                                <td class=\"wpdt-cell\"\n                                            data-cell-id=\"F5\"\n                    data-col-index=\"5\"\n                    data-row-index=\"4\"\n                    style=\"                    padding:10px;                    \"\n                    >\n                                        1900                    <\/td>\n                                                <td class=\"wpdt-cell\"\n                                            data-cell-id=\"G5\"\n                    data-col-index=\"6\"\n                    data-row-index=\"4\"\n                    style=\"                    padding:10px;                    \"\n                    >\n                                        6300                    <\/td>\n                                                <td class=\"wpdt-cell\"\n                                            data-cell-id=\"H5\"\n                    data-col-index=\"7\"\n                    data-row-index=\"4\"\n                    style=\"                    padding:10px;                    \"\n                    >\n                                        1000                    <\/td>\n                                                <td class=\"wpdt-cell\"\n                                            data-cell-id=\"I5\"\n                    data-col-index=\"8\"\n                    data-row-index=\"4\"\n                    style=\"                    padding:10px;                    \"\n                    >\n                                        395                    <\/td>\n                                        <\/tr>\n                    <\/table>\n<\/div><style id='wpdt-custom-style-34'>\n<\/style>","protected":false},"excerpt":{"rendered":"<p class=\"\" data-start=\"180\" data-end=\"493\">Chu\u1ed7i c\u00e1ch \u0111i\u1ec7n polymer 220kV, hay c\u00f2n g\u1ecdi l\u00e0 s\u1ee9 treo polymer 220kV, \u0111\u01b0\u1ee3c thi\u1ebft k\u1ebf \u0111\u1ec3 \u0111\u00e1p \u1ee9ng c\u00e1c y\u00eau c\u1ea7u kh\u1eaft khe c\u1ee7a h\u1ec7 th\u1ed1ng truy\u1ec1n t\u1ea3i \u0111i\u1ec7n cao th\u1ebf hi\u1ec7n \u0111\u1ea1i. S\u1ea3n ph\u1ea9m s\u1eed d\u1ee5ng l\u00f5i thanh s\u1ee3i th\u1ee7y tinh epoxy c\u01b0\u1eddng \u0111\u1ed9 cao k\u1ebft h\u1ee3p v\u1edbi c\u00e1c v\u00e0nh che b\u1eb1ng cao su silicon c\u00f3 t\u00ednh k\u1ef5 n\u01b0\u1edbc, mang l\u1ea1i kh\u1ea3 n\u0103ng ch\u1ed1ng \u00f4 nhi\u1ec5m, tia UV v\u00e0 l\u00e3o h\u00f3a v\u01b0\u1ee3t tr\u1ed9i trong m\u00f4i tr\u01b0\u1eddng kh\u1eafc nghi\u1ec7t.<\/p>\n<p class=\"\" data-start=\"495\" data-end=\"744\">\u0110\u1ed1i v\u1edbi c\u00e1c \u0111\u01b0\u1eddng d\u00e2y tr\u00ean kh\u00f4ng 220kV, vi\u1ec7c l\u1eafp \u0111\u1eb7t v\u00f2ng ch\u1ed1ng ph\u00f3ng \u0111i\u1ec7n (v\u00f2ng corona) \u0111\u01b0\u1ee3c khuy\u1ebfn ngh\u1ecb nh\u1eb1m t\u1ed1i \u01b0u h\u00f3a ph\u00e2n b\u1ed1 \u0111i\u1ec7n \u00e1p t\u1ea1i c\u00e1c \u0111\u1ea7u n\u1ed1i v\u00e0 gi\u1ea3m thi\u1ec3u hi\u1ec7n t\u01b0\u1ee3ng ph\u00f3ng \u0111i\u1ec7n corona. \u0110i\u1ec1u n\u00e0y gi\u00fap n\u00e2ng cao hi\u1ec7u su\u1ea5t h\u1ec7 th\u1ed1ng v\u00e0 k\u00e9o d\u00e0i tu\u1ed5i th\u1ecd c\u1ee7a chu\u1ed7i s\u1ee9 treo polymer.<\/p>\n<p class=\"\" data-start=\"746\" data-end=\"1124\">S\u1ea3n ph\u1ea9m c\u00f3 th\u1ec3 \u0111\u01b0\u1ee3c t\u00f9y ch\u1ec9nh theo t\u1ea3i tr\u1ecdng c\u01a1 h\u1ecdc nh\u01b0 70kN, 120kN ho\u1eb7c 160kN v\u00e0 ch\u1ebf t\u1ea1o theo b\u1ea3n v\u1ebd k\u1ef9 thu\u1eadt c\u1ee7a kh\u00e1ch h\u00e0ng \u0111\u1ec3 ph\u00f9 h\u1ee3p v\u1edbi c\u00e1c y\u00eau c\u1ea7u k\u1ebft c\u1ea5u c\u1ee5 th\u1ec3. Ch\u00fang t\u00f4i cung c\u1ea5p \u0111a d\u1ea1ng \u0111\u1ea7u n\u1ed1i nh\u01b0 socket, ball, tongue, clevis, eye v\u00e0 Y-clevis, \u0111\u00e1p \u1ee9ng t\u1ed1t c\u00e1c c\u1ea5u h\u00ecnh ph\u1ea7n c\u1ee9ng kh\u00e1c nhau trong h\u1ec7 th\u1ed1ng truy\u1ec1n t\u1ea3i.<\/p>\n<p class=\"\" data-start=\"1126\" data-end=\"1278\">Tu\u00e2n th\u1ee7 ti\u00eau chu\u1ea9n IEC 61109, s\u1ee9 treo polymer 220kV l\u00e0 l\u1ef1a ch\u1ecdn l\u00fd t\u01b0\u1edfng cho c\u00e1c tuy\u1ebfn truy\u1ec1n t\u1ea3i nh\u1ecbp d\u00e0i ho\u1eb7c y\u00eau c\u1ea7u l\u1eafp \u0111\u1eb7t g\u1ecdn nh\u1eb9, \u0111\u1ed3ng th\u1eddi \u0111\u1ea3m b\u1ea3o hi\u1ec7u su\u1ea5t \u0111i\u1ec7n v\u00e0 \u0111\u1ed9 b\u1ec1n c\u01a1 h\u1ecdc \u1ed5n \u0111\u1ecbnh trong th\u1eddi gian d\u00e0i.<\/p>","protected":false},"featured_media":3605,"template":"","meta":[],"product_brand":[],"product_cat":[25,31,27],"product_tag":[],"class_list":{"0":"post-3604","1":"product","2":"type-product","3":"status-publish","4":"has-post-thumbnail","6":"product_cat-polymer-insulator","7":"product_cat-products","8":"product_cat-suspension-insulator","10":"first","11":"instock","12":"shipping-taxable","13":"product-type-simple"},"_links":{"self":[{"href":"https:\/\/gaoyapowers.com\/vi\/wp-json\/wp\/v2\/product\/3604"}],"collection":[{"href":"https:\/\/gaoyapowers.com\/vi\/wp-json\/wp\/v2\/product"}],"about":[{"href":"https:\/\/gaoyapowers.com\/vi\/wp-json\/wp\/v2\/types\/product"}],"wp:featuredmedia":[{"embeddable":true,"href":"https:\/\/gaoyapowers.com\/vi\/wp-json\/wp\/v2\/media\/3605"}],"wp:attachment":[{"href":"https:\/\/gaoyapowers.com\/vi\/wp-json\/wp\/v2\/media?parent=3604"}],"wp:term":[{"taxonomy":"product_brand","embeddable":true,"href":"https:\/\/gaoyapowers.com\/vi\/wp-json\/wp\/v2\/product_brand?post=3604"},{"taxonomy":"product_cat","embeddable":true,"href":"https:\/\/gaoyapowers.com\/vi\/wp-json\/wp\/v2\/product_cat?post=3604"},{"taxonomy":"product_tag","embeddable":true,"href":"https:\/\/gaoyapowers.com\/vi\/wp-json\/wp\/v2\/product_tag?post=3604"}],"curies":[{"name":"wp","href":"https:\/\/api.w.org\/{rel}","templated":true}]}}