{"id":3611,"date":"2025-05-22T08:56:38","date_gmt":"2025-05-22T08:56:38","guid":{"rendered":"https:\/\/gaoyapowers.com\/?post_type=product&#038;p=3611"},"modified":"2025-05-22T08:57:31","modified_gmt":"2025-05-22T08:57:31","slug":"15kv-polymer-suspension-insulator","status":"publish","type":"product","link":"https:\/\/gaoyapowers.com\/vi\/15kv-polymer-suspension-insulator\/","title":{"rendered":"S\u1ee9 chu\u1ed7i polymer 15kV"},"content":{"rendered":"<p><strong>Th\u00f4ng s\u1ed1 k\u1ef9 thu\u1eadt c\u1ee7a s\u1ee9 chu\u1ed7i polymer 15kV<\/strong><\/p>\n<p><img fetchpriority=\"high\" decoding=\"async\" class=\"alignnone wp-image-3616 size-full\" src=\"https:\/\/gaoyapowers.com\/wp-content\/uploads\/2025\/05\/\u56fe\u7eb8-1.webp\" alt=\"15kV polymer insulator drawing\" width=\"1000\" height=\"300\" srcset=\"https:\/\/gaoyapowers.com\/wp-content\/uploads\/2025\/05\/\u56fe\u7eb8-1.webp 1000w, https:\/\/gaoyapowers.com\/wp-content\/uploads\/2025\/05\/\u56fe\u7eb8-1-300x90.webp 300w, https:\/\/gaoyapowers.com\/wp-content\/uploads\/2025\/05\/\u56fe\u7eb8-1-768x230.webp 768w\" sizes=\"(max-width: 1000px) 100vw, 1000px\" \/><\/p>\n<p>\u2022\u00a0M\u00e3 s\u1ee9 c\u00e1ch \u0111i\u1ec7n polymer: FXB1-15\/70CT<br \/>\n\u2022\u00a0\u0110i\u1ec7n \u00e1p \u0111\u1ecbnh m\u1ee9c: 15kV<br \/>\n\u2022\u00a0T\u1ea3i tr\u1ecdng c\u01a1 h\u1ecdc \u0111\u1eb7c tr\u01b0ng (SML): 70kN<br \/>\n\u2022\u00a0Chi\u1ec1u cao: 380mm<br \/>\n\u2022\u00a0Kho\u1ea3ng c\u00e1ch ch\u1ed1ng h\u1ed3 quang kh\u00f4: 195mm<br \/>\n\u2022\u00a0Chi\u1ec1u d\u00e0i r\u00f2 r\u1ec9: 460mm<br \/>\n\u2022\u00a0\u0110i\u1ec7n \u00e1p ch\u1ecbu t\u1ea7n s\u1ed1 c\u00f4ng nghi\u1ec7p trong \u0111i\u1ec1u ki\u1ec7n \u01b0\u1edbt: 65kV<br \/>\n\u2022\u00a0\u0110i\u1ec7n \u00e1p ch\u1ecbu xung s\u00e9t kh\u00f4: 140kV<\/p>","protected":false},"excerpt":{"rendered":"<p>S\u1ee9 chu\u1ed7i polymer 15kV l\u00e0 gi\u1ea3i ph\u00e1p c\u00e1ch \u0111i\u1ec7n hi\u1ec7u su\u1ea5t cao \u0111\u01b0\u1ee3c thi\u1ebft k\u1ebf d\u00e0nh cho c\u00e1c \u0111\u01b0\u1eddng d\u00e2y ph\u00e2n ph\u1ed1i \u0111i\u1ec7n trung th\u1ebf tr\u00ean kh\u00f4ng. V\u1edbi v\u1eadt li\u1ec7u polymer ti\u00ean ti\u1ebfn, s\u1ea3n ph\u1ea9m n\u00e0y mang l\u1ea1i \u0111\u1ed9 b\u1ec1n c\u01a1 h\u1ecdc v\u01b0\u1ee3t tr\u1ed9i, kh\u1ea3 n\u0103ng c\u00e1ch \u0111i\u1ec7n \u1ed5n \u0111\u1ecbnh v\u00e0 kh\u1ea3 n\u0103ng ch\u1ed1ng ch\u1ecbu m\u00f4i tr\u01b0\u1eddng, l\u00e0 s\u1ef1 thay th\u1ebf \u0111\u00e1ng tin c\u1eady cho c\u00e1c lo\u1ea1i s\u1ee9 c\u00e1ch \u0111i\u1ec7n truy\u1ec1n th\u1ed1ng b\u1eb1ng s\u1ee9.<\/p>\n<p>M\u1eabu s\u1ea3n ph\u1ea9m FXB1-15\/70CT c\u00f3 \u0111i\u1ec7n \u00e1p \u0111\u1ecbnh m\u1ee9c 15kV v\u00e0 t\u1ea3i tr\u1ecdng c\u01a1 h\u1ecdc \u0111\u1eb7c tr\u01b0ng (SML) l\u00e0 70kN, ph\u00f9 h\u1ee3p cho c\u1ea3 \u1ee9ng d\u1ee5ng treo ti\u00eau chu\u1ea9n v\u00e0 n\u00e9o ch\u1ecbu l\u1ef1c. L\u00f5i composite FRP (nh\u1ef1a gia c\u01b0\u1eddng s\u1ee3i th\u1ee7y tinh) c\u00f3 \u0111\u1ed9 b\u1ec1n cao gi\u00fap \u0111\u1ea3m b\u1ea3o \u0111\u1ed9 \u1ed5n \u0111\u1ecbnh v\u1ec1 k\u1ebft c\u1ea5u khi ch\u1ecbu \u1ee9ng su\u1ea5t c\u01a1 h\u1ecdc, trong khi l\u1edbp v\u1ecf cao su silicon k\u1ef5 n\u01b0\u1edbc gi\u00fap ng\u0103n h\u00ecnh th\u00e0nh m\u00e0ng n\u01b0\u1edbc tr\u00ean b\u1ec1 m\u1eb7t, t\u1eeb \u0111\u00f3 gi\u1ea3m nguy c\u01a1 ph\u00f3ng \u0111i\u1ec7n do \u00f4 nhi\u1ec5m.<\/p>\n<p>V\u1ec1 hi\u1ec7u su\u1ea5t \u0111i\u1ec7n, s\u1ee9 chu\u1ed7i polymer 15kV c\u00f3 \u0111i\u1ec7n \u00e1p ch\u1ecbu t\u1ea7n s\u1ed1 c\u00f4ng nghi\u1ec7p trong \u0111i\u1ec1u ki\u1ec7n \u01b0\u1edbt l\u00e0 65kV v\u00e0 \u0111i\u1ec7n \u00e1p ch\u1ecbu xung s\u00e9t kh\u00f4 l\u00e0 140kV, \u0111\u1ea3m b\u1ea3o kh\u1ea3 n\u0103ng c\u00e1ch \u0111i\u1ec7n \u0111\u00e1ng tin c\u1eady trong nhi\u1ec1u \u0111i\u1ec1u ki\u1ec7n m\u00f4i tr\u01b0\u1eddng kh\u00e1c nhau.<\/p>\n<p>V\u1edbi chi\u1ec1u cao t\u1ed5ng th\u1ec3 nh\u1ecf g\u1ecdn 380mm, kho\u1ea3ng c\u00e1ch ch\u1ed1ng h\u1ed3 quang kh\u00f4 195mm v\u00e0 chi\u1ec1u d\u00e0i r\u00f2 r\u1ec9 460mm, s\u1ea3n ph\u1ea9m n\u00e0y \u0111\u00e1p \u1ee9ng \u0111\u1ea7y \u0111\u1ee7 c\u00e1c ti\u00eau chu\u1ea9n an to\u00e0n v\u00e0 hi\u1ec7u su\u1ea5t kh\u1eaft khe trong h\u1ec7 th\u1ed1ng \u0111i\u1ec7n hi\u1ec7n \u0111\u1ea1i.<\/p>","protected":false},"featured_media":3612,"template":"","meta":[],"product_brand":[],"product_cat":[25,31,27],"product_tag":[],"class_list":{"0":"post-3611","1":"product","2":"type-product","3":"status-publish","4":"has-post-thumbnail","6":"product_cat-polymer-insulator","7":"product_cat-products","8":"product_cat-suspension-insulator","10":"first","11":"instock","12":"shipping-taxable","13":"product-type-simple"},"_links":{"self":[{"href":"https:\/\/gaoyapowers.com\/vi\/wp-json\/wp\/v2\/product\/3611"}],"collection":[{"href":"https:\/\/gaoyapowers.com\/vi\/wp-json\/wp\/v2\/product"}],"about":[{"href":"https:\/\/gaoyapowers.com\/vi\/wp-json\/wp\/v2\/types\/product"}],"wp:featuredmedia":[{"embeddable":true,"href":"https:\/\/gaoyapowers.com\/vi\/wp-json\/wp\/v2\/media\/3612"}],"wp:attachment":[{"href":"https:\/\/gaoyapowers.com\/vi\/wp-json\/wp\/v2\/media?parent=3611"}],"wp:term":[{"taxonomy":"product_brand","embeddable":true,"href":"https:\/\/gaoyapowers.com\/vi\/wp-json\/wp\/v2\/product_brand?post=3611"},{"taxonomy":"product_cat","embeddable":true,"href":"https:\/\/gaoyapowers.com\/vi\/wp-json\/wp\/v2\/product_cat?post=3611"},{"taxonomy":"product_tag","embeddable":true,"href":"https:\/\/gaoyapowers.com\/vi\/wp-json\/wp\/v2\/product_tag?post=3611"}],"curies":[{"name":"wp","href":"https:\/\/api.w.org\/{rel}","templated":true}]}}