{"id":3617,"date":"2025-05-23T06:26:08","date_gmt":"2025-05-23T06:26:08","guid":{"rendered":"https:\/\/gaoyapowers.com\/?post_type=product&#038;p=3617"},"modified":"2025-05-23T06:26:08","modified_gmt":"2025-05-23T06:26:08","slug":"24kv-polymer-suspension-insulator","status":"publish","type":"product","link":"https:\/\/gaoyapowers.com\/vi\/24kv-polymer-suspension-insulator\/","title":{"rendered":"S\u1ee9 treo polymer 24kV"},"content":{"rendered":"<p><strong>Th\u00f4ng s\u1ed1 k\u1ef9 thu\u1eadt c\u1ee7a s\u1ee9 treo polymer 24kV (theo ti\u00eau chu\u1ea9n IEC 61109)<\/strong><\/p>\n<p><img fetchpriority=\"high\" decoding=\"async\" class=\"alignnone wp-image-3621 size-full\" src=\"https:\/\/gaoyapowers.com\/wp-content\/uploads\/2025\/05\/drawing.webp\" alt=\"24kV Polymer Insulator technical specifications\" width=\"800\" height=\"299\" srcset=\"https:\/\/gaoyapowers.com\/wp-content\/uploads\/2025\/05\/drawing.webp 800w, https:\/\/gaoyapowers.com\/wp-content\/uploads\/2025\/05\/drawing-300x112.webp 300w, https:\/\/gaoyapowers.com\/wp-content\/uploads\/2025\/05\/drawing-768x287.webp 768w\" sizes=\"(max-width: 800px) 100vw, 800px\" \/><\/p>\n<p>\u2022\u00a0M\u00e3 s\u1ea3n ph\u1ea9m: FXB-24\/70<br \/>\n\u2022\u00a0\u0110i\u1ec7n \u00e1p \u0111\u1ecbnh m\u1ee9c: 24kV<br \/>\n\u2022\u00a0T\u1ea3i tr\u1ecdng c\u01a1 h\u1ecdc \u0111\u1eb7c tr\u01b0ng (SML): 70kN<br \/>\n\u2022\u00a0Chi\u1ec1u cao t\u1ed5ng th\u1ec3: 452 \u00b110 mm<br \/>\n\u2022 Chi\u1ec1u d\u00e0i r\u00f2 r\u1ec9: 760 mm<br \/>\n\u2022\u00a0\u0110i\u1ec7n \u00e1p ch\u1ecbu xung s\u00e9t: 200kV<br \/>\n\u2022\u00a0\u0110i\u1ec7n \u00e1p ch\u1ecbu t\u1ea7n s\u1ed1 c\u00f4ng nghi\u1ec7p trong \u0111i\u1ec1u ki\u1ec7n \u01b0\u1edbt: 95kV<\/p>","protected":false},"excerpt":{"rendered":"<p>S\u1ee9 treo polymer 24kV \u0111\u01b0\u1ee3c s\u1eed d\u1ee5ng trong c\u00e1c \u0111\u01b0\u1eddng d\u00e2y ph\u00e2n ph\u1ed1i \u0111i\u1ec7n \u00e1p 24kV. S\u1ea3n ph\u1ea9m c\u00f3 l\u00f5i s\u1ee3i th\u1ee7y tinh v\u1edbi t\u1ea3i tr\u1ecdng c\u01a1 h\u1ecdc ti\u00eau chu\u1ea9n 70kN, c\u00f3 th\u1ec3 t\u00f9y ch\u1ecdn n\u00e2ng c\u1ea5p l\u00ean 120kN ho\u1eb7c 160kN theo y\u00eau c\u1ea7u k\u1ef9 thu\u1eadt. L\u1edbp v\u1ecf cao su silicon c\u00f3 t\u00ednh k\u1ef5 n\u01b0\u1edbc cao v\u00e0 kh\u1ea3 n\u0103ng ch\u1ed1ng \u00f4 nhi\u1ec5m v\u01b0\u1ee3t tr\u1ed9i, gi\u00fap \u0111\u1ea3m b\u1ea3o hi\u1ec7u su\u1ea5t c\u00e1ch \u0111i\u1ec7n \u1ed5n \u0111\u1ecbnh trong \u0111i\u1ec1u ki\u1ec7n m\u00f4i tr\u01b0\u1eddng kh\u1eafc nghi\u1ec7t.\n\nTh\u00f4ng s\u1ed1 k\u1ef9 thu\u1eadt n\u1ed5i b\u1eadt c\u1ee7a s\u1ee9 treo polymer 24kV g\u1ed3m: chi\u1ec1u d\u00e0i r\u00f2 r\u1ec9 760mm, \u0111i\u1ec7n \u00e1p ch\u1ecbu xung s\u00e9t 200kV, v\u00e0 \u0111i\u1ec7n \u00e1p ch\u1ecbu t\u1ea7n s\u1ed1 c\u00f4ng nghi\u1ec7p trong \u0111i\u1ec1u ki\u1ec7n \u01b0\u1edbt l\u00e0 95kV. S\u1ea3n ph\u1ea9m c\u00f3 tr\u1ecdng l\u01b0\u1ee3ng nh\u1eb9, \u0111\u1ed9 b\u1ec1n cao v\u00e0 \u0111\u01b0\u1ee3c s\u1ea3n xu\u1ea5t ph\u00f9 h\u1ee3p v\u1edbi ti\u00eau chu\u1ea9n IEC 61109, l\u00e0 l\u1ef1a ch\u1ecdn l\u00fd t\u01b0\u1edfng cho h\u1ec7 th\u1ed1ng ph\u00e2n ph\u1ed1i \u0111i\u1ec7n trung th\u1ebf hi\u1ec7n \u0111\u1ea1i.<\/p>","protected":false},"featured_media":3620,"template":"","meta":[],"product_brand":[],"product_cat":[25,31,27],"product_tag":[],"class_list":{"0":"post-3617","1":"product","2":"type-product","3":"status-publish","4":"has-post-thumbnail","6":"product_cat-polymer-insulator","7":"product_cat-products","8":"product_cat-suspension-insulator","10":"first","11":"instock","12":"shipping-taxable","13":"product-type-simple"},"_links":{"self":[{"href":"https:\/\/gaoyapowers.com\/vi\/wp-json\/wp\/v2\/product\/3617"}],"collection":[{"href":"https:\/\/gaoyapowers.com\/vi\/wp-json\/wp\/v2\/product"}],"about":[{"href":"https:\/\/gaoyapowers.com\/vi\/wp-json\/wp\/v2\/types\/product"}],"wp:featuredmedia":[{"embeddable":true,"href":"https:\/\/gaoyapowers.com\/vi\/wp-json\/wp\/v2\/media\/3620"}],"wp:attachment":[{"href":"https:\/\/gaoyapowers.com\/vi\/wp-json\/wp\/v2\/media?parent=3617"}],"wp:term":[{"taxonomy":"product_brand","embeddable":true,"href":"https:\/\/gaoyapowers.com\/vi\/wp-json\/wp\/v2\/product_brand?post=3617"},{"taxonomy":"product_cat","embeddable":true,"href":"https:\/\/gaoyapowers.com\/vi\/wp-json\/wp\/v2\/product_cat?post=3617"},{"taxonomy":"product_tag","embeddable":true,"href":"https:\/\/gaoyapowers.com\/vi\/wp-json\/wp\/v2\/product_tag?post=3617"}],"curies":[{"name":"wp","href":"https:\/\/api.w.org\/{rel}","templated":true}]}}