{"id":3622,"date":"2025-05-23T08:35:50","date_gmt":"2025-05-23T08:35:50","guid":{"rendered":"https:\/\/gaoyapowers.com\/?post_type=product&#038;p=3622"},"modified":"2025-05-23T08:35:50","modified_gmt":"2025-05-23T08:35:50","slug":"25kv-silicone-rubber-polymer-suspension-insulator","status":"publish","type":"product","link":"https:\/\/gaoyapowers.com\/vi\/25kv-silicone-rubber-polymer-suspension-insulator\/","title":{"rendered":"S\u1ee9 chu\u1ed7i c\u00e1ch \u0111i\u1ec7n polymer 25kV (24kV)"},"content":{"rendered":"<p><strong>Th\u00f4ng s\u1ed1 k\u1ef9 thu\u1eadt S\u1ee9 chu\u1ed7i c\u00e1ch \u0111i\u1ec7n polymer 25kV (IEC 61109)<\/strong><\/p>\n<p><img fetchpriority=\"high\" decoding=\"async\" class=\"alignnone wp-image-3624 size-full\" src=\"https:\/\/gaoyapowers.com\/wp-content\/uploads\/2025\/05\/drawing-1.webp\" alt=\"25kV Polymer suspension insulator drawing and specification\" width=\"800\" height=\"305\" srcset=\"https:\/\/gaoyapowers.com\/wp-content\/uploads\/2025\/05\/drawing-1.webp 800w, https:\/\/gaoyapowers.com\/wp-content\/uploads\/2025\/05\/drawing-1-300x114.webp 300w, https:\/\/gaoyapowers.com\/wp-content\/uploads\/2025\/05\/drawing-1-768x293.webp 768w\" sizes=\"(max-width: 800px) 100vw, 800px\" \/><\/p>\n<p>\u2022 \u0110i\u1ec7n \u00e1p danh \u0111\u1ecbnh: 25 kV<br \/>\n\u2022 Chi\u1ec1u d\u00e0i t\u1ed5ng th\u1ec3: 430 \u00b110 mm<br \/>\n\u2022 T\u1ea3i tr\u1ecdng c\u01a1 h\u1ecdc \u0111\u1ecbnh m\u1ee9c (SML): 110 kN<br \/>\n\u2022 T\u1ea3i th\u1eed nghi\u1ec7m \u0111\u1ecbnh k\u1ef3 (RTL): 55 kN<br \/>\n\u2022 Kho\u1ea3ng c\u00e1ch ph\u00f3ng \u0111i\u1ec7n trong kh\u00f4ng kh\u00ed kh\u00f4: 215 mm<br \/>\n\u2022 Chi\u1ec1u d\u00e0i r\u00f2 r\u1ec9: 585 mm<br \/>\n\u2022 \u0110i\u1ec7n \u00e1p ch\u1ecbu \u0111\u1ef1ng t\u1ea7n s\u1ed1 c\u00f4ng nghi\u1ec7p trong 1 ph\u00fat (\u0111i\u1ec1u ki\u1ec7n \u01b0\u1edbt): 50 kV<br \/>\n\u2022 \u0110i\u1ec7n \u00e1p ch\u1ecbu \u0111\u1ef1ng xung s\u00e9t: 90 kV<\/p>","protected":false},"excerpt":{"rendered":"<p>S\u1ee9 chu\u1ed7i c\u00e1ch \u0111i\u1ec7n polymer 25kV n\u00e0y \u0111\u01b0\u1ee3c thi\u1ebft k\u1ebf v\u1edbi \u0111\u1ea7u n\u1ed1i d\u1ea1ng l\u01b0\u1ee1i (tongue-type) v\u00e0 l\u00f5i s\u1ee3i th\u1ee7y tinh c\u01b0\u1eddng \u0111\u1ed9 cao, c\u00f3 kh\u1ea3 n\u0103ng ch\u1ecbu l\u1ef1c c\u01a1 h\u1ecdc l\u00ean \u0111\u1ebfn 110kN. C\u00f3 th\u1ec3 l\u1eafp \u0111\u1eb7t ph\u00f9 h\u1ee3p cho c\u00e1c tuy\u1ebfn \u0111\u01b0\u1eddng d\u00e2y ph\u00e2n ph\u1ed1i \u0111i\u1ec7n 24kV t\u1ea1i Vi\u1ec7t Nam. S\u1ea3n ph\u1ea9m \u0111\u01b0\u1ee3c trang b\u1ecb c\u00e1c t\u00e1n l\u00e0m b\u1eb1ng cao su silicone \u2013 c\u00f2n g\u1ecdi l\u00e0 s\u1ee9 c\u00e1ch \u0111i\u1ec7n cao su silicone \u2013 mang l\u1ea1i t\u00ednh k\u1ef5 n\u01b0\u1edbc xu\u1ea5t s\u1eafc v\u00e0 kh\u1ea3 n\u0103ng ch\u1ed1ng ch\u1ecbu \u0111i\u1ec1u ki\u1ec7n m\u00f4i tr\u01b0\u1eddng kh\u1eafc nghi\u1ec7t, gi\u00fap gi\u1ea3m thi\u1ec3u nguy c\u01a1 ph\u00f3ng \u0111i\u1ec7n b\u1ec1 m\u1eb7t (flashover).<\/p>\n<p>\u0110\u01b0\u1ee3c ph\u00e1t tri\u1ec3n d\u00e0nh ri\u00eang cho h\u1ec7 th\u1ed1ng ph\u00e2n ph\u1ed1i \u0111i\u1ec7n 25kV, s\u1ee9 c\u00e1ch \u0111i\u1ec7n n\u00e0y \u0111\u1ea3m b\u1ea3o \u0111\u1ed9 tin c\u1eady v\u1ec1 c\u01a1 h\u1ecdc v\u00e0 s\u1ef1 \u1ed5n \u0111\u1ecbnh l\u00e2u d\u00e0i. S\u1ea3n ph\u1ea9m \u0111\u00e1p \u1ee9ng ti\u00eau chu\u1ea9n IEC 61109 v\u00e0 \u0111\u01b0\u1ee3c s\u1ea3n xu\u1ea5t theo quy tr\u00ecnh ki\u1ec3m so\u00e1t ch\u1ea5t l\u01b0\u1ee3ng nghi\u00eam ng\u1eb7t. Ch\u00fang t\u00f4i c\u0169ng cung c\u1ea5p d\u1ecbch v\u1ee5 thi\u1ebft k\u1ebf theo y\u00eau c\u1ea7u, d\u1ef1a tr\u00ean b\u1ea3n v\u1ebd v\u00e0 th\u00f4ng s\u1ed1 k\u1ef9 thu\u1eadt c\u1ee7a kh\u00e1ch h\u00e0ng nh\u1eb1m \u0111\u00e1p \u1ee9ng c\u00e1c nhu c\u1ea7u \u1ee9ng d\u1ee5ng c\u1ee5 th\u1ec3.<\/p>\n<p><img decoding=\"async\" class=\"alignnone wp-image-3625 size-full\" src=\"https:\/\/gaoyapowers.com\/wp-content\/uploads\/2025\/05\/end-fitting.jpg\" alt=\"end fitting for polymer insulator\" width=\"600\" height=\"167\" srcset=\"https:\/\/gaoyapowers.com\/wp-content\/uploads\/2025\/05\/end-fitting.jpg 600w, https:\/\/gaoyapowers.com\/wp-content\/uploads\/2025\/05\/end-fitting-300x84.jpg 300w\" sizes=\"(max-width: 600px) 100vw, 600px\" \/><\/p>","protected":false},"featured_media":3623,"template":"","meta":[],"product_brand":[],"product_cat":[25,31,27],"product_tag":[],"class_list":{"0":"post-3622","1":"product","2":"type-product","3":"status-publish","4":"has-post-thumbnail","6":"product_cat-polymer-insulator","7":"product_cat-products","8":"product_cat-suspension-insulator","10":"first","11":"instock","12":"shipping-taxable","13":"product-type-simple"},"_links":{"self":[{"href":"https:\/\/gaoyapowers.com\/vi\/wp-json\/wp\/v2\/product\/3622"}],"collection":[{"href":"https:\/\/gaoyapowers.com\/vi\/wp-json\/wp\/v2\/product"}],"about":[{"href":"https:\/\/gaoyapowers.com\/vi\/wp-json\/wp\/v2\/types\/product"}],"wp:featuredmedia":[{"embeddable":true,"href":"https:\/\/gaoyapowers.com\/vi\/wp-json\/wp\/v2\/media\/3623"}],"wp:attachment":[{"href":"https:\/\/gaoyapowers.com\/vi\/wp-json\/wp\/v2\/media?parent=3622"}],"wp:term":[{"taxonomy":"product_brand","embeddable":true,"href":"https:\/\/gaoyapowers.com\/vi\/wp-json\/wp\/v2\/product_brand?post=3622"},{"taxonomy":"product_cat","embeddable":true,"href":"https:\/\/gaoyapowers.com\/vi\/wp-json\/wp\/v2\/product_cat?post=3622"},{"taxonomy":"product_tag","embeddable":true,"href":"https:\/\/gaoyapowers.com\/vi\/wp-json\/wp\/v2\/product_tag?post=3622"}],"curies":[{"name":"wp","href":"https:\/\/api.w.org\/{rel}","templated":true}]}}