{"id":3626,"date":"2025-05-23T10:13:29","date_gmt":"2025-05-23T10:13:29","guid":{"rendered":"https:\/\/gaoyapowers.com\/?post_type=product&#038;p=3626"},"modified":"2025-07-03T02:25:58","modified_gmt":"2025-07-03T02:25:58","slug":"36kv-polymer-composite-suspension-insulator","status":"publish","type":"product","link":"https:\/\/gaoyapowers.com\/vi\/36kv-polymer-composite-suspension-insulator\/","title":{"rendered":"S\u1ee9 chu\u1ed7i polymer 36kV (24kV 35kV)"},"content":{"rendered":"<p><strong>Th\u00f4ng s\u1ed1 k\u1ef9 thu\u1eadt S\u1ee9 chu\u1ed7i polymer 36kV<\/strong><\/p>\n<p><img fetchpriority=\"high\" decoding=\"async\" class=\"alignnone wp-image-3630 size-full\" src=\"https:\/\/gaoyapowers.com\/wp-content\/uploads\/2025\/05\/36kV-\u56fe\u7eb8\u53c2\u6570-1.webp\" alt=\"technical specifications aislador polimerico de suspension 36 kv\" width=\"1000\" height=\"698\" srcset=\"https:\/\/gaoyapowers.com\/wp-content\/uploads\/2025\/05\/36kV-\u56fe\u7eb8\u53c2\u6570-1.webp 1000w, https:\/\/gaoyapowers.com\/wp-content\/uploads\/2025\/05\/36kV-\u56fe\u7eb8\u53c2\u6570-1-300x209.webp 300w, https:\/\/gaoyapowers.com\/wp-content\/uploads\/2025\/05\/36kV-\u56fe\u7eb8\u53c2\u6570-1-768x536.webp 768w\" sizes=\"(max-width: 1000px) 100vw, 1000px\" \/><\/p>\n<p><strong>K\u00cdCH TH\u01af\u1edaC:<\/strong><br \/>\n\u2022 Chi\u1ec1u cao: 670 \u00b115 mm<br \/>\n\u2022 Kho\u1ea3ng c\u00e1ch ph\u00f3ng \u0111i\u1ec7n trong kh\u00f4ng kh\u00ed kh\u00f4 t\u1ed1i thi\u1ec3u: 520 mm<br \/>\n\u2022 Chi\u1ec1u d\u00e0i r\u00f2 r\u1ec9 t\u1ed1i thi\u1ec3u: 1116 mm<br \/>\n\u2022 K\u00edch th\u01b0\u1edbc kh\u1edbp n\u1ed1i: \u0110\u1ebf\/Qu\u1ea3 c\u1ea7u 16 (theo IEC 60120)<\/p>\n<p><strong>C\u01a0 H\u1eccC:<\/strong><br \/>\n\u2022 T\u1ea3i tr\u1ecdng c\u01a1 h\u1ecdc \u0111\u1ecbnh m\u1ee9c (SML): 70 kN<br \/>\n\u2022 T\u1ea3i th\u1eed nghi\u1ec7m \u0111\u1ecbnh k\u1ef3 (RTL): 35 kN<br \/>\n\u2022 Ti\u00eau chu\u1ea9n: IEC 61109<\/p>\n<p><strong>\u0110I\u1ec6N:<\/strong><br \/>\n\u2022 \u0110i\u1ec7n \u00e1p \u0111\u1ecbnh m\u1ee9c: 36 kV<br \/>\n\u2022 \u0110i\u1ec7n \u00e1p ch\u1ecbu \u0111\u1ef1ng t\u1ea7n s\u1ed1 c\u00f4ng nghi\u1ec7p (\u01b0\u1edbt, 1 ph\u00fat): 120 kV<br \/>\n\u2022 \u0110i\u1ec7n \u00e1p ch\u1ecbu \u0111\u1ef1ng xung s\u00e9t: 260 kV<br \/>\n\u2022 Ti\u00eau chu\u1ea9n: IEC 61109<\/p>\n<p><strong>V\u1eacT LI\u1ec6U:<\/strong><br \/>\n1. \u0110\u1ea7u n\u1ed1i:<br \/>\n1.1 V\u1eadt li\u1ec7u:<br \/>\n\u0110\u1ebf: Gang \u0111\u00fac ho\u1eb7c th\u00e9p \u0111\u00fac, m\u1ea1 k\u1ebdm nh\u00fang n\u00f3ng<br \/>\nQu\u1ea3 c\u1ea7u: Th\u00e9p r\u00e8n, m\u1ea1 k\u1ebdm nh\u00fang n\u00f3ng<br \/>\n1.2 \u0110\u1ed9 d\u00e0y m\u1ea1 k\u1ebdm t\u1ed1i thi\u1ec3u: 86 \u03bcm<br \/>\n1.3 Ch\u1ed1t kh\u00f3a: Th\u00e9p kh\u00f4ng g\u1ec9<br \/>\n2. L\u00f5i:<br \/>\n2.1 V\u1eadt li\u1ec7u: Nh\u1ef1a epoxy v\u00e0 s\u1ee3i th\u1ee7y tinh, lo\u1ea1i ch\u1ed1ng axit<br \/>\n3. T\u00e1n ch\u1ecbu th\u1eddi ti\u1ebft:<br \/>\n3.1 V\u1eadt li\u1ec7u: Silicone lo\u1ea1i HTV<br \/>\n3.2 M\u00e0u s\u1eafc: X\u00e1m<\/p>","protected":false},"excerpt":{"rendered":"<p>S\u1ee9 chu\u1ed7i polymer 36kV \u0111\u01b0\u1ee3c thi\u1ebft k\u1ebf cho h\u1ec7 th\u1ed1ng \u0111\u01b0\u1eddng d\u00e2y ph\u00e2n ph\u1ed1i \u0111i\u1ec7n, \u0111\u1ea3m b\u1ea3o hi\u1ec7u su\u1ea5t \u0111\u00e1ng tin c\u1eady trong c\u00e1c m\u00f4i tr\u01b0\u1eddng ngo\u00e0i tr\u1eddi kh\u1eafc nghi\u1ec7t. S\u1ea3n ph\u1ea9m ph\u00f9 h\u1ee3p \u0111\u1ec3 s\u1eed d\u1ee5ng tr\u00ean c\u00e1c tuy\u1ebfn \u0111\u01b0\u1eddng d\u00e2y 24kV v\u00e0 35kV t\u1ea1i Vi\u1ec7t Nam. Ngo\u00e0i ra, Gaoya Power c\u00f3 th\u1ec3 cung c\u1ea5p gi\u1ea3i ph\u00e1p t\u00f9y ch\u1ec9nh theo b\u1ea3n v\u1ebd v\u00e0 th\u00f4ng s\u1ed1 k\u1ef9 thu\u1eadt c\u1ee7a kh\u00e1ch h\u00e0ng \u0111\u1ec3 \u0111\u00e1p \u1ee9ng c\u00e1c y\u00eau c\u1ea7u \u1ee9ng d\u1ee5ng th\u1ef1c t\u1ebf.<\/p>\n<p>C\u00e1c t\u00e1n cao su silicone lo\u1ea1i HTV mang l\u1ea1i kh\u1ea3 n\u0103ng k\u1ef5 n\u01b0\u1edbc v\u01b0\u1ee3t tr\u1ed9i v\u00e0 kh\u1ea3 n\u0103ng ch\u1ed1ng ch\u1ecbu tia UV, \u00f4 nhi\u1ec5m v\u00e0 hi\u1ec7n t\u01b0\u1ee3ng ph\u00f3ng \u0111i\u1ec7n b\u1ec1 m\u1eb7t. Nh\u1edd \u0111\u00f3, s\u1ee9 treo polymer n\u00e0y r\u1ea5t l\u00fd t\u01b0\u1edfng cho c\u00e1c khu v\u1ef1c c\u00f3 \u0111\u1ed9 \u1ea9m cao ho\u1eb7c m\u00f4i tr\u01b0\u1eddng b\u1ecb \u00f4 nhi\u1ec5m n\u1eb7ng. \u0110\u1ea7u n\u1ed1i \u0111\u01b0\u1ee3c l\u00e0m b\u1eb1ng th\u00e9p ho\u1eb7c gang m\u1ea1 k\u1ebdm nh\u00fang n\u00f3ng, s\u1eed d\u1ee5ng ch\u1ed1t kh\u00f3a b\u1eb1ng th\u00e9p kh\u00f4ng g\u1ec9, \u0111\u1ea3m b\u1ea3o kh\u1ea3 n\u0103ng k\u1ebft n\u1ed1i ch\u1eafc ch\u1eafn v\u00e0 ch\u1ed1ng \u0103n m\u00f2n hi\u1ec7u qu\u1ea3.<\/p>\n<p>V\u1edbi l\u00f5i s\u1ee3i th\u1ee7y tinh epoxy c\u01b0\u1eddng \u0111\u1ed9 cao c\u00f3 t\u1ea3i tr\u1ecdng k\u00e9o \u0111\u1ecbnh m\u1ee9c 70kN, chi\u1ec1u d\u00e0i r\u00f2 r\u1ec9 h\u01a1n 1100 mm v\u00e0 \u0111i\u1ec7n \u00e1p ch\u1ecbu xung s\u00e9t l\u00ean \u0111\u1ebfn 260kV, s\u1ee9 chu\u1ed7i polymer 36kV \u0111\u00e1p \u1ee9ng ti\u00eau chu\u1ea9n IEC 61109, \u0111\u1ea3m b\u1ea3o kh\u1ea3 n\u0103ng c\u00e1ch \u0111i\u1ec7n an to\u00e0n v\u00e0 \u0111\u1ed9 b\u1ec1n l\u00e2u d\u00e0i trong h\u1ec7 th\u1ed1ng \u0111i\u1ec7n trung \u00e1p.<\/p>","protected":false},"featured_media":3627,"template":"","meta":[],"product_brand":[],"product_cat":[25,31,27],"product_tag":[],"class_list":{"0":"post-3626","1":"product","2":"type-product","3":"status-publish","4":"has-post-thumbnail","6":"product_cat-polymer-insulator","7":"product_cat-products","8":"product_cat-suspension-insulator","10":"first","11":"instock","12":"shipping-taxable","13":"product-type-simple"},"_links":{"self":[{"href":"https:\/\/gaoyapowers.com\/vi\/wp-json\/wp\/v2\/product\/3626"}],"collection":[{"href":"https:\/\/gaoyapowers.com\/vi\/wp-json\/wp\/v2\/product"}],"about":[{"href":"https:\/\/gaoyapowers.com\/vi\/wp-json\/wp\/v2\/types\/product"}],"wp:featuredmedia":[{"embeddable":true,"href":"https:\/\/gaoyapowers.com\/vi\/wp-json\/wp\/v2\/media\/3627"}],"wp:attachment":[{"href":"https:\/\/gaoyapowers.com\/vi\/wp-json\/wp\/v2\/media?parent=3626"}],"wp:term":[{"taxonomy":"product_brand","embeddable":true,"href":"https:\/\/gaoyapowers.com\/vi\/wp-json\/wp\/v2\/product_brand?post=3626"},{"taxonomy":"product_cat","embeddable":true,"href":"https:\/\/gaoyapowers.com\/vi\/wp-json\/wp\/v2\/product_cat?post=3626"},{"taxonomy":"product_tag","embeddable":true,"href":"https:\/\/gaoyapowers.com\/vi\/wp-json\/wp\/v2\/product_tag?post=3626"}],"curies":[{"name":"wp","href":"https:\/\/api.w.org\/{rel}","templated":true}]}}