{"id":3633,"date":"2025-05-26T09:25:27","date_gmt":"2025-05-26T09:25:27","guid":{"rendered":"https:\/\/gaoyapowers.com\/?post_type=product&#038;p=3633"},"modified":"2025-05-26T09:25:27","modified_gmt":"2025-05-26T09:25:27","slug":"36kv-composite-polymer-pin-insulator","status":"publish","type":"product","link":"https:\/\/gaoyapowers.com\/vi\/36kv-composite-polymer-pin-insulator\/","title":{"rendered":"S\u1ee9 \u0111\u1ee9ng polymer 36kV (24kV 35kV)"},"content":{"rendered":"<p><strong>Th\u00f4ng s\u1ed1 k\u1ef9 thu\u1eadt S\u1ee9 \u0111\u1ee9ng polymer 36kV<\/strong><\/p>\n<p><img fetchpriority=\"high\" decoding=\"async\" class=\"alignnone wp-image-3637 size-full\" src=\"https:\/\/gaoyapowers.com\/wp-content\/uploads\/2025\/05\/drawing-and-specifications.webp\" alt=\"36kV polymer pin insulator technical specifications\" width=\"1000\" height=\"691\" srcset=\"https:\/\/gaoyapowers.com\/wp-content\/uploads\/2025\/05\/drawing-and-specifications.webp 1000w, https:\/\/gaoyapowers.com\/wp-content\/uploads\/2025\/05\/drawing-and-specifications-300x207.webp 300w, https:\/\/gaoyapowers.com\/wp-content\/uploads\/2025\/05\/drawing-and-specifications-768x531.webp 768w\" sizes=\"(max-width: 1000px) 100vw, 1000px\" \/><\/p>\n<p><strong>K\u00cdCH TH\u01af\u1edaC:<\/strong><br \/>\n\u2022 Chi\u1ec1u cao: 460 \u00b115 mm<br \/>\n\u2022 Kho\u1ea3ng c\u00e1ch ph\u00f3ng \u0111i\u1ec7n trong kh\u00f4ng kh\u00ed kh\u00f4 (t\u1ed1i thi\u1ec3u): 390 mm<br \/>\n\u2022 Chi\u1ec1u d\u00e0i r\u00f2 r\u1ec9: 1170 mm<br \/>\n\u2022 \u0110\u01b0\u1eddng k\u00ednh l\u00f5i s\u1ee9: \u230045 mm<br \/>\n\u2022 S\u1ed1 l\u01b0\u1ee3ng t\u00e1n: 13<br \/>\n\u2022 Tr\u1ecdng l\u01b0\u1ee3ng: 6.4 kg<\/p>\n<p><strong>C\u01a0 H\u1eccC:<\/strong><br \/>\n\u2022 T\u1ea3i tr\u1ecdng u\u1ed1n \u0111\u1ecbnh m\u1ee9c (SCL): 10 kN<br \/>\n\u2022 T\u1ea3i tr\u1ecdng u\u1ed1n thi\u1ebft k\u1ebf t\u1ed1i \u0111a (MDCL): 5 kN<\/p>\n<p><strong>\u0110I\u1ec6N:<\/strong><br \/>\n\u2022 \u0110i\u1ec7n \u00e1p \u0111\u1ecbnh m\u1ee9c: 36 kV<br \/>\n\u2022 \u0110i\u1ec7n \u00e1p ch\u1ecbu \u0111\u1ef1ng xung s\u00e9t: 185 kV<br \/>\n\u2022 \u0110i\u1ec7n \u00e1p ch\u1ecbu \u0111\u1ef1ng t\u1ea7n s\u1ed1 c\u00f4ng nghi\u1ec7p (\u01b0\u1edbt): 80 kV<br \/>\n\u2022 Ti\u00eau chu\u1ea9n: IEC 61952<\/p>\n<p><strong>V\u1eacT LI\u1ec6U:<\/strong><br \/>\n1. \u0110\u1ea7u n\u1ed1i:<br \/>\n1.1 V\u1eadt li\u1ec7u \u0111\u1ea7u n\u1ed1i: Th\u00e9p r\u00e8n ho\u1eb7c th\u00e9p \u0111\u00fac, m\u1ea1 k\u1ebdm nh\u00fang n\u00f3ng<br \/>\n1.2 \u0110\u1ed9 d\u00e0y m\u1ea1 k\u1ebdm t\u1ed1i thi\u1ec3u: 86 \u03bcm<br \/>\n2. L\u00f5i:<br \/>\n2.1 V\u1eadt li\u1ec7u: Nh\u1ef1a epoxy gia c\u01b0\u1eddng s\u1ee3i th\u1ee7y tinh<br \/>\n2.2 \u0110\u01b0\u1eddng k\u00ednh l\u00f5i: \u230045 mm<br \/>\n3. T\u00e1n ch\u1ecbu th\u1eddi ti\u1ebft:<br \/>\n3.1 V\u1eadt li\u1ec7u: Silicone lo\u1ea1i HTV<br \/>\n3.2 M\u00e0u s\u1eafc: X\u00e1m<\/p>","protected":false},"excerpt":{"rendered":"<p>S\u1ee9 \u0111\u1ee9ng polymer 36kV \u0111\u01b0\u1ee3c thi\u1ebft k\u1ebf cho c\u00e1c \u0111\u01b0\u1eddng d\u00e2y \u0111i\u1ec7n trung \u00e1p tr\u00ean kh\u00f4ng v\u1edbi \u0111i\u1ec7n \u00e1p l\u00ean \u0111\u1ebfn 36kV. S\u1ea3n ph\u1ea9m c\u0169ng ph\u00f9 h\u1ee3p \u0111\u1ec3 s\u1eed d\u1ee5ng trong c\u00e1c tuy\u1ebfn \u0111\u01b0\u1eddng d\u00e2y 24kV v\u00e0 35kV t\u1ea1i th\u1ecb tr\u01b0\u1eddng Vi\u1ec7t Nam. S\u1ee9 \u0111\u01b0\u1ee3c l\u1eafp c\u1ed1 \u0111\u1ecbnh ch\u1eafc ch\u1eafn tr\u00ean x\u00e0 ngang th\u00f4ng qua ch\u1ed1t ren v\u00e0 \u0111ai \u1ed1c \u1edf \u0111\u00e1y, \u0111\u1ea3m b\u1ea3o kh\u1ea3 n\u0103ng c\u00e1ch \u0111i\u1ec7n an to\u00e0n v\u00e0 h\u1ed7 tr\u1ee3 c\u01a1 h\u1ecdc v\u1eefng ch\u1eafc cho h\u1ec7 th\u1ed1ng ph\u00e2n ph\u1ed1i \u0111i\u1ec7n.<\/p>\n<p>C\u1ea5u t\u1ea1o t\u1eeb l\u00f5i s\u1ee3i th\u1ee7y tinh c\u01b0\u1eddng \u0111\u1ed9 cao, t\u00e1n silicone c\u00f3 t\u00ednh k\u1ef5 n\u01b0\u1edbc v\u00e0 \u0111\u1ea7u n\u1ed1i b\u1eb1ng th\u00e9p m\u1ea1 k\u1ebdm, s\u1ee9 \u0111\u1ee9ng polymer 36kV c\u00f3 kh\u1ea3 n\u0103ng ch\u1ed1ng ch\u1ecbu th\u1eddi ti\u1ebft kh\u1eafc nghi\u1ec7t, \u00edt c\u1ea7n b\u1ea3o tr\u00ec v\u00e0 c\u00f3 tu\u1ed5i th\u1ecd l\u00e2u d\u00e0i, ngay c\u1ea3 trong m\u00f4i tr\u01b0\u1eddng \u1ea9m \u01b0\u1edbt ho\u1eb7c b\u1ecb \u00f4 nhi\u1ec5m. L\u00e0 m\u1ed9t lo\u1ea1i s\u1ee9 c\u00e1ch \u0111i\u1ec7n composite hi\u1ec7n \u0111\u1ea1i, s\u1ea3n ph\u1ea9m mang l\u1ea1i hi\u1ec7u su\u1ea5t cao v\u00e0 \u0111\u1ed9 \u1ed5n \u0111\u1ecbnh v\u01b0\u1ee3t tr\u1ed9i trong \u0111i\u1ec1u ki\u1ec7n l\u00e0m vi\u1ec7c ngo\u00e0i tr\u1eddi. V\u1edbi chi\u1ec1u d\u00e0i r\u00f2 r\u1ec9 l\u00ean \u0111\u1ebfn 1170 mm v\u00e0 kho\u1ea3ng c\u00e1ch ph\u00f3ng \u0111i\u1ec7n kh\u00f4 390 mm, s\u1ea3n ph\u1ea9m \u0111\u1ea3m b\u1ea3o hi\u1ec7u su\u1ea5t \u1ed5n \u0111\u1ecbnh khi ho\u1ea1t \u0111\u1ed9ng trong \u0111i\u1ec1u ki\u1ec7n \u0111i\u1ec7n \u00e1p cao.<\/p>\n<p>V\u1edbi t\u1ea3i tr\u1ecdng u\u1ed1n \u0111\u1ecbnh m\u1ee9c (SCL) l\u00e0 10 kN, s\u1ee9 \u0111\u1ee9ng polymer 36kV \u0111\u01b0\u1ee3c thi\u1ebft k\u1ebf \u0111\u1ec3 ch\u1ecbu l\u1ef1c c\u01a1 h\u1ecdc l\u1edbn trong khi v\u1eabn duy tr\u00ec \u0111\u1ed9 an to\u00e0n v\u1ec1 \u0111i\u1ec7n, ph\u00f9 h\u1ee3p v\u1edbi ti\u00eau chu\u1ea9n IEC 61952.<\/p>","protected":false},"featured_media":3638,"template":"","meta":[],"product_brand":[],"product_cat":[25,31],"product_tag":[],"class_list":{"0":"post-3633","1":"product","2":"type-product","3":"status-publish","4":"has-post-thumbnail","6":"product_cat-polymer-insulator","7":"product_cat-products","9":"first","10":"instock","11":"shipping-taxable","12":"product-type-simple"},"_links":{"self":[{"href":"https:\/\/gaoyapowers.com\/vi\/wp-json\/wp\/v2\/product\/3633"}],"collection":[{"href":"https:\/\/gaoyapowers.com\/vi\/wp-json\/wp\/v2\/product"}],"about":[{"href":"https:\/\/gaoyapowers.com\/vi\/wp-json\/wp\/v2\/types\/product"}],"wp:featuredmedia":[{"embeddable":true,"href":"https:\/\/gaoyapowers.com\/vi\/wp-json\/wp\/v2\/media\/3638"}],"wp:attachment":[{"href":"https:\/\/gaoyapowers.com\/vi\/wp-json\/wp\/v2\/media?parent=3633"}],"wp:term":[{"taxonomy":"product_brand","embeddable":true,"href":"https:\/\/gaoyapowers.com\/vi\/wp-json\/wp\/v2\/product_brand?post=3633"},{"taxonomy":"product_cat","embeddable":true,"href":"https:\/\/gaoyapowers.com\/vi\/wp-json\/wp\/v2\/product_cat?post=3633"},{"taxonomy":"product_tag","embeddable":true,"href":"https:\/\/gaoyapowers.com\/vi\/wp-json\/wp\/v2\/product_tag?post=3633"}],"curies":[{"name":"wp","href":"https:\/\/api.w.org\/{rel}","templated":true}]}}