{"id":3641,"date":"2025-05-29T07:11:27","date_gmt":"2025-05-29T07:11:27","guid":{"rendered":"https:\/\/gaoyapowers.com\/?post_type=product&#038;p=3641"},"modified":"2025-07-05T23:54:59","modified_gmt":"2025-07-05T23:54:59","slug":"psd-70e-glass-suspension-insulator","status":"publish","type":"product","link":"https:\/\/gaoyapowers.com\/vi\/psd-70e-glass-suspension-insulator\/","title":{"rendered":"S\u1ee9 treo c\u00e1ch \u0111i\u1ec7n th\u1ee7y tinh PSD-70E"},"content":{"rendered":"<p style=\"text-align: center;\"><strong>Th\u00f4ng s\u1ed1 k\u1ef9 thu\u1eadt c\u1ee7a s\u1ee9 treo c\u00e1ch \u0111i\u1ec7n th\u1ee7y tinh PSD-70E<\/strong><\/p>\n<p><img fetchpriority=\"high\" decoding=\"async\" class=\"wp-image-3653 size-full aligncenter\" src=\"https:\/\/gaoyapowers.com\/wp-content\/uploads\/2025\/05\/PSD-70E-\u56fe\u7eb8.webp\" alt=\"PSD 70E drawing\" width=\"800\" height=\"319\" srcset=\"https:\/\/gaoyapowers.com\/wp-content\/uploads\/2025\/05\/PSD-70E-\u56fe\u7eb8.webp 800w, https:\/\/gaoyapowers.com\/wp-content\/uploads\/2025\/05\/PSD-70E-\u56fe\u7eb8-300x120.webp 300w, https:\/\/gaoyapowers.com\/wp-content\/uploads\/2025\/05\/PSD-70E-\u56fe\u7eb8-768x306.webp 768w\" sizes=\"(max-width: 800px) 100vw, 800px\" \/><\/p>\n<p style=\"text-align: center;\">\n<div class=\"wpdt-c row wpDataTableContainerSimpleTable wpDataTables wpDataTablesWrapper wdtscroll\"\n    >\n        <table id=\"wpdtSimpleTable-36\"\n           style=\"border-collapse:collapse;                   border-spacing:0px;\"\n           class=\"wpdtSimpleTable wpDataTable\"\n           data-column=\"4\"\n           data-rows=\"10\"\n           data-wpid=\"36\"\n           data-responsive=\"0\"\n           data-has-header=\"0\">\n\n                    <tbody>        <tr class=\"wpdt-cell-row\" >\n                                <td class=\"wpdt-cell wpdt-fs-000014\"\n                                            data-cell-id=\"A1\"\n                    data-col-index=\"0\"\n                    data-row-index=\"0\"\n                    style=\" width:287px;                    padding:5px;                    \"\n                    >\n                                        Lo\u1ea1i s\u1ee9 c\u00e1ch \u0111i\u1ec7n                    <\/td>\n                                                <td class=\"wpdt-cell wpdt-fs-000014 wpdt-empty-cell\"\n                                            data-cell-id=\"B1\"\n                    data-col-index=\"1\"\n                    data-row-index=\"0\"\n                    style=\" width:71px;                    padding:5px;                    \"\n                    >\n                                                            <\/td>\n                                                <td class=\"wpdt-cell wpdt-fs-000014 wpdt-merged-cell\"\n                     colspan=\"2\"  rowspan=\"1\"                     data-cell-id=\"C1\"\n                    data-col-index=\"2\"\n                    data-row-index=\"0\"\n                    style=\" width:200px;                    padding:5px;                    \"\n                    >\n                                        \u041f\u0421\u0414-70\u0415 (PSD-70E)                    <\/td>\n                                                    <\/tr>\n                            <tr class=\"wpdt-cell-row\" >\n                                <td class=\"wpdt-cell wpdt-fs-000014\"\n                                            data-cell-id=\"A2\"\n                    data-col-index=\"0\"\n                    data-row-index=\"1\"\n                    style=\"                    padding:5px;                    \"\n                    >\n                                        T\u1ea3i tr\u1ecdng ph\u00e1 h\u1ee7y c\u01a1 h\u1ecdc t\u1ed1i thi\u1ec3u                    <\/td>\n                                                <td class=\"wpdt-cell wpdt-fs-000014\"\n                                            data-cell-id=\"B2\"\n                    data-col-index=\"1\"\n                    data-row-index=\"1\"\n                    style=\"                    padding:5px;                    \"\n                    >\n                                        kN                    <\/td>\n                                                <td class=\"wpdt-cell wpdt-fs-000014 wpdt-merged-cell\"\n                     colspan=\"2\"  rowspan=\"1\"                     data-cell-id=\"C2\"\n                    data-col-index=\"2\"\n                    data-row-index=\"1\"\n                    style=\"                    padding:5px;                    \"\n                    >\n                                        70                    <\/td>\n                                                    <\/tr>\n                            <tr class=\"wpdt-cell-row\" >\n                                <td class=\"wpdt-cell wpdt-fs-000014\"\n                                            data-cell-id=\"A3\"\n                    data-col-index=\"0\"\n                    data-row-index=\"2\"\n                    style=\"                    padding:5px;                    \"\n                    >\n                                        \u0110\u01b0\u1eddng k\u00ednh ph\u1ea7n c\u00e1ch \u0111i\u1ec7n, D                    <\/td>\n                                                <td class=\"wpdt-cell wpdt-fs-000014\"\n                                            data-cell-id=\"B3\"\n                    data-col-index=\"1\"\n                    data-row-index=\"2\"\n                    style=\"                    padding:5px;                    \"\n                    >\n                                        mm                    <\/td>\n                                                <td class=\"wpdt-cell wpdt-fs-000014 wpdt-merged-cell\"\n                     colspan=\"2\"  rowspan=\"1\"                     data-cell-id=\"C3\"\n                    data-col-index=\"2\"\n                    data-row-index=\"2\"\n                    style=\"                    padding:5px;                    \"\n                    >\n                                        280                    <\/td>\n                                                    <\/tr>\n                            <tr class=\"wpdt-cell-row\" >\n                                <td class=\"wpdt-cell wpdt-fs-000014\"\n                                            data-cell-id=\"A4\"\n                    data-col-index=\"0\"\n                    data-row-index=\"3\"\n                    style=\"                    padding:5px;                    \"\n                    >\n                                        Kho\u1ea3ng c\u00e1ch, H                    <\/td>\n                                                <td class=\"wpdt-cell wpdt-fs-000014\"\n                                            data-cell-id=\"B4\"\n                    data-col-index=\"1\"\n                    data-row-index=\"3\"\n                    style=\"                    padding:5px;                    \"\n                    >\n                                        mm                    <\/td>\n                                                <td class=\"wpdt-cell wpdt-fs-000014\"\n                                            data-cell-id=\"C4\"\n                    data-col-index=\"2\"\n                    data-row-index=\"3\"\n                    style=\"                    padding:5px;                    \"\n                    >\n                                        127                    <\/td>\n                                                <td class=\"wpdt-cell wpdt-fs-000014\"\n                                            data-cell-id=\"D4\"\n                    data-col-index=\"3\"\n                    data-row-index=\"3\"\n                    style=\"                    padding:5px;                    \"\n                    >\n                                        146                    <\/td>\n                                        <\/tr>\n                            <tr class=\"wpdt-cell-row\" >\n                                <td class=\"wpdt-cell wpdt-fs-000014\"\n                                            data-cell-id=\"A5\"\n                    data-col-index=\"0\"\n                    data-row-index=\"4\"\n                    style=\"                    padding:5px;                    \"\n                    >\n                                        Chi\u1ec1u d\u00e0i r\u00f2 danh \u0111\u1ecbnh                    <\/td>\n                                                <td class=\"wpdt-cell wpdt-fs-000014\"\n                                            data-cell-id=\"B5\"\n                    data-col-index=\"1\"\n                    data-row-index=\"4\"\n                    style=\"                    padding:5px;                    \"\n                    >\n                                        mm                    <\/td>\n                                                <td class=\"wpdt-cell wpdt-fs-000014 wpdt-merged-cell\"\n                     colspan=\"2\"  rowspan=\"1\"                     data-cell-id=\"C5\"\n                    data-col-index=\"2\"\n                    data-row-index=\"4\"\n                    style=\"                    padding:5px;                    \"\n                    >\n                                        411                    <\/td>\n                                                    <\/tr>\n                            <tr class=\"wpdt-cell-row\" >\n                                <td class=\"wpdt-cell wpdt-fs-000014\"\n                                            data-cell-id=\"A6\"\n                    data-col-index=\"0\"\n                    data-row-index=\"5\"\n                    style=\"                    padding:5px;                    \"\n                    >\n                                        \u0110\u1ea7u n\u1ed1i bi v\u00e0 \u1ed5 c\u1eafm, d (IEC 60120)                    <\/td>\n                                                <td class=\"wpdt-cell wpdt-fs-000014\"\n                                            data-cell-id=\"B6\"\n                    data-col-index=\"1\"\n                    data-row-index=\"5\"\n                    style=\"                    padding:5px;                    \"\n                    >\n                                        mm                    <\/td>\n                                                <td class=\"wpdt-cell wpdt-fs-000014 wpdt-merged-cell\"\n                     colspan=\"2\"  rowspan=\"1\"                     data-cell-id=\"C6\"\n                    data-col-index=\"2\"\n                    data-row-index=\"5\"\n                    style=\"                    padding:5px;                    \"\n                    >\n                                        16                    <\/td>\n                                                    <\/tr>\n                            <tr class=\"wpdt-cell-row\" >\n                                <td class=\"wpdt-cell wpdt-fs-000014\"\n                                            data-cell-id=\"A7\"\n                    data-col-index=\"0\"\n                    data-row-index=\"6\"\n                    style=\"                    padding:5px;                    \"\n                    >\n                                        \u0110i\u1ec7n \u00e1p \u0111\u00e2m th\u1ee7ng t\u1ea7n s\u1ed1 c\u00f4ng nghi\u1ec7p                    <\/td>\n                                                <td class=\"wpdt-cell wpdt-fs-000014\"\n                                            data-cell-id=\"B7\"\n                    data-col-index=\"1\"\n                    data-row-index=\"6\"\n                    style=\"                    padding:5px;                    \"\n                    >\n                                        kV                    <\/td>\n                                                <td class=\"wpdt-cell wpdt-fs-000014 wpdt-merged-cell\"\n                     colspan=\"2\"  rowspan=\"1\"                     data-cell-id=\"C7\"\n                    data-col-index=\"2\"\n                    data-row-index=\"6\"\n                    style=\"                    padding:5px;                    \"\n                    >\n                                        130                    <\/td>\n                                                    <\/tr>\n                            <tr class=\"wpdt-cell-row\" >\n                                <td class=\"wpdt-cell wpdt-fs-000014\"\n                                            data-cell-id=\"A8\"\n                    data-col-index=\"0\"\n                    data-row-index=\"7\"\n                    style=\"                    padding:5px;                    \"\n                    >\n                                        \u0110i\u1ec7n \u00e1p ch\u1ecbu \u0111\u1ef1ng 50 Hz (kh\u00f4)                    <\/td>\n                                                <td class=\"wpdt-cell wpdt-fs-000014\"\n                                            data-cell-id=\"B8\"\n                    data-col-index=\"1\"\n                    data-row-index=\"7\"\n                    style=\"                    padding:5px;                    \"\n                    >\n                                        kV                    <\/td>\n                                                <td class=\"wpdt-cell wpdt-fs-000014 wpdt-merged-cell\"\n                     colspan=\"2\"  rowspan=\"1\"                     data-cell-id=\"C8\"\n                    data-col-index=\"2\"\n                    data-row-index=\"7\"\n                    style=\"                    padding:5px;                    \"\n                    >\n                                        75                    <\/td>\n                                                    <\/tr>\n                            <tr class=\"wpdt-cell-row\" >\n                                <td class=\"wpdt-cell wpdt-fs-000014\"\n                                            data-cell-id=\"A9\"\n                    data-col-index=\"0\"\n                    data-row-index=\"8\"\n                    style=\"                    padding:5px;                    \"\n                    >\n                                        \u0110i\u1ec7n \u00e1p ch\u1ecbu \u0111\u1ef1ng 50 Hz (\u01b0\u1edbt)                    <\/td>\n                                                <td class=\"wpdt-cell wpdt-fs-000014\"\n                                            data-cell-id=\"B9\"\n                    data-col-index=\"1\"\n                    data-row-index=\"8\"\n                    style=\"                    padding:5px;                    \"\n                    >\n                                        kV                    <\/td>\n                                                <td class=\"wpdt-cell wpdt-fs-000014 wpdt-merged-cell\"\n                     colspan=\"2\"  rowspan=\"1\"                     data-cell-id=\"C9\"\n                    data-col-index=\"2\"\n                    data-row-index=\"8\"\n                    style=\"                    padding:5px;                    \"\n                    >\n                                        45                    <\/td>\n                                                    <\/tr>\n                            <tr class=\"wpdt-cell-row\" >\n                                <td class=\"wpdt-cell wpdt-fs-000014\"\n                                            data-cell-id=\"A10\"\n                    data-col-index=\"0\"\n                    data-row-index=\"9\"\n                    style=\"                    padding:5px;                    \"\n                    >\n                                        Tr\u1ecdng l\u01b0\u1ee3ng                    <\/td>\n                                                <td class=\"wpdt-cell wpdt-fs-000014\"\n                                            data-cell-id=\"B10\"\n                    data-col-index=\"1\"\n                    data-row-index=\"9\"\n                    style=\"                    padding:5px;                    \"\n                    >\n                                        kg                    <\/td>\n                                                <td class=\"wpdt-cell wpdt-fs-000014 wpdt-merged-cell\"\n                     colspan=\"2\"  rowspan=\"1\"                     data-cell-id=\"C10\"\n                    data-col-index=\"2\"\n                    data-row-index=\"9\"\n                    style=\"                    padding:5px;                    \"\n                    >\n                                        5.6                    <\/td>\n                                                    <\/tr>\n                    <\/table>\n<\/div><style id='wpdt-custom-style-36'>\n.wpdt-fs-000014 { font-size: 14px !important;}\n<\/style>\n<\/p>","protected":false},"excerpt":{"rendered":"<p>S\u1ee9 treo c\u00e1ch \u0111i\u1ec7n th\u1ee7y tinh PSD-70E \u0111\u01b0\u1ee3c thi\u1ebft k\u1ebf \u0111\u1eb7c bi\u1ec7t \u0111\u1ec3 s\u1eed d\u1ee5ng t\u1ea1i c\u00e1c khu v\u1ef1c c\u00f3 m\u1ee9c \u0111\u1ed9 \u00f4 nhi\u1ec5m kh\u00f4ng kh\u00ed cao nh\u01b0 v\u00f9ng ven bi\u1ec3n, khu khai th\u00e1c m\u1ecf v\u00e0 khu c\u00f4ng nghi\u1ec7p. V\u1edbi chi\u1ec1u d\u00e0i r\u00f2 l\u1edbn h\u01a1n, s\u1ea3n ph\u1ea9m n\u00e0y l\u00e0 phi\u00ean b\u1ea3n n\u00e2ng c\u1ea5p thay th\u1ebf cho c\u00e1c lo\u1ea1i s\u1ee9 chu\u1ed7i th\u1ee7y tinh c\u00f3 c\u1ea5u tr\u00fac ti\u00eau chu\u1ea9n nh\u01b0 U70, v\u1ed1n ch\u1ec9 ph\u00f9 h\u1ee3p v\u1edbi \u0111i\u1ec1u ki\u1ec7n \u00f4 nhi\u1ec5m th\u00f4ng th\u01b0\u1eddng.<\/p>\n<p>S\u1ee9 treo c\u00e1ch \u0111i\u1ec7n th\u1ee7y tinh PSD-70E v\u1eeba \u0111\u00f3ng vai tr\u00f2 c\u00e1ch \u0111i\u1ec7n, v\u1eeba ch\u1ecbu l\u1ef1c c\u01a1 h\u1ecdc cho \u0111\u01b0\u1eddng d\u00e2y truy\u1ec1n t\u1ea3i v\u00e0 ph\u00e2n ph\u1ed1i \u0111i\u1ec7n cao th\u1ebf. Khi l\u1eafp trong chu\u1ed7i c\u00e1ch \u0111i\u1ec7n treo, c\u00e1c \u0111\u01a1n v\u1ecb \u0111\u01b0\u1ee3c n\u1ed1i n\u1ed1i ti\u1ebfp nhau v\u00e0 c\u1ed1 \u0111\u1ecbnh b\u1eb1ng k\u1eb9p ch\u1eef V ho\u1eb7c ch\u1eef W t\u00f9y theo \u1ee9ng d\u1ee5ng c\u1ee5 th\u1ec3 ho\u1eb7c y\u00eau c\u1ea7u c\u1ee7a kh\u00e1ch h\u00e0ng.<\/p>\n<p>Hi\u1ec7n nay, th\u1ecb tr\u01b0\u1eddng ch\u00ednh c\u1ee7a s\u1ee9 treo c\u00e1ch \u0111i\u1ec7n th\u1ee7y tinh PSD-70E l\u00e0 Nga, Ukraina v\u00e0 c\u00e1c qu\u1ed1c gia khu v\u1ef1c Trung \u00c1.<\/p>\n<p>S\u1ea3n ph\u1ea9m PSD-70E \u0111\u01b0\u1ee3c s\u1ea3n xu\u1ea5t theo ti\u00eau chu\u1ea9n IEC, \u0111\u1ea3m b\u1ea3o \u0111\u1ed9 b\u1ec1n c\u01a1 h\u1ecdc v\u00e0 \u0111\u1ed9 tin c\u1eady l\u00e2u d\u00e0i. S\u1ee9 c\u00f3 kh\u1ea3 n\u0103ng ch\u1ecbu l\u1ef1c c\u01a1 h\u1ecdc t\u1ed1i thi\u1ec3u l\u00e0 70 kN, \u0111\u01b0\u1eddng k\u00ednh b\u00e1t l\u00e0 280 mm v\u00e0 c\u00f3 hai t\u00f9y ch\u1ecdn chi\u1ec1u cao: 127 mm v\u00e0 146 mm. Chi\u1ec1u d\u00e0i r\u00f2 l\u00e0 411 mm, r\u1ea5t ph\u00f9 h\u1ee3p cho c\u00e1c m\u00f4i tr\u01b0\u1eddng \u00f4 nhi\u1ec5m \u0111\u00f2i h\u1ecfi kh\u1ea3 n\u0103ng c\u00e1ch \u0111i\u1ec7n cao.<\/p>","protected":false},"featured_media":3644,"template":"","meta":[],"product_brand":[],"product_cat":[16,31,27],"product_tag":[],"class_list":{"0":"post-3641","1":"product","2":"type-product","3":"status-publish","4":"has-post-thumbnail","6":"product_cat-glass-insulator","7":"product_cat-products","8":"product_cat-suspension-insulator","10":"first","11":"instock","12":"shipping-taxable","13":"product-type-simple"},"_links":{"self":[{"href":"https:\/\/gaoyapowers.com\/vi\/wp-json\/wp\/v2\/product\/3641"}],"collection":[{"href":"https:\/\/gaoyapowers.com\/vi\/wp-json\/wp\/v2\/product"}],"about":[{"href":"https:\/\/gaoyapowers.com\/vi\/wp-json\/wp\/v2\/types\/product"}],"wp:featuredmedia":[{"embeddable":true,"href":"https:\/\/gaoyapowers.com\/vi\/wp-json\/wp\/v2\/media\/3644"}],"wp:attachment":[{"href":"https:\/\/gaoyapowers.com\/vi\/wp-json\/wp\/v2\/media?parent=3641"}],"wp:term":[{"taxonomy":"product_brand","embeddable":true,"href":"https:\/\/gaoyapowers.com\/vi\/wp-json\/wp\/v2\/product_brand?post=3641"},{"taxonomy":"product_cat","embeddable":true,"href":"https:\/\/gaoyapowers.com\/vi\/wp-json\/wp\/v2\/product_cat?post=3641"},{"taxonomy":"product_tag","embeddable":true,"href":"https:\/\/gaoyapowers.com\/vi\/wp-json\/wp\/v2\/product_tag?post=3641"}],"curies":[{"name":"wp","href":"https:\/\/api.w.org\/{rel}","templated":true}]}}