{"id":4076,"date":"2025-11-08T02:54:50","date_gmt":"2025-11-08T02:54:50","guid":{"rendered":"https:\/\/gaoyapowers.com\/?post_type=product&#038;p=4076"},"modified":"2025-11-25T06:11:35","modified_gmt":"2025-11-25T06:11:35","slug":"ansi-52-1-porcelain-suspension-insulator","status":"publish","type":"product","link":"https:\/\/gaoyapowers.com\/vi\/ansi-52-1-porcelain-suspension-insulator\/","title":{"rendered":"S\u1ee9 c\u00e1ch \u0111i\u1ec7n ANSI 52-1"},"content":{"rendered":"<p style=\"text-align: center;\"><strong>Th\u00f4ng s\u1ed1 k\u1ef9 thu\u1eadt S\u1ee9 c\u00e1ch \u0111i\u1ec7n ANSI 52-1<\/strong><\/p>\n<p><img fetchpriority=\"high\" decoding=\"async\" class=\"wp-image-4089 size-full aligncenter\" src=\"https:\/\/gaoyapowers.com\/wp-content\/uploads\/2025\/11\/\u56fe\u7eb8.webp\" alt=\"ANSI 52-1 technical drawing\" width=\"800\" height=\"396\" srcset=\"https:\/\/gaoyapowers.com\/wp-content\/uploads\/2025\/11\/\u56fe\u7eb8.webp 800w, https:\/\/gaoyapowers.com\/wp-content\/uploads\/2025\/11\/\u56fe\u7eb8-300x149.webp 300w, https:\/\/gaoyapowers.com\/wp-content\/uploads\/2025\/11\/\u56fe\u7eb8-768x380.webp 768w, https:\/\/gaoyapowers.com\/wp-content\/uploads\/2025\/11\/\u56fe\u7eb8-18x9.webp 18w\" sizes=\"(max-width: 800px) 100vw, 800px\" \/><\/p>\n<p><strong>L\u1edbp ANSI: ANSI 52-1<\/strong><br \/>\n\u0110\u01b0\u1eddng k\u00ednh (D): 165 mm<br \/>\nChi\u1ec1u cao (H): 140 mm<br \/>\nKho\u1ea3ng c\u00e1ch r\u00f2: 178 mm<br \/>\nTr\u1ecdng l\u01b0\u1ee3ng t\u1ecbnh: kho\u1ea3ng 2,5 kg<br \/>\n\u0110i\u1ec7n \u00e1p \u0111\u1ed9t ph\u00e1 t\u1ea7n s\u1ed1 c\u00f4ng su\u1ea5t: 80 kV<\/p>\n<p>\u0110i\u1ec7n \u00e1p flashover trung b\u00ecnh<br \/>\n1) T\u1ea7n s\u1ed1 c\u00f4ng su\u1ea5t<br \/>\nKh\u00f4: 60 kV<br \/>\n\u01af\u1edbt: 30 kV<\/p>\n<p>2) Flashover xung t\u1edbi h\u1ea1n (s\u00f3ng 15\u00d740 \u03bcs)<br \/>\nD\u01b0\u01a1ng: 100 kV<br \/>\n\u00c2m: 100 kV<\/p>\n<p>D\u1eef li\u1ec7u \u0111i\u1ec7n \u00e1p \u1ea3nh h\u01b0\u1edfng radio (RIV)<br \/>\n1) \u0110i\u1ec7n \u00e1p th\u1eed \u0111\u1ed1i \u0111\u1ea5t: 7,5 kV<br \/>\n2) RIV t\u1ed1i \u0111a \u1edf 1000 kHz: 50 \u03bcV<\/p>\n<p>T\u1ea3i c\u01a1 h\u1ecdc danh \u0111\u1ecbnh E&amp;M khi ph\u00e1 h\u1ecfng: 44 kN<br \/>\nT\u1ea3i th\u1eed ch\u1ecbu k\u00e9o: 22 kN<br \/>\n\u0110\u1ed9 b\u1ec1n va \u0111\u1eadp: 5 N\u00b7m<br \/>\nM\u00e0u men: C\u00f3 s\u1eb5n m\u00e0u n\u00e2u ho\u1eb7c x\u00e1m<\/p>","protected":false},"excerpt":{"rendered":"<p>S\u1ee9 c\u00e1ch \u0111i\u1ec7n ANSI 52-1 l\u00e0 s\u1ee9 c\u00e1ch \u0111i\u1ec7n treo b\u1eb1ng s\u1ee9 nh\u1ecf g\u1ecdn, cung c\u1ea5p \u0111\u1ed9 b\u1ec1n k\u00e9o c\u01a1 h\u1ecdc xu\u1ea5t s\u1eafc v\u00e0 \u0111\u1eb7c t\u00ednh \u0111i\u1ec7n t\u1ed1t. C\u00e1c th\u00f4ng s\u1ed1 ch\u00ednh bao g\u1ed3m \u0111\u01b0\u1eddng k\u00ednh \u0111\u0129a 165 mm, chi\u1ec1u cao 140 mm, kho\u1ea3ng c\u00e1ch r\u00f2 178 mm, tr\u1ecdng l\u01b0\u1ee3ng t\u1ecbnh kho\u1ea3ng 2,5 kg, t\u1ea3i c\u01a1 h\u1ecdc t\u1ed1i thi\u1ec3u 44 kN v\u00e0 \u0111i\u1ec7n \u00e1p ch\u1ecbu \u0111\u1ed9t ph\u00e1 t\u1ea7n s\u1ed1 c\u00f4ng su\u1ea5t 80 kV.<\/p>","protected":false},"featured_media":4079,"template":"","meta":[],"product_brand":[],"product_cat":[20,31,27],"product_tag":[],"class_list":{"0":"post-4076","1":"product","2":"type-product","3":"status-publish","4":"has-post-thumbnail","6":"product_cat-porcelain-insulator","7":"product_cat-products","8":"product_cat-suspension-insulator","10":"first","11":"instock","12":"shipping-taxable","13":"product-type-simple"},"_links":{"self":[{"href":"https:\/\/gaoyapowers.com\/vi\/wp-json\/wp\/v2\/product\/4076"}],"collection":[{"href":"https:\/\/gaoyapowers.com\/vi\/wp-json\/wp\/v2\/product"}],"about":[{"href":"https:\/\/gaoyapowers.com\/vi\/wp-json\/wp\/v2\/types\/product"}],"wp:featuredmedia":[{"embeddable":true,"href":"https:\/\/gaoyapowers.com\/vi\/wp-json\/wp\/v2\/media\/4079"}],"wp:attachment":[{"href":"https:\/\/gaoyapowers.com\/vi\/wp-json\/wp\/v2\/media?parent=4076"}],"wp:term":[{"taxonomy":"product_brand","embeddable":true,"href":"https:\/\/gaoyapowers.com\/vi\/wp-json\/wp\/v2\/product_brand?post=4076"},{"taxonomy":"product_cat","embeddable":true,"href":"https:\/\/gaoyapowers.com\/vi\/wp-json\/wp\/v2\/product_cat?post=4076"},{"taxonomy":"product_tag","embeddable":true,"href":"https:\/\/gaoyapowers.com\/vi\/wp-json\/wp\/v2\/product_tag?post=4076"}],"curies":[{"name":"wp","href":"https:\/\/api.w.org\/{rel}","templated":true}]}}