{"id":4092,"date":"2025-11-08T06:53:11","date_gmt":"2025-11-08T06:53:11","guid":{"rendered":"https:\/\/gaoyapowers.com\/?post_type=product&#038;p=4092"},"modified":"2025-11-25T06:23:47","modified_gmt":"2025-11-25T06:23:47","slug":"ansi-52-4-porcelain-suspension-insulator","status":"publish","type":"product","link":"https:\/\/gaoyapowers.com\/vi\/ansi-52-4-porcelain-suspension-insulator\/","title":{"rendered":"S\u1ee9 c\u00e1ch \u0111i\u1ec7n treo ANSI 52-4"},"content":{"rendered":"<p style=\"text-align: center;\"><strong>Th\u00f4ng s\u1ed1 k\u1ef9 thu\u1eadt c\u1ee7a S\u1ee9 c\u00e1ch \u0111i\u1ec7n treo ANSI 52-4<\/strong><\/p>\n<p><img fetchpriority=\"high\" decoding=\"async\" class=\"wp-image-4097 size-full aligncenter\" src=\"https:\/\/gaoyapowers.com\/wp-content\/uploads\/2025\/11\/\u56fe\u7eb8-1.webp\" alt=\"ANSI 52-4 Technical Drawing\" width=\"800\" height=\"400\" srcset=\"https:\/\/gaoyapowers.com\/wp-content\/uploads\/2025\/11\/\u56fe\u7eb8-1.webp 800w, https:\/\/gaoyapowers.com\/wp-content\/uploads\/2025\/11\/\u56fe\u7eb8-1-300x150.webp 300w, https:\/\/gaoyapowers.com\/wp-content\/uploads\/2025\/11\/\u56fe\u7eb8-1-768x384.webp 768w, https:\/\/gaoyapowers.com\/wp-content\/uploads\/2025\/11\/\u56fe\u7eb8-1-18x9.webp 18w\" sizes=\"(max-width: 800px) 100vw, 800px\" \/><\/p>\n<p><strong>L\u1edbp ANSI: ANSI 52-4<\/strong><br \/>\n\u0110\u01b0\u1eddng k\u00ednh v\u1ecf s\u1ee9 (D): 254 mm<br \/>\nKho\u1ea3ng c\u00e1ch \u0111\u01a1n v\u1ecb (H): 146 mm<br \/>\nKho\u1ea3ng c\u00e1ch r\u00f2: 292 mm<br \/>\n\u0110\u1ed9 b\u1ec1n c\u01a1 h\u1ecdc &amp; \u0111i\u1ec7n k\u1ebft h\u1ee3p (M &amp; E): 70 kN<br \/>\n\u0110\u1ed9 b\u1ec1n va \u0111\u1eadp: 6 N\u00b7m<br \/>\nT\u1ea3i th\u1eed ch\u1ecbu k\u00e9o: 33,5 kN<\/p>\n<p>\u0110i\u1ec7n \u00e1p flashover t\u1ea7n s\u1ed1 th\u1ea5p (kh\u00f4): 80 kV<br \/>\n\u0110i\u1ec7n \u00e1p flashover t\u1ea7n s\u1ed1 th\u1ea5p (\u01b0\u1edbt): 50 kV<\/p>\n<p>\u0110i\u1ec7n \u00e1p flashover xung t\u1edbi h\u1ea1n (d\u01b0\u01a1ng): 125 kV<br \/>\n\u0110i\u1ec7n \u00e1p flashover xung t\u1edbi h\u1ea1n (\u00e2m): 130 kV<\/p>\n<p>\u0110i\u1ec7n \u00e1p \u0111\u1ed9t ph\u00e1 t\u1ea7n s\u1ed1 th\u1ea5p: 110 kV<br \/>\nD\u1eef li\u1ec7u \u0111i\u1ec7n \u00e1p \u1ea3nh h\u01b0\u1edfng radio (\u0110i\u1ec7n \u00e1p th\u1eed \u0111\u1ed1i \u0111\u1ea5t): 10 kV<br \/>\nD\u1eef li\u1ec7u \u0111i\u1ec7n \u00e1p \u1ea3nh h\u01b0\u1edfng radio (RIV t\u1ed1i \u0111a \u1edf 1000 kHz): 50 \u03bcV<br \/>\nTr\u1ecdng l\u01b0\u1ee3ng t\u1ecbnh kho\u1ea3ng: 4,9 kg<\/p>","protected":false},"excerpt":{"rendered":"<p>S\u1ee9 c\u00e1ch \u0111i\u1ec7n treo ANSI 52-4 l\u00e0 lo\u1ea1i l\u01b0\u1ee1i v\u00e0 ch\u1ed1t.<br \/>\nS\u1ea3n ph\u1ea9m c\u00f3 t\u1ea3i c\u01a1 h\u1ecdc t\u1ed1i thi\u1ec3u 70 kN, kho\u1ea3ng c\u00e1ch r\u00f2 292 mm, \u0111\u01b0\u1eddng k\u00ednh \u0111\u0129a 254 mm v\u00e0 chi\u1ec1u cao t\u1ed5ng th\u1ec3 146 mm.<br \/>\n\u0110\u01b0\u1ee3c s\u1ea3n xu\u1ea5t v\u00e0 th\u1eed nghi\u1ec7m theo ti\u00eau chu\u1ea9n ANSI C29.2, s\u1ee9 c\u00e1ch \u0111i\u1ec7n n\u00e0y cung c\u1ea5p \u0111\u1ed9 b\u1ec1n c\u01a1 h\u1ecdc tuy\u1ec7t v\u1eddi v\u00e0 hi\u1ec7u su\u1ea5t \u0111i\u1ec7n \u0111\u00e1ng tin c\u1eady.<\/p>","protected":false},"featured_media":4093,"template":"","meta":[],"product_brand":[],"product_cat":[20,31,27],"product_tag":[],"class_list":{"0":"post-4092","1":"product","2":"type-product","3":"status-publish","4":"has-post-thumbnail","6":"product_cat-porcelain-insulator","7":"product_cat-products","8":"product_cat-suspension-insulator","10":"first","11":"instock","12":"shipping-taxable","13":"product-type-simple"},"_links":{"self":[{"href":"https:\/\/gaoyapowers.com\/vi\/wp-json\/wp\/v2\/product\/4092"}],"collection":[{"href":"https:\/\/gaoyapowers.com\/vi\/wp-json\/wp\/v2\/product"}],"about":[{"href":"https:\/\/gaoyapowers.com\/vi\/wp-json\/wp\/v2\/types\/product"}],"wp:featuredmedia":[{"embeddable":true,"href":"https:\/\/gaoyapowers.com\/vi\/wp-json\/wp\/v2\/media\/4093"}],"wp:attachment":[{"href":"https:\/\/gaoyapowers.com\/vi\/wp-json\/wp\/v2\/media?parent=4092"}],"wp:term":[{"taxonomy":"product_brand","embeddable":true,"href":"https:\/\/gaoyapowers.com\/vi\/wp-json\/wp\/v2\/product_brand?post=4092"},{"taxonomy":"product_cat","embeddable":true,"href":"https:\/\/gaoyapowers.com\/vi\/wp-json\/wp\/v2\/product_cat?post=4092"},{"taxonomy":"product_tag","embeddable":true,"href":"https:\/\/gaoyapowers.com\/vi\/wp-json\/wp\/v2\/product_tag?post=4092"}],"curies":[{"name":"wp","href":"https:\/\/api.w.org\/{rel}","templated":true}]}}