{"id":4105,"date":"2025-12-04T07:29:18","date_gmt":"2025-12-04T07:29:18","guid":{"rendered":"https:\/\/gaoyapowers.com\/?post_type=product&#038;p=4105"},"modified":"2025-12-04T07:29:18","modified_gmt":"2025-12-04T07:29:18","slug":"ansi-52-5-ball-and-socket-type-disc-insulator","status":"publish","type":"product","link":"https:\/\/gaoyapowers.com\/vi\/ansi-52-5-ball-and-socket-type-disc-insulator\/","title":{"rendered":"S\u1ee9 c\u00e1ch \u0111i\u1ec7n g\u1ed1m ANSI 52-5"},"content":{"rendered":"<p><strong>B\u1ea3n v\u1ebd k\u1ef9 thu\u1eadt &amp; th\u00f4ng s\u1ed1 k\u1ef9 thu\u1eadt s\u1ee9 c\u00e1ch \u0111i\u1ec7n g\u1ed1m ANSI 52-5<\/strong><\/p>\n<p><img fetchpriority=\"high\" decoding=\"async\" class=\"alignnone wp-image-4113 size-full\" src=\"https:\/\/gaoyapowers.com\/wp-content\/uploads\/2025\/11\/\u53c2\u6570\u56fe.webp\" alt=\"ANSI 52-5 technical drawing and specifications\" width=\"1000\" height=\"433\" srcset=\"https:\/\/gaoyapowers.com\/wp-content\/uploads\/2025\/11\/\u53c2\u6570\u56fe.webp 1000w, https:\/\/gaoyapowers.com\/wp-content\/uploads\/2025\/11\/\u53c2\u6570\u56fe-300x130.webp 300w, https:\/\/gaoyapowers.com\/wp-content\/uploads\/2025\/11\/\u53c2\u6570\u56fe-768x333.webp 768w, https:\/\/gaoyapowers.com\/wp-content\/uploads\/2025\/11\/\u53c2\u6570\u56fe-18x8.webp 18w\" sizes=\"(max-width: 1000px) 100vw, 1000px\" \/><\/p>\n<p class=\"translation-block\">Ph\u00e2n lo\u1ea1i ANSI: ANSI 52-5<br>\nK\u00edch th\u01b0\u1edbc ch\u00ednh v\u00e0 th\u00f4ng s\u1ed1 ti\u00eau chu\u1ea9n<br>\n1. Kho\u1ea3ng c\u00e1ch r\u00f2: 320 mm<br>\n2. K\u00edch th\u01b0\u1edbc li\u00ean k\u1ebft: 20R<br>\n3. \u0110i\u1ec7n \u00e1p \u0111\u00e2m th\u1ee7ng \u1edf t\u1ea7n s\u1ed1 c\u00f4ng su\u1ea5t: 110 kV<br>\n4. \u0110i\u1ec7n \u00e1p ph\u00f3ng \u0111i\u1ec7n trung b\u00ecnh<br>\n1) T\u1ea7n s\u1ed1 c\u00f4ng su\u1ea5t<br>\nKh\u00f4: 80 kV<br>\n\u01af\u1edbt: 50 kV<br>\n2) Xung s\u00e9t t\u1edbi h\u1ea1n d\u1ea1ng s\u00f3ng 15 \u00d7 40 \u00b5s<br>\nC\u1ef1c d\u01b0\u01a1ng: 125 kV<br>\nC\u1ef1c \u00e2m: 130 kV<br>\n5. D\u1eef li\u1ec7u \u0111i\u1ec7n \u00e1p g\u00e2y nhi\u1ec5u v\u00f4 tuy\u1ebfn (RIV)<br>\n1) \u0110i\u1ec7n \u00e1p th\u1eed so v\u1edbi \u0111\u1ea5t: 10 kV<br>\n2) Gi\u00e1 tr\u1ecb RIV t\u1ed1i \u0111a t\u1ea1i 1000 kHz: 50 \u00b5V<br>\n6. T\u1ea3i tr\u1ecdng ph\u00e1 h\u1ee7y c\u01a1 \u2013 \u0111i\u1ec7n (E&amp;M) \u0111\u1ecbnh m\u1ee9c: 133 kN<br>\n7. T\u1ea3i tr\u1ecdng th\u1eed k\u00e9o: 67 kN<br>\n8. \u0110\u1ed9 b\u1ec1n va \u0111\u1eadp: 10 N\u00b7m<br>\n9. M\u00e0u s\u1eafc: X\u00e1m nh\u1ea1t \/ N\u00e2u<\/p>","protected":false},"excerpt":{"rendered":"<p>S\u1ee9 c\u00e1ch \u0111i\u1ec7n g\u1ed1m ANSI 52-5 l\u00e0 lo\u1ea1i s\u1ee9 c\u00e1ch \u0111i\u1ec7n d\u1ea1ng \u0111\u0129a ki\u1ec3u c\u1ea7u \u2013 ch\u1ed1t (ball-and-socket), c\u00f2n \u0111\u01b0\u1ee3c g\u1ecdi l\u00e0 ki\u1ec3u ch\u1ee5p \u2013 ch\u1ed1t (cap-and-pin).<br \/>\nS\u1ea3n ph\u1ea9m c\u00f3 \u0111\u01b0\u1eddng k\u00ednh \u0111\u0129a 254 mm, chi\u1ec1u cao 146 mm v\u00e0 kho\u1ea3ng c\u00e1ch r\u00f2 320 mm. S\u1ee9 c\u00e1ch \u0111i\u1ec7n c\u00f3 t\u1ea3i tr\u1ecdng ph\u00e1 h\u1ee7y c\u01a1 \u2013 \u0111i\u1ec7n (E&amp;M) \u0111\u1ecbnh m\u1ee9c \u0111\u1ea1t 133 kN, \u0111\u1ea3m b\u1ea3o \u0111\u1ed9 b\u1ec1n c\u01a1 h\u1ecdc v\u00e0 kh\u1ea3 n\u0103ng l\u00e0m vi\u1ec7c \u1ed5n \u0111\u1ecbnh trong h\u1ec7 th\u1ed1ng truy\u1ec1n t\u1ea3i \u0111i\u1ec7n tr\u00ean kh\u00f4ng.<br \/>\nNgo\u00e0i ra, s\u1ee9 c\u00e1ch \u0111i\u1ec7n g\u1ed1m ANSI 52-5 c\u00f3 th\u1ec3 \u0111\u01b0\u1ee3c trang b\u1ecb \u1ed1ng b\u1ecdc m\u1ea1 k\u1ebdm tr\u00ean ch\u1ed1t th\u00e9p nh\u1eb1m t\u0103ng kh\u1ea3 n\u0103ng ch\u1ed1ng \u0103n m\u00f2n v\u00e0 k\u00e9o d\u00e0i tu\u1ed5i th\u1ecd s\u1eed d\u1ee5ng.<\/p>","protected":false},"featured_media":4233,"template":"","meta":[],"product_brand":[],"product_cat":[20,31,27],"product_tag":[],"class_list":{"0":"post-4105","1":"product","2":"type-product","3":"status-publish","4":"has-post-thumbnail","6":"product_cat-porcelain-insulator","7":"product_cat-products","8":"product_cat-suspension-insulator","10":"first","11":"instock","12":"shipping-taxable","13":"product-type-simple"},"_links":{"self":[{"href":"https:\/\/gaoyapowers.com\/vi\/wp-json\/wp\/v2\/product\/4105"}],"collection":[{"href":"https:\/\/gaoyapowers.com\/vi\/wp-json\/wp\/v2\/product"}],"about":[{"href":"https:\/\/gaoyapowers.com\/vi\/wp-json\/wp\/v2\/types\/product"}],"wp:featuredmedia":[{"embeddable":true,"href":"https:\/\/gaoyapowers.com\/vi\/wp-json\/wp\/v2\/media\/4233"}],"wp:attachment":[{"href":"https:\/\/gaoyapowers.com\/vi\/wp-json\/wp\/v2\/media?parent=4105"}],"wp:term":[{"taxonomy":"product_brand","embeddable":true,"href":"https:\/\/gaoyapowers.com\/vi\/wp-json\/wp\/v2\/product_brand?post=4105"},{"taxonomy":"product_cat","embeddable":true,"href":"https:\/\/gaoyapowers.com\/vi\/wp-json\/wp\/v2\/product_cat?post=4105"},{"taxonomy":"product_tag","embeddable":true,"href":"https:\/\/gaoyapowers.com\/vi\/wp-json\/wp\/v2\/product_tag?post=4105"}],"curies":[{"name":"wp","href":"https:\/\/api.w.org\/{rel}","templated":true}]}}