{"id":4106,"date":"2025-11-19T09:28:13","date_gmt":"2025-11-19T09:28:13","guid":{"rendered":"https:\/\/gaoyapowers.com\/?post_type=product&#038;p=4106"},"modified":"2025-11-19T09:33:36","modified_gmt":"2025-11-19T09:33:36","slug":"porcelain-u70bl-11kv-33kv-disc-insulator","status":"publish","type":"product","link":"https:\/\/gaoyapowers.com\/vi\/porcelain-u70bl-11kv-33kv-disc-insulator\/","title":{"rendered":"S\u1ee9 c\u00e1ch \u0111i\u1ec7n g\u1ed1m U70BL"},"content":{"rendered":"<p><strong>B\u1ea3n v\u1ebd k\u1ef9 thu\u1eadt v\u00e0 th\u00f4ng s\u1ed1 c\u1ee7a s\u1ee9 c\u00e1ch \u0111i\u1ec7n g\u1ed1m U70BL<\/strong><\/p>\n<p><img fetchpriority=\"high\" decoding=\"async\" class=\"alignnone wp-image-4111 size-full\" src=\"https:\/\/gaoyapowers.com\/wp-content\/uploads\/2025\/11\/\u53c2\u6570\u56fe1.webp\" alt=\"U70BL 11kV 33kV disc insulator technical drawing specifications\" width=\"1000\" height=\"453\" srcset=\"https:\/\/gaoyapowers.com\/wp-content\/uploads\/2025\/11\/\u53c2\u6570\u56fe1.webp 1000w, https:\/\/gaoyapowers.com\/wp-content\/uploads\/2025\/11\/\u53c2\u6570\u56fe1-300x136.webp 300w, https:\/\/gaoyapowers.com\/wp-content\/uploads\/2025\/11\/\u53c2\u6570\u56fe1-768x348.webp 768w, https:\/\/gaoyapowers.com\/wp-content\/uploads\/2025\/11\/\u53c2\u6570\u56fe1-18x8.webp 18w\" sizes=\"(max-width: 1000px) 100vw, 1000px\" \/><\/p>\n<p class=\"translation-block\">IEC Class: U70BL<br>\nK\u00cdCH TH\u01af\u1edaC CH\u00cdNH V\u00c0 C\u00c1C TH\u00d4NG S\u1ed0 TI\u00caU CHU\u1ea8N<br>\n1. Chi\u1ec1u d\u00e0i \u0111\u01b0\u1eddng r\u00f2: 320 mm<br>\n2. K\u00edch th\u01b0\u1edbc kh\u1edbp n\u1ed1i (Coupling size): 16B<br>\n3. \u0110i\u1ec7n \u00e1p xuy\u00ean th\u1ee7ng t\u1ea7n s\u1ed1 c\u00f4ng nghi\u1ec7p: 110 kV<br>\n4. \u0110i\u1ec7n \u00e1p ch\u1ecbu \u0111\u1ef1ng t\u1ea7n s\u1ed1 c\u00f4ng nghi\u1ec7p<br>\nKh\u00f4: 70 kV<br>\n\u01af\u1edbt: 40 kV<br>\n5. \u0110i\u1ec7n \u00e1p ch\u1ecbu xung s\u00e9t: 100 kV<br>\n6. D\u1eef li\u1ec7u nhi\u1ec5u s\u00f3ng v\u00f4 tuy\u1ebfn (RIV)<br>\n1) \u0110i\u1ec7n \u00e1p th\u1eed \u0111\u1ed1i \u0111\u1ea5t: 10 kV<br>\n2) RIV t\u1ed1i \u0111a \u1edf 1000 kHz: 50 \u03bcV<br>\n7. T\u1ea3i g\u00e3y \u0111\u1ecbnh m\u1ee9c E&amp;M: 70 kN<br>\n8. T\u1ea3i th\u1eed k\u00e9o: 35 kN<br>\n9. \u0110\u1ed9 b\u1ec1n va \u0111\u1eadp: 6 N\u00b7m<br>\n10. S\u1ed1 l\u01b0\u1ee3ng\/Th\u00f9ng: 6 c\u00e1i<br>\n11. Tr\u1ecdng l\u01b0\u1ee3ng g\u1ed9p\/t\u1ecbnh (G.W.\/N.W.): 35\/30 kg<br>\n12. K\u00edch th\u01b0\u1edbc th\u00f9ng (MEAS.): 47 \u00d7 44.5 \u00d7 28 cm<\/p>","protected":false},"excerpt":{"rendered":"<p>S\u1ee9 c\u00e1ch \u0111i\u1ec7n g\u1ed1m U70BL l\u00e0 lo\u1ea1i b\u00e1t s\u1ee9 c\u00e1ch \u0111i\u1ec7n 70 kN \u0111\u01b0\u1ee3c s\u1eed d\u1ee5ng r\u1ed9ng r\u00e3i tr\u00ean c\u00e1c \u0111\u01b0\u1eddng d\u00e2y ph\u00e2n ph\u1ed1i tr\u00ean kh\u00f4ng.<\/p>\n<p>\u0110\u01b0\u1ee3c s\u1ea3n xu\u1ea5t v\u00e0 th\u1eed nghi\u1ec7m theo c\u00e1c ti\u00eau chu\u1ea9n IEC, m\u1eabu U70BL c\u00f3 \u0111\u01b0\u1eddng k\u00ednh danh \u0111\u1ecbnh 254 mm, chi\u1ec1u cao 146 mm v\u00e0 chi\u1ec1u d\u00e0i \u0111\u01b0\u1eddng r\u00f2 320 mm.<\/p>\n<p>S\u1ee9 c\u00e1ch \u0111i\u1ec7n g\u1ed1m U70BL \u0111\u01b0\u1ee3c \u0111\u00e1nh gi\u00e1 cao nh\u1edd \u0111\u1ed9 b\u1ec1n, kh\u1ea3 n\u0103ng ch\u1ecbu l\u1ef1c c\u01a1 h\u1ecdc v\u00e0 hi\u1ec7u su\u1ea5t \u0111i\u1ec7n \u1ed5n \u0111\u1ecbnh trong c\u00e1c \u0111i\u1ec1u ki\u1ec7n m\u00f4i tr\u01b0\u1eddng ngo\u00e0i tr\u1eddi kh\u1eafc nghi\u1ec7t.<\/p>","protected":false},"featured_media":4112,"template":"","meta":[],"product_brand":[],"product_cat":[20,31,27],"product_tag":[],"class_list":{"0":"post-4106","1":"product","2":"type-product","3":"status-publish","4":"has-post-thumbnail","6":"product_cat-porcelain-insulator","7":"product_cat-products","8":"product_cat-suspension-insulator","10":"first","11":"instock","12":"shipping-taxable","13":"product-type-simple"},"_links":{"self":[{"href":"https:\/\/gaoyapowers.com\/vi\/wp-json\/wp\/v2\/product\/4106"}],"collection":[{"href":"https:\/\/gaoyapowers.com\/vi\/wp-json\/wp\/v2\/product"}],"about":[{"href":"https:\/\/gaoyapowers.com\/vi\/wp-json\/wp\/v2\/types\/product"}],"wp:featuredmedia":[{"embeddable":true,"href":"https:\/\/gaoyapowers.com\/vi\/wp-json\/wp\/v2\/media\/4112"}],"wp:attachment":[{"href":"https:\/\/gaoyapowers.com\/vi\/wp-json\/wp\/v2\/media?parent=4106"}],"wp:term":[{"taxonomy":"product_brand","embeddable":true,"href":"https:\/\/gaoyapowers.com\/vi\/wp-json\/wp\/v2\/product_brand?post=4106"},{"taxonomy":"product_cat","embeddable":true,"href":"https:\/\/gaoyapowers.com\/vi\/wp-json\/wp\/v2\/product_cat?post=4106"},{"taxonomy":"product_tag","embeddable":true,"href":"https:\/\/gaoyapowers.com\/vi\/wp-json\/wp\/v2\/product_tag?post=4106"}],"curies":[{"name":"wp","href":"https:\/\/api.w.org\/{rel}","templated":true}]}}