{"id":4241,"date":"2025-12-05T06:17:19","date_gmt":"2025-12-05T06:17:19","guid":{"rendered":"https:\/\/gaoyapowers.com\/?post_type=product&#038;p=4241"},"modified":"2025-12-05T06:17:19","modified_gmt":"2025-12-05T06:17:19","slug":"loadbreak-cutout","status":"publish","type":"product","link":"https:\/\/gaoyapowers.com\/vi\/loadbreak-cutout\/","title":{"rendered":"LBFCO c\u1ea7u ch\u00ec t\u1ef1 r\u01a1i"},"content":{"rendered":"<p><strong>LBFCO c\u1ea7u ch\u00ec t\u1ef1 r\u01a1i \u2013 B\u1ea3n v\u1ebd k\u1ef9 thu\u1eadt v\u00e0 th\u00f4ng s\u1ed1<\/strong><\/p>\n<p><img fetchpriority=\"high\" decoding=\"async\" class=\"alignnone wp-image-4243\" src=\"https:\/\/gaoyapowers.com\/wp-content\/uploads\/2025\/12\/\u8d1f\u8f7d\u7194\u65ad\u5668-\u590d\u5408\u7684-\u793a\u610f\u56fe.webp\" alt=\"Load Break Fuse Cutout Technical Specifications\" width=\"600\" height=\"590\" srcset=\"https:\/\/gaoyapowers.com\/wp-content\/uploads\/2025\/12\/\u8d1f\u8f7d\u7194\u65ad\u5668-\u590d\u5408\u7684-\u793a\u610f\u56fe.webp 800w, https:\/\/gaoyapowers.com\/wp-content\/uploads\/2025\/12\/\u8d1f\u8f7d\u7194\u65ad\u5668-\u590d\u5408\u7684-\u793a\u610f\u56fe-300x295.webp 300w, https:\/\/gaoyapowers.com\/wp-content\/uploads\/2025\/12\/\u8d1f\u8f7d\u7194\u65ad\u5668-\u590d\u5408\u7684-\u793a\u610f\u56fe-768x755.webp 768w, https:\/\/gaoyapowers.com\/wp-content\/uploads\/2025\/12\/\u8d1f\u8f7d\u7194\u65ad\u5668-\u590d\u5408\u7684-\u793a\u610f\u56fe-12x12.webp 12w\" sizes=\"(max-width: 600px) 100vw, 600px\" \/><\/p>\n<p>K\u00edch th\u01b0\u1edbc \u00e1p d\u1ee5ng cho c\u1ea3 LBFCO c\u1ea7u ch\u00ec t\u1ef1 r\u01a1i lo\u1ea1i polymer v\u00e0 lo\u1ea1i s\u1ee9<\/p>\n\n<div class=\"wpdt-c row wpDataTableContainerSimpleTable wpDataTables wpDataTablesWrapper wdtscroll\"\n    >\n        <table id=\"wpdtSimpleTable-47\"\n           style=\"border-collapse:collapse;                   border-spacing:0px;\"\n           class=\"wpdtSimpleTable wpDataTable\"\n           data-column=\"9\"\n           data-rows=\"4\"\n           data-wpid=\"47\"\n           data-responsive=\"0\"\n           data-has-header=\"0\">\n\n                    <tbody>        <tr class=\"wpdt-cell-row\" >\n                                <td class=\"wpdt-cell  wpdt-merged-cell\"\n                     colspan=\"1\"  rowspan=\"2\"                     data-cell-id=\"A1\"\n                    data-col-index=\"0\"\n                    data-row-index=\"0\"\n                    style=\" width:107px;                    padding:10px;                    \"\n                    >\n                                        \u0110i\u1ec7n \u00e1p \u0111\u1ecbnh m\u1ee9c (kV)                    <\/td>\n                                                <td class=\"wpdt-cell  wpdt-merged-cell\"\n                     colspan=\"1\"  rowspan=\"2\"                     data-cell-id=\"B1\"\n                    data-col-index=\"1\"\n                    data-row-index=\"0\"\n                    style=\" width:124px;                    padding:10px;                    \"\n                    >\n                                        \u0110i\u1ec7n \u00e1p xung s\u00e9t BIL (kV)                    <\/td>\n                                                <td class=\"wpdt-cell  wpdt-merged-cell\"\n                     colspan=\"5\"  rowspan=\"1\"                     data-cell-id=\"C1\"\n                    data-col-index=\"2\"\n                    data-row-index=\"0\"\n                    style=\" width:460px;                    padding:10px;                    \"\n                    >\n                                        K\u00edch th\u01b0\u1edbc (inch\/mm)                    <\/td>\n                                                                                                <td class=\"wpdt-cell  wpdt-merged-cell\"\n                     colspan=\"2\"  rowspan=\"1\"                     data-cell-id=\"H1\"\n                    data-col-index=\"7\"\n                    data-row-index=\"0\"\n                    style=\" width:200px;                    padding:10px;                    \"\n                    >\n                                        Kho\u1ea3ng c\u00e1ch r\u00f2 r\u1ec9 (inch\/mm)                    <\/td>\n                                                    <\/tr>\n                            <tr class=\"wpdt-cell-row\" >\n                                                        <td class=\"wpdt-cell\"\n                                            data-cell-id=\"C2\"\n                    data-col-index=\"2\"\n                    data-row-index=\"1\"\n                    style=\"                    padding:10px;                    \"\n                    >\n                                        A                    <\/td>\n                                                <td class=\"wpdt-cell\"\n                                            data-cell-id=\"D2\"\n                    data-col-index=\"3\"\n                    data-row-index=\"1\"\n                    style=\"                    padding:10px;                    \"\n                    >\n                                        B                    <\/td>\n                                                <td class=\"wpdt-cell\"\n                                            data-cell-id=\"E2\"\n                    data-col-index=\"4\"\n                    data-row-index=\"1\"\n                    style=\"                    padding:10px;                    \"\n                    >\n                                        C                    <\/td>\n                                                <td class=\"wpdt-cell\"\n                                            data-cell-id=\"F2\"\n                    data-col-index=\"5\"\n                    data-row-index=\"1\"\n                    style=\"                    padding:10px;                    \"\n                    >\n                                        D                    <\/td>\n                                                <td class=\"wpdt-cell\"\n                                            data-cell-id=\"G2\"\n                    data-col-index=\"6\"\n                    data-row-index=\"1\"\n                    style=\"                    padding:10px;                    \"\n                    >\n                                        E                    <\/td>\n                                                <td class=\"wpdt-cell\"\n                                            data-cell-id=\"H2\"\n                    data-col-index=\"7\"\n                    data-row-index=\"1\"\n                    style=\"                    padding:10px;                    \"\n                    >\n                                        C\u00e1ch \u0111i\u1ec7n Polymer                    <\/td>\n                                                <td class=\"wpdt-cell\"\n                                            data-cell-id=\"I2\"\n                    data-col-index=\"8\"\n                    data-row-index=\"1\"\n                    style=\"                    padding:10px;                    \"\n                    >\n                                        C\u00e1ch \u0111i\u1ec7n s\u1ee9                    <\/td>\n                                        <\/tr>\n                            <tr class=\"wpdt-cell-row\" >\n                                <td class=\"wpdt-cell\"\n                                            data-cell-id=\"A3\"\n                    data-col-index=\"0\"\n                    data-row-index=\"2\"\n                    style=\"                    padding:10px;                    \"\n                    >\n                                        15                    <\/td>\n                                                <td class=\"wpdt-cell\"\n                                            data-cell-id=\"B3\"\n                    data-col-index=\"1\"\n                    data-row-index=\"2\"\n                    style=\"                    padding:10px;                    \"\n                    >\n                                        110                    <\/td>\n                                                <td class=\"wpdt-cell\"\n                                            data-cell-id=\"C3\"\n                    data-col-index=\"2\"\n                    data-row-index=\"2\"\n                    style=\"                    padding:10px;                    \"\n                    >\n                                        11.1(281)                    <\/td>\n                                                <td class=\"wpdt-cell\"\n                                            data-cell-id=\"D3\"\n                    data-col-index=\"3\"\n                    data-row-index=\"2\"\n                    style=\"                    padding:10px;                    \"\n                    >\n                                        18.1(459)                    <\/td>\n                                                <td class=\"wpdt-cell\"\n                                            data-cell-id=\"E3\"\n                    data-col-index=\"4\"\n                    data-row-index=\"2\"\n                    style=\"                    padding:10px;                    \"\n                    >\n                                        8.5(216)                    <\/td>\n                                                <td class=\"wpdt-cell\"\n                                            data-cell-id=\"F3\"\n                    data-col-index=\"5\"\n                    data-row-index=\"2\"\n                    style=\"                    padding:10px;                    \"\n                    >\n                                        15.2(386)                    <\/td>\n                                                <td class=\"wpdt-cell\"\n                                            data-cell-id=\"G3\"\n                    data-col-index=\"6\"\n                    data-row-index=\"2\"\n                    style=\"                    padding:10px;                    \"\n                    >\n                                        17.9(456)                    <\/td>\n                                                <td class=\"wpdt-cell\"\n                                            data-cell-id=\"H3\"\n                    data-col-index=\"7\"\n                    data-row-index=\"2\"\n                    style=\"                    padding:10px;                    \"\n                    >\n                                        14.2(362)                    <\/td>\n                                                <td class=\"wpdt-cell\"\n                                            data-cell-id=\"I3\"\n                    data-col-index=\"8\"\n                    data-row-index=\"2\"\n                    style=\"                    padding:10px;                    \"\n                    >\n                                        8.5(216)                    <\/td>\n                                        <\/tr>\n                            <tr class=\"wpdt-cell-row\" >\n                                <td class=\"wpdt-cell\"\n                                            data-cell-id=\"A4\"\n                    data-col-index=\"0\"\n                    data-row-index=\"3\"\n                    style=\"                    padding:10px;                    \"\n                    >\n                                        27                    <\/td>\n                                                <td class=\"wpdt-cell\"\n                                            data-cell-id=\"B4\"\n                    data-col-index=\"1\"\n                    data-row-index=\"3\"\n                    style=\"                    padding:10px;                    \"\n                    >\n                                        125                    <\/td>\n                                                <td class=\"wpdt-cell\"\n                                            data-cell-id=\"C4\"\n                    data-col-index=\"2\"\n                    data-row-index=\"3\"\n                    style=\"                    padding:10px;                    \"\n                    >\n                                        14.9(378)                    <\/td>\n                                                <td class=\"wpdt-cell\"\n                                            data-cell-id=\"D4\"\n                    data-col-index=\"3\"\n                    data-row-index=\"3\"\n                    style=\"                    padding:10px;                    \"\n                    >\n                                        18.6(473)                    <\/td>\n                                                <td class=\"wpdt-cell\"\n                                            data-cell-id=\"E4\"\n                    data-col-index=\"4\"\n                    data-row-index=\"3\"\n                    style=\"                    padding:10px;                    \"\n                    >\n                                        10.1(257)                    <\/td>\n                                                <td class=\"wpdt-cell\"\n                                            data-cell-id=\"F4\"\n                    data-col-index=\"5\"\n                    data-row-index=\"3\"\n                    style=\"                    padding:10px;                    \"\n                    >\n                                        18.6(473)                    <\/td>\n                                                <td class=\"wpdt-cell\"\n                                            data-cell-id=\"G4\"\n                    data-col-index=\"6\"\n                    data-row-index=\"3\"\n                    style=\"                    padding:10px;                    \"\n                    >\n                                        21.3(542)                    <\/td>\n                                                <td class=\"wpdt-cell\"\n                                            data-cell-id=\"H4\"\n                    data-col-index=\"7\"\n                    data-row-index=\"3\"\n                    style=\"                    padding:10px;                    \"\n                    >\n                                        22.3(566)                    <\/td>\n                                                <td class=\"wpdt-cell\"\n                                            data-cell-id=\"I4\"\n                    data-col-index=\"8\"\n                    data-row-index=\"3\"\n                    style=\"                    padding:10px;                    \"\n                    >\n                                        17.0(432)                    <\/td>\n                                        <\/tr>\n                    <\/table>\n<\/div><style id='wpdt-custom-style-47'>\n<\/style>","protected":false},"excerpt":{"rendered":"<p>LBFCO (Load Break Fuse Cut Out) \u0111\u01b0\u1ee3c trang b\u1ecb arc chute v\u00e0 ho\u1ea1t \u0111\u1ed9ng nh\u01b0 m\u1ed9t thi\u1ebft b\u1ecb b\u1ea3o v\u1ec7 ngo\u00e0i tr\u1eddi, k\u1ebft h\u1ee3p c\u1ea3 ch\u1ee9c n\u0103ng b\u1ea3o v\u1ec7 qu\u00e1 d\u00f2ng v\u00e0 kh\u1ea3 n\u0103ng c\u1eaft t\u1ea3i. N\u00f3 kh\u00f4ng ch\u1ec9 b\u1ea3o v\u1ec7 c\u00e1c \u0111\u01b0\u1eddng d\u00e2y ph\u00e2n ph\u1ed1i m\u00e0 c\u00f2n \u0111\u1ea3m b\u1ea3o v\u1eadn h\u00e0nh v\u00e0 b\u1ea3o tr\u00ec an to\u00e0n, thu\u1eadn ti\u1ec7n t\u1ea1i hi\u1ec7n tr\u01b0\u1eddng.<\/p>\n<p>Trong qu\u00e1 tr\u00ecnh v\u1eadn h\u00e0nh th\u1ef1c t\u1ebf, sau khi th\u1ef1c hi\u1ec7n c\u00e1c bi\u1ec7n ph\u00e1p an to\u00e0n ph\u00f9 h\u1ee3p, LBFCO c\u1ea7u ch\u00ec t\u1ef1 r\u01a1i c\u00f3 th\u1ec3 ng\u1eaft d\u00f2ng t\u1ea3i ch\u1ec9 b\u1eb1ng c\u00e1ch k\u00e9o gi\u00e1 \u0111\u1ee1 c\u1ea7u ch\u00ec ra kh\u1ecfi ti\u1ebfp \u0111i\u1ec3m tr\u00ean. Trong qu\u00e1 tr\u00ecnh m\u1edf n\u00e0y, d\u00f2ng \u0111i\u1ec7n chuy\u1ec3n sang ti\u1ebfp \u0111i\u1ec3m c\u1ee7a gi\u00e1 \u0111\u1ee1 c\u1ea7u ch\u00ec. Khi gi\u00e1 \u0111\u1ee1 c\u1ea7u ch\u00ec ti\u1ebfp t\u1ee5c t\u00e1ch ra, m\u1ed9t h\u1ed3 quang h\u00ecnh th\u00e0nh v\u00e0 \u0111\u01b0\u1ee3c d\u1eabn v\u00e0o arc chute, n\u01a1i n\u00f3 \u0111\u01b0\u1ee3c k\u00e9o d\u00e0i nhanh ch\u00f3ng v\u00e0 d\u1eadp t\u1eaft, ho\u00e0n t\u1ea5t qu\u00e1 tr\u00ecnh c\u1eaft t\u1ea3i.<\/p>","protected":false},"featured_media":4244,"template":"","meta":[],"product_brand":[],"product_cat":[42,31],"product_tag":[],"class_list":{"0":"post-4241","1":"product","2":"type-product","3":"status-publish","4":"has-post-thumbnail","6":"product_cat-dropout-fuse-cutout","7":"product_cat-products","9":"first","10":"instock","11":"shipping-taxable","12":"product-type-simple"},"_links":{"self":[{"href":"https:\/\/gaoyapowers.com\/vi\/wp-json\/wp\/v2\/product\/4241"}],"collection":[{"href":"https:\/\/gaoyapowers.com\/vi\/wp-json\/wp\/v2\/product"}],"about":[{"href":"https:\/\/gaoyapowers.com\/vi\/wp-json\/wp\/v2\/types\/product"}],"wp:featuredmedia":[{"embeddable":true,"href":"https:\/\/gaoyapowers.com\/vi\/wp-json\/wp\/v2\/media\/4244"}],"wp:attachment":[{"href":"https:\/\/gaoyapowers.com\/vi\/wp-json\/wp\/v2\/media?parent=4241"}],"wp:term":[{"taxonomy":"product_brand","embeddable":true,"href":"https:\/\/gaoyapowers.com\/vi\/wp-json\/wp\/v2\/product_brand?post=4241"},{"taxonomy":"product_cat","embeddable":true,"href":"https:\/\/gaoyapowers.com\/vi\/wp-json\/wp\/v2\/product_cat?post=4241"},{"taxonomy":"product_tag","embeddable":true,"href":"https:\/\/gaoyapowers.com\/vi\/wp-json\/wp\/v2\/product_tag?post=4241"}],"curies":[{"name":"wp","href":"https:\/\/api.w.org\/{rel}","templated":true}]}}