{"id":4290,"date":"2025-12-23T03:23:36","date_gmt":"2025-12-23T03:23:36","guid":{"rendered":"https:\/\/gaoyapowers.com\/?post_type=product&#038;p=4290"},"modified":"2025-12-23T03:23:37","modified_gmt":"2025-12-23T03:23:37","slug":"11kv-insulators","status":"publish","type":"product","link":"https:\/\/gaoyapowers.com\/vi\/11kv-insulators\/","title":{"rendered":"S\u1ee9 c\u00e1ch \u0111i\u1ec7n 11kV: Lo\u1ea1i Pin, Disc &amp; Stay"},"content":{"rendered":"<p><strong>Th\u00f4ng s\u1ed1 k\u1ef9 thu\u1eadt s\u1ee9 pin s\u1ee9 11kV v\u1edbi c\u1ecdc GI (P6-11-Y)<\/strong><\/p>\n<p><img fetchpriority=\"high\" decoding=\"async\" class=\"alignnone wp-image-4296 size-full\" src=\"https:\/\/gaoyapowers.com\/wp-content\/uploads\/2025\/12\/P6-11-Y\u9488\u5f0f\u74f7\u7edd\u7f18\u5b50\u5e26pin-\u56fe\u7eb8.webp\" alt=\"11 kv pin insulator with gi pin technical specifications\" width=\"800\" height=\"500\" srcset=\"https:\/\/gaoyapowers.com\/wp-content\/uploads\/2025\/12\/P6-11-Y\u9488\u5f0f\u74f7\u7edd\u7f18\u5b50\u5e26pin-\u56fe\u7eb8.webp 800w, https:\/\/gaoyapowers.com\/wp-content\/uploads\/2025\/12\/P6-11-Y\u9488\u5f0f\u74f7\u7edd\u7f18\u5b50\u5e26pin-\u56fe\u7eb8-300x188.webp 300w, https:\/\/gaoyapowers.com\/wp-content\/uploads\/2025\/12\/P6-11-Y\u9488\u5f0f\u74f7\u7edd\u7f18\u5b50\u5e26pin-\u56fe\u7eb8-768x480.webp 768w, https:\/\/gaoyapowers.com\/wp-content\/uploads\/2025\/12\/P6-11-Y\u9488\u5f0f\u74f7\u7edd\u7f18\u5b50\u5e26pin-\u56fe\u7eb8-18x12.webp 18w\" sizes=\"(max-width: 800px) 100vw, 800px\" \/><\/p>\n<p>&nbsp;<\/p>\n<p><strong>Th\u00f4ng s\u1ed1 k\u1ef9 thu\u1eadt s\u1ee9 pin polymer 11kV (FPW-11T20)<\/strong><\/p>\n<p><img decoding=\"async\" class=\"alignnone wp-image-4293 size-full\" src=\"https:\/\/gaoyapowers.com\/wp-content\/uploads\/2025\/12\/11kV-\u9488\u5f0f\u590d\u5408\u56fe\u7eb8\u53c2\u6570.webp\" alt=\"11kv polymer pin insulator technical specifications\" width=\"800\" height=\"444\" srcset=\"https:\/\/gaoyapowers.com\/wp-content\/uploads\/2025\/12\/11kV-\u9488\u5f0f\u590d\u5408\u56fe\u7eb8\u53c2\u6570.webp 800w, https:\/\/gaoyapowers.com\/wp-content\/uploads\/2025\/12\/11kV-\u9488\u5f0f\u590d\u5408\u56fe\u7eb8\u53c2\u6570-300x167.webp 300w, https:\/\/gaoyapowers.com\/wp-content\/uploads\/2025\/12\/11kV-\u9488\u5f0f\u590d\u5408\u56fe\u7eb8\u53c2\u6570-768x426.webp 768w, https:\/\/gaoyapowers.com\/wp-content\/uploads\/2025\/12\/11kV-\u9488\u5f0f\u590d\u5408\u56fe\u7eb8\u53c2\u6570-18x10.webp 18w\" sizes=\"(max-width: 800px) 100vw, 800px\" \/><\/p>\n<p>&nbsp;<\/p>\n<p><strong>Th\u00f4ng s\u1ed1 k\u1ef9 thu\u1eadt s\u1ee9 disc polymer 11kV (FXBW-11\/70)<\/strong><\/p>\n<p><img decoding=\"async\" class=\"alignnone wp-image-4308 size-full\" src=\"https:\/\/gaoyapowers.com\/wp-content\/uploads\/2025\/12\/11kV-Polymer-disc-insualtor-\u56fe\u7eb8.webp\" alt=\"11kv polymer disc insulator technical drawing and specifications\" width=\"800\" height=\"500\" srcset=\"https:\/\/gaoyapowers.com\/wp-content\/uploads\/2025\/12\/11kV-Polymer-disc-insualtor-\u56fe\u7eb8.webp 800w, https:\/\/gaoyapowers.com\/wp-content\/uploads\/2025\/12\/11kV-Polymer-disc-insualtor-\u56fe\u7eb8-300x188.webp 300w, https:\/\/gaoyapowers.com\/wp-content\/uploads\/2025\/12\/11kV-Polymer-disc-insualtor-\u56fe\u7eb8-768x480.webp 768w, https:\/\/gaoyapowers.com\/wp-content\/uploads\/2025\/12\/11kV-Polymer-disc-insualtor-\u56fe\u7eb8-18x12.webp 18w\" sizes=\"(max-width: 800px) 100vw, 800px\" \/><\/p>\n<p>&nbsp;<\/p>\n<p><strong>Th\u00f4ng s\u1ed1 k\u1ef9 thu\u1eadt s\u1ee9 disc 11kV (U70BL)<\/strong><\/p>\n<p><img loading=\"lazy\" decoding=\"async\" class=\"alignnone wp-image-4111\" src=\"https:\/\/gaoyapowers.com\/wp-content\/uploads\/2025\/11\/\u53c2\u6570\u56fe1.webp\" alt=\"U70BL 11kV 33kV disc insulator technical drawing specifications\" width=\"800\" height=\"362\" srcset=\"https:\/\/gaoyapowers.com\/wp-content\/uploads\/2025\/11\/\u53c2\u6570\u56fe1.webp 1000w, https:\/\/gaoyapowers.com\/wp-content\/uploads\/2025\/11\/\u53c2\u6570\u56fe1-300x136.webp 300w, https:\/\/gaoyapowers.com\/wp-content\/uploads\/2025\/11\/\u53c2\u6570\u56fe1-768x348.webp 768w, https:\/\/gaoyapowers.com\/wp-content\/uploads\/2025\/11\/\u53c2\u6570\u56fe1-18x8.webp 18w\" sizes=\"(max-width: 800px) 100vw, 800px\" \/><\/p>\n<p>&nbsp;<\/p>\n<p><strong>Th\u00f4ng s\u1ed1 k\u1ef9 thu\u1eadt s\u1ee9 stay 11kV (ANSI 54-2)<\/strong><\/p>\n<p><img loading=\"lazy\" decoding=\"async\" class=\"alignnone wp-image-4295 size-full\" src=\"https:\/\/gaoyapowers.com\/wp-content\/uploads\/2025\/12\/11kV\u62c9\u7d27\u7edd\u7f18\u5b50-ANSI-54-2.webp\" alt=\"11kV Stay Insulator ANSI 54-2 Technical Specifications\" width=\"800\" height=\"407\" srcset=\"https:\/\/gaoyapowers.com\/wp-content\/uploads\/2025\/12\/11kV\u62c9\u7d27\u7edd\u7f18\u5b50-ANSI-54-2.webp 800w, https:\/\/gaoyapowers.com\/wp-content\/uploads\/2025\/12\/11kV\u62c9\u7d27\u7edd\u7f18\u5b50-ANSI-54-2-300x153.webp 300w, https:\/\/gaoyapowers.com\/wp-content\/uploads\/2025\/12\/11kV\u62c9\u7d27\u7edd\u7f18\u5b50-ANSI-54-2-768x391.webp 768w, https:\/\/gaoyapowers.com\/wp-content\/uploads\/2025\/12\/11kV\u62c9\u7d27\u7edd\u7f18\u5b50-ANSI-54-2-18x9.webp 18w\" sizes=\"(max-width: 800px) 100vw, 800px\" \/><\/p>","protected":false},"excerpt":{"rendered":"<p data-start=\"133\" data-end=\"430\">S\u1ee9 c\u00e1ch \u0111i\u1ec7n 11kV \u0111\u01b0\u1ee3c s\u1eed d\u1ee5ng r\u1ed9ng r\u00e3i trong c\u00e1c m\u1ea1ng ph\u00e2n ph\u1ed1i trung th\u1ebf nh\u1eb1m \u0111\u1ea3m b\u1ea3o c\u00e1ch \u0111i\u1ec7n \u0111\u00e1ng tin c\u1eady v\u00e0 h\u1ed7 tr\u1ee3 c\u01a1 h\u1ecdc cho c\u00e1c \u0111\u01b0\u1eddng d\u00e2y tr\u00ean kh\u00f4ng. D\u1ea3i s\u1ea3n ph\u1ea9m c\u1ee7a ch\u00fang t\u00f4i bao g\u1ed3m c\u00e1c lo\u1ea1i Pin, Disc &amp; Stay, \u0111\u01b0\u1ee3c thi\u1ebft k\u1ebf \u0111\u1ec3 \u0111\u00e1p \u1ee9ng c\u00e1c y\u00eau c\u1ea7u l\u1eafp \u0111\u1eb7t v\u00e0 \u0111i\u1ec1u ki\u1ec7n v\u1eadn h\u00e0nh kh\u00e1c nhau.<\/p>\n<p data-start=\"432\" data-end=\"809\">S\u1ee9 Pin 11kV th\u01b0\u1eddng \u0111\u01b0\u1ee3c l\u1eafp \u0111\u1eb7t tr\u00ean c\u1ed9t ph\u00e2n ph\u1ed1i, mang l\u1ea1i hi\u1ec7u su\u1ea5t \u1ed5n \u0111\u1ecbnh v\u00e0 d\u1ec5 l\u1eafp \u0111\u1eb7t. S\u1ee9 Disc th\u00edch h\u1ee3p cho c\u00e1c \u1ee9ng d\u1ee5ng treo v\u00e0 k\u00e9o c\u0103ng, cung c\u1ea5p \u0111\u1ed9 b\u1ec1n c\u01a1 h\u1ecdc cao v\u00e0 kh\u1ea3 n\u0103ng c\u00e1ch \u0111i\u1ec7n tin c\u1eady. S\u1ee9 Stay ch\u1ee7 y\u1ebfu \u0111\u01b0\u1ee3c s\u1eed d\u1ee5ng tr\u00ean d\u00e2y n\u00e9o \u0111\u1ec3 \u0111\u1ea3m b\u1ea3o an to\u00e0n v\u00e0 c\u00e1ch \u0111i\u1ec7n trong c\u00e1c b\u1ed9 ph\u1eadn n\u00e9o.<\/p>\n<p data-start=\"811\" data-end=\"1136\">\u0110\u01b0\u1ee3c s\u1ea3n xu\u1ea5t t\u1eeb v\u1eadt li\u1ec7u s\u1ee9 ho\u1eb7c polymer ch\u1ea5t l\u01b0\u1ee3ng cao, c\u00e1c s\u1ee9 11kV c\u1ee7a ch\u00fang t\u00f4i tu\u00e2n th\u1ee7 c\u00e1c ti\u00eau chu\u1ea9n IEC v\u00e0 ph\u00f9 h\u1ee3p cho s\u1eed d\u1ee5ng ngo\u00e0i tr\u1eddi l\u00e2u d\u00e0i trong nhi\u1ec1u \u0111i\u1ec1u ki\u1ec7n kh\u00ed h\u1eadu. Quy tr\u00ecnh ki\u1ec3m so\u00e1t ch\u1ea5t l\u01b0\u1ee3ng \u0111\u1ed3ng nh\u1ea5t v\u00e0 cung c\u1ea5p tr\u1ef1c ti\u1ebfp t\u1eeb nh\u00e0 m\u00e1y gi\u00fap c\u00e1c s\u1ee9 n\u00e0y l\u00e0 l\u1ef1a ch\u1ecdn l\u00fd t\u01b0\u1edfng cho c\u00e1c d\u1ef1 \u00e1n \u0111i\u1ec7n l\u1ef1c v\u00e0 h\u1ec7 th\u1ed1ng ph\u00e2n ph\u1ed1i \u0111i\u1ec7n.<\/p>","protected":false},"featured_media":4303,"template":"","meta":[],"product_brand":[],"product_cat":[31],"product_tag":[],"class_list":{"0":"post-4290","1":"product","2":"type-product","3":"status-publish","4":"has-post-thumbnail","6":"product_cat-products","8":"first","9":"instock","10":"shipping-taxable","11":"product-type-simple"},"_links":{"self":[{"href":"https:\/\/gaoyapowers.com\/vi\/wp-json\/wp\/v2\/product\/4290"}],"collection":[{"href":"https:\/\/gaoyapowers.com\/vi\/wp-json\/wp\/v2\/product"}],"about":[{"href":"https:\/\/gaoyapowers.com\/vi\/wp-json\/wp\/v2\/types\/product"}],"wp:featuredmedia":[{"embeddable":true,"href":"https:\/\/gaoyapowers.com\/vi\/wp-json\/wp\/v2\/media\/4303"}],"wp:attachment":[{"href":"https:\/\/gaoyapowers.com\/vi\/wp-json\/wp\/v2\/media?parent=4290"}],"wp:term":[{"taxonomy":"product_brand","embeddable":true,"href":"https:\/\/gaoyapowers.com\/vi\/wp-json\/wp\/v2\/product_brand?post=4290"},{"taxonomy":"product_cat","embeddable":true,"href":"https:\/\/gaoyapowers.com\/vi\/wp-json\/wp\/v2\/product_cat?post=4290"},{"taxonomy":"product_tag","embeddable":true,"href":"https:\/\/gaoyapowers.com\/vi\/wp-json\/wp\/v2\/product_tag?post=4290"}],"curies":[{"name":"wp","href":"https:\/\/api.w.org\/{rel}","templated":true}]}}