{"id":4292,"date":"2025-12-23T03:31:09","date_gmt":"2025-12-23T03:31:09","guid":{"rendered":"https:\/\/gaoyapowers.com\/?post_type=product&#038;p=4292"},"modified":"2025-12-23T03:31:09","modified_gmt":"2025-12-23T03:31:09","slug":"33kv-insulators","status":"publish","type":"product","link":"https:\/\/gaoyapowers.com\/vi\/33kv-insulators\/","title":{"rendered":"S\u1ee9 c\u00e1ch \u0111i\u1ec7n 33kV: Lo\u1ea1i Pin, Disc, Post, Stay"},"content":{"rendered":"<p><strong>Th\u00f4ng s\u1ed1 k\u1ef9 thu\u1eadt s\u1ee9 pin s\u1ee9 33kV (PQ11-33)<\/strong><\/p>\n<p><img fetchpriority=\"high\" decoding=\"async\" class=\"alignnone wp-image-4300 size-full\" src=\"https:\/\/gaoyapowers.com\/wp-content\/uploads\/2025\/12\/PQ11-33-\u9488\u5f0f\u74f7\u7edd\u7f18\u5b50\u5e26pin-\u56fe\u7eb8.webp\" alt=\"33kv porcelain pin insulator drawing\" width=\"800\" height=\"484\" srcset=\"https:\/\/gaoyapowers.com\/wp-content\/uploads\/2025\/12\/PQ11-33-\u9488\u5f0f\u74f7\u7edd\u7f18\u5b50\u5e26pin-\u56fe\u7eb8.webp 800w, https:\/\/gaoyapowers.com\/wp-content\/uploads\/2025\/12\/PQ11-33-\u9488\u5f0f\u74f7\u7edd\u7f18\u5b50\u5e26pin-\u56fe\u7eb8-300x182.webp 300w, https:\/\/gaoyapowers.com\/wp-content\/uploads\/2025\/12\/PQ11-33-\u9488\u5f0f\u74f7\u7edd\u7f18\u5b50\u5e26pin-\u56fe\u7eb8-768x465.webp 768w, https:\/\/gaoyapowers.com\/wp-content\/uploads\/2025\/12\/PQ11-33-\u9488\u5f0f\u74f7\u7edd\u7f18\u5b50\u5e26pin-\u56fe\u7eb8-18x12.webp 18w\" sizes=\"(max-width: 800px) 100vw, 800px\" \/><\/p>\n<p>&nbsp;<\/p>\n<p><strong>Th\u00f4ng s\u1ed1 k\u1ef9 thu\u1eadt s\u1ee9 disc polymer 33kV (FXBW3-33\/70)<\/strong><\/p>\n<p><img decoding=\"async\" class=\"alignnone wp-image-4301 size-full\" src=\"https:\/\/gaoyapowers.com\/wp-content\/uploads\/2025\/12\/33kV-disc\u60ac\u5f0f\u590d\u5408\u56fe\u7eb8.webp\" alt=\"33kv polymer disc insulator technical drawing and specifications\" width=\"700\" height=\"490\" srcset=\"https:\/\/gaoyapowers.com\/wp-content\/uploads\/2025\/12\/33kV-disc\u60ac\u5f0f\u590d\u5408\u56fe\u7eb8.webp 700w, https:\/\/gaoyapowers.com\/wp-content\/uploads\/2025\/12\/33kV-disc\u60ac\u5f0f\u590d\u5408\u56fe\u7eb8-300x210.webp 300w, https:\/\/gaoyapowers.com\/wp-content\/uploads\/2025\/12\/33kV-disc\u60ac\u5f0f\u590d\u5408\u56fe\u7eb8-18x12.webp 18w\" sizes=\"(max-width: 700px) 100vw, 700px\" \/><\/p>\n<p>&nbsp;<\/p>\n<p><strong>B\u1ea3n v\u1ebd &amp; th\u00f4ng s\u1ed1 k\u1ef9 thu\u1eadt s\u1ee9 pin polymer 33kV\u00a0<\/strong><\/p>\n<p><img decoding=\"async\" class=\"alignnone wp-image-4302 size-full\" src=\"https:\/\/gaoyapowers.com\/wp-content\/uploads\/2025\/12\/33kV-Polymer-pin-\u7edd\u7f18\u5b50\u56fe\u7eb8.webp\" alt=\"33kv polymer pin insulator drawing and specifications\" width=\"800\" height=\"492\" srcset=\"https:\/\/gaoyapowers.com\/wp-content\/uploads\/2025\/12\/33kV-Polymer-pin-\u7edd\u7f18\u5b50\u56fe\u7eb8.webp 800w, https:\/\/gaoyapowers.com\/wp-content\/uploads\/2025\/12\/33kV-Polymer-pin-\u7edd\u7f18\u5b50\u56fe\u7eb8-300x185.webp 300w, https:\/\/gaoyapowers.com\/wp-content\/uploads\/2025\/12\/33kV-Polymer-pin-\u7edd\u7f18\u5b50\u56fe\u7eb8-768x472.webp 768w, https:\/\/gaoyapowers.com\/wp-content\/uploads\/2025\/12\/33kV-Polymer-pin-\u7edd\u7f18\u5b50\u56fe\u7eb8-18x12.webp 18w\" sizes=\"(max-width: 800px) 100vw, 800px\" \/><\/p>\n<p>&nbsp;<\/p>\n<p><strong>B\u1ea3n v\u1ebd &amp; th\u00f4ng s\u1ed1 k\u1ef9 thu\u1eadt s\u1ee9 post 33kV (ANSI 57-3S\/L)<\/strong><\/p>\n<p><img loading=\"lazy\" decoding=\"async\" class=\"alignnone wp-image-4298 size-full\" src=\"https:\/\/gaoyapowers.com\/wp-content\/uploads\/2025\/12\/33kV-Post-insulator-ANSI-57-3S-L-\u56fe\u7eb8.webp\" alt=\"33kv post insulator drawing\" width=\"800\" height=\"467\" srcset=\"https:\/\/gaoyapowers.com\/wp-content\/uploads\/2025\/12\/33kV-Post-insulator-ANSI-57-3S-L-\u56fe\u7eb8.webp 800w, https:\/\/gaoyapowers.com\/wp-content\/uploads\/2025\/12\/33kV-Post-insulator-ANSI-57-3S-L-\u56fe\u7eb8-300x175.webp 300w, https:\/\/gaoyapowers.com\/wp-content\/uploads\/2025\/12\/33kV-Post-insulator-ANSI-57-3S-L-\u56fe\u7eb8-768x448.webp 768w, https:\/\/gaoyapowers.com\/wp-content\/uploads\/2025\/12\/33kV-Post-insulator-ANSI-57-3S-L-\u56fe\u7eb8-18x12.webp 18w\" sizes=\"(max-width: 800px) 100vw, 800px\" \/><\/p>\n<p>&nbsp;<\/p>\n<p><strong>Th\u00f4ng s\u1ed1 k\u1ef9 thu\u1eadt s\u1ee9 disc s\u1ee9 33kV (U70BL)<\/strong><\/p>\n<p><img loading=\"lazy\" decoding=\"async\" class=\"alignnone wp-image-4297 size-full\" src=\"https:\/\/gaoyapowers.com\/wp-content\/uploads\/2025\/12\/33kV\u60ac\u5f0f\u74f7\u7edd\u7f18\u5b50-U70BL-\u56fe\u7eb8.webp\" alt=\"33kV disc insulator drawing\" width=\"800\" height=\"468\" srcset=\"https:\/\/gaoyapowers.com\/wp-content\/uploads\/2025\/12\/33kV\u60ac\u5f0f\u74f7\u7edd\u7f18\u5b50-U70BL-\u56fe\u7eb8.webp 800w, https:\/\/gaoyapowers.com\/wp-content\/uploads\/2025\/12\/33kV\u60ac\u5f0f\u74f7\u7edd\u7f18\u5b50-U70BL-\u56fe\u7eb8-300x176.webp 300w, https:\/\/gaoyapowers.com\/wp-content\/uploads\/2025\/12\/33kV\u60ac\u5f0f\u74f7\u7edd\u7f18\u5b50-U70BL-\u56fe\u7eb8-768x449.webp 768w, https:\/\/gaoyapowers.com\/wp-content\/uploads\/2025\/12\/33kV\u60ac\u5f0f\u74f7\u7edd\u7f18\u5b50-U70BL-\u56fe\u7eb8-18x12.webp 18w\" sizes=\"(max-width: 800px) 100vw, 800px\" \/><\/p>\n<p>&nbsp;<\/p>\n<p><strong>Th\u00f4ng s\u1ed1 k\u1ef9 thu\u1eadt s\u1ee9 stay 33kV (ANSI 54-4)<\/strong><\/p>\n<p><img loading=\"lazy\" decoding=\"async\" class=\"alignnone wp-image-4299 size-full\" src=\"https:\/\/gaoyapowers.com\/wp-content\/uploads\/2025\/12\/33kV\u62c9\u7d27\u7edd\u7f18\u5b50-ANSI54-4.webp\" alt=\"33kv stay insulator technical drawing and specifications\" width=\"800\" height=\"407\" srcset=\"https:\/\/gaoyapowers.com\/wp-content\/uploads\/2025\/12\/33kV\u62c9\u7d27\u7edd\u7f18\u5b50-ANSI54-4.webp 800w, https:\/\/gaoyapowers.com\/wp-content\/uploads\/2025\/12\/33kV\u62c9\u7d27\u7edd\u7f18\u5b50-ANSI54-4-300x153.webp 300w, https:\/\/gaoyapowers.com\/wp-content\/uploads\/2025\/12\/33kV\u62c9\u7d27\u7edd\u7f18\u5b50-ANSI54-4-768x391.webp 768w, https:\/\/gaoyapowers.com\/wp-content\/uploads\/2025\/12\/33kV\u62c9\u7d27\u7edd\u7f18\u5b50-ANSI54-4-18x9.webp 18w\" sizes=\"(max-width: 800px) 100vw, 800px\" \/><\/p>","protected":false},"excerpt":{"rendered":"<p>S\u1ee9 c\u00e1ch \u0111i\u1ec7n 33kV th\u01b0\u1eddng \u0111\u01b0\u1ee3c s\u1eed d\u1ee5ng trong c\u00e1c \u0111\u01b0\u1eddng d\u00e2y ph\u00e2n ph\u1ed1i ch\u00ednh v\u00e0 h\u1ec7 th\u1ed1ng truy\u1ec1n t\u1ea3i ph\u1ee5, n\u01a1i y\u00eau c\u1ea7u kho\u1ea3ng c\u00e1ch \u0111i\u1ec7n l\u1edbn h\u01a1n v\u00e0 \u0111\u1ed9 tin c\u1eady c\u01a1 h\u1ecdc cao. C\u00e1c s\u1ee9 n\u00e0y \u0111\u00f3ng vai tr\u00f2 quan tr\u1ecdng trong vi\u1ec7c duy tr\u00ec \u0111\u1ed9 \u1ed5n \u0111\u1ecbnh c\u1ee7a \u0111\u01b0\u1eddng d\u00e2y v\u00e0 hi\u1ec7u su\u1ea5t c\u00e1ch \u0111i\u1ec7n d\u01b0\u1edbi m\u1ee9c \u0111i\u1ec7n \u00e1p cao.<\/p>\n<p>Danh m\u1ee5c s\u1ee9 c\u00e1ch \u0111i\u1ec7n 33kV bao g\u1ed3m c\u00e1c lo\u1ea1i Pin, Disc, Post v\u00e0 Stay, m\u1ed7i lo\u1ea1i \u0111\u01b0\u1ee3c thi\u1ebft k\u1ebf cho nh\u1eefng m\u1ee5c \u0111\u00edch k\u1ebft c\u1ea5u v\u00e0 ch\u1ee9c n\u0103ng c\u1ee5 th\u1ec3.\nS\u1ee9 Pin ch\u1ee7 y\u1ebfu \u0111\u01b0\u1ee3c l\u1eafp \u0111\u1eb7t tr\u00ean x\u00e0 cho c\u00e1c tuy\u1ebfn th\u1eb3ng.\nS\u1ee9 Disc \u0111\u01b0\u1ee3c l\u1eafp th\u00e0nh chu\u1ed7i treo ho\u1eb7c chu\u1ed7i n\u00e9o \u0111\u1ec3 ch\u1ecbu t\u1ea3i c\u01a1 h\u1ecdc l\u1edbn h\u01a1n.\nS\u1ee9 Post ph\u00f9 h\u1ee3p cho \u0111\u01b0\u1eddng d\u00e2y v\u00e0 thi\u1ebft b\u1ecb tr\u1ea1m bi\u1ebfn \u00e1p, cung c\u1ea5p kh\u1ea3 n\u0103ng \u0111\u1ee1 c\u1ee9ng v\u00e0 c\u00e1ch \u0111i\u1ec7n tin c\u1eady.\nS\u1ee9 Stay \u0111\u01b0\u1ee3c l\u1eafp tr\u00ean d\u00e2y n\u00e9o nh\u1eb1m \u0111\u1ea3m b\u1ea3o c\u00e1ch \u0111i\u1ec7n v\u00e0 an to\u00e0n v\u1eadn h\u00e0nh.<\/p>\n<p>\u0110\u01b0\u1ee3c s\u1ea3n xu\u1ea5t t\u1eeb v\u1eadt li\u1ec7u s\u1ee9 ho\u1eb7c polymer ch\u1ea5t l\u01b0\u1ee3ng cao, c\u00e1c s\u1ee9 c\u00e1ch \u0111i\u1ec7n 33kV n\u00e0y \u0111\u01b0\u1ee3c ch\u1ebf t\u1ea1o theo ti\u00eau chu\u1ea9n IEC, ph\u00f9 h\u1ee3p cho l\u1eafp \u0111\u1eb7t ngo\u00e0i tr\u1eddi trong c\u00e1c \u0111i\u1ec1u ki\u1ec7n m\u00f4i tr\u01b0\u1eddng kh\u1eafc nghi\u1ec7t. Quy tr\u00ecnh s\u1ea3n xu\u1ea5t \u0111\u01b0\u1ee3c ki\u1ec3m so\u00e1t t\u1ea1i nh\u00e0 m\u00e1y nh\u1eb1m \u0111\u1ea3m b\u1ea3o ch\u1ea5t l\u01b0\u1ee3ng \u1ed5n \u0111\u1ecbnh cho c\u00e1c d\u1ef1 \u00e1n \u0111i\u1ec7n l\u1ef1c v\u00e0 h\u1ea1 t\u1ea7ng.<\/p>","protected":false},"featured_media":4304,"template":"","meta":[],"product_brand":[],"product_cat":[31],"product_tag":[],"class_list":{"0":"post-4292","1":"product","2":"type-product","3":"status-publish","4":"has-post-thumbnail","6":"product_cat-products","8":"first","9":"instock","10":"shipping-taxable","11":"product-type-simple"},"_links":{"self":[{"href":"https:\/\/gaoyapowers.com\/vi\/wp-json\/wp\/v2\/product\/4292"}],"collection":[{"href":"https:\/\/gaoyapowers.com\/vi\/wp-json\/wp\/v2\/product"}],"about":[{"href":"https:\/\/gaoyapowers.com\/vi\/wp-json\/wp\/v2\/types\/product"}],"wp:featuredmedia":[{"embeddable":true,"href":"https:\/\/gaoyapowers.com\/vi\/wp-json\/wp\/v2\/media\/4304"}],"wp:attachment":[{"href":"https:\/\/gaoyapowers.com\/vi\/wp-json\/wp\/v2\/media?parent=4292"}],"wp:term":[{"taxonomy":"product_brand","embeddable":true,"href":"https:\/\/gaoyapowers.com\/vi\/wp-json\/wp\/v2\/product_brand?post=4292"},{"taxonomy":"product_cat","embeddable":true,"href":"https:\/\/gaoyapowers.com\/vi\/wp-json\/wp\/v2\/product_cat?post=4292"},{"taxonomy":"product_tag","embeddable":true,"href":"https:\/\/gaoyapowers.com\/vi\/wp-json\/wp\/v2\/product_tag?post=4292"}],"curies":[{"name":"wp","href":"https:\/\/api.w.org\/{rel}","templated":true}]}}