{"id":4312,"date":"2025-12-24T02:11:42","date_gmt":"2025-12-24T02:11:42","guid":{"rendered":"https:\/\/gaoyapowers.com\/?post_type=product&#038;p=4312"},"modified":"2025-12-24T03:40:05","modified_gmt":"2025-12-24T03:40:05","slug":"ansi-57-series-porcelain-line-post-insulators","status":"publish","type":"product","link":"https:\/\/gaoyapowers.com\/vi\/ansi-57-series-porcelain-line-post-insulators\/","title":{"rendered":"S\u1ee9 c\u00e1ch \u0111i\u1ec7n tr\u1ee5 \u0111\u01b0\u1eddng d\u00e2y b\u1eb1ng s\u1ee9 series ANSI 57"},"content":{"rendered":"<p><strong>Th\u00f4ng s\u1ed1 k\u1ef9 thu\u1eadt s\u1ee9 c\u00e1ch \u0111i\u1ec7n tr\u1ee5 \u0111\u01b0\u1eddng d\u00e2y b\u1eb1ng s\u1ee9 series ANSI 57<\/strong><\/p>\n<p><img fetchpriority=\"high\" decoding=\"async\" class=\"alignnone wp-image-4315 size-full\" src=\"https:\/\/gaoyapowers.com\/wp-content\/uploads\/2025\/12\/ANSI-57\u7cfb\u5217-tie-top-\u53c2\u6570.webp\" alt=\"ANSI 57 line post insulator technical specifications\" width=\"800\" height=\"657\" srcset=\"https:\/\/gaoyapowers.com\/wp-content\/uploads\/2025\/12\/ANSI-57\u7cfb\u5217-tie-top-\u53c2\u6570.webp 800w, https:\/\/gaoyapowers.com\/wp-content\/uploads\/2025\/12\/ANSI-57\u7cfb\u5217-tie-top-\u53c2\u6570-300x246.webp 300w, https:\/\/gaoyapowers.com\/wp-content\/uploads\/2025\/12\/ANSI-57\u7cfb\u5217-tie-top-\u53c2\u6570-768x631.webp 768w, https:\/\/gaoyapowers.com\/wp-content\/uploads\/2025\/12\/ANSI-57\u7cfb\u5217-tie-top-\u53c2\u6570-15x12.webp 15w\" sizes=\"(max-width: 800px) 100vw, 800px\" \/><\/p>\n<p>&nbsp;<\/p>\n<p><img decoding=\"async\" class=\"alignnone wp-image-4314 size-full\" src=\"https:\/\/gaoyapowers.com\/wp-content\/uploads\/2025\/12\/ANSI-57\u7cfb\u5217-horizontal-vertical-\u53c2\u6570\u56fe.webp\" alt=\"ANSI 57 line post insulator technical specifications\" width=\"800\" height=\"792\" srcset=\"https:\/\/gaoyapowers.com\/wp-content\/uploads\/2025\/12\/ANSI-57\u7cfb\u5217-horizontal-vertical-\u53c2\u6570\u56fe.webp 800w, https:\/\/gaoyapowers.com\/wp-content\/uploads\/2025\/12\/ANSI-57\u7cfb\u5217-horizontal-vertical-\u53c2\u6570\u56fe-300x297.webp 300w, https:\/\/gaoyapowers.com\/wp-content\/uploads\/2025\/12\/ANSI-57\u7cfb\u5217-horizontal-vertical-\u53c2\u6570\u56fe-150x150.webp 150w, https:\/\/gaoyapowers.com\/wp-content\/uploads\/2025\/12\/ANSI-57\u7cfb\u5217-horizontal-vertical-\u53c2\u6570\u56fe-768x760.webp 768w, https:\/\/gaoyapowers.com\/wp-content\/uploads\/2025\/12\/ANSI-57\u7cfb\u5217-horizontal-vertical-\u53c2\u6570\u56fe-12x12.webp 12w, https:\/\/gaoyapowers.com\/wp-content\/uploads\/2025\/12\/ANSI-57\u7cfb\u5217-horizontal-vertical-\u53c2\u6570\u56fe-100x100.webp 100w\" sizes=\"(max-width: 800px) 100vw, 800px\" \/><\/p>","protected":false},"excerpt":{"rendered":"<p>C\u00e1c s\u1ee9 c\u00e1ch \u0111i\u1ec7n tr\u1ee5 \u0111\u01b0\u1eddng d\u00e2y b\u1eb1ng s\u1ee9 thu\u1ed9c series ANSI 57 \u0111\u01b0\u1ee3c s\u1eed d\u1ee5ng trong c\u00e1c \u0111\u01b0\u1eddng d\u00e2y tr\u00ean kh\u00f4ng c\u1ee7a h\u1ec7 th\u1ed1ng ph\u00e2n ph\u1ed1i v\u00e0 truy\u1ec1n t\u1ea3i \u0111i\u1ec7n nh\u1eb1m cung c\u1ea5p kh\u1ea3 n\u0103ng \u0111\u1ee1 c\u01a1 h\u1ecdc v\u00e0 c\u00e1ch \u0111i\u1ec7n cho d\u00e2y d\u1eabn. C\u00e1c s\u1ee9 n\u00e0y th\u01b0\u1eddng \u0111\u01b0\u1ee3c l\u1eafp \u0111\u1eb7t tr\u00ean x\u00e0 v\u00e0 c\u00e1c k\u1ebft c\u1ea5u g\u1eafn tr\u00ean c\u1ed9t \u0111i\u1ec7n.<\/p>\n<p>Theo y\u00eau c\u1ea7u c\u1ed1 \u0111\u1ecbnh d\u00e2y d\u1eabn v\u00e0 ph\u01b0\u01a1ng ph\u00e1p l\u1eafp \u0111\u1eb7t, s\u1ee9 c\u00e1ch \u0111i\u1ec7n tr\u1ee5 \u0111\u01b0\u1eddng d\u00e2y series ANSI 57 \u0111\u01b0\u1ee3c ph\u00e2n lo\u1ea1i th\u00e0nh c\u00e1c lo\u1ea1i Tie Top, Vertical Clamp Top v\u00e0 Horizontal Clamp Top.<\/p>\n<p>Lo\u1ea1i Tie Top, bao g\u1ed3m c\u00e1c model \u0111\u01b0\u1ee3c s\u1eed d\u1ee5ng ph\u1ed5 bi\u1ebfn nh\u01b0 ANSI 57-1, 57-2 v\u00e0 57-3, c\u00f3 r\u00e3nh tr\u00ean \u0111\u1ec9nh \u0111\u1ec3 bu\u1ed9c d\u00e2y d\u1eabn b\u1eb1ng d\u00e2y bu\u1ed9c v\u00e0 \u0111\u01b0\u1ee3c \u1ee9ng d\u1ee5ng r\u1ed9ng r\u00e3i trong c\u00e1c \u0111\u01b0\u1eddng d\u00e2y ph\u00e2n ph\u1ed1i tr\u00ean kh\u00f4ng.<br \/>\nD\u00f2ng Clamp Top bao g\u1ed3m lo\u1ea1i Vertical Clamp Top (v\u00ed d\u1ee5: ANSI 57-11, 57-12) v\u00e0 Horizontal Clamp Top (v\u00ed d\u1ee5: ANSI 57-21, 57-22), ph\u00f9 h\u1ee3p v\u1edbi nhi\u1ec1u k\u00edch th\u01b0\u1edbc d\u00e2y d\u1eabn v\u00e0 h\u01b0\u1edbng l\u1eafp \u0111\u1eb7t kh\u00e1c nhau, cho ph\u00e9p k\u1eb9p c\u01a1 h\u1ecdc ch\u1eafc ch\u1eafn m\u00e0 kh\u00f4ng c\u1ea7n d\u00e2y bu\u1ed9c.<\/p>\n<p>C\u00e1c s\u1ee9 c\u00e1ch \u0111i\u1ec7n tr\u1ee5 \u0111\u01b0\u1eddng d\u00e2y b\u1eb1ng s\u1ee9 series ANSI 57 \u0111\u01b0\u1ee3c s\u1ea3n xu\u1ea5t theo ti\u00eau chu\u1ea9n ANSI C29. Ph\u1ee5 ki\u1ec7n l\u1eafp \u0111\u1eb7t ho\u1eb7c ch\u00e2n kim lo\u1ea1i (stud) c\u00f3 th\u1ec3 \u0111\u01b0\u1ee3c cung c\u1ea5p v\u1edbi chi\u1ec1u d\u00e0i v\u00e0 quy c\u00e1ch ren t\u00f9y ch\u1ec9nh nh\u1eb1m \u0111\u00e1p \u1ee9ng c\u00e1c y\u00eau c\u1ea7u l\u1eafp \u0111\u1eb7t kh\u00e1c nhau tr\u00ean x\u00e0.<\/p>","protected":false},"featured_media":4313,"template":"","meta":[],"product_brand":[],"product_cat":[20,31],"product_tag":[],"class_list":{"0":"post-4312","1":"product","2":"type-product","3":"status-publish","4":"has-post-thumbnail","6":"product_cat-porcelain-insulator","7":"product_cat-products","9":"first","10":"instock","11":"shipping-taxable","12":"product-type-simple"},"_links":{"self":[{"href":"https:\/\/gaoyapowers.com\/vi\/wp-json\/wp\/v2\/product\/4312"}],"collection":[{"href":"https:\/\/gaoyapowers.com\/vi\/wp-json\/wp\/v2\/product"}],"about":[{"href":"https:\/\/gaoyapowers.com\/vi\/wp-json\/wp\/v2\/types\/product"}],"wp:featuredmedia":[{"embeddable":true,"href":"https:\/\/gaoyapowers.com\/vi\/wp-json\/wp\/v2\/media\/4313"}],"wp:attachment":[{"href":"https:\/\/gaoyapowers.com\/vi\/wp-json\/wp\/v2\/media?parent=4312"}],"wp:term":[{"taxonomy":"product_brand","embeddable":true,"href":"https:\/\/gaoyapowers.com\/vi\/wp-json\/wp\/v2\/product_brand?post=4312"},{"taxonomy":"product_cat","embeddable":true,"href":"https:\/\/gaoyapowers.com\/vi\/wp-json\/wp\/v2\/product_cat?post=4312"},{"taxonomy":"product_tag","embeddable":true,"href":"https:\/\/gaoyapowers.com\/vi\/wp-json\/wp\/v2\/product_tag?post=4312"}],"curies":[{"name":"wp","href":"https:\/\/api.w.org\/{rel}","templated":true}]}}