{"id":4319,"date":"2025-12-24T03:42:05","date_gmt":"2025-12-24T03:42:05","guid":{"rendered":"https:\/\/gaoyapowers.com\/?post_type=product&#038;p=4319"},"modified":"2025-12-24T03:42:05","modified_gmt":"2025-12-24T03:42:05","slug":"ansi-54-series-11kv-33kv-stay-insulators","status":"publish","type":"product","link":"https:\/\/gaoyapowers.com\/vi\/ansi-54-series-11kv-33kv-stay-insulators\/","title":{"rendered":"S\u1ee9 c\u00e1ch \u0111i\u1ec7n treo ANSI 54"},"content":{"rendered":"<p><strong>Th\u00f4ng s\u1ed1 k\u1ef9 thu\u1eadt \u2013 S\u1ee9 c\u00e1ch \u0111i\u1ec7n treo ANSI 54<\/strong><\/p>\n<p><img fetchpriority=\"high\" decoding=\"async\" class=\"alignnone wp-image-4324 size-full\" src=\"https:\/\/gaoyapowers.com\/wp-content\/uploads\/2025\/12\/\u53c2\u6570\u56fe-1.webp\" alt=\"ANSI 54 Stay Insulator Technical Specifications\" width=\"800\" height=\"818\" srcset=\"https:\/\/gaoyapowers.com\/wp-content\/uploads\/2025\/12\/\u53c2\u6570\u56fe-1.webp 800w, https:\/\/gaoyapowers.com\/wp-content\/uploads\/2025\/12\/\u53c2\u6570\u56fe-1-293x300.webp 293w, https:\/\/gaoyapowers.com\/wp-content\/uploads\/2025\/12\/\u53c2\u6570\u56fe-1-768x785.webp 768w, https:\/\/gaoyapowers.com\/wp-content\/uploads\/2025\/12\/\u53c2\u6570\u56fe-1-12x12.webp 12w\" sizes=\"(max-width: 800px) 100vw, 800px\" \/><\/p>","protected":false},"excerpt":{"rendered":"<p>S\u1ee9 c\u00e1ch \u0111i\u1ec7n treo ANSI 54 l\u00e0 m\u1ed9t lo\u1ea1i s\u1ee9 c\u00e1ch \u0111i\u1ec7n treo cho d\u00e2y n\u00e9o \u0111\u01b0\u1ee3c s\u1eed d\u1ee5ng trong c\u00e1c tuy\u1ebfn \u0111\u01b0\u1eddng d\u00e2y ph\u00e2n ph\u1ed1i v\u00e0 truy\u1ec1n t\u1ea3i \u0111i\u1ec7n tr\u00ean kh\u00f4ng. T\u00f9y theo t\u1eebng m\u1eabu c\u1ee5 th\u1ec3, ch\u00fang ph\u00f9 h\u1ee3p cho c\u00e1c \u0111\u01b0\u1eddng d\u00e2y t\u1eeb 0,4 kV \u0111\u1ebfn 33 kV, cung c\u1ea5p h\u1ed7 tr\u1ee3 c\u01a1 h\u1ecdc \u0111\u00e1ng tin c\u1eady v\u00e0 c\u00e1ch \u0111i\u1ec7n \u0111i\u1ec7n kh\u00ed cho c\u00e1c d\u00e2y n\u00e9o tr\u00ean c\u1ed9t v\u00e0 tr\u1ee5.<\/p>\n<p>C\u00e1c m\u1eabu \u0111i\u1ec3n h\u00ecnh bao g\u1ed3m ANSI 54-1, 54-2, 54-3 v\u00e0 54-4, m\u1ed7i m\u1eabu \u0111\u01b0\u1ee3c thi\u1ebft k\u1ebf \u0111\u1ec3 \u0111\u00e1p \u1ee9ng c\u00e1c m\u1ee9c c\u0103ng d\u00e2y v\u00e0 c\u1ea5u h\u00ecnh c\u1ed9t kh\u00e1c nhau. Trong th\u1ef1c t\u1ebf, ANSI 54-2 th\u01b0\u1eddng \u0111\u01b0\u1ee3c s\u1eed d\u1ee5ng tr\u00ean c\u00e1c \u0111\u01b0\u1eddng d\u00e2y 11 kV, do \u0111\u00f3 th\u01b0\u1eddng \u0111\u01b0\u1ee3c g\u1ecdi l\u00e0 s\u1ee9 treo 11 kV, trong khi ANSI 54-4 \u0111\u01b0\u1ee3c d\u00f9ng r\u1ed9ng r\u00e3i tr\u00ean c\u00e1c \u0111\u01b0\u1eddng d\u00e2y 33 kV, nh\u1eadn danh x\u01b0ng s\u1ee9 treo 33 kV.<\/p>","protected":false},"featured_media":4320,"template":"","meta":[],"product_brand":[],"product_cat":[20,31],"product_tag":[],"class_list":{"0":"post-4319","1":"product","2":"type-product","3":"status-publish","4":"has-post-thumbnail","6":"product_cat-porcelain-insulator","7":"product_cat-products","9":"first","10":"instock","11":"shipping-taxable","12":"product-type-simple"},"_links":{"self":[{"href":"https:\/\/gaoyapowers.com\/vi\/wp-json\/wp\/v2\/product\/4319"}],"collection":[{"href":"https:\/\/gaoyapowers.com\/vi\/wp-json\/wp\/v2\/product"}],"about":[{"href":"https:\/\/gaoyapowers.com\/vi\/wp-json\/wp\/v2\/types\/product"}],"wp:featuredmedia":[{"embeddable":true,"href":"https:\/\/gaoyapowers.com\/vi\/wp-json\/wp\/v2\/media\/4320"}],"wp:attachment":[{"href":"https:\/\/gaoyapowers.com\/vi\/wp-json\/wp\/v2\/media?parent=4319"}],"wp:term":[{"taxonomy":"product_brand","embeddable":true,"href":"https:\/\/gaoyapowers.com\/vi\/wp-json\/wp\/v2\/product_brand?post=4319"},{"taxonomy":"product_cat","embeddable":true,"href":"https:\/\/gaoyapowers.com\/vi\/wp-json\/wp\/v2\/product_cat?post=4319"},{"taxonomy":"product_tag","embeddable":true,"href":"https:\/\/gaoyapowers.com\/vi\/wp-json\/wp\/v2\/product_tag?post=4319"}],"curies":[{"name":"wp","href":"https:\/\/api.w.org\/{rel}","templated":true}]}}