{"id":4325,"date":"2025-12-30T06:04:46","date_gmt":"2025-12-30T06:04:46","guid":{"rendered":"https:\/\/gaoyapowers.com\/?post_type=product&#038;p=4325"},"modified":"2025-12-30T06:04:46","modified_gmt":"2025-12-30T06:04:46","slug":"ansi-55-series-pin-type-insulators","status":"publish","type":"product","link":"https:\/\/gaoyapowers.com\/vi\/ansi-55-series-pin-type-insulators\/","title":{"rendered":"S\u1ee9 c\u00e1ch \u0111i\u1ec7n ki\u1ec3u kim b\u1eb1ng s\u1ee9 ANSI 55"},"content":{"rendered":"<p><strong>Th\u00f4ng s\u1ed1 k\u1ef9 thu\u1eadt s\u1ee9 c\u00e1ch \u0111i\u1ec7n ki\u1ec3u kim b\u1eb1ng s\u1ee9 ANSI 55<\/strong><\/p>\n<p><img fetchpriority=\"high\" decoding=\"async\" class=\"alignnone wp-image-4330 size-full\" src=\"https:\/\/gaoyapowers.com\/wp-content\/uploads\/2025\/12\/\u53c2\u6570\u56fe-4.webp\" alt=\"ANSI 55 Pin Type Insulators Technical Specifications\" width=\"800\" height=\"830\" srcset=\"https:\/\/gaoyapowers.com\/wp-content\/uploads\/2025\/12\/\u53c2\u6570\u56fe-4.webp 800w, https:\/\/gaoyapowers.com\/wp-content\/uploads\/2025\/12\/\u53c2\u6570\u56fe-4-289x300.webp 289w, https:\/\/gaoyapowers.com\/wp-content\/uploads\/2025\/12\/\u53c2\u6570\u56fe-4-768x797.webp 768w, https:\/\/gaoyapowers.com\/wp-content\/uploads\/2025\/12\/\u53c2\u6570\u56fe-4-12x12.webp 12w\" sizes=\"(max-width: 800px) 100vw, 800px\" \/><\/p>","protected":false},"excerpt":{"rendered":"<p>S\u1ee9 c\u00e1ch \u0111i\u1ec7n ki\u1ec3u kim b\u1eb1ng s\u1ee9 theo ti\u00eau chu\u1ea9n ANSI 55 \u0111\u01b0\u1ee3c thi\u1ebft k\u1ebf \u0111\u1ec3 cung c\u1ea5p h\u1ed7 tr\u1ee3 c\u01a1 h\u1ecdc \u0111\u00e1ng tin c\u1eady v\u00e0 kh\u1ea3 n\u0103ng c\u00e1ch \u0111i\u1ec7n cho c\u00e1c tuy\u1ebfn \u0111\u01b0\u1eddng d\u00e2y ph\u00e2n ph\u1ed1i \u0111i\u1ec7n trung \u00e1p tr\u00ean kh\u00f4ng. C\u00e1c s\u1ee9 c\u00e1ch \u0111i\u1ec7n n\u00e0y \u0111\u01b0\u1ee3c ch\u1ebf t\u1ea1o t\u1eeb s\u1ee9 ch\u1ea5t l\u01b0\u1ee3ng cao, \u0111\u1ea3m b\u1ea3o kh\u1ea3 n\u0103ng ch\u1ecbu \u1ee9ng su\u1ea5t \u0111i\u1ec7n, th\u1eddi ti\u1ebft v\u00e0 \u00f4 nhi\u1ec5m tuy\u1ec7t v\u1eddi, th\u00edch h\u1ee3p cho c\u00e1c \u0111i\u1ec1u ki\u1ec7n m\u00f4i tr\u01b0\u1eddng ngo\u00e0i tr\u1eddi kh\u1eafc nghi\u1ec7t.<\/p>\n<p>C\u00e1c m\u1eabu ph\u1ed5 bi\u1ebfn trong d\u00f2ng ANSI 55 bao g\u1ed3m ANSI 55-3, ANSI 55-4 v\u00e0 ANSI 55-5, m\u1ed7i lo\u1ea1i c\u00f3 \u0111i\u1ec7n \u00e1p danh \u0111\u1ecbnh v\u00e0 kh\u1ea3 n\u0103ng ch\u1ecbu l\u1ef1c c\u01a1 h\u1ecdc kh\u00e1c nhau, \u0111\u00e1p \u1ee9ng nhu c\u1ea7u \u0111a d\u1ea1ng c\u1ee7a c\u00e1c m\u1ea1ng l\u01b0\u1edbi ph\u00e2n ph\u1ed1i \u0111i\u1ec7n. C\u00e1c s\u1ee9 c\u00e1ch \u0111i\u1ec7n n\u00e0y th\u00edch h\u1ee3p \u0111\u1ec3 l\u1eafp \u0111\u1eb7t tr\u00ean x\u00e0 b\u1eb1ng ch\u1ed1t th\u00e9p m\u1ea1 k\u1ebdm, \u0111\u1ea3m b\u1ea3o c\u1ed1 \u0111\u1ecbnh ch\u1eafc ch\u1eafn \u0111\u1ed3ng th\u1eddi duy tr\u00ec hi\u1ec7u su\u1ea5t l\u00e2u d\u00e0i.<\/p>\n<p>C\u00e1c s\u1ee9 c\u00e1ch \u0111i\u1ec7n ki\u1ec3u kim n\u00e0y tu\u00e2n th\u1ee7 ti\u00eau chu\u1ea9n ANSI, \u0111\u1ea3m b\u1ea3o an to\u00e0n, \u0111\u1ed9 tin c\u1eady v\u00e0 \u0111\u1ed9 b\u1ec1n trong c\u00e1c \u1ee9ng d\u1ee5ng \u0111\u01b0\u1eddng d\u00e2y trung \u00e1p. Ch\u00fang \u0111\u01b0\u1ee3c s\u1eed d\u1ee5ng r\u1ed9ng r\u00e3i b\u1edfi c\u00e1c c\u00f4ng ty \u0111i\u1ec7n l\u1ef1c cho c\u00e1c \u0111\u01b0\u1eddng d\u00e2y ph\u00e2n ph\u1ed1i v\u00e0 c\u01a1 s\u1edf h\u1ea1 t\u1ea7ng \u0111i\u1ec7n kh\u00e1c, n\u01a1i y\u00eau c\u1ea7u c\u00e1ch \u0111i\u1ec7n ch\u1eafc ch\u1eafn v\u00e0 \u0111\u1ed9 \u1ed5n \u0111\u1ecbnh c\u01a1 h\u1ecdc cao.<\/p>","protected":false},"featured_media":4336,"template":"","meta":[],"product_brand":[],"product_cat":[20,31],"product_tag":[],"class_list":{"0":"post-4325","1":"product","2":"type-product","3":"status-publish","4":"has-post-thumbnail","6":"product_cat-porcelain-insulator","7":"product_cat-products","9":"first","10":"instock","11":"shipping-taxable","12":"product-type-simple"},"_links":{"self":[{"href":"https:\/\/gaoyapowers.com\/vi\/wp-json\/wp\/v2\/product\/4325"}],"collection":[{"href":"https:\/\/gaoyapowers.com\/vi\/wp-json\/wp\/v2\/product"}],"about":[{"href":"https:\/\/gaoyapowers.com\/vi\/wp-json\/wp\/v2\/types\/product"}],"wp:featuredmedia":[{"embeddable":true,"href":"https:\/\/gaoyapowers.com\/vi\/wp-json\/wp\/v2\/media\/4336"}],"wp:attachment":[{"href":"https:\/\/gaoyapowers.com\/vi\/wp-json\/wp\/v2\/media?parent=4325"}],"wp:term":[{"taxonomy":"product_brand","embeddable":true,"href":"https:\/\/gaoyapowers.com\/vi\/wp-json\/wp\/v2\/product_brand?post=4325"},{"taxonomy":"product_cat","embeddable":true,"href":"https:\/\/gaoyapowers.com\/vi\/wp-json\/wp\/v2\/product_cat?post=4325"},{"taxonomy":"product_tag","embeddable":true,"href":"https:\/\/gaoyapowers.com\/vi\/wp-json\/wp\/v2\/product_tag?post=4325"}],"curies":[{"name":"wp","href":"https:\/\/api.w.org\/{rel}","templated":true}]}}