{"id":4327,"date":"2025-12-24T07:15:32","date_gmt":"2025-12-24T07:15:32","guid":{"rendered":"https:\/\/gaoyapowers.com\/?post_type=product&#038;p=4327"},"modified":"2025-12-24T07:45:53","modified_gmt":"2025-12-24T07:45:53","slug":"ansi-53-series-porcelain-spool-insulators","status":"publish","type":"product","link":"https:\/\/gaoyapowers.com\/vi\/ansi-53-series-porcelain-spool-insulators\/","title":{"rendered":"S\u1ee9 c\u00e1ch \u0111i\u1ec7n ki\u1ec3u \u1ed1ng b\u1eb1ng s\u1ee9 ANSI 53"},"content":{"rendered":"<p><strong>Th\u00f4ng s\u1ed1 k\u1ef9 thu\u1eadt s\u1ee9 c\u00e1ch \u0111i\u1ec7n ki\u1ec3u \u1ed1ng b\u1eb1ng s\u1ee9 ANSI 53<\/strong><\/p>\n<p><img fetchpriority=\"high\" decoding=\"async\" class=\"alignnone wp-image-4328 size-full\" src=\"https:\/\/gaoyapowers.com\/wp-content\/uploads\/2025\/12\/\u53c2\u6570\u56fe-2.webp\" alt=\"ansi 53 porcelain spool insulator technical specifications\" width=\"800\" height=\"889\" srcset=\"https:\/\/gaoyapowers.com\/wp-content\/uploads\/2025\/12\/\u53c2\u6570\u56fe-2.webp 800w, https:\/\/gaoyapowers.com\/wp-content\/uploads\/2025\/12\/\u53c2\u6570\u56fe-2-270x300.webp 270w, https:\/\/gaoyapowers.com\/wp-content\/uploads\/2025\/12\/\u53c2\u6570\u56fe-2-768x853.webp 768w, https:\/\/gaoyapowers.com\/wp-content\/uploads\/2025\/12\/\u53c2\u6570\u56fe-2-11x12.webp 11w\" sizes=\"(max-width: 800px) 100vw, 800px\" \/><\/p>","protected":false},"excerpt":{"rendered":"<p>S\u1ee9 c\u00e1ch \u0111i\u1ec7n ki\u1ec3u \u1ed1ng b\u1eb1ng s\u1ee9 theo ti\u00eau chu\u1ea9n ANSI 53 \u0111\u01b0\u1ee3c s\u1eed d\u1ee5ng trong c\u00e1c tuy\u1ebfn \u0111\u01b0\u1eddng d\u00e2y ph\u00e2n ph\u1ed1i \u0111i\u1ec7n tr\u00ean kh\u00f4ng \u0111\u1ec3 cung c\u1ea5p c\u00e1ch \u0111i\u1ec7n \u0111i\u1ec7n kh\u00ed v\u00e0 h\u1ed7 tr\u1ee3 c\u01a1 h\u1ecdc cho c\u00e1c d\u00e2y d\u1eabn. Ch\u00fang th\u01b0\u1eddng \u0111\u01b0\u1ee3c l\u1eafp \u0111\u1eb7t tr\u00ean c\u1ed9t, x\u00e0 ngang ho\u1eb7c gi\u00e1 \u0111\u1ee1, ph\u00f9 h\u1ee3p cho c\u1ea3 c\u00e1c \u1ee9ng d\u1ee5ng th\u1eb3ng tuy\u1ebfn v\u00e0 g\u00f3c tuy\u1ebfn.<\/p>\n<p>D\u00f2ng ANSI 53 th\u01b0\u1eddng \u0111\u01b0\u1ee3c \u00e1p d\u1ee5ng trong c\u00e1c m\u1ea1ng l\u01b0\u1edbi ph\u00e2n ph\u1ed1i \u0111i\u1ec7n h\u1ea1 \u00e1p, n\u01a1i y\u00eau c\u1ea7u hi\u1ec7u su\u1ea5t \u0111\u00e1ng tin c\u1eady v\u00e0 thi\u1ebft k\u1ebf g\u1ecdn g\u00e0ng. Trong d\u00f2ng n\u00e0y, ANSI 53-1 v\u00e0 ANSI 53-2 l\u00e0 c\u00e1c m\u1eabu ph\u1ed5 bi\u1ebfn nh\u1ea5t, \u0111\u01b0\u1ee3c l\u1ef1a ch\u1ecdn t\u00f9y theo c\u00e1c y\u00eau c\u1ea7u v\u1ec1 t\u1ea3i c\u01a1 h\u1ecdc v\u00e0 \u0111i\u1ec1u ki\u1ec7n l\u1eafp \u0111\u1eb7t kh\u00e1c nhau.<\/p>\n<p>\u0110\u01b0\u1ee3c s\u1ea3n xu\u1ea5t theo ti\u00eau chu\u1ea9n ANSI, c\u00e1c s\u1ee9 c\u00e1ch \u0111i\u1ec7n ki\u1ec3u \u1ed1ng ANSI 53 cung c\u1ea5p \u0111\u1ed9 b\u1ec1n c\u01a1 h\u1ecdc t\u1ed1t, hi\u1ec7u su\u1ea5t \u0111i\u1ec7n \u1ed5n \u0111\u1ecbnh v\u00e0 tu\u1ed5i th\u1ecd l\u00e2u d\u00e0i, l\u00e0 gi\u1ea3i ph\u00e1p \u0111\u00e1ng tin c\u1eady cho c\u00e1c h\u1ec7 th\u1ed1ng \u0111\u01b0\u1eddng d\u00e2y tr\u00ean kh\u00f4ng.<\/p>","protected":false},"featured_media":4331,"template":"","meta":[],"product_brand":[],"product_cat":[20,31],"product_tag":[],"class_list":{"0":"post-4327","1":"product","2":"type-product","3":"status-publish","4":"has-post-thumbnail","6":"product_cat-porcelain-insulator","7":"product_cat-products","9":"first","10":"instock","11":"shipping-taxable","12":"product-type-simple"},"_links":{"self":[{"href":"https:\/\/gaoyapowers.com\/vi\/wp-json\/wp\/v2\/product\/4327"}],"collection":[{"href":"https:\/\/gaoyapowers.com\/vi\/wp-json\/wp\/v2\/product"}],"about":[{"href":"https:\/\/gaoyapowers.com\/vi\/wp-json\/wp\/v2\/types\/product"}],"wp:featuredmedia":[{"embeddable":true,"href":"https:\/\/gaoyapowers.com\/vi\/wp-json\/wp\/v2\/media\/4331"}],"wp:attachment":[{"href":"https:\/\/gaoyapowers.com\/vi\/wp-json\/wp\/v2\/media?parent=4327"}],"wp:term":[{"taxonomy":"product_brand","embeddable":true,"href":"https:\/\/gaoyapowers.com\/vi\/wp-json\/wp\/v2\/product_brand?post=4327"},{"taxonomy":"product_cat","embeddable":true,"href":"https:\/\/gaoyapowers.com\/vi\/wp-json\/wp\/v2\/product_cat?post=4327"},{"taxonomy":"product_tag","embeddable":true,"href":"https:\/\/gaoyapowers.com\/vi\/wp-json\/wp\/v2\/product_tag?post=4327"}],"curies":[{"name":"wp","href":"https:\/\/api.w.org\/{rel}","templated":true}]}}