{"id":4399,"date":"2026-04-09T08:25:38","date_gmt":"2026-04-09T08:25:38","guid":{"rendered":"https:\/\/gaoyapowers.com\/?post_type=product&#038;p=4399"},"modified":"2026-04-09T08:25:38","modified_gmt":"2026-04-09T08:25:38","slug":"rtv-silicone-electrical-insulator","status":"publish","type":"product","link":"https:\/\/gaoyapowers.com\/vi\/rtv-silicone-electrical-insulator\/","title":{"rendered":"S\u1ee9 c\u00e1ch \u0111i\u1ec7n silicone RTV"},"content":{"rendered":"<p data-start=\"527\" data-end=\"612\"><strong data-start=\"527\" data-end=\"612\">Th\u00f4ng s\u1ed1 k\u1ef9 thu\u1eadt s\u1ee9 c\u00e1ch \u0111i\u1ec7n \u0111\u0129a b\u1eb1ng s\u1ee9 ph\u1ee7 RTV (hai t\u1ea7ng, 120kN)<\/strong><\/p>\n<p data-start=\"427\" data-end=\"444\"><img fetchpriority=\"high\" decoding=\"async\" class=\"alignnone wp-image-4405 size-full\" src=\"https:\/\/gaoyapowers.com\/wp-content\/uploads\/2026\/04\/\u7ea2\u8272\u53cc\u4f1eRTV\u74f7\u7edd\u7f18\u5b50\u56fe\u7eb8\u53c2\u6570.webp\" alt=\"Th\u00f4ng s\u1ed1 k\u1ef9 thu\u1eadt s\u1ee9 c\u00e1ch \u0111i\u1ec7n \u0111\u0129a b\u1eb1ng s\u1ee9 ph\u1ee7 RTV (hai t\u1ea7ng, 120kN)\" width=\"1000\" height=\"686\" srcset=\"https:\/\/gaoyapowers.com\/wp-content\/uploads\/2026\/04\/\u7ea2\u8272\u53cc\u4f1eRTV\u74f7\u7edd\u7f18\u5b50\u56fe\u7eb8\u53c2\u6570.webp 1000w, https:\/\/gaoyapowers.com\/wp-content\/uploads\/2026\/04\/\u7ea2\u8272\u53cc\u4f1eRTV\u74f7\u7edd\u7f18\u5b50\u56fe\u7eb8\u53c2\u6570-300x206.webp 300w, https:\/\/gaoyapowers.com\/wp-content\/uploads\/2026\/04\/\u7ea2\u8272\u53cc\u4f1eRTV\u74f7\u7edd\u7f18\u5b50\u56fe\u7eb8\u53c2\u6570-768x527.webp 768w, https:\/\/gaoyapowers.com\/wp-content\/uploads\/2026\/04\/\u7ea2\u8272\u53cc\u4f1eRTV\u74f7\u7edd\u7f18\u5b50\u56fe\u7eb8\u53c2\u6570-18x12.webp 18w\" sizes=\"(max-width: 1000px) 100vw, 1000px\" \/><\/p>","protected":false},"excerpt":{"rendered":"<p>S\u1ee9 c\u00e1ch \u0111i\u1ec7n silicone RTV, c\u00f2n \u0111\u01b0\u1ee3c g\u1ecdi l\u00e0 s\u1ee9 c\u00e1ch \u0111i\u1ec7n ph\u1ee7 RTV, l\u00e0 lo\u1ea1i s\u1ee9 c\u00e1ch \u0111i\u1ec7n \u0111\u01b0\u1ee3c ph\u1ee7 l\u1edbp cao su silicone l\u01b0u h\u00f3a \u1edf nhi\u1ec7t \u0111\u1ed9 ph\u00f2ng tr\u00ean b\u1ec1 m\u1eb7t c\u1ee7a s\u1ee9 th\u1ee7y tinh ho\u1eb7c s\u1ee9 s\u1ee9 \u0111\u00e3 ho\u00e0n thi\u1ec7n. L\u1edbp ph\u1ee7 n\u00e0y c\u00f3 th\u1ec3 \u0111\u01b0\u1ee3c ph\u1ee7 to\u00e0n ph\u1ea7n ho\u1eb7c m\u1ed9t ph\u1ea7n, gi\u00fap t\u0103ng kh\u1ea3 n\u0103ng k\u1ef5 n\u01b0\u1edbc, c\u1ea3i thi\u1ec7n kh\u1ea3 n\u0103ng ch\u1ed1ng \u00f4 nhi\u1ec5m v\u00e0 gi\u1ea3m chi ph\u00ed b\u1ea3o tr\u00ec. S\u1ee9 c\u00e1ch \u0111i\u1ec7n ph\u1ee7 RTV \u0111\u1eb7c bi\u1ec7t ph\u00f9 h\u1ee3p v\u1edbi khu v\u1ef1c ven bi\u1ec3n, khu c\u00f4ng nghi\u1ec7p, m\u00f4i tr\u01b0\u1eddng c\u00f3 \u0111\u1ed9 \u1ea9m cao, v\u00f9ng s\u01b0\u01a1ng mu\u1ed1i v\u00e0 khu v\u1ef1c nhi\u1ec1u b\u1ee5i.<\/p>","protected":false},"featured_media":4401,"template":"","meta":[],"product_brand":[],"product_cat":[31],"product_tag":[],"class_list":{"0":"post-4399","1":"product","2":"type-product","3":"status-publish","4":"has-post-thumbnail","6":"product_cat-products","8":"first","9":"instock","10":"shipping-taxable","11":"product-type-simple"},"_links":{"self":[{"href":"https:\/\/gaoyapowers.com\/vi\/wp-json\/wp\/v2\/product\/4399"}],"collection":[{"href":"https:\/\/gaoyapowers.com\/vi\/wp-json\/wp\/v2\/product"}],"about":[{"href":"https:\/\/gaoyapowers.com\/vi\/wp-json\/wp\/v2\/types\/product"}],"wp:featuredmedia":[{"embeddable":true,"href":"https:\/\/gaoyapowers.com\/vi\/wp-json\/wp\/v2\/media\/4401"}],"wp:attachment":[{"href":"https:\/\/gaoyapowers.com\/vi\/wp-json\/wp\/v2\/media?parent=4399"}],"wp:term":[{"taxonomy":"product_brand","embeddable":true,"href":"https:\/\/gaoyapowers.com\/vi\/wp-json\/wp\/v2\/product_brand?post=4399"},{"taxonomy":"product_cat","embeddable":true,"href":"https:\/\/gaoyapowers.com\/vi\/wp-json\/wp\/v2\/product_cat?post=4399"},{"taxonomy":"product_tag","embeddable":true,"href":"https:\/\/gaoyapowers.com\/vi\/wp-json\/wp\/v2\/product_tag?post=4399"}],"curies":[{"name":"wp","href":"https:\/\/api.w.org\/{rel}","templated":true}]}}